{"id":2354,"date":"2018-05-30T12:13:52","date_gmt":"2018-05-30T10:13:52","guid":{"rendered":"https:\/\/www.boraconseil.com\/?page_id=2354"},"modified":"2018-12-11T14:52:15","modified_gmt":"2018-12-11T13:52:15","slug":"politica-cookie","status":"publish","type":"page","link":"https:\/\/www.boraconseil.com\/ro\/politica-cookie\/","title":{"rendered":"Politica cookie"},"content":{"rendered":"<div id=\u201cfb-root\u201d><\/div>\n<script>(function(d, s, id) {\n  var js, fjs = d.getElementsByTagName(s)[0];\n  if (d.getElementById(id)) return;\n  js = d.createElement(s); js.id = id;\n  js.src = 'https:\/\/connect.facebook.net\/ro_RO\/sdk.js#xfbml=1&version=v3.0&appId=667263270282118&autoLogAppEvents=1';\n  fjs.parentNode.insertBefore(js, fjs);\n}(document, 'script', 'facebook-jssdk'));<\/script>\n<p class=\"p1\"><span class=\"s1\">Acest site utilizeaz\u0103 cookie-uri pentru a v\u0103 oferi cea mai bun\u0103 experien\u021b\u0103 de utilizare posibil\u0103.<\/span><\/p>\n<p class=\"p1\"><span class=\"s1\">Informa\u021biile cookie sunt stocate \u00een browserul dvs. \u0219i efectueaz\u0103 func\u021bii cum ar fi recunoa\u0219terea dvs. atunci c\u00e2nd v\u0103 \u00eentoarce\u021bi pe site-ul nostru \u0219i ajut\u00e2nd echipa noastr\u0103 s\u0103 \u00een\u021beleag\u0103 ce sec\u021biuni ale site-ului le g\u0103si\u021bi cele mai interesante \u0219i mai utile.<\/span><\/p>\n<p class=\"p1\"><span class=\"s1\">Pute\u021bi afla mai multe despre modulele cookie pe care le folosim sau s\u0103 le dezactiva\u021bi \u00een <a href=\"\/ro\/politica-cookie\/\u200e#gdpr_cookie_modal\">set\u0103ri<\/a> prin navigarea filelor de pe partea st\u00e2ng\u0103.<\/span><\/p>\n<p class=\"p1\"><span class=\"s1\">Site-ul nostru utilizeaz\u0103 dou\u0103 categorii de cookie-uri care sunt urm\u0103toarele:<\/span><\/p>\n<p class=\"p1\"><span class=\"s1\"><b>Cookie strict necesar:<\/b><\/span><\/p>\n<p class=\"p1\"><span class=\"s1\">Cookie-ul strict necesar trebuie s\u0103 fie activat \u00een orice moment, astfel \u00eenc\u00e2t s\u0103 putem salva preferin\u021bele pentru set\u0103rile cookie-urilor.<\/span><\/p>\n<p class=\"p1\"><span class=\"s1\">Dac\u0103 dezactiva\u021bi acest modul cookie, nu v\u0103 vom putea salva preferin\u021bele. Aceasta \u00eenseamn\u0103 c\u0103 de fiecare dat\u0103 c\u00e2nd vizita\u021bi acest site, va trebui s\u0103 activa\u021bi sau s\u0103 dezactiva\u021bi cookie-urile din nou.<\/span><\/p>\n<p class=\"p1\"><span class=\"s1\"><b>Cookie-urile din partea a treia:<\/b><\/span><\/p>\n<p class=\"p1\"><span class=\"s1\">Acest site utilizeaz\u0103 Google Analytics pentru a colecta informa\u021bii anonime, cum ar fi num\u0103rul de vizitatori pe site \u0219i cele mai populare pagini.<\/span><\/p>\n<p class=\"p1\"><span class=\"s1\">P\u0103strarea acestui modul cookie ne ajut\u0103 s\u0103 \u00eembun\u0103t\u0103\u021bim site-ul nostru web.<\/span><\/p>\n<p class=\"p1\"><span class=\"s1\">Pentru a afla mai multe despre modulele cookie, cum ar fi modul \u00een care pute\u021bi vedea ce cookie-uri au fost setate \u0219i cum s\u0103 le gestiona\u021bi \u0219i \/ sau s\u0103 le \u0219terge\u021bi, vizita\u021bi <a href=\"http:\/\/www.aboutcookies.org\" target=\"_blank\" rel=\"noopener\">www.aboutcookies.org<\/a> sau <a href=\"http:\/\/www.allaboutcookies.org\" target=\"_blank\" rel=\"noopener\">www.allaboutcookies.org<\/a>.<\/span><\/p>\n","protected":false},"excerpt":{"rendered":"<p>Acest site utilizeaz\u0103 cookie-uri pentru a v\u0103 oferi cea mai bun\u0103 experien\u021b\u0103 de utilizare posibil\u0103. Informa\u021biile cookie sunt stocate \u00een browserul dvs. \u0219i efectueaz\u0103 func\u021bii cum ar fi recunoa\u0219terea dvs. atunci c\u00e2nd v\u0103 \u00eentoarce\u021bi pe site-ul nostru \u0219i ajut\u00e2nd echipa noastr\u0103 s\u0103 \u00een\u021beleag\u0103 ce sec\u021biuni ale site-ului le g\u0103si\u021bi cele mai interesante \u0219i mai utile. [&hellip;]<\/p>\n","protected":false},"author":1,"featured_media":0,"parent":0,"menu_order":58,"comment_status":"closed","ping_status":"closed","template":"","meta":{"_et_pb_use_builder":"","_et_pb_old_content":"","_et_gb_content_width":"","_mi_skip_tracking":false},"yoast_head":"<!-- This site is optimized with the Yoast SEO plugin v19.12 - https:\/\/yoast.com\/wordpress\/plugins\/seo\/ -->\n<title>Politica cookie - BORA EGV Recruitment<\/title>\n<meta name=\"robots\" content=\"index, follow, max-snippet:-1, max-image-preview:large, max-video-preview:-1\" \/>\n<link rel=\"canonical\" href=\"https:\/\/www.boraconseil.com\/ro\/politica-cookie\/\" \/>\n<meta property=\"og:locale\" content=\"ro_RO\" \/>\n<meta property=\"og:type\" content=\"article\" \/>\n<meta property=\"og:title\" content=\"Politica cookie - BORA EGV Recruitment\" \/>\n<meta property=\"og:description\" content=\"Acest site utilizeaz\u0103 cookie-uri pentru a v\u0103 oferi cea mai bun\u0103 experien\u021b\u0103 de utilizare posibil\u0103. Informa\u021biile cookie sunt stocate \u00een browserul dvs. \u0219i efectueaz\u0103 func\u021bii cum ar fi recunoa\u0219terea dvs. atunci c\u00e2nd v\u0103 \u00eentoarce\u021bi pe site-ul nostru \u0219i ajut\u00e2nd echipa noastr\u0103 s\u0103 \u00een\u021beleag\u0103 ce sec\u021biuni ale site-ului le g\u0103si\u021bi cele mai interesante \u0219i mai utile. [&hellip;]\" \/>\n<meta property=\"og:url\" content=\"https:\/\/www.boraconseil.com\/ro\/politica-cookie\/\" \/>\n<meta property=\"og:site_name\" content=\"BORA EGV Recruitment\" \/>\n<meta property=\"article:modified_time\" content=\"2018-12-11T13:52:15+00:00\" \/>\n<meta name=\"twitter:card\" content=\"summary_large_image\" \/>\n<meta name=\"twitter:label1\" content=\"Timp estimat pentru citire\" \/>\n\t<meta name=\"twitter:data1\" content=\"1 minut\" \/>\n<script type=\"application\/ld+json\" class=\"yoast-schema-graph\">{\"@context\":\"https:\/\/schema.org\",\"@graph\":[{\"@type\":\"WebPage\",\"@id\":\"https:\/\/www.boraconseil.com\/ro\/politica-cookie\/\",\"url\":\"https:\/\/www.boraconseil.com\/ro\/politica-cookie\/\",\"name\":\"Politica cookie - BORA EGV Recruitment\",\"isPartOf\":{\"@id\":\"https:\/\/www.boraconseil.com\/fr\/#website\"},\"datePublished\":\"2018-05-30T10:13:52+00:00\",\"dateModified\":\"2018-12-11T13:52:15+00:00\",\"breadcrumb\":{\"@id\":\"https:\/\/www.boraconseil.com\/ro\/politica-cookie\/#breadcrumb\"},\"inLanguage\":\"ro-RO\",\"potentialAction\":[{\"@type\":\"ReadAction\",\"target\":[\"https:\/\/www.boraconseil.com\/ro\/politica-cookie\/\"]}]},{\"@type\":\"BreadcrumbList\",\"@id\":\"https:\/\/www.boraconseil.com\/ro\/politica-cookie\/#breadcrumb\",\"itemListElement\":[{\"@type\":\"ListItem\",\"position\":1,\"name\":\"Home\",\"item\":\"https:\/\/www.boraconseil.com\/ro\/\"},{\"@type\":\"ListItem\",\"position\":2,\"name\":\"Politica cookie\"}]},{\"@type\":\"WebSite\",\"@id\":\"https:\/\/www.boraconseil.com\/fr\/#website\",\"url\":\"https:\/\/www.boraconseil.com\/fr\/\",\"name\":\"BORA EGV Recruitment\",\"description\":\"\",\"potentialAction\":[{\"@type\":\"SearchAction\",\"target\":{\"@type\":\"EntryPoint\",\"urlTemplate\":\"https:\/\/www.boraconseil.com\/fr\/?s={search_term_string}\"},\"query-input\":\"required name=search_term_string\"}],\"inLanguage\":\"ro-RO\"}]}<\/script>\n<!-- \/ Yoast SEO plugin. -->","yoast_head_json":{"title":"Politica cookie - BORA EGV Recruitment","robots":{"index":"index","follow":"follow","max-snippet":"max-snippet:-1","max-image-preview":"max-image-preview:large","max-video-preview":"max-video-preview:-1"},"canonical":"https:\/\/www.boraconseil.com\/ro\/politica-cookie\/","og_locale":"ro_RO","og_type":"article","og_title":"Politica cookie - BORA EGV Recruitment","og_description":"Acest site utilizeaz\u0103 cookie-uri pentru a v\u0103 oferi cea mai bun\u0103 experien\u021b\u0103 de utilizare posibil\u0103. Informa\u021biile cookie sunt stocate \u00een browserul dvs. \u0219i efectueaz\u0103 func\u021bii cum ar fi recunoa\u0219terea dvs. atunci c\u00e2nd v\u0103 \u00eentoarce\u021bi pe site-ul nostru \u0219i ajut\u00e2nd echipa noastr\u0103 s\u0103 \u00een\u021beleag\u0103 ce sec\u021biuni ale site-ului le g\u0103si\u021bi cele mai interesante \u0219i mai utile. [&hellip;]","og_url":"https:\/\/www.boraconseil.com\/ro\/politica-cookie\/","og_site_name":"BORA EGV Recruitment","article_modified_time":"2018-12-11T13:52:15+00:00","twitter_card":"summary_large_image","twitter_misc":{"Timp estimat pentru citire":"1 minut"},"schema":{"@context":"https:\/\/schema.org","@graph":[{"@type":"WebPage","@id":"https:\/\/www.boraconseil.com\/ro\/politica-cookie\/","url":"https:\/\/www.boraconseil.com\/ro\/politica-cookie\/","name":"Politica cookie - BORA EGV Recruitment","isPartOf":{"@id":"https:\/\/www.boraconseil.com\/fr\/#website"},"datePublished":"2018-05-30T10:13:52+00:00","dateModified":"2018-12-11T13:52:15+00:00","breadcrumb":{"@id":"https:\/\/www.boraconseil.com\/ro\/politica-cookie\/#breadcrumb"},"inLanguage":"ro-RO","potentialAction":[{"@type":"ReadAction","target":["https:\/\/www.boraconseil.com\/ro\/politica-cookie\/"]}]},{"@type":"BreadcrumbList","@id":"https:\/\/www.boraconseil.com\/ro\/politica-cookie\/#breadcrumb","itemListElement":[{"@type":"ListItem","position":1,"name":"Home","item":"https:\/\/www.boraconseil.com\/ro\/"},{"@type":"ListItem","position":2,"name":"Politica cookie"}]},{"@type":"WebSite","@id":"https:\/\/www.boraconseil.com\/fr\/#website","url":"https:\/\/www.boraconseil.com\/fr\/","name":"BORA EGV Recruitment","description":"","potentialAction":[{"@type":"SearchAction","target":{"@type":"EntryPoint","urlTemplate":"https:\/\/www.boraconseil.com\/fr\/?s={search_term_string}"},"query-input":"required name=search_term_string"}],"inLanguage":"ro-RO"}]}},"_links":{"self":[{"href":"https:\/\/www.boraconseil.com\/ro\/wp-json\/wp\/v2\/pages\/2354"}],"collection":[{"href":"https:\/\/www.boraconseil.com\/ro\/wp-json\/wp\/v2\/pages"}],"about":[{"href":"https:\/\/www.boraconseil.com\/ro\/wp-json\/wp\/v2\/types\/page"}],"author":[{"embeddable":true,"href":"https:\/\/www.boraconseil.com\/ro\/wp-json\/wp\/v2\/users\/1"}],"replies":[{"embeddable":true,"href":"https:\/\/www.boraconseil.com\/ro\/wp-json\/wp\/v2\/comments?post=2354"}],"version-history":[{"count":0,"href":"https:\/\/www.boraconseil.com\/ro\/wp-json\/wp\/v2\/pages\/2354\/revisions"}],"wp:attachment":[{"href":"https:\/\/www.boraconseil.com\/ro\/wp-json\/wp\/v2\/media?parent=2354"}],"curies":[{"name":"wp","href":"https:\/\/api.w.org\/{rel}","templated":true}]}}