{"id":2177,"date":"2018-05-29T23:29:47","date_gmt":"2018-05-29T21:29:47","guid":{"rendered":"https:\/\/www.boraconseil.com\/?page_id=2177"},"modified":"2018-12-11T14:52:17","modified_gmt":"2018-12-11T13:52:17","slug":"politica-de-confidentialitate","status":"publish","type":"page","link":"https:\/\/www.boraconseil.com\/ro\/politica-de-confidentialitate\/","title":{"rendered":"POLITICA DE CONFIDEN\u021aIALITATE"},"content":{"rendered":"<div id=\u201cfb-root\u201d><\/div>\n<script>(function(d, s, id) {\n  var js, fjs = d.getElementsByTagName(s)[0];\n  if (d.getElementById(id)) return;\n  js = d.createElement(s); js.id = id;\n  js.src = 'https:\/\/connect.facebook.net\/ro_RO\/sdk.js#xfbml=1&version=v3.0&appId=667263270282118&autoLogAppEvents=1';\n  fjs.parentNode.insertBefore(js, fjs);\n}(document, 'script', 'facebook-jssdk'));<\/script>\n<p>[et_pb_section bb_built=&#8221;1&#8243;][et_pb_row][et_pb_column type=&#8221;4_4&#8243;][et_pb_header _builder_version=&#8221;3.6&#8243; title=&#8221;Politica de confiden\u021bialitate pentru Bora EGV Recruitment&#8221; scroll_down_icon_size_tablet=&#8221;50&#8243; subhead_font_size_tablet=&#8221;51&#8243; \/][et_pb_text _builder_version=&#8221;3.6&#8243;]<\/p>\n<p class=\"p1\"><span class=\"s1\"><b>Introducere<br \/>\n<\/b><br \/>\nBora EGV Recruitment este specializat\u0103 \u00een servicii de recrutare eficiente \u0219i personalizate a personalului medical din Fran\u021ba. Reprezent\u0103m medicii \u00een cursul identific\u0103rii oportunit\u0103\u021bilor de practic\u0103 \u0219i suntem dedica\u021bi \u00een\u021belegerii obiectivelor personale \u0219i profesionale ale tuturor medicilor de a g\u0103si cea mai bun\u0103 oportunitate de angajare \u00een r\u00e2ndul diferitelor noastre oferte de munc\u0103. \u00cen acela\u0219i timp, Bora EGV Recruitment este un partener de \u00eencredere pentru furnizarea de consultan\u021b\u0103 \u00een recrutare \u0219i \u00een resurse umane diferi\u021bilor actori din sectorul francez de asisten\u021b\u0103 medical\u0103.<\/span><\/p>\n<p>Noi lu\u0103m \u00een serios confiden\u021bialitatea clien\u021bilor no\u0219tri \u0219i a candida\u021bilor no\u0219tri.<br \/>\nProtec\u021bia datelor cu caracter personal este un element crucial \u00een dezvoltarea serviciilor noastre. Rela\u021biile de succes necesit\u0103 \u00eencredere reciproc\u0103, precum \u0219i transparen\u021b\u0103 complet\u0103, inclusiv modul de tratare a datelor dvs. personale.<\/p>\n<p class=\"p1\"><span class=\"s1\">Ne ocup\u0103m de datele dvs. \u00een func\u021bie de preferin\u021bele \u0219i cerin\u021bele dvs. de afaceri, \u00een conformitate cu legea GDPR (legea privind protec\u021bia datelor), care a intrat \u00een vigoare la 25 mai 2018. <\/span><\/p>\n<p class=\"p1\"><span class=\"s1\">Indiferent dac\u0103 sunte\u021bi un client sau un candidat, v\u0103 asigur\u0103m c\u0103 v\u0103 men\u021bine\u021bi controlul asupra modului \u00een care datele dvs. este gestionat, procesat \u0219i stocat.<\/span><\/p>\n<p class=\"p3\"><span class=\"s1\"><b>Care sunt sursele noastre \u0219i cum colect\u0103m informa\u021biile?<\/b><\/span><\/p>\n<p class=\"p3\"><span class=\"s1\">Bora EGV Recruitment prime\u0219te datele dvs. personale atunci c\u00e2nd aplica\u021bi direct pentru o oportunitate de angajare publicat\u0103 prin intermediul site-ului nostru; atunci c\u00e2nd aplica\u021bi direct pentru a fi un candidat pentru care putem c\u0103uta un loc de munc\u0103; c\u00e2nd v\u0103 contact\u0103m pentru oportunit\u0103\u021bi de angajare; c\u00e2nd v\u0103 al\u0103tura\u021bi evenimentelor noastre de recrutare; sau interac\u021biona\u021bi cu noi prin alte mijloace \u00een calitate de candidat sau solicitant de locuri de munc\u0103.<\/span><\/p>\n<p class=\"p3\"><span class=\"s1\">C\u00e2nd v\u0103 \u00eenregistra\u021bi la Bora EGV Recruitment, sunte\u021bi de acord s\u0103 colecta\u021bi, s\u0103 stoca\u021bi, s\u0103 utiliza\u021bi datele dvs. personale, inclusiv orice informa\u021bii delicate pe care le alege\u021bi s\u0103 le trimite\u021bi.<\/span><\/p>\n<p class=\"p3\"><span class=\"s1\">Aceasta poate include, dar nu este limitat\u0103 la numele dvs., datele de contact, adresa, educa\u021bia \u0219i istoricul locurilor de munc\u0103.<\/span><\/p>\n<p class=\"p3\"><span class=\"s1\">\u00cen timpul conversa\u021biilor telefonice \u0219i online \u0219i al interviurilor fa\u021b\u0103 \u00een fa\u021b\u0103, colect\u0103m informa\u021bii personale privind experien\u021ba de munc\u0103 \u0219i preferin\u021bele de angajare, care pot fi stocate \u00een dosarul personal. Toate aceste informa\u021bii ne-ar permite s\u0103 v\u0103 sprijinim c\u0103utarea de locuri de munc\u0103 \u0219i s\u0103 v\u0103 subliniem puterea. Acord\u00e2nd \u00een mod explicit consim\u021b\u0103m\u00e2ntul atunci c\u00e2nd v\u0103 \u00eenregistra\u021bi, ne permite\u021bi s\u0103 stoc\u0103m toate aceste informa\u021bii.<\/span><\/p>\n<p class=\"p3\"><span class=\"s1\">Bora EGV Recruitment nu va distribui niciodat\u0103 informa\u021bii personale sau un Curriculum Vitae unui ter\u021b f\u0103r\u0103 consim\u021b\u0103m\u00e2ntul dvs. explicit.<\/span><\/p>\n<p class=\"p3\"><span class=\"s1\">Orice date solicitate vor fi utilizate numai \u00een scopuri de recrutare.<\/span><\/p>\n<p class=\"p3\"><span class=\"s1\">Dac\u0103 nu consim\u021bi\u021bi ca Bora EGV Recruiting s\u0103 v\u0103 stocheze datele personale sau s\u0103 v\u0103 \u00eenregistreze \u00een baza noastr\u0103 de date, v\u0103 rug\u0103m s\u0103 nu v\u0103 trimite\u021bi Curriculum Vitae pentru toate posibilit\u0103\u021bile publicate pe site-ul nostru. Vom putea procesa cererea numai cu consim\u021b\u0103m\u00e2ntul de a procesa \u0219i stoca informa\u021biile dvs. personale.<\/span><\/p>\n<p class=\"p1\"><span class=\"s1\"><b>Cookies<\/b><\/span><\/p>\n<p>\u00cen conformitate cu GDPR Bora EGV Recruitment v\u0103 informeaz\u0103 c\u0103 pe site-ul nostru folosim cookie-uri pentru a v\u0103 oferi cea mai bun\u0103 experien\u021b\u0103 de utilizare posibil\u0103.<\/p>\n<p class=\"p1\"><span class=\"s1\">Informa\u021biile cookie sunt stocate \u00een browserul dvs. \u0219i efectueaz\u0103 func\u021bii cum ar fi recunoa\u0219terea dvs. atunci c\u00e2nd v\u0103 \u00eentoarce\u021bi pe site-ul nostru \u0219i ajut\u00e2nd echipa noastr\u0103 s\u0103 \u00een\u021beleag\u0103 ce sec\u021biuni ale site-ului le g\u0103si\u021bi cele mai interesante \u0219i mai utile.<\/span><\/p>\n<p class=\"p1\"><span class=\"s1\">Pute\u021bi ajusta toate set\u0103rile cookie-urilor navig\u00e2nd \u00een filele din st\u00e2nga.<\/span><\/p>\n<p class=\"p1\"><span class=\"s1\">Pute\u021bi afla mai multe despre politica Cookie aici:\u00a0<a href=\"\/ro\/politica-cookie\/\">Politica Cookie<\/a>.<\/span><\/p>\n<p class=\"p1\"><span class=\"s1\"><b>Contacte cu candida\u021bii<\/b><\/span><\/p>\n<p class=\"p1\"><span class=\"s1\">Este posibil s\u0103 contact\u0103m candida\u021bii stoca\u021bi \u00een baza noastr\u0103 de date care nu caut\u0103 \u00een mod activ o nou\u0103 oportunitate. Atunci c\u00e2nd contacta\u021bi Bora EGV Recruitment prin intermediul site-ului nostru, vi se poate solicita s\u0103 bifa\u021bi o caset\u0103 indic\u00e2nd faptul c\u0103 sunte\u021bi de acord cu stocarea \u0219i manipularea datelor dvs. pe site-ul nostru. Cu aceasta v\u0103 da\u021bi de asemenea consim\u021b\u0103m\u00e2ntul s\u0103 v\u0103 contact\u0103m dac\u0103 v\u0103 putem oferi mai t\u00e2rziu o pozi\u021bie care s\u0103 corespund\u0103 planurilor dvs. de carier\u0103.<\/span><\/p>\n<p>O parte din Candida\u021bii no\u0219tri se reconecteaz\u0103 cu noi \u00een mod regulat, chiar \u0219i dup\u0103 ani de c\u00e2nd le-am plasat cu succes \u00eentr-o pozi\u021bie. Acordul dvs. \u00eenseamn\u0103 c\u0103 sunte\u021bi de acord s\u0103 p\u0103stra\u021bi \u0219i s\u0103 stoca\u021bi datele dvs. personale p\u00e2n\u0103 \u00een momentul \u00een care dori\u021bi s\u0103 \u0219terge\u021bi \u00eenregistrarea din baza noastr\u0103 de date.<\/p>\n<p class=\"p1\"><span class=\"s1\">Dac\u0103 contacta\u021bi direct consultantul nostru pentru recrutare \u0219i solicita\u021bi consultan\u021b\u0103 privind c\u0103utarea dvs. de locuri de munc\u0103 sau dac\u0103 v\u0103 adresa\u021bi unei anumite pozi\u021bii, v\u0103 da\u021bi consim\u021b\u0103m\u00e2ntul pentru Bora EGV Recruitment, care v\u0103 proceseaz\u0103 e-mailul \u0219i datele con\u021binute \u00een e-mail pentru recrutare.<\/span><\/p>\n<p class=\"p1\"><span class=\"s1\">Dac\u0103 ne-a\u021bi trimis deja datele dvs. \u0219i nu mai sunte\u021bi de acord cu stocarea \u0219i manipularea datelor dvs., pute\u021bi\u00a0<a href=\"https:\/\/www.boraconseil.com\/ro\/optout\/\">cere excluderea<\/a>\u00a0pe site-ul nostru sau v\u0103 rug\u0103m s\u0103 ne trimite\u021bi un e-mail la urm\u0103toarea adres\u0103: <a href=\"mailto:info@boraconseil.com\">info@boraconseil.com<\/a>.<\/span><\/p>\n<p class=\"p1\"><span class=\"s1\"><b>Solicita\u021bi modificarea, \u0219tergerea sau \u0219tergerea datelor dvs. personale.<\/b><\/span><\/p>\n<p class=\"p1\"><span class=\"s1\">\u00cen cazul \u00een care datele dvs. personale \u0219i \/ sau istoricul de angajare urmeaz\u0103 s\u0103 fie modificate \u0219i ne trimite\u021bi CV-ul actualizat, Bora EGV Recruitment se angajeaz\u0103 s\u0103 v\u0103 actualizeze dosarul \u00eentr-un timp scurt.<\/span><\/p>\n<p class=\"p1\"><span class=\"s1\">La primirea unei cereri de \u0219tergere a \u00eenregistr\u0103rii, Bora EGV Recruitment va asigura c\u0103 fi\u0219ierul dvs. va fi \u0219ters \u00een termen de 30 de zile. \u00cen cazul \u00een care, atunci c\u00e2nd Bora EGV Recruitment a primit anterior permisiunea de a partaja informa\u021biile personale cu o ter\u021b\u0103 parte, ne angaj\u0103m s\u0103 \u00eel inform\u0103m pe acesta dac\u0103 comunicarea a avut loc \u00een ultimele 6 luni.<\/span><\/p>\n<p class=\"p1\"><span class=\"s1\">Pentru a fi \u0219terse din baza noastr\u0103 de date, pute\u021bi\u00a0<a href=\"https:\/\/www.boraconseil.com\/ro\/optout\/\">cere excluderea<\/a> pe site-ul nostru sau, v\u0103 rog, s\u0103 trimite\u021bi un e-mail la adresa <a href=\"mailto:info@boraconseil.com\"><span class=\"s2\">info@boraconseil.com<\/span><\/a>.<\/span><\/p>\n<p class=\"p1\"><span class=\"s1\">\u00cen emailul dvs, v\u0103 rug\u0103m s\u0103 preciza\u021bi clar c\u0103 dori\u021bi s\u0103 fi\u021bi \u0219ters, mai degrab\u0103 dec\u00e2t pur \u0219i simplu marcat ca nu mai c\u0103uta\u021bi un loc de munc\u0103.<\/span><\/p>\n<p class=\"p1\"><span class=\"s1\"><b>Notificarea<span class=\"Apple-converted-space\">\u00a0 <\/span>\u00eenc\u0103lc\u0103rii<\/b><\/span><\/p>\n<p class=\"p1\"><span class=\"s1\">Bora EGV Recruitment stocheaz\u0103 \u0219i gestioneaz\u0103 informa\u021biile personale con\u021binute \u00een Curriculum Vitae. Suntem con\u0219tien\u021bi de responsabilitatea noastr\u0103 de a v\u0103 proteja datele personale \u0219i de a trimite detalii numai unor ter\u021be p\u0103r\u021bi la primirea acordului dvs. explicit.<\/span><\/p>\n<p class=\"p1\"><span class=\"s1\">Toate sistemele noastre sunt protejate \u0219i numai personalul Bora EGV Recruitment \u0219i consultan\u021bii care lucreaz\u0103 pentru Bora EGV Recruitment au acces la informa\u021biile personale stocate \u00een dosarul dvs.<\/span><\/p>\n<p class=\"p1\"><span class=\"s1\">\u00cen cazul pu\u021bin probabil c\u0103 sistemele noastre de computere sunt compromise \u0219i exist\u0103 o posibil\u0103 pierdere a confiden\u021bialit\u0103\u021bii, v\u0103 vom raporta aceast\u0103 \u00eenc\u0103lcare \u0219i vom lua toate m\u0103surile necesare pentru a restabili securitatea datelor dvs. personale.<\/span><\/p>\n<p class=\"p1\"><span class=\"s1\"><b>Acces<\/b><\/span><\/p>\n<p>Sub GDPR ave\u021bi dreptul de a solicita accesul la informa\u021biile dvs. personale. Odat\u0103 ce Bora EGV Recruitment va verificat identitatea, v\u0103 vom furniza informa\u021biile pe care le-a\u021bi solicitat \u00een termen de 30 de zile.<\/p>\n<p class=\"p1\"><span class=\"s1\">Dac\u0103 dori\u021bi s\u0103 face\u021bi o solicitare de acces la datele dvs. personale, v\u0103 rug\u0103m s\u0103 ne contacta\u021bi la: <a href=\"mailto:info@boraconseil.com\">info@boraconseil.com<\/a>.<\/span><\/p>\n<p>Alternativ, ne pute\u021bi contacta prin scris la adresa:<br \/>\n<span class=\"s1\">BORA Conseil Srl<br \/>\n1065 BUDAPESTA<br \/>\nNagymez\u0151 u. 47. 3.em.3.<br \/>\nUngaria<\/span><\/p>\n<p>\u00cen cazul pu\u021bin probabil c\u0103 ve\u021bi g\u0103si date personale stocate despre dvs. de c\u0103tre Bora EGV Recruitment este inexact\u0103, v\u0103 rug\u0103m s\u0103 ne contacta\u021bi imediat. V\u0103 vom modifica \u00eenregistrarea personal\u0103 \u00een termen de 30 de zile.<\/p>\n<p><b>Procedura de reclama\u021bii<\/b><\/p>\n<p>Dac\u0103 ave\u021bi o pl\u00e2ngere cu privire la modul \u00een care datele dvs. sunt stocate sau gestionate de Bora EGV Recruitment, v\u0103 rug\u0103m s\u0103 ne contacta\u021bi la: <a href=\"mailto:info@boraconseil.com\">info@boraconseil.com<\/a>.<\/p>\n<p>Alternativ, ne pute\u021bi contacta prin scris la adresa:<br \/>\nBORA Conseil Srl<br \/>\n1065 BUDAPESTA<br \/>\nNagymez\u0151 u. 47. 3.em.3.<br \/>\nUngaria<\/p>\n<p>Dac\u0103 r\u0103m\u00e2ne\u021bi nemul\u021bumit de manipularea datelor dvs., v\u0103 pute\u021bi pl\u00e2nge la Autoritatea Na\u021bional\u0103 pentru Protec\u021bia Datelor \u0219i Libertatea Informa\u021biilor Maghiare:<br \/>\nNemzeti Adatv\u00e9delmi \u00e9s Inform\u00e1ci\u00f3szabads\u00e1g Hat\u00f3s\u00e1g<br \/>\n1024 Budapesta,<br \/>\nSzil\u00e1gyi Erzs\u00e9bet fasor 22 \/ C.<br \/>\n<span class=\"s1\">Ungaria<br \/>\nwww.naih.hu<\/span><\/p>\n<p><b>Modificarea politicii noastre de confiden\u021bialitate<\/b><\/p>\n<p class=\"p1\"><span class=\"s1\">Aceast\u0103 politic\u0103 de confiden\u021bialitate poate fi modificat\u0103 de Bora EGV Recruitment \u00een orice moment. Orice modificare a politicii noastre de confiden\u021bialitate va fi actualizat\u0103 pe site-ul nostru. Dac\u0103 ave\u021bi \u00eentreb\u0103ri sau nel\u0103muriri, v\u0103 rug\u0103m s\u0103 ne contacta\u021bi la: <a href=\"mailto:info@boraconseil.com\">info@boraconseil.com<\/a>.<\/span><\/p>\n<p>[\/et_pb_text][\/et_pb_column][\/et_pb_row][\/et_pb_section]<\/p>\n","protected":false},"excerpt":{"rendered":"<p><div class=\"et_pb_row et_pb_row_0 et_pb_row_empty\">\n\t\t\t\t\n\t\t\t\t\n\t\t\t\t\n\t\t\t\t\n\t\t\t\t\n\t\t\t<\/div> Introducere Bora EGV Recruitment este specializat\u0103 \u00een servicii de recrutare eficiente \u0219i personalizate a personalului medical din Fran\u021ba. Reprezent\u0103m medicii \u00een cursul identific\u0103rii oportunit\u0103\u021bilor de practic\u0103 \u0219i suntem dedica\u021bi \u00een\u021belegerii obiectivelor personale \u0219i profesionale ale tuturor medicilor de a g\u0103si cea mai bun\u0103 oportunitate de angajare \u00een r\u00e2ndul diferitelor noastre oferte de munc\u0103. \u00cen [&hellip;]<\/p>\n","protected":false},"author":1,"featured_media":0,"parent":0,"menu_order":63,"comment_status":"closed","ping_status":"closed","template":"","meta":{"_et_pb_use_builder":"on","_et_pb_old_content":"<p>...<\/p><p><strong>If you have sent us your data and no longer agree to the storage and handling of your data by this website you can\u00a0<a href=\"https:\/\/www.boraconseil.com\/en\/optout\/\">optout here<\/a>.<\/strong><\/p><p>\u00a0<\/p><p>\u00a0<\/p>","_et_gb_content_width":"","_mi_skip_tracking":false},"yoast_head":"<!-- This site is optimized with the Yoast SEO plugin v19.12 - https:\/\/yoast.com\/wordpress\/plugins\/seo\/ -->\n<title>POLITICA DE CONFIDEN\u021aIALITATE - BORA EGV Recruitment<\/title>\n<meta name=\"robots\" content=\"index, follow, max-snippet:-1, max-image-preview:large, max-video-preview:-1\" \/>\n<link rel=\"canonical\" href=\"https:\/\/www.boraconseil.com\/ro\/politica-de-confidentialitate\/\" \/>\n<meta property=\"og:locale\" content=\"ro_RO\" \/>\n<meta property=\"og:type\" content=\"article\" \/>\n<meta property=\"og:title\" content=\"POLITICA DE CONFIDEN\u021aIALITATE - BORA EGV Recruitment\" \/>\n<meta property=\"og:description\" content=\"Introducere Bora EGV Recruitment este specializat\u0103 \u00een servicii de recrutare eficiente \u0219i personalizate a personalului medical din Fran\u021ba. Reprezent\u0103m medicii \u00een cursul identific\u0103rii oportunit\u0103\u021bilor de practic\u0103 \u0219i suntem dedica\u021bi \u00een\u021belegerii obiectivelor personale \u0219i profesionale ale tuturor medicilor de a g\u0103si cea mai bun\u0103 oportunitate de angajare \u00een r\u00e2ndul diferitelor noastre oferte de munc\u0103. \u00cen [&hellip;]\" \/>\n<meta property=\"og:url\" content=\"https:\/\/www.boraconseil.com\/ro\/politica-de-confidentialitate\/\" \/>\n<meta property=\"og:site_name\" content=\"BORA EGV Recruitment\" \/>\n<meta property=\"article:modified_time\" content=\"2018-12-11T13:52:17+00:00\" \/>\n<meta name=\"twitter:card\" content=\"summary_large_image\" \/>\n<meta name=\"twitter:label1\" content=\"Timp estimat pentru citire\" \/>\n\t<meta name=\"twitter:data1\" content=\"8 minute\" \/>\n<script type=\"application\/ld+json\" class=\"yoast-schema-graph\">{\"@context\":\"https:\/\/schema.org\",\"@graph\":[{\"@type\":\"WebPage\",\"@id\":\"https:\/\/www.boraconseil.com\/ro\/politica-de-confidentialitate\/\",\"url\":\"https:\/\/www.boraconseil.com\/ro\/politica-de-confidentialitate\/\",\"name\":\"POLITICA DE CONFIDEN\u021aIALITATE - BORA EGV Recruitment\",\"isPartOf\":{\"@id\":\"https:\/\/www.boraconseil.com\/fr\/#website\"},\"datePublished\":\"2018-05-29T21:29:47+00:00\",\"dateModified\":\"2018-12-11T13:52:17+00:00\",\"breadcrumb\":{\"@id\":\"https:\/\/www.boraconseil.com\/ro\/politica-de-confidentialitate\/#breadcrumb\"},\"inLanguage\":\"ro-RO\",\"potentialAction\":[{\"@type\":\"ReadAction\",\"target\":[\"https:\/\/www.boraconseil.com\/ro\/politica-de-confidentialitate\/\"]}]},{\"@type\":\"BreadcrumbList\",\"@id\":\"https:\/\/www.boraconseil.com\/ro\/politica-de-confidentialitate\/#breadcrumb\",\"itemListElement\":[{\"@type\":\"ListItem\",\"position\":1,\"name\":\"Home\",\"item\":\"https:\/\/www.boraconseil.com\/ro\/\"},{\"@type\":\"ListItem\",\"position\":2,\"name\":\"POLITICA DE CONFIDEN\u021aIALITATE\"}]},{\"@type\":\"WebSite\",\"@id\":\"https:\/\/www.boraconseil.com\/fr\/#website\",\"url\":\"https:\/\/www.boraconseil.com\/fr\/\",\"name\":\"BORA EGV Recruitment\",\"description\":\"\",\"potentialAction\":[{\"@type\":\"SearchAction\",\"target\":{\"@type\":\"EntryPoint\",\"urlTemplate\":\"https:\/\/www.boraconseil.com\/fr\/?s={search_term_string}\"},\"query-input\":\"required name=search_term_string\"}],\"inLanguage\":\"ro-RO\"}]}<\/script>\n<!-- \/ Yoast SEO plugin. -->","yoast_head_json":{"title":"POLITICA DE CONFIDEN\u021aIALITATE - BORA EGV Recruitment","robots":{"index":"index","follow":"follow","max-snippet":"max-snippet:-1","max-image-preview":"max-image-preview:large","max-video-preview":"max-video-preview:-1"},"canonical":"https:\/\/www.boraconseil.com\/ro\/politica-de-confidentialitate\/","og_locale":"ro_RO","og_type":"article","og_title":"POLITICA DE CONFIDEN\u021aIALITATE - BORA EGV Recruitment","og_description":"Introducere Bora EGV Recruitment este specializat\u0103 \u00een servicii de recrutare eficiente \u0219i personalizate a personalului medical din Fran\u021ba. Reprezent\u0103m medicii \u00een cursul identific\u0103rii oportunit\u0103\u021bilor de practic\u0103 \u0219i suntem dedica\u021bi \u00een\u021belegerii obiectivelor personale \u0219i profesionale ale tuturor medicilor de a g\u0103si cea mai bun\u0103 oportunitate de angajare \u00een r\u00e2ndul diferitelor noastre oferte de munc\u0103. \u00cen [&hellip;]","og_url":"https:\/\/www.boraconseil.com\/ro\/politica-de-confidentialitate\/","og_site_name":"BORA EGV Recruitment","article_modified_time":"2018-12-11T13:52:17+00:00","twitter_card":"summary_large_image","twitter_misc":{"Timp estimat pentru citire":"8 minute"},"schema":{"@context":"https:\/\/schema.org","@graph":[{"@type":"WebPage","@id":"https:\/\/www.boraconseil.com\/ro\/politica-de-confidentialitate\/","url":"https:\/\/www.boraconseil.com\/ro\/politica-de-confidentialitate\/","name":"POLITICA DE CONFIDEN\u021aIALITATE - BORA EGV Recruitment","isPartOf":{"@id":"https:\/\/www.boraconseil.com\/fr\/#website"},"datePublished":"2018-05-29T21:29:47+00:00","dateModified":"2018-12-11T13:52:17+00:00","breadcrumb":{"@id":"https:\/\/www.boraconseil.com\/ro\/politica-de-confidentialitate\/#breadcrumb"},"inLanguage":"ro-RO","potentialAction":[{"@type":"ReadAction","target":["https:\/\/www.boraconseil.com\/ro\/politica-de-confidentialitate\/"]}]},{"@type":"BreadcrumbList","@id":"https:\/\/www.boraconseil.com\/ro\/politica-de-confidentialitate\/#breadcrumb","itemListElement":[{"@type":"ListItem","position":1,"name":"Home","item":"https:\/\/www.boraconseil.com\/ro\/"},{"@type":"ListItem","position":2,"name":"POLITICA DE CONFIDEN\u021aIALITATE"}]},{"@type":"WebSite","@id":"https:\/\/www.boraconseil.com\/fr\/#website","url":"https:\/\/www.boraconseil.com\/fr\/","name":"BORA EGV Recruitment","description":"","potentialAction":[{"@type":"SearchAction","target":{"@type":"EntryPoint","urlTemplate":"https:\/\/www.boraconseil.com\/fr\/?s={search_term_string}"},"query-input":"required name=search_term_string"}],"inLanguage":"ro-RO"}]}},"_links":{"self":[{"href":"https:\/\/www.boraconseil.com\/ro\/wp-json\/wp\/v2\/pages\/2177"}],"collection":[{"href":"https:\/\/www.boraconseil.com\/ro\/wp-json\/wp\/v2\/pages"}],"about":[{"href":"https:\/\/www.boraconseil.com\/ro\/wp-json\/wp\/v2\/types\/page"}],"author":[{"embeddable":true,"href":"https:\/\/www.boraconseil.com\/ro\/wp-json\/wp\/v2\/users\/1"}],"replies":[{"embeddable":true,"href":"https:\/\/www.boraconseil.com\/ro\/wp-json\/wp\/v2\/comments?post=2177"}],"version-history":[{"count":0,"href":"https:\/\/www.boraconseil.com\/ro\/wp-json\/wp\/v2\/pages\/2177\/revisions"}],"wp:attachment":[{"href":"https:\/\/www.boraconseil.com\/ro\/wp-json\/wp\/v2\/media?parent=2177"}],"curies":[{"name":"wp","href":"https:\/\/api.w.org\/{rel}","templated":true}]}}