{"id":2154,"date":"2018-05-29T23:02:07","date_gmt":"2018-05-29T21:02:07","guid":{"rendered":"https:\/\/www.boraconseil.com\/?page_id=2154"},"modified":"2019-08-09T14:16:30","modified_gmt":"2019-08-09T12:16:30","slug":"intrebari-frecvente","status":"publish","type":"page","link":"https:\/\/www.boraconseil.com\/ro\/intrebari-frecvente\/","title":{"rendered":"\u00ceNTREB\u0102RI FRECVENTE"},"content":{"rendered":"<div id=\u201cfb-root\u201d><\/div>\n<script>(function(d, s, id) {\n  var js, fjs = d.getElementsByTagName(s)[0];\n  if (d.getElementById(id)) return;\n  js = d.createElement(s); js.id = id;\n  js.src = 'https:\/\/connect.facebook.net\/ro_RO\/sdk.js#xfbml=1&version=v3.0&appId=667263270282118&autoLogAppEvents=1';\n  fjs.parentNode.insertBefore(js, fjs);\n}(document, 'script', 'facebook-jssdk'));<\/script>\n<p>[et_pb_section fb_built=&#8221;1&#8243; _builder_version=&#8221;3.22.3&#8243;][et_pb_row _builder_version=&#8221;3.22.3&#8243; background_size=&#8221;initial&#8221; background_position=&#8221;top_left&#8221; background_repeat=&#8221;repeat&#8221;][et_pb_column type=&#8221;4_4&#8243; _builder_version=&#8221;3.0.47&#8243;][et_pb_header title=&#8221;\u00ceNTREB\u0102RI FRECVENTE&#8221; text_orientation=&#8221;center&#8221; scroll_down_icon_size_tablet=&#8221;50&#8243; admin_label=&#8221;Page Title&#8221; _builder_version=&#8221;3.4.1&#8243; title_font=&#8221;|800|on|on|||||&#8221; title_text_align=&#8221;center&#8221; title_text_color=&#8221;#00ade3&#8243; title_font_size=&#8221;34px&#8221; subhead_font=&#8221;||on||||||&#8221; subhead_font_size=&#8221;18&#8243; subhead_font_size_tablet=&#8221;51&#8243;][\/et_pb_header][et_pb_text _builder_version=&#8221;3.4.1&#8243;]<\/p>\n<p><span style=\"color: #39b049;\"><strong>1. Care sunt condi\u021biile de eligibilitate?<\/strong><\/span><\/p>\n<ul>\n<li>\n<p class=\"p1\"><span class=\"s1\">O persoan\u0103 care vine din Uniunea European\u0103 sau care de\u021bine un permis de \u0219edere pe termen lung \u00eentr-o \u021bar\u0103 a UE sau care este c\u0103s\u0103torit\u0103 cu un cet\u0103\u021bean al UE sau care este cet\u0103\u021bean al unei \u021b\u0103ri care a adoptat anterior un acord de schimb de lucr\u0103tori cu Fran\u021ba.<\/span><\/p>\n<\/li>\n<li>\n<p class=\"p1\"><span class=\"s1\">Av\u00e2nd o diplom\u0103 de medic \u0219i o diplom\u0103 de specialitate dintr-un stat membru al Uniunii Europene (Directiva 2005\/36 \/CE),<\/span><\/p>\n<\/li>\n<li>\n<p class=\"p1\"><span class=\"s1\">\u00cenmatriculat sau \u00eenregistrat de Colegiul Medicilor din Fran\u021ba.<\/span><\/p>\n<\/li>\n<\/ul>\n<p><span style=\"color: #39b049;\"><strong>2. Este obligatoriu s\u0103 vorbe\u0219ti franceza?<\/strong><\/span><\/p>\n<p>Fiecare solicitant care dore\u0219te un loc de munc\u0103 \u00een Fran\u021ba trebuie s\u0103 vorbeasc\u0103 bine limba francez\u0103 pentru a putea \u021bine un interviu cu angajatorul \u0219i pentru a putea comunica \u00een mod corespunz\u0103tor cu pacien\u021bii. (Pentru moment nici autorit\u0103\u021bile franceze, nici spitalele nu solicit\u0103 un certificat de limb\u0103.)<\/p>\n<p><span style=\"color: #39b049;\"><strong>3. C\u00e2t c\u00e2\u0219tig\u0103 un doctor?<\/strong><\/span><\/p>\n<p class=\"p1\"><span class=\"s1\">\u00cen<span class=\"Apple-converted-space\">\u00a0 <\/span>spitalel publice din Fran\u021ba Medicii Specialist au venituri \u00eencep\u00e2nd de la aproximativ 4800 EUR pe lun\u0103, la care se adaug\u0103 o sum\u0103 semnificativ\u0103 de bani pentru taxe.<br \/> Spitalele publice ofer\u0103 un contract \u0219i un salariu pe baza competen\u021belor \u0219i experien\u021bei fiec\u0103rui candidat.<br \/> Speciali\u0219tii care lucreaz\u0103 \u00eentr-o clinic\u0103 \u0219i \/ sau \u00een propria lor practic\u0103 privat\u0103 pot prevedea un venit brut de 8000-9000 EUR pe lun\u0103 \u0219i \u00een mai multe specialit\u0103\u021bi foarte solicitate (radiologie, anesteziologie, gastroenterologie) chiar 12000-13000 EUR pe lun\u0103 sau mai mult.<br \/><\/span><span class=\"s1\">\u00cen Fran\u021ba, 18% sunt deduse automat din salariul brut (contribu\u021bia angaja\u021bilor \u0219i altele). De la 1 ianuarie 2019, impozitul pe venit numit&#8221; IRPP &#8222;este, de asemenea, automat dedus din salariul brut \u00een fiecare lun\u0103 \u0219i se calculeaz\u0103 direct pe banii de plat\u0103 din fiecare angajat, reprezent\u00e2nd \u00eentre 10% \u0219i 15% deduceri suplimentare, \u021bin\u00e2nd seama de statutul personal \u0219i familial al fiec\u0103rui contribuabil (nivelul venitului, statutul marital, num\u0103rul de copii etc.)<\/span><\/p>\n<p class=\"p1\"><span class=\"s1\"><strong style=\"color: #39b049; font-size: 14px;\">4, Cine organizeaz\u0103 documentele necesare pentru angajare?<\/strong><br \/><\/span><\/p>\n<p class=\"p1\"><span class=\"s1\">V\u0103 sf\u0103tuim \u00een toate etapele administrative pentru a ob\u021bine documentele solicitate de c\u0103tre Spitale \u0219i autorit\u0103\u021bile franceze.<br \/> Ne ocup\u0103m de formalit\u0103\u021bile de recunoa\u0219tere a calific\u0103rilor dvs. profesionale \u0219i de \u00eenregistrarea dvs. de c\u0103tre Colegiul Medicilor din Fran\u021ba.<br \/> Stabilim o \u00eent\u00e2lnire cu un membru al Colegiului Medicilor din departamentul competent pentru momentul \u00een care ve\u021bi efectua vizita la biroul angajatorului.<\/span><\/p>\n<p><span style=\"color: #39b049;\"><strong>5. Organiza\u021bi cursuri de limbi str\u0103ine?<\/strong><\/span><\/p>\n<p class=\"p1\"><span class=\"s1\">Nu, dar v\u0103 putem \u00eendruma c\u0103tre cei care sunt speciali\u0219ti \u00een acest domeniu.<\/span><\/p>\n<p><span style=\"color: #39b049;\"><strong>6. Care sunt etapele procesului de selec\u021bie?<\/strong><\/span><\/p>\n<p class=\"p1\"><span class=\"s1\">Dup\u0103 primirea CV-ului dvs., v\u0103 vom contacta telefonic pentru a v\u0103 stabili priorit\u0103\u021bile \u0219i nevoile dvs.<br \/> Apoi vom planifica un interviu \u00een care vom stabili, printre altele, dac\u0103 ave\u021bi un nivel suficient de bun pentru limba francez\u0103.<br \/> Urm\u0103torul pas este un telefon sau un interviu online cu Angajatorul din Fran\u021ba, care este reprezentat \u00een majoritatea cazurilor de c\u0103tre Directorul General, Managerul Afacerilor Medicale \/ HR \u0219i \u0218eful competent al Departamentului.<br \/> \u00cen cazul unui interviu de succes, v\u0103 planific\u0103m o vizit\u0103 la biroul Angajatorului.<br \/> \u00cen paralel, ne ocup\u0103m de formalit\u0103\u021bile de recunoa\u0219tere a calific\u0103rilor profesionale \u0219i de \u00eenregistrarea dvs. de c\u0103tre Colegiul Medicilor din Fran\u021ba.<br \/> \u00cen cazul unei vizite reu\u0219ite \u0219i c\u00e2nd sunte\u021bi \u00eenregistrat de Colegiul Medicilor, pute\u021bi \u00eencepe s\u0103 lucra\u021bi.<\/span><\/p>\n<p><span style=\"color: #39b049;\"><strong>7. Pentru c\u00e2t dureaz\u0103 acest proces?<\/strong><\/span><\/p>\n<p class=\"p1\"><span class=\"s1\">O persoan\u0103 care are cuno\u0219tin\u021be franceze bune \u0219i care are toate documentele necesare poate \u00eencepe s\u0103 lucreze dup\u0103 3 luni de la primul interviu.<br \/> Lua\u021bi \u00een considerare faptul c\u0103 exist\u0103 \u0219i aspecte administrative care pot face mai dificil\u0103 ob\u021binerea documentelor \u0219i care pot prelungi procesul ini\u021bial de 3 luni cu mai mult de 3 luni.<\/span><\/p>\n<p><span style=\"color: #39b049;\"><strong>8. Care sunt tarifele solicitate de agen\u021bia dvs.?<\/strong><\/span><\/p>\n<p>Nu solicit\u0103m nici o comisie din partea candida\u021bilor.<\/p>\n<p><span style=\"color: #39b049;\"><strong>9. Care sunt locurile de munc\u0103 pe care le oferi\u021bi?<\/strong><\/span><\/p>\n<p><strong><a style=\"color: #2ea3f2;\" href=\"\/ro\/oferte-de-lucru\/\">Oferte de munc\u0103.<\/a><\/strong><\/p>\n<p>[\/et_pb_text][et_pb_button button_url=&#8221;\/ro\/contact\/&#8221; button_text=&#8221;APLICA&#8221; button_alignment=&#8221;center&#8221; admin_label=&#8221;Apply Button&#8221; _builder_version=&#8221;3.16&#8243; custom_button=&#8221;on&#8221; button_text_size=&#8221;22&#8243; button_bg_color=&#8221;#24b14a&#8221; button_border_color=&#8221;#24b14a&#8221; background_layout=&#8221;dark&#8221; animation_style=&#8221;bounce&#8221; button_text_color_hover=&#8221;#24b14a&#8221; global_module=&#8221;2033&#8243; saved_tabs=&#8221;all&#8221; button_text_size__hover_enabled=&#8221;off&#8221; button_one_text_size__hover_enabled=&#8221;off&#8221; button_two_text_size__hover_enabled=&#8221;off&#8221; button_text_color__hover_enabled=&#8221;on&#8221; button_text_color__hover=&#8221;#24b14a&#8221; button_one_text_color__hover_enabled=&#8221;off&#8221; button_two_text_color__hover_enabled=&#8221;off&#8221; button_border_width__hover_enabled=&#8221;off&#8221; button_one_border_width__hover_enabled=&#8221;off&#8221; button_two_border_width__hover_enabled=&#8221;off&#8221; button_border_color__hover_enabled=&#8221;off&#8221; button_one_border_color__hover_enabled=&#8221;off&#8221; button_two_border_color__hover_enabled=&#8221;off&#8221; button_border_radius__hover_enabled=&#8221;off&#8221; button_one_border_radius__hover_enabled=&#8221;off&#8221; button_two_border_radius__hover_enabled=&#8221;off&#8221; button_letter_spacing__hover_enabled=&#8221;off&#8221; button_one_letter_spacing__hover_enabled=&#8221;off&#8221; button_two_letter_spacing__hover_enabled=&#8221;off&#8221; button_bg_color__hover_enabled=&#8221;off&#8221; button_one_bg_color__hover_enabled=&#8221;off&#8221; button_two_bg_color__hover_enabled=&#8221;off&#8221;][\/et_pb_button][\/et_pb_column][\/et_pb_row][\/et_pb_section][et_pb_section fb_built=&#8221;1&#8243; _builder_version=&#8221;3.4.1&#8243; background_color=&#8221;#f6f6f6&#8243; global_module=&#8221;2037&#8243;][et_pb_row _builder_version=&#8221;3.22.3&#8243; background_size=&#8221;initial&#8221; background_position=&#8221;top_left&#8221; background_repeat=&#8221;repeat&#8221;][et_pb_column type=&#8221;4_4&#8243; _builder_version=&#8221;3.0.47&#8243;][et_pb_text _builder_version=&#8221;3.4.1&#8243; text_font=&#8221;|800|||||||&#8221; text_text_color=&#8221;#00ade3&#8243; header_2_font=&#8221;|800|||||||&#8221; header_2_text_align=&#8221;center&#8221; header_2_text_color=&#8221;#00ade3&#8243; header_2_font_size=&#8221;32px&#8221;]<\/p>\n<h2 style=\"text-align: center;\"><a href=\"\/ro\/povesti-de-succes\/\"><em>POVESTI DE SUCCES<\/em><\/a><\/h2>\n<p>[\/et_pb_text][et_pb_success_story fullwidth=&#8221;off&#8221; posts_number=&#8221;4&#8243; show_title=&#8221;off&#8221; show_pagination=&#8221;off&#8221; module_class=&#8221;testimonials3&#8243; _builder_version=&#8221;3.8.1&#8243; title_font_size_tablet=&#8221;51&#8243; title_line_height_tablet=&#8221;2&#8243; caption_font_size_tablet=&#8221;51&#8243; caption_line_height_tablet=&#8221;2&#8243; pagination_font_size_tablet=&#8221;51&#8243; pagination_line_height_tablet=&#8221;2&#8243;][\/et_pb_success_story][\/et_pb_column][\/et_pb_row][\/et_pb_section][et_pb_section fb_built=&#8221;1&#8243; _builder_version=&#8221;3.4.1&#8243; global_module=&#8221;2038&#8243;][et_pb_row _builder_version=&#8221;3.22.3&#8243;][et_pb_column type=&#8221;1_3&#8243; _builder_version=&#8221;3.0.47&#8243;][et_pb_text _builder_version=&#8221;3.4.1&#8243; text_font=&#8221;|800|||||||&#8221; text_text_color=&#8221;#00ade3&#8243; header_2_font=&#8221;|800|||||||&#8221; header_2_text_color=&#8221;#00ade3&#8243; header_2_font_size=&#8221;32px&#8221;]<\/p>\n<h2 style=\"text-align: left;\"><a href=\"\/ro\/oferte-de-lucru\/\"><em>HOT JOBS<\/em><\/a><\/h2>\n<p>[\/et_pb_text][et_pb_job posts_number=&#8221;5&#8243; only_hot_jobs=&#8221;on&#8221; show_title=&#8221;off&#8221; show_categories=&#8221;off&#8221; show_pagination=&#8221;off&#8221; _builder_version=&#8221;3.4.1&#8243; title_font_size_tablet=&#8221;51&#8243; title_line_height_tablet=&#8221;2&#8243; caption_font_size_tablet=&#8221;51&#8243; caption_line_height_tablet=&#8221;2&#8243; pagination_font_size_tablet=&#8221;51&#8243; pagination_line_height_tablet=&#8221;2&#8243;][\/et_pb_job][et_pb_button button_url=&#8221;\/ro\/contact\/&#8221; button_text=&#8221;APLICA&#8221; button_alignment=&#8221;left&#8221; admin_label=&#8221;Apply Button&#8221; _builder_version=&#8221;3.16&#8243; custom_button=&#8221;on&#8221; button_bg_color=&#8221;#24b14a&#8221; button_border_color=&#8221;#24b14a&#8221; background_layout=&#8221;dark&#8221; animation_style=&#8221;bounce&#8221; button_text_color_hover=&#8221;#24b14a&#8221; button_text_size__hover_enabled=&#8221;off&#8221; button_one_text_size__hover_enabled=&#8221;off&#8221; button_two_text_size__hover_enabled=&#8221;off&#8221; button_text_color__hover_enabled=&#8221;on&#8221; button_text_color__hover=&#8221;#24b14a&#8221; button_one_text_color__hover_enabled=&#8221;off&#8221; button_two_text_color__hover_enabled=&#8221;off&#8221; button_border_width__hover_enabled=&#8221;off&#8221; button_one_border_width__hover_enabled=&#8221;off&#8221; button_two_border_width__hover_enabled=&#8221;off&#8221; button_border_color__hover_enabled=&#8221;off&#8221; button_one_border_color__hover_enabled=&#8221;off&#8221; button_two_border_color__hover_enabled=&#8221;off&#8221; button_border_radius__hover_enabled=&#8221;off&#8221; button_one_border_radius__hover_enabled=&#8221;off&#8221; button_two_border_radius__hover_enabled=&#8221;off&#8221; button_letter_spacing__hover_enabled=&#8221;off&#8221; button_one_letter_spacing__hover_enabled=&#8221;off&#8221; button_two_letter_spacing__hover_enabled=&#8221;off&#8221; button_bg_color__hover_enabled=&#8221;off&#8221; button_one_bg_color__hover_enabled=&#8221;off&#8221; button_two_bg_color__hover_enabled=&#8221;off&#8221;][\/et_pb_button][\/et_pb_column][et_pb_column type=&#8221;2_3&#8243; _builder_version=&#8221;3.0.47&#8243;][et_pb_text _builder_version=&#8221;3.0.106&#8243; text_font=&#8221;|800|||||||&#8221; text_text_color=&#8221;#00ade3&#8243; header_2_font=&#8221;|800|||||||&#8221; header_2_text_color=&#8221;#00ade3&#8243; header_2_font_size=&#8221;32px&#8221;]<\/p>\n<h2 style=\"text-align: left;\"><em>BLOG<\/em><\/h2>\n<p>[\/et_pb_text][et_pb_blog posts_number=&#8221;2&#8243; show_author=&#8221;off&#8221; show_date=&#8221;off&#8221; show_categories=&#8221;off&#8221; _builder_version=&#8221;3.0.106&#8243; header_text_color=&#8221;#24b14a&#8221; pagination_font_size_tablet=&#8221;51&#8243; pagination_line_height_tablet=&#8221;2&#8243;][\/et_pb_blog][\/et_pb_column][\/et_pb_row][\/et_pb_section]<\/p>\n","protected":false},"excerpt":{"rendered":"<p>1. Care sunt condi\u021biile de eligibilitate? O persoan\u0103 care vine din Uniunea European\u0103 sau care de\u021bine un permis de \u0219edere pe termen lung \u00eentr-o \u021bar\u0103 a UE sau care este c\u0103s\u0103torit\u0103 cu un cet\u0103\u021bean al UE sau care este cet\u0103\u021bean al unei \u021b\u0103ri care a adoptat anterior un acord de schimb de lucr\u0103tori cu Fran\u021ba. [&hellip;]<\/p>\n","protected":false},"author":1,"featured_media":0,"parent":0,"menu_order":37,"comment_status":"closed","ping_status":"closed","template":"","meta":{"_et_pb_use_builder":"on","_et_pb_old_content":"","_et_gb_content_width":"","_mi_skip_tracking":false},"yoast_head":"<!-- This site is optimized with the Yoast SEO plugin v19.12 - https:\/\/yoast.com\/wordpress\/plugins\/seo\/ -->\n<title>\u00ceNTREB\u0102RI FRECVENTE - BORA EGV Recruitment<\/title>\n<meta name=\"robots\" content=\"index, follow, max-snippet:-1, max-image-preview:large, max-video-preview:-1\" \/>\n<link rel=\"canonical\" href=\"https:\/\/www.boraconseil.com\/ro\/intrebari-frecvente\/\" \/>\n<meta property=\"og:locale\" content=\"ro_RO\" \/>\n<meta property=\"og:type\" content=\"article\" \/>\n<meta property=\"og:title\" content=\"\u00ceNTREB\u0102RI FRECVENTE - BORA EGV Recruitment\" \/>\n<meta property=\"og:description\" content=\"1. Care sunt condi\u021biile de eligibilitate? O persoan\u0103 care vine din Uniunea European\u0103 sau care de\u021bine un permis de \u0219edere pe termen lung \u00eentr-o \u021bar\u0103 a UE sau care este c\u0103s\u0103torit\u0103 cu un cet\u0103\u021bean al UE sau care este cet\u0103\u021bean al unei \u021b\u0103ri care a adoptat anterior un acord de schimb de lucr\u0103tori cu Fran\u021ba. [&hellip;]\" \/>\n<meta property=\"og:url\" content=\"https:\/\/www.boraconseil.com\/ro\/intrebari-frecvente\/\" \/>\n<meta property=\"og:site_name\" content=\"BORA EGV Recruitment\" \/>\n<meta property=\"article:modified_time\" content=\"2019-08-09T12:16:30+00:00\" \/>\n<meta name=\"twitter:card\" content=\"summary_large_image\" \/>\n<meta name=\"twitter:label1\" content=\"Timp estimat pentru citire\" \/>\n\t<meta name=\"twitter:data1\" content=\"7 minute\" \/>\n<script type=\"application\/ld+json\" class=\"yoast-schema-graph\">{\"@context\":\"https:\/\/schema.org\",\"@graph\":[{\"@type\":\"WebPage\",\"@id\":\"https:\/\/www.boraconseil.com\/ro\/intrebari-frecvente\/\",\"url\":\"https:\/\/www.boraconseil.com\/ro\/intrebari-frecvente\/\",\"name\":\"\u00ceNTREB\u0102RI FRECVENTE - BORA EGV Recruitment\",\"isPartOf\":{\"@id\":\"https:\/\/www.boraconseil.com\/fr\/#website\"},\"datePublished\":\"2018-05-29T21:02:07+00:00\",\"dateModified\":\"2019-08-09T12:16:30+00:00\",\"breadcrumb\":{\"@id\":\"https:\/\/www.boraconseil.com\/ro\/intrebari-frecvente\/#breadcrumb\"},\"inLanguage\":\"ro-RO\",\"potentialAction\":[{\"@type\":\"ReadAction\",\"target\":[\"https:\/\/www.boraconseil.com\/ro\/intrebari-frecvente\/\"]}]},{\"@type\":\"BreadcrumbList\",\"@id\":\"https:\/\/www.boraconseil.com\/ro\/intrebari-frecvente\/#breadcrumb\",\"itemListElement\":[{\"@type\":\"ListItem\",\"position\":1,\"name\":\"Home\",\"item\":\"https:\/\/www.boraconseil.com\/ro\/\"},{\"@type\":\"ListItem\",\"position\":2,\"name\":\"\u00ceNTREB\u0102RI FRECVENTE\"}]},{\"@type\":\"WebSite\",\"@id\":\"https:\/\/www.boraconseil.com\/fr\/#website\",\"url\":\"https:\/\/www.boraconseil.com\/fr\/\",\"name\":\"BORA EGV Recruitment\",\"description\":\"\",\"potentialAction\":[{\"@type\":\"SearchAction\",\"target\":{\"@type\":\"EntryPoint\",\"urlTemplate\":\"https:\/\/www.boraconseil.com\/fr\/?s={search_term_string}\"},\"query-input\":\"required name=search_term_string\"}],\"inLanguage\":\"ro-RO\"}]}<\/script>\n<!-- \/ Yoast SEO plugin. -->","yoast_head_json":{"title":"\u00ceNTREB\u0102RI FRECVENTE - BORA EGV Recruitment","robots":{"index":"index","follow":"follow","max-snippet":"max-snippet:-1","max-image-preview":"max-image-preview:large","max-video-preview":"max-video-preview:-1"},"canonical":"https:\/\/www.boraconseil.com\/ro\/intrebari-frecvente\/","og_locale":"ro_RO","og_type":"article","og_title":"\u00ceNTREB\u0102RI FRECVENTE - BORA EGV Recruitment","og_description":"1. Care sunt condi\u021biile de eligibilitate? O persoan\u0103 care vine din Uniunea European\u0103 sau care de\u021bine un permis de \u0219edere pe termen lung \u00eentr-o \u021bar\u0103 a UE sau care este c\u0103s\u0103torit\u0103 cu un cet\u0103\u021bean al UE sau care este cet\u0103\u021bean al unei \u021b\u0103ri care a adoptat anterior un acord de schimb de lucr\u0103tori cu Fran\u021ba. [&hellip;]","og_url":"https:\/\/www.boraconseil.com\/ro\/intrebari-frecvente\/","og_site_name":"BORA EGV Recruitment","article_modified_time":"2019-08-09T12:16:30+00:00","twitter_card":"summary_large_image","twitter_misc":{"Timp estimat pentru citire":"7 minute"},"schema":{"@context":"https:\/\/schema.org","@graph":[{"@type":"WebPage","@id":"https:\/\/www.boraconseil.com\/ro\/intrebari-frecvente\/","url":"https:\/\/www.boraconseil.com\/ro\/intrebari-frecvente\/","name":"\u00ceNTREB\u0102RI FRECVENTE - BORA EGV Recruitment","isPartOf":{"@id":"https:\/\/www.boraconseil.com\/fr\/#website"},"datePublished":"2018-05-29T21:02:07+00:00","dateModified":"2019-08-09T12:16:30+00:00","breadcrumb":{"@id":"https:\/\/www.boraconseil.com\/ro\/intrebari-frecvente\/#breadcrumb"},"inLanguage":"ro-RO","potentialAction":[{"@type":"ReadAction","target":["https:\/\/www.boraconseil.com\/ro\/intrebari-frecvente\/"]}]},{"@type":"BreadcrumbList","@id":"https:\/\/www.boraconseil.com\/ro\/intrebari-frecvente\/#breadcrumb","itemListElement":[{"@type":"ListItem","position":1,"name":"Home","item":"https:\/\/www.boraconseil.com\/ro\/"},{"@type":"ListItem","position":2,"name":"\u00ceNTREB\u0102RI FRECVENTE"}]},{"@type":"WebSite","@id":"https:\/\/www.boraconseil.com\/fr\/#website","url":"https:\/\/www.boraconseil.com\/fr\/","name":"BORA EGV Recruitment","description":"","potentialAction":[{"@type":"SearchAction","target":{"@type":"EntryPoint","urlTemplate":"https:\/\/www.boraconseil.com\/fr\/?s={search_term_string}"},"query-input":"required name=search_term_string"}],"inLanguage":"ro-RO"}]}},"_links":{"self":[{"href":"https:\/\/www.boraconseil.com\/ro\/wp-json\/wp\/v2\/pages\/2154"}],"collection":[{"href":"https:\/\/www.boraconseil.com\/ro\/wp-json\/wp\/v2\/pages"}],"about":[{"href":"https:\/\/www.boraconseil.com\/ro\/wp-json\/wp\/v2\/types\/page"}],"author":[{"embeddable":true,"href":"https:\/\/www.boraconseil.com\/ro\/wp-json\/wp\/v2\/users\/1"}],"replies":[{"embeddable":true,"href":"https:\/\/www.boraconseil.com\/ro\/wp-json\/wp\/v2\/comments?post=2154"}],"version-history":[{"count":0,"href":"https:\/\/www.boraconseil.com\/ro\/wp-json\/wp\/v2\/pages\/2154\/revisions"}],"wp:attachment":[{"href":"https:\/\/www.boraconseil.com\/ro\/wp-json\/wp\/v2\/media?parent=2154"}],"curies":[{"name":"wp","href":"https:\/\/api.w.org\/{rel}","templated":true}]}}