{"id":2136,"date":"2018-04-13T14:01:57","date_gmt":"2018-04-13T12:01:57","guid":{"rendered":"https:\/\/www.boraconseil.com\/?page_id=2136"},"modified":"2019-08-09T14:00:15","modified_gmt":"2019-08-09T12:00:15","slug":"beneficii-din-franta","status":"publish","type":"page","link":"https:\/\/www.boraconseil.com\/ro\/beneficii-din-franta\/","title":{"rendered":"BENEFICII DIN FRAN\u021aA"},"content":{"rendered":"<div id=\u201cfb-root\u201d><\/div>\n<script>(function(d, s, id) {\n  var js, fjs = d.getElementsByTagName(s)[0];\n  if (d.getElementById(id)) return;\n  js = d.createElement(s); js.id = id;\n  js.src = 'https:\/\/connect.facebook.net\/ro_RO\/sdk.js#xfbml=1&version=v3.0&appId=667263270282118&autoLogAppEvents=1';\n  fjs.parentNode.insertBefore(js, fjs);\n}(document, 'script', 'facebook-jssdk'));<\/script>\n<p>[et_pb_section fb_built=&#8221;1&#8243; _builder_version=&#8221;3.22.3&#8243;][et_pb_row _builder_version=&#8221;3.22.3&#8243; background_size=&#8221;initial&#8221; background_position=&#8221;top_left&#8221; background_repeat=&#8221;repeat&#8221;][et_pb_column type=&#8221;4_4&#8243; _builder_version=&#8221;3.0.47&#8243;][et_pb_header title=&#8221;BENEFICII DIN FRAN\u021aA&#8221; text_orientation=&#8221;center&#8221; scroll_down_icon_size_tablet=&#8221;50&#8243; admin_label=&#8221;Page Title&#8221; _builder_version=&#8221;3.4.1&#8243; title_font=&#8221;|800|on|on|||||&#8221; title_text_align=&#8221;center&#8221; title_text_color=&#8221;#00ade3&#8243; title_font_size=&#8221;34px&#8221; subhead_font=&#8221;||on||||||&#8221; subhead_font_size=&#8221;18&#8243; subhead_font_size_tablet=&#8221;51&#8243;][\/et_pb_header][et_pb_text _builder_version=&#8221;3.4.1&#8243;]<\/p>\n<ul>\n<li>Clim\u0103 pl\u0103cut\u0103, peisaje variate<\/li>\n<li>Istoria \u021b\u0103rii \u0219i culturii<\/li>\n<li>Infrastructura bine dezvoltat\u0103 (autostr\u0103zi, aeroporturi, TGV &#8211; trenuri de mare vitez\u0103 etc.)<\/li>\n<li><img loading=\"lazy\" class=\"size-full wp-image-607 alignright\" src=\"https:\/\/www.boraconseil.com\/wp-content\/uploads\/2018\/04\/france.jpg\" alt=\"\" width=\"640\" height=\"634\" srcset=\"https:\/\/www.boraconseil.com\/wp-content\/uploads\/2018\/04\/france.jpg 640w, https:\/\/www.boraconseil.com\/wp-content\/uploads\/2018\/04\/france-150x150.jpg 150w, https:\/\/www.boraconseil.com\/wp-content\/uploads\/2018\/04\/france-300x297.jpg 300w\" sizes=\"(max-width: 640px) 100vw, 640px\" \/>Servicii la nivel \u00eenalt<\/li>\n<li>Sistemul de asisten\u021b\u0103 medical\u0103 la nivel \u00eenalt (Fran\u021ba este \u021bara ter\u021b\u0103 din Europa care consacr\u0103 o parte substan\u021bial\u0103 din PIB-ul s\u0103u pentru s\u0103n\u0103tate)<\/li>\n<li class=\"li1\"><span class=\"s2\">Spitale \u0219i Clinici bine echipate \u00een toat\u0103 \u021bara, utiliz\u00e2nd cele mai moderne metode de diagnostic \u0219i \u00eengrijire<\/span><\/li>\n<li class=\"li1\"><span class=\"s2\">Posibilitatea dezvolt\u0103rii profesionale \u0219i personale<\/span><\/li>\n<li class=\"li1\">\n<p class=\"p1\"><span class=\"s1\">Un regim fiscal privilegiat, \u00een principal pentru familiile cu copii: \u00een Fran\u021ba, 18% vor fi deduse lunar din salariul brut (contribu\u021biile la asigur\u0103rile sociale, etc.). \u00cencep\u00e2nd cu 1 ianuarie 2019, impozitul pe venit numit &#8222;IRPP&#8221; este, de asemenea, automat dedus din salariul brut \u00een fiecare lun\u0103 \u0219i se calculeaz\u0103 direct \u00een bilan\u021bul salarial al fiec\u0103rui angajat, reprezent\u00e2nd \u00eentre 10-15% din deducerile suplimentare, \u0219i statutul familial al fiec\u0103rui contribuabil (nivelul venitului, statutul marital, num\u0103rul de copii etc.)<\/span><\/p>\n<\/li>\n<li class=\"li1\"><span class=\"s2\">La o postur\u0103 cu norm\u0103 \u00eentreag\u0103 un specialist are cel pu\u021bin 25 de zile de s\u0103rb\u0103toare + 20 de zile de RVT (Reducerea timpului de lucru reprezent\u00e2nd zile de odihn\u0103) + 8 zile sunt prev\u0103zute pentru cursuri profesionale<\/span><\/li>\n<li class=\"li1\"><span class=\"s2\">Venituri la un nivel bun \u00eenc\u0103 de la \u00eenceput, \u00een Spitalele Publice, \u00eencep\u00e2nd cu un salariu brut de 4800 EUR + un sistem foarte pl\u0103tit de gard\u0103 \/ tax\u0103. Pentru specialit\u0103\u021bile solicitate \u0219i \/ sau pentru speciali\u0219tii cu mai mul\u021bi ani de experien\u021b\u0103 anterioar\u0103 Spitalele publice sunt gata s\u0103 ofere salarii mai mari, chiar de la \u00eenceput. Speciali\u0219tii care lucreaz\u0103 \u00eentr-o clinic\u0103 \u0219i \/ sau \u00een propria lor practic\u0103 privat\u0103 pot prevedea un venit brut de 8000-9000 EUR pe lun\u0103, dar avem \u0219i candida\u021bi cu specialit\u0103\u021bi foarte solicitate care c\u00e2\u0219tig\u0103 12000-13000 EUR pe lun\u0103 sau mai mult.<\/span><\/li>\n<li class=\"li1\"><span class=\"s2\">Un medic cu contract pe perioada determinata poate ob\u021bine rapid un contract permanent cu posibilitatea de a practica timp de 20% din timpul s\u0103u de lucru ca specialist \u00een spital. Dup\u0103 acest &#8222;examen&#8221;, toat\u0103 cariera sa profesional\u0103 va fi luat\u0103 \u00een considerare pentru a-\u0219i evalua nivelul de venit<\/span><\/li>\n<li class=\"li1\"><span class=\"s2\">Mai multe posibilit\u0103\u021bi de instruire profesional\u0103 (chiar \u0219i pentru un alt grad de specialitate) sunt propuse \u0219i finan\u021bate de Spitale<\/span><\/li>\n<li class=\"li1\"><span class=\"s2\">Spitalele furnizeaz\u0103 de multe ori speciali\u0219tilor lor proasp\u0103t recruta\u021bi cu un apartament pentru c\u00e2teva luni, c\u00e2nd este complet gratuit sau trebuie s\u0103 pl\u0103teasc\u0103 o chirie mai mic\u0103.<\/span><\/li>\n<\/ul>\n<p><strong><a href=\"\/ro\/beneficii-din-franta\/franta\/\">Afla\u021bi mai multe despre Fran\u021ba<\/a><\/strong><\/p>\n<p>[\/et_pb_text][\/et_pb_column][\/et_pb_row][et_pb_row _builder_version=&#8221;3.22.3&#8243; background_size=&#8221;initial&#8221; background_position=&#8221;top_left&#8221; background_repeat=&#8221;repeat&#8221;][et_pb_column type=&#8221;4_4&#8243; _builder_version=&#8221;3.0.47&#8243;][et_pb_gallery gallery_ids=&#8221;1074,253,1089,243,1079,203,1069,1203,1084,1064,1059&#8243; posts_number=&#8221;8&#8243; show_title_and_caption=&#8221;off&#8221; show_pagination=&#8221;off&#8221; zoom_icon_color=&#8221;#24b14a&#8221; _builder_version=&#8221;3.1.1&#8243; pagination_font_size_tablet=&#8221;51&#8243; pagination_line_height_tablet=&#8221;2&#8243;][\/et_pb_gallery][et_pb_button button_url=&#8221;\/ro\/contact\/&#8221; button_text=&#8221;APLIC\u0102 ACUM&#8221; button_alignment=&#8221;center&#8221; admin_label=&#8221;APLICA ACUM&#8221; _builder_version=&#8221;3.16&#8243; custom_button=&#8221;on&#8221; button_text_size=&#8221;22&#8243; button_bg_color=&#8221;#24b14a&#8221; button_border_color=&#8221;#24b14a&#8221; background_layout=&#8221;dark&#8221; animation_style=&#8221;bounce&#8221; button_text_color_hover=&#8221;#24b14a&#8221; button_text_size__hover_enabled=&#8221;off&#8221; button_one_text_size__hover_enabled=&#8221;off&#8221; button_two_text_size__hover_enabled=&#8221;off&#8221; button_text_color__hover_enabled=&#8221;on&#8221; button_text_color__hover=&#8221;#24b14a&#8221; button_one_text_color__hover_enabled=&#8221;off&#8221; button_two_text_color__hover_enabled=&#8221;off&#8221; button_border_width__hover_enabled=&#8221;off&#8221; button_one_border_width__hover_enabled=&#8221;off&#8221; button_two_border_width__hover_enabled=&#8221;off&#8221; button_border_color__hover_enabled=&#8221;off&#8221; button_one_border_color__hover_enabled=&#8221;off&#8221; button_two_border_color__hover_enabled=&#8221;off&#8221; button_border_radius__hover_enabled=&#8221;off&#8221; button_one_border_radius__hover_enabled=&#8221;off&#8221; button_two_border_radius__hover_enabled=&#8221;off&#8221; button_letter_spacing__hover_enabled=&#8221;off&#8221; button_one_letter_spacing__hover_enabled=&#8221;off&#8221; button_two_letter_spacing__hover_enabled=&#8221;off&#8221; button_bg_color__hover_enabled=&#8221;off&#8221; button_one_bg_color__hover_enabled=&#8221;off&#8221; button_two_bg_color__hover_enabled=&#8221;off&#8221;][\/et_pb_button][\/et_pb_column][\/et_pb_row][\/et_pb_section][et_pb_section fb_built=&#8221;1&#8243; _builder_version=&#8221;3.4.1&#8243; background_color=&#8221;#f6f6f6&#8243; global_module=&#8221;2037&#8243;][et_pb_row _builder_version=&#8221;3.22.3&#8243; background_size=&#8221;initial&#8221; background_position=&#8221;top_left&#8221; background_repeat=&#8221;repeat&#8221;][et_pb_column type=&#8221;4_4&#8243; _builder_version=&#8221;3.0.47&#8243;][et_pb_text _builder_version=&#8221;3.4.1&#8243; text_font=&#8221;|800|||||||&#8221; text_text_color=&#8221;#00ade3&#8243; header_2_font=&#8221;|800|||||||&#8221; header_2_text_align=&#8221;center&#8221; header_2_text_color=&#8221;#00ade3&#8243; header_2_font_size=&#8221;32px&#8221;]<\/p>\n<h2 style=\"text-align: center;\"><a href=\"\/ro\/povesti-de-succes\/\"><em>POVESTI DE SUCCES<\/em><\/a><\/h2>\n<p>[\/et_pb_text][et_pb_success_story fullwidth=&#8221;off&#8221; posts_number=&#8221;4&#8243; show_title=&#8221;off&#8221; show_pagination=&#8221;off&#8221; module_class=&#8221;testimonials3&#8243; _builder_version=&#8221;3.8.1&#8243; title_font_size_tablet=&#8221;51&#8243; title_line_height_tablet=&#8221;2&#8243; caption_font_size_tablet=&#8221;51&#8243; caption_line_height_tablet=&#8221;2&#8243; pagination_font_size_tablet=&#8221;51&#8243; pagination_line_height_tablet=&#8221;2&#8243;][\/et_pb_success_story][\/et_pb_column][\/et_pb_row][\/et_pb_section][et_pb_section fb_built=&#8221;1&#8243; _builder_version=&#8221;3.4.1&#8243; global_module=&#8221;2038&#8243;][et_pb_row _builder_version=&#8221;3.22.3&#8243;][et_pb_column type=&#8221;1_3&#8243; _builder_version=&#8221;3.0.47&#8243;][et_pb_text _builder_version=&#8221;3.4.1&#8243; text_font=&#8221;|800|||||||&#8221; text_text_color=&#8221;#00ade3&#8243; header_2_font=&#8221;|800|||||||&#8221; header_2_text_color=&#8221;#00ade3&#8243; header_2_font_size=&#8221;32px&#8221;]<\/p>\n<h2 style=\"text-align: left;\"><a href=\"\/ro\/oferte-de-lucru\/\"><em>HOT JOBS<\/em><\/a><\/h2>\n<p>[\/et_pb_text][et_pb_job posts_number=&#8221;5&#8243; only_hot_jobs=&#8221;on&#8221; show_title=&#8221;off&#8221; show_categories=&#8221;off&#8221; show_pagination=&#8221;off&#8221; _builder_version=&#8221;3.4.1&#8243; title_font_size_tablet=&#8221;51&#8243; title_line_height_tablet=&#8221;2&#8243; caption_font_size_tablet=&#8221;51&#8243; caption_line_height_tablet=&#8221;2&#8243; pagination_font_size_tablet=&#8221;51&#8243; pagination_line_height_tablet=&#8221;2&#8243;][\/et_pb_job][et_pb_button button_url=&#8221;\/ro\/contact\/&#8221; button_text=&#8221;APLICA&#8221; button_alignment=&#8221;left&#8221; admin_label=&#8221;Apply Button&#8221; _builder_version=&#8221;3.16&#8243; custom_button=&#8221;on&#8221; button_bg_color=&#8221;#24b14a&#8221; button_border_color=&#8221;#24b14a&#8221; background_layout=&#8221;dark&#8221; animation_style=&#8221;bounce&#8221; button_text_color_hover=&#8221;#24b14a&#8221; button_text_size__hover_enabled=&#8221;off&#8221; button_one_text_size__hover_enabled=&#8221;off&#8221; button_two_text_size__hover_enabled=&#8221;off&#8221; button_text_color__hover_enabled=&#8221;on&#8221; button_text_color__hover=&#8221;#24b14a&#8221; button_one_text_color__hover_enabled=&#8221;off&#8221; button_two_text_color__hover_enabled=&#8221;off&#8221; button_border_width__hover_enabled=&#8221;off&#8221; button_one_border_width__hover_enabled=&#8221;off&#8221; button_two_border_width__hover_enabled=&#8221;off&#8221; button_border_color__hover_enabled=&#8221;off&#8221; button_one_border_color__hover_enabled=&#8221;off&#8221; button_two_border_color__hover_enabled=&#8221;off&#8221; button_border_radius__hover_enabled=&#8221;off&#8221; button_one_border_radius__hover_enabled=&#8221;off&#8221; button_two_border_radius__hover_enabled=&#8221;off&#8221; button_letter_spacing__hover_enabled=&#8221;off&#8221; button_one_letter_spacing__hover_enabled=&#8221;off&#8221; button_two_letter_spacing__hover_enabled=&#8221;off&#8221; button_bg_color__hover_enabled=&#8221;off&#8221; button_one_bg_color__hover_enabled=&#8221;off&#8221; button_two_bg_color__hover_enabled=&#8221;off&#8221;][\/et_pb_button][\/et_pb_column][et_pb_column type=&#8221;2_3&#8243; _builder_version=&#8221;3.0.47&#8243;][et_pb_text _builder_version=&#8221;3.0.106&#8243; text_font=&#8221;|800|||||||&#8221; text_text_color=&#8221;#00ade3&#8243; header_2_font=&#8221;|800|||||||&#8221; header_2_text_color=&#8221;#00ade3&#8243; header_2_font_size=&#8221;32px&#8221;]<\/p>\n<h2 style=\"text-align: left;\"><em>BLOG<\/em><\/h2>\n<p>[\/et_pb_text][et_pb_blog posts_number=&#8221;2&#8243; show_author=&#8221;off&#8221; show_date=&#8221;off&#8221; show_categories=&#8221;off&#8221; _builder_version=&#8221;3.0.106&#8243; header_text_color=&#8221;#24b14a&#8221; pagination_font_size_tablet=&#8221;51&#8243; pagination_line_height_tablet=&#8221;2&#8243;][\/et_pb_blog][\/et_pb_column][\/et_pb_row][\/et_pb_section]<\/p>\n","protected":false},"excerpt":{"rendered":"<p>Clim\u0103 pl\u0103cut\u0103, peisaje variate Istoria \u021b\u0103rii \u0219i culturii Infrastructura bine dezvoltat\u0103 (autostr\u0103zi, aeroporturi, TGV &#8211; trenuri de mare vitez\u0103 etc.) Servicii la nivel \u00eenalt Sistemul de asisten\u021b\u0103 medical\u0103 la nivel \u00eenalt (Fran\u021ba este \u021bara ter\u021b\u0103 din Europa care consacr\u0103 o parte substan\u021bial\u0103 din PIB-ul s\u0103u pentru s\u0103n\u0103tate) Spitale \u0219i Clinici bine echipate \u00een toat\u0103 \u021bara, [&hellip;]<\/p>\n","protected":false},"author":1,"featured_media":0,"parent":0,"menu_order":34,"comment_status":"closed","ping_status":"closed","template":"","meta":{"_et_pb_use_builder":"on","_et_pb_old_content":"","_et_gb_content_width":"","_mi_skip_tracking":false},"yoast_head":"<!-- This site is optimized with the Yoast SEO plugin v19.12 - https:\/\/yoast.com\/wordpress\/plugins\/seo\/ -->\n<title>BENEFICII DIN FRAN\u021aA - BORA EGV Recruitment<\/title>\n<meta name=\"robots\" content=\"index, follow, max-snippet:-1, max-image-preview:large, max-video-preview:-1\" \/>\n<link rel=\"canonical\" href=\"https:\/\/www.boraconseil.com\/ro\/beneficii-din-franta\/\" \/>\n<meta property=\"og:locale\" content=\"ro_RO\" \/>\n<meta property=\"og:type\" content=\"article\" \/>\n<meta property=\"og:title\" content=\"BENEFICII DIN FRAN\u021aA - BORA EGV Recruitment\" \/>\n<meta property=\"og:description\" content=\"Clim\u0103 pl\u0103cut\u0103, peisaje variate Istoria \u021b\u0103rii \u0219i culturii Infrastructura bine dezvoltat\u0103 (autostr\u0103zi, aeroporturi, TGV - trenuri de mare vitez\u0103 etc.) Servicii la nivel \u00eenalt Sistemul de asisten\u021b\u0103 medical\u0103 la nivel \u00eenalt (Fran\u021ba este \u021bara ter\u021b\u0103 din Europa care consacr\u0103 o parte substan\u021bial\u0103 din PIB-ul s\u0103u pentru s\u0103n\u0103tate) Spitale \u0219i Clinici bine echipate \u00een toat\u0103 \u021bara, [&hellip;]\" \/>\n<meta property=\"og:url\" content=\"https:\/\/www.boraconseil.com\/ro\/beneficii-din-franta\/\" \/>\n<meta property=\"og:site_name\" content=\"BORA EGV Recruitment\" \/>\n<meta property=\"article:modified_time\" content=\"2019-08-09T12:00:15+00:00\" \/>\n<meta property=\"og:image\" content=\"https:\/\/www.boraconseil.com\/wp-content\/uploads\/2018\/04\/france.jpg\" \/>\n<meta name=\"twitter:card\" content=\"summary_large_image\" \/>\n<meta name=\"twitter:label1\" content=\"Timp estimat pentru citire\" \/>\n\t<meta name=\"twitter:data1\" content=\"6 minute\" \/>\n<script type=\"application\/ld+json\" class=\"yoast-schema-graph\">{\"@context\":\"https:\/\/schema.org\",\"@graph\":[{\"@type\":\"WebPage\",\"@id\":\"https:\/\/www.boraconseil.com\/ro\/beneficii-din-franta\/\",\"url\":\"https:\/\/www.boraconseil.com\/ro\/beneficii-din-franta\/\",\"name\":\"BENEFICII DIN FRAN\u021aA - BORA EGV Recruitment\",\"isPartOf\":{\"@id\":\"https:\/\/www.boraconseil.com\/fr\/#website\"},\"datePublished\":\"2018-04-13T12:01:57+00:00\",\"dateModified\":\"2019-08-09T12:00:15+00:00\",\"breadcrumb\":{\"@id\":\"https:\/\/www.boraconseil.com\/ro\/beneficii-din-franta\/#breadcrumb\"},\"inLanguage\":\"ro-RO\",\"potentialAction\":[{\"@type\":\"ReadAction\",\"target\":[\"https:\/\/www.boraconseil.com\/ro\/beneficii-din-franta\/\"]}]},{\"@type\":\"BreadcrumbList\",\"@id\":\"https:\/\/www.boraconseil.com\/ro\/beneficii-din-franta\/#breadcrumb\",\"itemListElement\":[{\"@type\":\"ListItem\",\"position\":1,\"name\":\"Home\",\"item\":\"https:\/\/www.boraconseil.com\/ro\/\"},{\"@type\":\"ListItem\",\"position\":2,\"name\":\"BENEFICII DIN FRAN\u021aA\"}]},{\"@type\":\"WebSite\",\"@id\":\"https:\/\/www.boraconseil.com\/fr\/#website\",\"url\":\"https:\/\/www.boraconseil.com\/fr\/\",\"name\":\"BORA EGV Recruitment\",\"description\":\"\",\"potentialAction\":[{\"@type\":\"SearchAction\",\"target\":{\"@type\":\"EntryPoint\",\"urlTemplate\":\"https:\/\/www.boraconseil.com\/fr\/?s={search_term_string}\"},\"query-input\":\"required name=search_term_string\"}],\"inLanguage\":\"ro-RO\"}]}<\/script>\n<!-- \/ Yoast SEO plugin. -->","yoast_head_json":{"title":"BENEFICII DIN FRAN\u021aA - BORA EGV Recruitment","robots":{"index":"index","follow":"follow","max-snippet":"max-snippet:-1","max-image-preview":"max-image-preview:large","max-video-preview":"max-video-preview:-1"},"canonical":"https:\/\/www.boraconseil.com\/ro\/beneficii-din-franta\/","og_locale":"ro_RO","og_type":"article","og_title":"BENEFICII DIN FRAN\u021aA - BORA EGV Recruitment","og_description":"Clim\u0103 pl\u0103cut\u0103, peisaje variate Istoria \u021b\u0103rii \u0219i culturii Infrastructura bine dezvoltat\u0103 (autostr\u0103zi, aeroporturi, TGV - trenuri de mare vitez\u0103 etc.) Servicii la nivel \u00eenalt Sistemul de asisten\u021b\u0103 medical\u0103 la nivel \u00eenalt (Fran\u021ba este \u021bara ter\u021b\u0103 din Europa care consacr\u0103 o parte substan\u021bial\u0103 din PIB-ul s\u0103u pentru s\u0103n\u0103tate) Spitale \u0219i Clinici bine echipate \u00een toat\u0103 \u021bara, [&hellip;]","og_url":"https:\/\/www.boraconseil.com\/ro\/beneficii-din-franta\/","og_site_name":"BORA EGV Recruitment","article_modified_time":"2019-08-09T12:00:15+00:00","og_image":[{"url":"https:\/\/www.boraconseil.com\/wp-content\/uploads\/2018\/04\/france.jpg"}],"twitter_card":"summary_large_image","twitter_misc":{"Timp estimat pentru citire":"6 minute"},"schema":{"@context":"https:\/\/schema.org","@graph":[{"@type":"WebPage","@id":"https:\/\/www.boraconseil.com\/ro\/beneficii-din-franta\/","url":"https:\/\/www.boraconseil.com\/ro\/beneficii-din-franta\/","name":"BENEFICII DIN FRAN\u021aA - BORA EGV Recruitment","isPartOf":{"@id":"https:\/\/www.boraconseil.com\/fr\/#website"},"datePublished":"2018-04-13T12:01:57+00:00","dateModified":"2019-08-09T12:00:15+00:00","breadcrumb":{"@id":"https:\/\/www.boraconseil.com\/ro\/beneficii-din-franta\/#breadcrumb"},"inLanguage":"ro-RO","potentialAction":[{"@type":"ReadAction","target":["https:\/\/www.boraconseil.com\/ro\/beneficii-din-franta\/"]}]},{"@type":"BreadcrumbList","@id":"https:\/\/www.boraconseil.com\/ro\/beneficii-din-franta\/#breadcrumb","itemListElement":[{"@type":"ListItem","position":1,"name":"Home","item":"https:\/\/www.boraconseil.com\/ro\/"},{"@type":"ListItem","position":2,"name":"BENEFICII DIN FRAN\u021aA"}]},{"@type":"WebSite","@id":"https:\/\/www.boraconseil.com\/fr\/#website","url":"https:\/\/www.boraconseil.com\/fr\/","name":"BORA EGV Recruitment","description":"","potentialAction":[{"@type":"SearchAction","target":{"@type":"EntryPoint","urlTemplate":"https:\/\/www.boraconseil.com\/fr\/?s={search_term_string}"},"query-input":"required name=search_term_string"}],"inLanguage":"ro-RO"}]}},"_links":{"self":[{"href":"https:\/\/www.boraconseil.com\/ro\/wp-json\/wp\/v2\/pages\/2136"}],"collection":[{"href":"https:\/\/www.boraconseil.com\/ro\/wp-json\/wp\/v2\/pages"}],"about":[{"href":"https:\/\/www.boraconseil.com\/ro\/wp-json\/wp\/v2\/types\/page"}],"author":[{"embeddable":true,"href":"https:\/\/www.boraconseil.com\/ro\/wp-json\/wp\/v2\/users\/1"}],"replies":[{"embeddable":true,"href":"https:\/\/www.boraconseil.com\/ro\/wp-json\/wp\/v2\/comments?post=2136"}],"version-history":[{"count":0,"href":"https:\/\/www.boraconseil.com\/ro\/wp-json\/wp\/v2\/pages\/2136\/revisions"}],"wp:attachment":[{"href":"https:\/\/www.boraconseil.com\/ro\/wp-json\/wp\/v2\/media?parent=2136"}],"curies":[{"name":"wp","href":"https:\/\/api.w.org\/{rel}","templated":true}]}}