{"id":2071,"date":"2018-05-29T21:50:04","date_gmt":"2018-05-29T19:50:04","guid":{"rendered":"https:\/\/www.boraconseil.com\/?page_id=2071"},"modified":"2018-12-11T14:52:09","modified_gmt":"2018-12-11T13:52:09","slug":"pentru-candidati","status":"publish","type":"page","link":"https:\/\/www.boraconseil.com\/ro\/pentru-candidati\/","title":{"rendered":"PENTRU CANDIDA\u021aI"},"content":{"rendered":"<div id=\u201cfb-root\u201d><\/div>\n<script>(function(d, s, id) {\n  var js, fjs = d.getElementsByTagName(s)[0];\n  if (d.getElementById(id)) return;\n  js = d.createElement(s); js.id = id;\n  js.src = 'https:\/\/connect.facebook.net\/ro_RO\/sdk.js#xfbml=1&version=v3.0&appId=667263270282118&autoLogAppEvents=1';\n  fjs.parentNode.insertBefore(js, fjs);\n}(document, 'script', 'facebook-jssdk'));<\/script>\n<p>[et_pb_section bb_built=&#8221;1&#8243; next_background_color=&#8221;#f6f6f6&#8243; _builder_version=&#8221;3.0.106&#8243;][et_pb_row][et_pb_column type=&#8221;4_4&#8243;][et_pb_header admin_label=&#8221;Page Title&#8221; _builder_version=&#8221;3.4.1&#8243; title=&#8221;PENTRU CANDIDA\u021aI&#8221; scroll_down_icon_size_tablet=&#8221;50&#8243; subhead_font_size_tablet=&#8221;51&#8243; text_orientation=&#8221;center&#8221; title_text_align=&#8221;center&#8221; title_text_color=&#8221;#00ade3&#8243; title_font=&#8221;|800|on|on|||||&#8221; title_font_size=&#8221;34px&#8221; subhead_font=&#8221;||on||||||&#8221; subhead_font_size=&#8221;18&#8243; \/][et_pb_text _builder_version=&#8221;3.4.1&#8243;]<\/p>\n<p><span class=\"s2\">Fie c\u0103 sunte\u021bi doctori de limb\u0103 francez\u0103 cu experien\u021b\u0103 profesional\u0103 extins\u0103 sau absolven\u021bi proaspe\u021bi, cu diplom\u0103 de masterat european \u0219i de specialitate \u0219i dori\u021bi s\u0103 ob\u021bine\u021bi un loc de munc\u0103 \u00een Fran\u021ba, v\u0103 propunem s\u0103 v\u0103 \u00eenso\u021bi\u021bi de-a lungul c\u0103l\u0103toriei dvs. c\u0103tre pozi\u021bia care v\u0103 convine cel mai bine.<\/span><\/p>\n<p>Odat\u0103 ce identific\u0103m \u0219i \u00een\u021belegem nevoile dvs., v\u0103 putem sf\u0103tui \u00een mod eficient \u0219i v\u0103 putem g\u0103si pozi\u021bia potrivit\u0103 care se potrive\u0219te cu abilit\u0103\u021bile \u0219i experien\u021ba dvs.<\/p>\n<p>Fiecare aplica\u021bie este foarte important\u0103 pentru noi \u0219i chiar dac\u0103 nu avem locuri vacante care s\u0103 v\u0103 ajusteze profilul, v\u0103 vom da un r\u0103spuns \u00een cel mai scurt timp posibil. Dac\u0103 sunte\u021bi de acord, v\u0103 vom introduce datele \u00een baza noastr\u0103 de date \u0219i v\u0103 vom contacta din nou dac\u0103 vom g\u0103si mai t\u00e2rziu locul potrivit pentru dvs.<\/p>\n<p>Dac\u0103 alege\u021bi s\u0103 colabora\u021bi cu noi, ve\u021bi beneficia de serviciile noastre \u00een mai multe moduri:<\/p>\n<p><span style=\"color: #39b049;\"><strong>Consultan\u021b\u0103 personalizat\u0103<\/strong><\/span><\/p>\n<ul>\n<li class=\"li1\"><span class=\"s2\">V\u0103 propunem c\u0103utarea de locuri de munc\u0103 personalizate pentru a g\u0103si o pozi\u021bie care s\u0103 v\u0103 fie potrivit\u0103.<\/span><\/li>\n<li class=\"li1\"><span class=\"s2\">Ve\u021bi cunoa\u0219te \u00een orice moment starea cererii dvs., deoarece v\u0103 vom \u00eenso\u021bi pe parcursul \u00eentregului proces de recrutare.<\/span><\/li>\n<li class=\"li1\"><span class=\"s2\">V\u0103 ajut\u0103m s\u0103 v\u0103 finaliza\u021bi CV-ul \u0219i s\u0103 v\u0103 eviden\u021bia\u021bi abilit\u0103\u021bile speciale.<\/span><\/li>\n<li class=\"li1\"><span class=\"s2\">V\u0103 sf\u0103tuim \u00een toate etapele administrative pentru a ob\u021bine documentele solicitate de Colegiul Medicilor din Fran\u021ba.<\/span><\/li>\n<li class=\"li1\"><span class=\"s2\">V\u0103 prezent\u0103m ofertele de locuri de munc\u0103 de la \u00eenceput c\u00e2t mai detaliate posibil.<\/span><\/li>\n<li class=\"li1\"><span class=\"s2\">La \u00eenceput, organiz\u0103m un interviu telefonic sau online \u00eentre dvs. \u0219i Spitalul sau Clinica, care este de obicei reprezentat\u0103 de directorul general al acestuia \/ managerul de resurse umane \u0219i de \u0219eful departamentului competent care v\u0103 urm\u0103re\u0219te specialitatea. Acest prim contact v\u0103 ofer\u0103 ocazia s\u0103 v\u0103 adresa\u021bi \u00eentreb\u0103rile \u0219i s\u0103 \u00een\u021belege\u021bi mai bine pozi\u021bia \u0219i condi\u021biile.<\/span><\/li>\n<li class=\"li1\"><span class=\"s2\">Vom clarifica Termenii \u0219i condi\u021biile men\u021bionate \u00een contractul de munc\u0103.<\/span><\/li>\n<li class=\"li1\"><span class=\"s2\">V\u0103 sf\u0103tuim s\u0103 v\u0103 \u00eembun\u0103t\u0103\u021bi\u021bi \u00een mod eficient abilit\u0103\u021bile lingvistice. V\u0103 putem sugera, de asemenea, link-uri utile, c\u0103r\u021bi \u0219i DVD-uri, inclusiv Medical French.<\/span><\/li>\n<li class=\"li1\"><span class=\"s2\">V\u0103 putem furniza toate informa\u021biile practice despre Fran\u021ba \u0219i sistemul s\u0103u medical, precum \u0219i despre caracteristicile sale administrative<\/span><\/li>\n<\/ul>\n<p><span style=\"color: #39b049;\"><strong>Eficien\u0163\u0103<\/strong><\/span><\/p>\n<ul>\n<li class=\"li1\"><span class=\"s2\">V\u0103 pute\u021bi concentra asupra activit\u0103\u021bilor dvs. \u00een timp ce noi continu\u0103m c\u0103utarea de locuri de munc\u0103 pentru dvs.<\/span><\/li>\n<li class=\"li1\"><span class=\"s2\">Comunic\u0103m cu Angajatorii \u0219i organiz\u0103m interviuri telefonice sau online \u0219i apoi o vizit\u0103 \u00een func\u021bie de programul dvs.<\/span><\/li>\n<li class=\"li1\"><span class=\"s2\">Pute\u021bi beneficia de sprijinul nostru logistic: organiz\u0103m pentru dvs. \u00een vizit\u0103 la biroul Angajatorului.<\/span><\/li>\n<li class=\"li1\"><span class=\"s2\">Ne ocup\u0103m de formalit\u0103\u021bile de recunoa\u0219tere a calific\u0103rilor dvs. profesionale \u00een Fran\u021ba \u0219i prevedem o \u00eent\u00e2lnire cu un membru al Colegiului Medicilor din departamentul competent pentru momentul \u00een care ve\u021bi efectua vizita dvs. la biroul angajatorului.<\/span><\/li>\n<\/ul>\n<p><span style=\"color: #39b049;\"><strong>Sprijin financiar<\/strong><\/span><\/p>\n<ul>\n<li class=\"li1\"><span class=\"s2\">Serviciile noastre sunt gratuite.<\/span><\/li>\n<li class=\"li1\"><span class=\"s2\">Pl\u0103tim pentru majoritatea cheltuielilor care au loc \u00een timpul interviurilor \u00een str\u0103in\u0103tate: lu\u0103m \u00een seam\u0103 biletele de avion \u0219i ramburs\u0103m cheltuielile aferente unei ma\u0219ini de \u00eenchiriat sau trenurilor pentru a ajunge la biroul Angajatorului. \u00cen majoritatea cazurilor, Angajatorul v\u0103 ofer\u0103 cazare gratuit\u0103 \u00een timpul vizitei dvs.<\/span><\/li>\n<\/ul>\n<p><strong><span style=\"color: #27a8df;\"><em>Pove\u0219tile noastre de succes ale candidatului sunt garan\u021bia calit\u0103\u021bii serviciilor noastre!<\/em><\/span><\/strong><\/p>\n<p><strong><span style=\"color: #39b049;\">Etape de selec\u021bie<\/span><\/strong><\/p>\n<p><strong><i style=\"color: #27a8df;\">1. Trimite\u021bi CV-ul dvs.<br \/>\n<\/i><\/strong><span class=\"s1\">Acest lucru ar trebui s\u0103 eviden\u021bieze cu exactitate experien\u021ba dvs. profesional\u0103, deoarece angajatorul va decide asupra unui posibil interviu, pe baza detaliilor furnizate \u00een CV-ul dvs.<\/span><\/p>\n<p><span style=\"color: #27a8df;\"><em><strong>2. Discuta\u021bi cu noi:<br \/>\n<\/strong><\/em><\/span><span class=\"s1\">Scopul nostru este de a \u00een\u021belege mai bine nevoile \u0219i motiva\u021bia dvs. pentru a v\u0103 stabili priorit\u0103\u021bile \u00een g\u0103sirea unui loc de munc\u0103.<\/p>\n<p>V\u0103<span class=\"Apple-converted-space\">\u00a0 <\/span>ajut\u0103m \u00een finalizarea CV-ului pentru a v\u0103 ar\u0103ta abilit\u0103\u021bile \u0219i experien\u021ba profesional\u0103 importante pentru Angajatorul \u0219i Colegiul Medicilor din Fran\u021ba.<\/p>\n<p>\u00cen acest stadiu, avem nevoie de un set de documente pe care Angajatorii le solicit\u0103 de obicei, pe l\u00e2ng\u0103 CV-ul dvs. Documente precum diploma universitar\u0103, diplom\u0103 de specialitate, certificat de conformitate.<\/span><\/p>\n<p><span style=\"color: #27a8df;\"><strong><em>3. Vom trimite cererea dvs. c\u0103tre Angajatori:<br \/>\n<\/em><\/strong><\/span><span class=\"s1\">Numai Spitalul sau Clinicile care \u00eendeplinesc criteriile dvs. vor fi selectate pentru a primi aplica\u021bia. Timpul de r\u0103spuns variaz\u0103 de la un angajator la altul, deoarece CV-ul dvs. ar trebui v\u0103zut de mai mul\u021bi oameni \u00eenainte ca factorii de decizie s\u0103 v\u0103 invite la un interviu.<\/span><\/p>\n<p><span style=\"color: #27a8df;\"><em><strong>4. Interviul.<br \/>\n<\/strong><\/em><\/span><span class=\"s1\">Aranj\u0103m pentru dvs. telefon sau interviuri online cu reprezentan\u021bii Angajatorului.<br \/>\nDac\u0103 \u00eencheiem aceste interviuri, organiz\u0103m o vizit\u0103 fa\u021b\u0103 \u00een fa\u021b\u0103 la biroul Angajatorului.<\/span><\/p>\n<p><span style=\"color: #27a8df;\"><em><strong>5. Ne ocup\u0103m de formalit\u0103\u021bile de ob\u021binere a recunoa\u0219terii calific\u0103rilor profesionale \u0219i de \u00eenregistrarea dvs. de c\u0103tre Colegiul Medicilor din Fran\u021ba.<br \/>\n<\/strong><\/em><\/span><span class=\"s1\">Avem experien\u021ba a zeci de candida\u021bi cu aceste proceduri \u0219i v\u0103 vom sf\u0103tui la ultimul detaliu cu privire la preg\u0103tirea documentelor, astfel \u00eenc\u00e2t totul s\u0103 poat\u0103 continua rapid \u0219i f\u0103r\u0103 stres pentru dumneavoastr\u0103.<\/span><\/p>\n<p><span style=\"color: #27a8df;\"><em><strong>6. Pute\u021bi \u00eencepe lucrul la data convenit\u0103 anterior de dvs. \u0219i de Angajatorul.<\/strong><\/em><\/span><\/p>\n<p><span style=\"color: #27a8df;\"><em><strong>7. \u021ainem leg\u0103tura at\u00e2t cu dvs., c\u00e2t \u0219i cu Angajatorul, pentru a v\u0103 asigura c\u0103 cooperarea este optim\u0103.<\/strong><\/em><\/span><\/p>\n<p>[\/et_pb_text][\/et_pb_column][\/et_pb_row][et_pb_row][et_pb_column type=&#8221;1_2&#8243;][et_pb_button admin_label=&#8221;Apply Button&#8221; _builder_version=&#8221;3.4.1&#8243; button_text=&#8221;APLIC\u0102 ACUM&#8221; button_alignment=&#8221;center&#8221; background_layout=&#8221;dark&#8221; custom_button=&#8221;on&#8221; button_bg_color=&#8221;#24b14a&#8221; button_border_color=&#8221;#24b14a&#8221; button_text_color_hover=&#8221;#24b14a&#8221; animation_style=&#8221;bounce&#8221; button_text_size=&#8221;22&#8243; button_url=&#8221;\/ro\/contact\/&#8221; \/][\/et_pb_column][et_pb_column type=&#8221;1_2&#8243;][et_pb_button admin_label=&#8221;Blue Button&#8221; _builder_version=&#8221;3.4.1&#8243; button_text=&#8221;\u00ceNTREBARI FRECVENTE&#8221; button_url=&#8221;\/ro\/intrebari-frecvente\/&#8221; background_layout=&#8221;dark&#8221; custom_button=&#8221;on&#8221; button_text_size=&#8221;22&#8243; button_text_color=&#8221;#ffffff&#8221; button_bg_color=&#8221;#00ade3&#8243; button_border_color=&#8221;#00ade3&#8243; button_text_color_hover=&#8221;#00ade3&#8243; animation_style=&#8221;bounce&#8221; button_alignment=&#8221;center&#8221; \/][\/et_pb_column][\/et_pb_row][\/et_pb_section][et_pb_section bb_built=&#8221;1&#8243; specialty=&#8221;off&#8221; _builder_version=&#8221;3.4.1&#8243; background_color=&#8221;#f6f6f6&#8243; next_background_color=&#8221;#ffffff&#8221; prev_background_color=&#8221;#ffffff&#8221; global_module=&#8221;2037&#8243;][et_pb_row global_parent=&#8221;2037&#8243; background_position=&#8221;top_left&#8221; background_repeat=&#8221;repeat&#8221; background_size=&#8221;initial&#8221;][et_pb_column type=&#8221;4_4&#8243;][et_pb_text global_parent=&#8221;2037&#8243; _builder_version=&#8221;3.4.1&#8243; text_font=&#8221;|800|||||||&#8221; text_text_color=&#8221;#00ade3&#8243; header_2_text_color=&#8221;#00ade3&#8243; header_2_font=&#8221;|800|||||||&#8221; header_2_font_size=&#8221;32px&#8221; header_2_text_align=&#8221;center&#8221;]<\/p>\n<h2 style=\"text-align: center;\"><a href=\"\/ro\/povesti-de-succes\/\"><em>POVESTI DE SUCCES<\/em><\/a><\/h2>\n<p>[\/et_pb_text][et_pb_success_story global_parent=&#8221;2037&#8243; _builder_version=&#8221;3.4.1&#8243; posts_number=&#8221;3&#8243; show_title=&#8221;off&#8221; fullwidth=&#8221;off&#8221; title_font_size_tablet=&#8221;51&#8243; title_line_height_tablet=&#8221;2&#8243; caption_font_size_tablet=&#8221;51&#8243; caption_line_height_tablet=&#8221;2&#8243; pagination_font_size_tablet=&#8221;51&#8243; pagination_line_height_tablet=&#8221;2&#8243; show_pagination=&#8221;off&#8221; module_class=&#8221;testimonials3&#8243; \/][\/et_pb_column][\/et_pb_row][\/et_pb_section][et_pb_section bb_built=&#8221;1&#8243; specialty=&#8221;off&#8221; prev_background_color=&#8221;#f6f6f6&#8243; _builder_version=&#8221;3.4.1&#8243; global_module=&#8221;2038&#8243;][et_pb_row global_parent=&#8221;2038&#8243; _builder_version=&#8221;3.0.106&#8243;][et_pb_column type=&#8221;1_3&#8243;][et_pb_text global_parent=&#8221;2038&#8243; _builder_version=&#8221;3.4.1&#8243; text_font=&#8221;|800|||||||&#8221; text_text_color=&#8221;#00ade3&#8243; header_2_text_color=&#8221;#00ade3&#8243; header_2_font=&#8221;|800|||||||&#8221; header_2_font_size=&#8221;32px&#8221;]<\/p>\n<h2 style=\"text-align: left;\"><a href=\"\/ro\/oferte-de-lucru\/\"><em>HOT JOBS<\/em><\/a><\/h2>\n<p>[\/et_pb_text][et_pb_job global_parent=&#8221;2038&#8243; _builder_version=&#8221;3.1&#8243; posts_number=&#8221;5&#8243; show_title=&#8221;off&#8221; show_categories=&#8221;off&#8221; show_pagination=&#8221;off&#8221; title_font_size_tablet=&#8221;51&#8243; title_line_height_tablet=&#8221;2&#8243; caption_font_size_tablet=&#8221;51&#8243; caption_line_height_tablet=&#8221;2&#8243; pagination_font_size_tablet=&#8221;51&#8243; pagination_line_height_tablet=&#8221;2&#8243; only_hot_jobs=&#8221;on&#8221; \/][et_pb_button admin_label=&#8221;Apply Button&#8221; global_parent=&#8221;2038&#8243; _builder_version=&#8221;3.4.1&#8243; button_text=&#8221;APLICA&#8221; button_alignment=&#8221;left&#8221; background_layout=&#8221;dark&#8221; custom_button=&#8221;on&#8221; button_bg_color=&#8221;#24b14a&#8221; button_border_color=&#8221;#24b14a&#8221; button_text_color_hover=&#8221;#24b14a&#8221; animation_style=&#8221;bounce&#8221; button_url=&#8221;\/ro\/contact\/&#8221; \/][\/et_pb_column][et_pb_column type=&#8221;2_3&#8243;][et_pb_text global_parent=&#8221;2038&#8243; _builder_version=&#8221;3.0.106&#8243; background_layout=&#8221;light&#8221; text_font=&#8221;|800|||||||&#8221; text_text_color=&#8221;#00ade3&#8243; header_2_text_color=&#8221;#00ade3&#8243; header_2_font=&#8221;|800|||||||&#8221; header_2_font_size=&#8221;32px&#8221;]<\/p>\n<h2 style=\"text-align: left;\"><em>BLOG<\/em><\/h2>\n<p>[\/et_pb_text][et_pb_blog global_parent=&#8221;2038&#8243; _builder_version=&#8221;3.0.106&#8243; posts_number=&#8221;2&#8243; show_content=&#8221;off&#8221; show_thumbnail=&#8221;on&#8221; show_more=&#8221;off&#8221; show_author=&#8221;off&#8221; show_date=&#8221;off&#8221; show_categories=&#8221;off&#8221; show_comments=&#8221;off&#8221; show_pagination=&#8221;on&#8221; fullwidth=&#8221;on&#8221; use_overlay=&#8221;off&#8221; background_layout=&#8221;light&#8221; pagination_font_size_tablet=&#8221;51&#8243; pagination_line_height_tablet=&#8221;2&#8243; header_text_color=&#8221;#24b14a&#8221; \/][\/et_pb_column][\/et_pb_row][\/et_pb_section]<\/p>\n","protected":false},"excerpt":{"rendered":"<p><div class=\"et_pb_row et_pb_row_0 et_pb_row_empty\">\n\t\t\t\t\n\t\t\t\t\n\t\t\t\t\n\t\t\t\t\n\t\t\t\t\n\t\t\t<\/div> Fie c\u0103 sunte\u021bi doctori de limb\u0103 francez\u0103 cu experien\u021b\u0103 profesional\u0103 extins\u0103 sau absolven\u021bi proaspe\u021bi, cu diplom\u0103 de masterat european \u0219i de specialitate \u0219i dori\u021bi s\u0103 ob\u021bine\u021bi un loc de munc\u0103 \u00een Fran\u021ba, v\u0103 propunem s\u0103 v\u0103 \u00eenso\u021bi\u021bi de-a lungul c\u0103l\u0103toriei dvs. c\u0103tre pozi\u021bia care v\u0103 convine cel mai bine. Odat\u0103 ce identific\u0103m \u0219i \u00een\u021belegem [&hellip;]<\/p>\n","protected":false},"author":1,"featured_media":0,"parent":0,"menu_order":17,"comment_status":"closed","ping_status":"closed","template":"","meta":{"_et_pb_use_builder":"on","_et_pb_old_content":"","_et_gb_content_width":"","_mi_skip_tracking":false},"yoast_head":"<!-- This site is optimized with the Yoast SEO plugin v19.12 - https:\/\/yoast.com\/wordpress\/plugins\/seo\/ -->\n<title>PENTRU CANDIDA\u021aI - BORA EGV Recruitment<\/title>\n<meta name=\"robots\" content=\"index, follow, max-snippet:-1, max-image-preview:large, max-video-preview:-1\" \/>\n<link rel=\"canonical\" href=\"https:\/\/www.boraconseil.com\/ro\/pentru-candidati\/\" \/>\n<meta property=\"og:locale\" content=\"ro_RO\" \/>\n<meta property=\"og:type\" content=\"article\" \/>\n<meta property=\"og:title\" content=\"PENTRU CANDIDA\u021aI - BORA EGV Recruitment\" \/>\n<meta property=\"og:description\" content=\"Fie c\u0103 sunte\u021bi doctori de limb\u0103 francez\u0103 cu experien\u021b\u0103 profesional\u0103 extins\u0103 sau absolven\u021bi proaspe\u021bi, cu diplom\u0103 de masterat european \u0219i de specialitate \u0219i dori\u021bi s\u0103 ob\u021bine\u021bi un loc de munc\u0103 \u00een Fran\u021ba, v\u0103 propunem s\u0103 v\u0103 \u00eenso\u021bi\u021bi de-a lungul c\u0103l\u0103toriei dvs. c\u0103tre pozi\u021bia care v\u0103 convine cel mai bine. Odat\u0103 ce identific\u0103m \u0219i \u00een\u021belegem [&hellip;]\" \/>\n<meta property=\"og:url\" content=\"https:\/\/www.boraconseil.com\/ro\/pentru-candidati\/\" \/>\n<meta property=\"og:site_name\" content=\"BORA EGV Recruitment\" \/>\n<meta property=\"article:modified_time\" content=\"2018-12-11T13:52:09+00:00\" \/>\n<meta name=\"twitter:card\" content=\"summary_large_image\" \/>\n<meta name=\"twitter:label1\" content=\"Timp estimat pentru citire\" \/>\n\t<meta name=\"twitter:data1\" content=\"7 minute\" \/>\n<script type=\"application\/ld+json\" class=\"yoast-schema-graph\">{\"@context\":\"https:\/\/schema.org\",\"@graph\":[{\"@type\":\"WebPage\",\"@id\":\"https:\/\/www.boraconseil.com\/ro\/pentru-candidati\/\",\"url\":\"https:\/\/www.boraconseil.com\/ro\/pentru-candidati\/\",\"name\":\"PENTRU CANDIDA\u021aI - BORA EGV Recruitment\",\"isPartOf\":{\"@id\":\"https:\/\/www.boraconseil.com\/fr\/#website\"},\"datePublished\":\"2018-05-29T19:50:04+00:00\",\"dateModified\":\"2018-12-11T13:52:09+00:00\",\"breadcrumb\":{\"@id\":\"https:\/\/www.boraconseil.com\/ro\/pentru-candidati\/#breadcrumb\"},\"inLanguage\":\"ro-RO\",\"potentialAction\":[{\"@type\":\"ReadAction\",\"target\":[\"https:\/\/www.boraconseil.com\/ro\/pentru-candidati\/\"]}]},{\"@type\":\"BreadcrumbList\",\"@id\":\"https:\/\/www.boraconseil.com\/ro\/pentru-candidati\/#breadcrumb\",\"itemListElement\":[{\"@type\":\"ListItem\",\"position\":1,\"name\":\"Home\",\"item\":\"https:\/\/www.boraconseil.com\/ro\/\"},{\"@type\":\"ListItem\",\"position\":2,\"name\":\"PENTRU CANDIDA\u021aI\"}]},{\"@type\":\"WebSite\",\"@id\":\"https:\/\/www.boraconseil.com\/fr\/#website\",\"url\":\"https:\/\/www.boraconseil.com\/fr\/\",\"name\":\"BORA EGV Recruitment\",\"description\":\"\",\"potentialAction\":[{\"@type\":\"SearchAction\",\"target\":{\"@type\":\"EntryPoint\",\"urlTemplate\":\"https:\/\/www.boraconseil.com\/fr\/?s={search_term_string}\"},\"query-input\":\"required name=search_term_string\"}],\"inLanguage\":\"ro-RO\"}]}<\/script>\n<!-- \/ Yoast SEO plugin. -->","yoast_head_json":{"title":"PENTRU CANDIDA\u021aI - BORA EGV Recruitment","robots":{"index":"index","follow":"follow","max-snippet":"max-snippet:-1","max-image-preview":"max-image-preview:large","max-video-preview":"max-video-preview:-1"},"canonical":"https:\/\/www.boraconseil.com\/ro\/pentru-candidati\/","og_locale":"ro_RO","og_type":"article","og_title":"PENTRU CANDIDA\u021aI - BORA EGV Recruitment","og_description":"Fie c\u0103 sunte\u021bi doctori de limb\u0103 francez\u0103 cu experien\u021b\u0103 profesional\u0103 extins\u0103 sau absolven\u021bi proaspe\u021bi, cu diplom\u0103 de masterat european \u0219i de specialitate \u0219i dori\u021bi s\u0103 ob\u021bine\u021bi un loc de munc\u0103 \u00een Fran\u021ba, v\u0103 propunem s\u0103 v\u0103 \u00eenso\u021bi\u021bi de-a lungul c\u0103l\u0103toriei dvs. c\u0103tre pozi\u021bia care v\u0103 convine cel mai bine. Odat\u0103 ce identific\u0103m \u0219i \u00een\u021belegem [&hellip;]","og_url":"https:\/\/www.boraconseil.com\/ro\/pentru-candidati\/","og_site_name":"BORA EGV Recruitment","article_modified_time":"2018-12-11T13:52:09+00:00","twitter_card":"summary_large_image","twitter_misc":{"Timp estimat pentru citire":"7 minute"},"schema":{"@context":"https:\/\/schema.org","@graph":[{"@type":"WebPage","@id":"https:\/\/www.boraconseil.com\/ro\/pentru-candidati\/","url":"https:\/\/www.boraconseil.com\/ro\/pentru-candidati\/","name":"PENTRU CANDIDA\u021aI - BORA EGV Recruitment","isPartOf":{"@id":"https:\/\/www.boraconseil.com\/fr\/#website"},"datePublished":"2018-05-29T19:50:04+00:00","dateModified":"2018-12-11T13:52:09+00:00","breadcrumb":{"@id":"https:\/\/www.boraconseil.com\/ro\/pentru-candidati\/#breadcrumb"},"inLanguage":"ro-RO","potentialAction":[{"@type":"ReadAction","target":["https:\/\/www.boraconseil.com\/ro\/pentru-candidati\/"]}]},{"@type":"BreadcrumbList","@id":"https:\/\/www.boraconseil.com\/ro\/pentru-candidati\/#breadcrumb","itemListElement":[{"@type":"ListItem","position":1,"name":"Home","item":"https:\/\/www.boraconseil.com\/ro\/"},{"@type":"ListItem","position":2,"name":"PENTRU CANDIDA\u021aI"}]},{"@type":"WebSite","@id":"https:\/\/www.boraconseil.com\/fr\/#website","url":"https:\/\/www.boraconseil.com\/fr\/","name":"BORA EGV Recruitment","description":"","potentialAction":[{"@type":"SearchAction","target":{"@type":"EntryPoint","urlTemplate":"https:\/\/www.boraconseil.com\/fr\/?s={search_term_string}"},"query-input":"required name=search_term_string"}],"inLanguage":"ro-RO"}]}},"_links":{"self":[{"href":"https:\/\/www.boraconseil.com\/ro\/wp-json\/wp\/v2\/pages\/2071"}],"collection":[{"href":"https:\/\/www.boraconseil.com\/ro\/wp-json\/wp\/v2\/pages"}],"about":[{"href":"https:\/\/www.boraconseil.com\/ro\/wp-json\/wp\/v2\/types\/page"}],"author":[{"embeddable":true,"href":"https:\/\/www.boraconseil.com\/ro\/wp-json\/wp\/v2\/users\/1"}],"replies":[{"embeddable":true,"href":"https:\/\/www.boraconseil.com\/ro\/wp-json\/wp\/v2\/comments?post=2071"}],"version-history":[{"count":0,"href":"https:\/\/www.boraconseil.com\/ro\/wp-json\/wp\/v2\/pages\/2071\/revisions"}],"wp:attachment":[{"href":"https:\/\/www.boraconseil.com\/ro\/wp-json\/wp\/v2\/media?parent=2071"}],"curies":[{"name":"wp","href":"https:\/\/api.w.org\/{rel}","templated":true}]}}