{"id":2065,"date":"2018-05-29T21:43:00","date_gmt":"2018-05-29T19:43:00","guid":{"rendered":"https:\/\/www.boraconseil.com\/?page_id=2065"},"modified":"2018-12-11T14:52:08","modified_gmt":"2018-12-11T13:52:08","slug":"pentru-clienti","status":"publish","type":"page","link":"https:\/\/www.boraconseil.com\/ro\/pentru-clienti\/","title":{"rendered":"PENTRU CLIENTI"},"content":{"rendered":"<div id=\u201cfb-root\u201d><\/div>\n<script>(function(d, s, id) {\n  var js, fjs = d.getElementsByTagName(s)[0];\n  if (d.getElementById(id)) return;\n  js = d.createElement(s); js.id = id;\n  js.src = 'https:\/\/connect.facebook.net\/ro_RO\/sdk.js#xfbml=1&version=v3.0&appId=667263270282118&autoLogAppEvents=1';\n  fjs.parentNode.insertBefore(js, fjs);\n}(document, 'script', 'facebook-jssdk'));<\/script>\n<p>[et_pb_section bb_built=&#8221;1&#8243; next_background_color=&#8221;#f6f6f6&#8243; _builder_version=&#8221;3.0.106&#8243;][et_pb_row][et_pb_column type=&#8221;4_4&#8243;][et_pb_header admin_label=&#8221;Page Title&#8221; _builder_version=&#8221;3.4.1&#8243; title=&#8221;PENTRU CLIENTI&#8221; scroll_down_icon_size_tablet=&#8221;50&#8243; subhead_font_size_tablet=&#8221;51&#8243; text_orientation=&#8221;center&#8221; title_text_align=&#8221;center&#8221; title_text_color=&#8221;#00ade3&#8243; title_font=&#8221;|800|on|on|||||&#8221; title_font_size=&#8221;34px&#8221; subhead_font=&#8221;||on||||||&#8221; subhead_font_size=&#8221;18&#8243; \/][et_pb_text _builder_version=&#8221;3.4.1&#8243;]<\/p>\n<p><span class=\"s2\">Personalul calificat \u0219i de \u00eencredere este resursa cea mai pre\u021bioas\u0103 din sistemul de s\u0103n\u0103tate \u0219i g\u0103sirea unui candidat potrivit poate deveni o adev\u0103rat\u0103 provocare pentru dvs.<\/p>\n<p>Am finalizat deja cu succes zeci de proiecte de recrutare \u00een Fran\u021ba.<\/p>\n<p>Dac\u0103 alege\u021bi s\u0103 colabora\u021bi cu noi, ve\u021bi beneficia de experien\u021ba vast\u0103 \u0219i de cuno\u0219tin\u021bele noastre despre pia\u021ba medical\u0103 de recrutare.<\/p>\n<p>Odat\u0103 ce identific\u0103m \u0219i \u00een\u021belegem nevoile dvs., v\u0103 putem propune servicii personalizate de recrutare \u0219i v\u0103 putem sf\u0103tui \u00een mod eficient.<\/p>\n<p>Un aspect foarte important al procesului de recrutare este recunoa\u0219terea calific\u0103rilor profesionale ale candidatului de c\u0103tre Colegiul Medicilor din Fran\u021ba (sau de c\u0103tre Centrul Na\u021bional de Management pentru gradele care nu pot fi identificate \u00een mod automat). \u00cendrum\u0103m candida\u021bii no\u0219tri pe parcursul \u00eentregului proces pentru a ob\u021bine \u00eenregistrarea lor \u00een timp util.<\/p>\n<p>Promov\u0103m pozi\u021biile vacante \u00een mai multe \u021b\u0103ri europene \u00een care avem o bun\u0103 reputa\u021bie \u00een r\u00e2ndul personalului medical datorit\u0103 serviciilor noastre flexibile \u0219i fiabile.<\/p>\n<p>Dac\u0103 ne delega\u021bi aceast\u0103 sarcin\u0103, ve\u021bi beneficia de serviciile noastre \u00een mai multe moduri:<\/span><\/p>\n<p><span style=\"color: #39b049;\"><strong>Candida\u021bi potrivi\u021bi<\/strong><\/span><\/p>\n<ul>\n<li class=\"li1\"><span class=\"s2\">Avem o baz\u0103 de date care con\u021bine c\u00e2teva mii de medici vorbitori de limb\u0103 francez\u0103.<\/span><\/li>\n<li class=\"li1\"><span class=\"s2\">Candida\u021bii no\u0219tri pot fi de orice v\u00e2rst\u0103: dintre ace\u0219tia avem tineri medici, precum \u0219i speciali\u0219ti \u00een v\u00e2rst\u0103, cu mai mul\u021bi ani de experien\u021b\u0103 interna\u021bional\u0103 puternic\u0103.<\/span><\/li>\n<li class=\"li1\"><span class=\"s2\">To\u021bi au diplome de studii universitare europene \u0219i de specializare (Directiva 2005\/36 \/ CE).<\/span><\/li>\n<li class=\"li1\"><span class=\"s2\">Putem sf\u0103tui<span class=\"Apple-converted-space\">\u00a0 <\/span>candida\u021bii no\u0219tri s\u0103-\u0219i \u00eembun\u0103t\u0103\u021beasc\u0103 \u00een mod eficient competen\u021bele lingvistice.<\/span><\/li>\n<\/ul>\n<p><span style=\"color: #39b049;\"><strong>Eficien\u0163\u0103<\/strong><\/span><\/p>\n<ul>\n<li class=\"li1\"><span class=\"s2\">Datorit\u0103 procedurilor eficiente de selec\u021bie, putem g\u0103si solu\u021bii adecvate.<\/span><\/li>\n<li class=\"li1\"><span class=\"s2\">Avem interviuri cu candida\u021bii pentru a le<span class=\"Apple-converted-space\">\u00a0 <\/span>evalua competen\u021ba<span class=\"Apple-converted-space\">\u00a0 <\/span>personalitatea \u0219i profesional\u0103 \u0219i v\u0103 prezent\u0103m numai acei candida\u021bi care corespund cerin\u021belor dvs., astfel economisim pentru dumneavoastr\u0103 timp \u0219i energie.<\/span><\/li>\n<li class=\"li1\"><span class=\"s2\">Ne ocupam de detaliile necesare pentru interviurile online sau prin telefon.<\/span><\/li>\n<li class=\"li1\"><span class=\"s2\">Dup\u0103 succesul interviurilor telefonice sau online \u00eentre client \u0219i candidat, organiz\u0103m o vizit\u0103 pentru candidatul la dispozi\u021bia dumneavoastr\u0103.<\/span><\/li>\n<li class=\"li1\"><span class=\"s2\">Ne ocup\u0103m de formalit\u0103\u021bile de recunoa\u0219tere a calific\u0103rilor profesionale \u0219i organiz\u0103m o \u00eent\u00e2lnire cu un membru al Colegiului Medicilor din departamentul competent pentru momentul \u00een care candidatul va efectua prima vizit\u0103 la biroul dumneavoastr\u0103.<\/span><\/li>\n<\/ul>\n<p><strong><span style=\"color: #39b049;\">Consultan\u021b\u0103 avansat\u0103<\/span><\/strong><\/p>\n<ul>\n<li class=\"li1\"><span class=\"s2\">Deoarece ne afl\u0103m \u00een centrul Europei, suntem apropia\u021bi de candida\u021bilor no\u0219tri, ceea ce ne permite s\u0103 \u00eei \u00een\u021belegem mai bine.<\/span><\/li>\n<li class=\"li1\"><span class=\"s2\">De asemenea \u00eei \u00eendrum\u0103m \u00een toate etapele administrative din \u021b\u0103rile lor de origine, chiar \u0219i \u00een limba lor matern\u0103, pentru a ob\u021bine documentele solicitate de Colegiul Medicilor din Fran\u021ba.<\/span><\/li>\n<li class=\"li1\"><span class=\"s2\">Odat\u0103 ce candidatul nostru se al\u0103tur\u0103 Clientului nostru, p\u0103str\u0103m leg\u0103tura at\u00e2t cu Clientul, c\u00e2t \u0219i cu Candidatul, pentru a asigura o bun\u0103 comunicare \u00eentre ace\u0219tia \u0219i pentru a evita orice ne\u00een\u021belegere.<\/span><\/li>\n<\/ul>\n<p><em>Referin\u021bele se elibereaz\u0103 pe baz\u0103 de cerere.<\/em><\/p>\n<p><strong><span style=\"color: #39b049;\">Etape de selec\u021bie<\/span><\/strong><\/p>\n<ol>\n<li>Definim profilul exact al candidatului pe care \u00eel c\u0103uta\u021bi, pe baza aptitudinilor profesionale \u0219i personale pe care trebuie s\u0103 le \u00eendeplineasc\u0103 pentru pozi\u021bia specific\u0103, dup\u0103 analizarea \u00een profunzime a pozi\u021biei vacante.<\/li>\n<li>\u00cen paralel analiz\u0103m \u00een detaliu legisla\u021bia european\u0103 care se refer\u0103 la recunoa\u0219terea calific\u0103rilor profesionale pentru a determina din ce \u021b\u0103ri candida\u021bii pot fi recruta\u021bi pentru pozi\u021bia oferit\u0103 de dumneavoastr\u0103. Datorit\u0103 diferen\u021belor dintre sistemele de s\u0103n\u0103tate \u0219i educa\u021bie ale \u021b\u0103rilor europene, nu toate specialit\u0103\u021bile medicale beneficiaz\u0103 de recunoa\u0219terea reciproc\u0103.<\/li>\n<li>Dezvolt\u0103m o descriere a postului \u00eempreun\u0103 cu dvs., pentru a le prezenta viitorilor candida\u021bi.<\/li>\n<li>Contact\u0103m candida\u021bii din baza noastr\u0103 de date care se potrivesc cu criteriile dvs. \u0219i promov\u0103m locurile de munc\u0103 vacante prin anun\u021buri prin diverse mijloace de publicitate.<\/li>\n<li>Interviev\u0103m Candida\u021bii interesa\u021bi de oferta dvs. \u0219i dac\u0103 \u00eendeplinesc criteriile de selec\u021bie, v\u0103 vom trimite un CV complet care s\u0103 includ\u0103 abilit\u0103\u021bi profesionale \u0219i lingvistice \u0219i experien\u021be detaliate.<\/li>\n<li>\u00cempreun\u0103 cu dvs. organiz\u0103m interviuri telefonice sau online cu candidatul.<\/li>\n<li>Dac\u0103 aceste interviuri sunt de pe placul dumneavoastr\u0103, organiz\u0103m o vizit\u0103 pentru candidat la biroul dvs.<\/li>\n<li>Sus\u021binem candidatul cu recunoa\u0219terea calific\u0103rilor profesionale (\u00eenregistrarea de c\u0103tre Colegiul Medicilor din Fran\u021ba).<\/li>\n<li>Candidatul poate \u00eencepe munca.<\/li>\n<li>\u021ainem leg\u0103tura at\u00e2t cu dvs., c\u00e2t \u0219i cu candidatul, pentru a v\u0103 asigura c\u0103 cooperarea este optim\u0103.<\/li>\n<\/ol>\n<p>[\/et_pb_text][et_pb_button admin_label=&#8221;Green Button&#8221; _builder_version=&#8221;3.4.1&#8243; button_text=&#8221;CONTACTEAZA-NE&#8221; button_url=&#8221;\/ro\/contact\/&#8221; background_layout=&#8221;dark&#8221; custom_button=&#8221;on&#8221; button_text_size=&#8221;22&#8243; button_text_color=&#8221;#ffffff&#8221; button_bg_color=&#8221;#24b14a&#8221; button_border_color=&#8221;#24b14a&#8221; button_text_color_hover=&#8221;#24b14a&#8221; animation_style=&#8221;bounce&#8221; \/][\/et_pb_column][\/et_pb_row][\/et_pb_section][et_pb_section bb_built=&#8221;1&#8243; specialty=&#8221;off&#8221; _builder_version=&#8221;3.4.1&#8243; background_color=&#8221;#f6f6f6&#8243; next_background_color=&#8221;#ffffff&#8221; prev_background_color=&#8221;#ffffff&#8221; global_module=&#8221;2037&#8243;][et_pb_row global_parent=&#8221;2037&#8243; background_position=&#8221;top_left&#8221; background_repeat=&#8221;repeat&#8221; background_size=&#8221;initial&#8221;][et_pb_column type=&#8221;4_4&#8243;][et_pb_text global_parent=&#8221;2037&#8243; _builder_version=&#8221;3.4.1&#8243; text_font=&#8221;|800|||||||&#8221; text_text_color=&#8221;#00ade3&#8243; header_2_text_color=&#8221;#00ade3&#8243; header_2_font=&#8221;|800|||||||&#8221; header_2_font_size=&#8221;32px&#8221; header_2_text_align=&#8221;center&#8221;]<\/p>\n<h2 style=\"text-align: center;\"><a href=\"\/ro\/povesti-de-succes\/\"><em>POVESTI DE SUCCES<\/em><\/a><\/h2>\n<p>[\/et_pb_text][et_pb_success_story global_parent=&#8221;2037&#8243; _builder_version=&#8221;3.4.1&#8243; posts_number=&#8221;3&#8243; show_title=&#8221;off&#8221; fullwidth=&#8221;off&#8221; title_font_size_tablet=&#8221;51&#8243; title_line_height_tablet=&#8221;2&#8243; caption_font_size_tablet=&#8221;51&#8243; caption_line_height_tablet=&#8221;2&#8243; pagination_font_size_tablet=&#8221;51&#8243; pagination_line_height_tablet=&#8221;2&#8243; show_pagination=&#8221;off&#8221; module_class=&#8221;testimonials3&#8243; \/][\/et_pb_column][\/et_pb_row][\/et_pb_section][et_pb_section bb_built=&#8221;1&#8243; specialty=&#8221;off&#8221; prev_background_color=&#8221;#f6f6f6&#8243; _builder_version=&#8221;3.4.1&#8243; global_module=&#8221;2038&#8243;][et_pb_row global_parent=&#8221;2038&#8243; _builder_version=&#8221;3.0.106&#8243;][et_pb_column type=&#8221;1_3&#8243;][et_pb_text global_parent=&#8221;2038&#8243; _builder_version=&#8221;3.4.1&#8243; text_font=&#8221;|800|||||||&#8221; text_text_color=&#8221;#00ade3&#8243; header_2_text_color=&#8221;#00ade3&#8243; header_2_font=&#8221;|800|||||||&#8221; header_2_font_size=&#8221;32px&#8221;]<\/p>\n<h2 style=\"text-align: left;\"><a href=\"\/ro\/oferte-de-lucru\/\"><em>HOT JOBS<\/em><\/a><\/h2>\n<p>[\/et_pb_text][et_pb_job global_parent=&#8221;2038&#8243; _builder_version=&#8221;3.1&#8243; posts_number=&#8221;5&#8243; show_title=&#8221;off&#8221; show_categories=&#8221;off&#8221; show_pagination=&#8221;off&#8221; title_font_size_tablet=&#8221;51&#8243; title_line_height_tablet=&#8221;2&#8243; caption_font_size_tablet=&#8221;51&#8243; caption_line_height_tablet=&#8221;2&#8243; pagination_font_size_tablet=&#8221;51&#8243; pagination_line_height_tablet=&#8221;2&#8243; only_hot_jobs=&#8221;on&#8221; \/][et_pb_button admin_label=&#8221;Apply Button&#8221; global_parent=&#8221;2038&#8243; _builder_version=&#8221;3.4.1&#8243; button_text=&#8221;APLICA&#8221; button_alignment=&#8221;left&#8221; background_layout=&#8221;dark&#8221; custom_button=&#8221;on&#8221; button_bg_color=&#8221;#24b14a&#8221; button_border_color=&#8221;#24b14a&#8221; button_text_color_hover=&#8221;#24b14a&#8221; animation_style=&#8221;bounce&#8221; button_url=&#8221;\/ro\/contact\/&#8221; \/][\/et_pb_column][et_pb_column type=&#8221;2_3&#8243;][et_pb_text global_parent=&#8221;2038&#8243; _builder_version=&#8221;3.0.106&#8243; background_layout=&#8221;light&#8221; text_font=&#8221;|800|||||||&#8221; text_text_color=&#8221;#00ade3&#8243; header_2_text_color=&#8221;#00ade3&#8243; header_2_font=&#8221;|800|||||||&#8221; header_2_font_size=&#8221;32px&#8221;]<\/p>\n<h2 style=\"text-align: left;\"><em>BLOG<\/em><\/h2>\n<p>[\/et_pb_text][et_pb_blog global_parent=&#8221;2038&#8243; _builder_version=&#8221;3.0.106&#8243; posts_number=&#8221;2&#8243; show_content=&#8221;off&#8221; show_thumbnail=&#8221;on&#8221; show_more=&#8221;off&#8221; show_author=&#8221;off&#8221; show_date=&#8221;off&#8221; show_categories=&#8221;off&#8221; show_comments=&#8221;off&#8221; show_pagination=&#8221;on&#8221; fullwidth=&#8221;on&#8221; use_overlay=&#8221;off&#8221; background_layout=&#8221;light&#8221; pagination_font_size_tablet=&#8221;51&#8243; pagination_line_height_tablet=&#8221;2&#8243; header_text_color=&#8221;#24b14a&#8221; \/][\/et_pb_column][\/et_pb_row][\/et_pb_section]<\/p>\n","protected":false},"excerpt":{"rendered":"<p><div class=\"et_pb_row et_pb_row_0 et_pb_row_empty\">\n\t\t\t\t\n\t\t\t\t\n\t\t\t\t\n\t\t\t\t\n\t\t\t\t\n\t\t\t<\/div> Personalul calificat \u0219i de \u00eencredere este resursa cea mai pre\u021bioas\u0103 din sistemul de s\u0103n\u0103tate \u0219i g\u0103sirea unui candidat potrivit poate deveni o adev\u0103rat\u0103 provocare pentru dvs. Am finalizat deja cu succes zeci de proiecte de recrutare \u00een Fran\u021ba. Dac\u0103 alege\u021bi s\u0103 colabora\u021bi cu noi, ve\u021bi beneficia de experien\u021ba vast\u0103 \u0219i de cuno\u0219tin\u021bele noastre despre [&hellip;]<\/p>\n","protected":false},"author":1,"featured_media":0,"parent":0,"menu_order":12,"comment_status":"closed","ping_status":"closed","template":"","meta":{"_et_pb_use_builder":"on","_et_pb_old_content":"","_et_gb_content_width":"","_mi_skip_tracking":false},"yoast_head":"<!-- This site is optimized with the Yoast SEO plugin v19.12 - https:\/\/yoast.com\/wordpress\/plugins\/seo\/ -->\n<title>PENTRU CLIENTI - BORA EGV Recruitment<\/title>\n<meta name=\"robots\" content=\"index, follow, max-snippet:-1, max-image-preview:large, max-video-preview:-1\" \/>\n<link rel=\"canonical\" href=\"https:\/\/www.boraconseil.com\/ro\/pentru-clienti\/\" \/>\n<meta property=\"og:locale\" content=\"ro_RO\" \/>\n<meta property=\"og:type\" content=\"article\" \/>\n<meta property=\"og:title\" content=\"PENTRU CLIENTI - BORA EGV Recruitment\" \/>\n<meta property=\"og:description\" content=\"Personalul calificat \u0219i de \u00eencredere este resursa cea mai pre\u021bioas\u0103 din sistemul de s\u0103n\u0103tate \u0219i g\u0103sirea unui candidat potrivit poate deveni o adev\u0103rat\u0103 provocare pentru dvs. Am finalizat deja cu succes zeci de proiecte de recrutare \u00een Fran\u021ba. Dac\u0103 alege\u021bi s\u0103 colabora\u021bi cu noi, ve\u021bi beneficia de experien\u021ba vast\u0103 \u0219i de cuno\u0219tin\u021bele noastre despre [&hellip;]\" \/>\n<meta property=\"og:url\" content=\"https:\/\/www.boraconseil.com\/ro\/pentru-clienti\/\" \/>\n<meta property=\"og:site_name\" content=\"BORA EGV Recruitment\" \/>\n<meta property=\"article:modified_time\" content=\"2018-12-11T13:52:08+00:00\" \/>\n<meta name=\"twitter:card\" content=\"summary_large_image\" \/>\n<meta name=\"twitter:label1\" content=\"Timp estimat pentru citire\" \/>\n\t<meta name=\"twitter:data1\" content=\"6 minute\" \/>\n<script type=\"application\/ld+json\" class=\"yoast-schema-graph\">{\"@context\":\"https:\/\/schema.org\",\"@graph\":[{\"@type\":\"WebPage\",\"@id\":\"https:\/\/www.boraconseil.com\/ro\/pentru-clienti\/\",\"url\":\"https:\/\/www.boraconseil.com\/ro\/pentru-clienti\/\",\"name\":\"PENTRU CLIENTI - BORA EGV Recruitment\",\"isPartOf\":{\"@id\":\"https:\/\/www.boraconseil.com\/fr\/#website\"},\"datePublished\":\"2018-05-29T19:43:00+00:00\",\"dateModified\":\"2018-12-11T13:52:08+00:00\",\"breadcrumb\":{\"@id\":\"https:\/\/www.boraconseil.com\/ro\/pentru-clienti\/#breadcrumb\"},\"inLanguage\":\"ro-RO\",\"potentialAction\":[{\"@type\":\"ReadAction\",\"target\":[\"https:\/\/www.boraconseil.com\/ro\/pentru-clienti\/\"]}]},{\"@type\":\"BreadcrumbList\",\"@id\":\"https:\/\/www.boraconseil.com\/ro\/pentru-clienti\/#breadcrumb\",\"itemListElement\":[{\"@type\":\"ListItem\",\"position\":1,\"name\":\"Home\",\"item\":\"https:\/\/www.boraconseil.com\/ro\/\"},{\"@type\":\"ListItem\",\"position\":2,\"name\":\"PENTRU CLIENTI\"}]},{\"@type\":\"WebSite\",\"@id\":\"https:\/\/www.boraconseil.com\/fr\/#website\",\"url\":\"https:\/\/www.boraconseil.com\/fr\/\",\"name\":\"BORA EGV Recruitment\",\"description\":\"\",\"potentialAction\":[{\"@type\":\"SearchAction\",\"target\":{\"@type\":\"EntryPoint\",\"urlTemplate\":\"https:\/\/www.boraconseil.com\/fr\/?s={search_term_string}\"},\"query-input\":\"required name=search_term_string\"}],\"inLanguage\":\"ro-RO\"}]}<\/script>\n<!-- \/ Yoast SEO plugin. -->","yoast_head_json":{"title":"PENTRU CLIENTI - BORA EGV Recruitment","robots":{"index":"index","follow":"follow","max-snippet":"max-snippet:-1","max-image-preview":"max-image-preview:large","max-video-preview":"max-video-preview:-1"},"canonical":"https:\/\/www.boraconseil.com\/ro\/pentru-clienti\/","og_locale":"ro_RO","og_type":"article","og_title":"PENTRU CLIENTI - BORA EGV Recruitment","og_description":"Personalul calificat \u0219i de \u00eencredere este resursa cea mai pre\u021bioas\u0103 din sistemul de s\u0103n\u0103tate \u0219i g\u0103sirea unui candidat potrivit poate deveni o adev\u0103rat\u0103 provocare pentru dvs. Am finalizat deja cu succes zeci de proiecte de recrutare \u00een Fran\u021ba. Dac\u0103 alege\u021bi s\u0103 colabora\u021bi cu noi, ve\u021bi beneficia de experien\u021ba vast\u0103 \u0219i de cuno\u0219tin\u021bele noastre despre [&hellip;]","og_url":"https:\/\/www.boraconseil.com\/ro\/pentru-clienti\/","og_site_name":"BORA EGV Recruitment","article_modified_time":"2018-12-11T13:52:08+00:00","twitter_card":"summary_large_image","twitter_misc":{"Timp estimat pentru citire":"6 minute"},"schema":{"@context":"https:\/\/schema.org","@graph":[{"@type":"WebPage","@id":"https:\/\/www.boraconseil.com\/ro\/pentru-clienti\/","url":"https:\/\/www.boraconseil.com\/ro\/pentru-clienti\/","name":"PENTRU CLIENTI - BORA EGV Recruitment","isPartOf":{"@id":"https:\/\/www.boraconseil.com\/fr\/#website"},"datePublished":"2018-05-29T19:43:00+00:00","dateModified":"2018-12-11T13:52:08+00:00","breadcrumb":{"@id":"https:\/\/www.boraconseil.com\/ro\/pentru-clienti\/#breadcrumb"},"inLanguage":"ro-RO","potentialAction":[{"@type":"ReadAction","target":["https:\/\/www.boraconseil.com\/ro\/pentru-clienti\/"]}]},{"@type":"BreadcrumbList","@id":"https:\/\/www.boraconseil.com\/ro\/pentru-clienti\/#breadcrumb","itemListElement":[{"@type":"ListItem","position":1,"name":"Home","item":"https:\/\/www.boraconseil.com\/ro\/"},{"@type":"ListItem","position":2,"name":"PENTRU CLIENTI"}]},{"@type":"WebSite","@id":"https:\/\/www.boraconseil.com\/fr\/#website","url":"https:\/\/www.boraconseil.com\/fr\/","name":"BORA EGV Recruitment","description":"","potentialAction":[{"@type":"SearchAction","target":{"@type":"EntryPoint","urlTemplate":"https:\/\/www.boraconseil.com\/fr\/?s={search_term_string}"},"query-input":"required name=search_term_string"}],"inLanguage":"ro-RO"}]}},"_links":{"self":[{"href":"https:\/\/www.boraconseil.com\/ro\/wp-json\/wp\/v2\/pages\/2065"}],"collection":[{"href":"https:\/\/www.boraconseil.com\/ro\/wp-json\/wp\/v2\/pages"}],"about":[{"href":"https:\/\/www.boraconseil.com\/ro\/wp-json\/wp\/v2\/types\/page"}],"author":[{"embeddable":true,"href":"https:\/\/www.boraconseil.com\/ro\/wp-json\/wp\/v2\/users\/1"}],"replies":[{"embeddable":true,"href":"https:\/\/www.boraconseil.com\/ro\/wp-json\/wp\/v2\/comments?post=2065"}],"version-history":[{"count":0,"href":"https:\/\/www.boraconseil.com\/ro\/wp-json\/wp\/v2\/pages\/2065\/revisions"}],"wp:attachment":[{"href":"https:\/\/www.boraconseil.com\/ro\/wp-json\/wp\/v2\/media?parent=2065"}],"curies":[{"name":"wp","href":"https:\/\/api.w.org\/{rel}","templated":true}]}}