{"id":2028,"date":"2018-05-29T21:29:32","date_gmt":"2018-05-29T19:29:32","guid":{"rendered":"https:\/\/www.boraconseil.com\/?page_id=2028"},"modified":"2018-12-11T14:52:07","modified_gmt":"2018-12-11T13:52:07","slug":"despre-noi","status":"publish","type":"page","link":"https:\/\/www.boraconseil.com\/ro\/despre-noi\/","title":{"rendered":"DESPRE NOI"},"content":{"rendered":"<div id=\u201cfb-root\u201d><\/div>\n<script>(function(d, s, id) {\n  var js, fjs = d.getElementsByTagName(s)[0];\n  if (d.getElementById(id)) return;\n  js = d.createElement(s); js.id = id;\n  js.src = 'https:\/\/connect.facebook.net\/ro_RO\/sdk.js#xfbml=1&version=v3.0&appId=667263270282118&autoLogAppEvents=1';\n  fjs.parentNode.insertBefore(js, fjs);\n}(document, 'script', 'facebook-jssdk'));<\/script>\n<p>[et_pb_section bb_built=&#8221;1&#8243; next_background_color=&#8221;#f6f6f6&#8243; _builder_version=&#8221;3.0.106&#8243;][et_pb_row][et_pb_column type=&#8221;4_4&#8243;][et_pb_header admin_label=&#8221;Page Title&#8221; _builder_version=&#8221;3.4.1&#8243; title=&#8221;DESPRE NOI&#8221; scroll_down_icon_size_tablet=&#8221;50&#8243; subhead_font_size_tablet=&#8221;51&#8243; text_orientation=&#8221;center&#8221; title_text_align=&#8221;center&#8221; title_text_color=&#8221;#00ade3&#8243; title_font=&#8221;|800|on|on|||||&#8221; title_font_size=&#8221;34px&#8221; subhead_font=&#8221;||on||||||&#8221; subhead_font_size=&#8221;18&#8243; \/][et_pb_text _builder_version=&#8221;3.4.1&#8243;]<\/p>\n<p><span style=\"color: #39b049;\"><em><strong>Misiunea noastr\u0103 este s\u0103 oferim sprijin eficient candida\u021bilor no\u0219tri pentru a identifica oportunit\u0103\u021bi interesante de angajare \u00een Fran\u021ba, care s\u0103 \u00eei ajute s\u0103 se dezvolte mai mult \u00een carier\u0103 \u0219i s\u0103 contribuie \u00een mod direct la bun\u0103starea pacien\u021bilor lor.<\/strong><\/em><\/span><\/p>\n<p class=\"p1\"><span class=\"s1\">BORA EGV Recruitment este un partener de \u00eencredere pentru furnizarea de consultan\u021b\u0103 \u00een recrutare \u0219i resurse umane diferi\u021bilor membri din sectorul francez de asisten\u021b\u0103 medical\u0103.<\/span><\/p>\n<p>Noi propunem at\u00e2t clien\u021bilor no\u0219tri, c\u00e2t \u0219i candida\u021bilor no\u0219tri servicii de recrutare personalizate \u0219i eficiente.<\/p>\n<p>Sprijinim spitalele, clinicile, prim\u0103riile \u0219i alte organiza\u021bii de s\u0103n\u0103tate din Fran\u021ba, prin preluarea procesului de recrutare a practican\u021bilor generali\u0219ti \u0219i a speciali\u0219tilor capabili s\u0103 r\u0103spund\u0103 fiec\u0103rei provoc\u0103ri.<\/p>\n<p>Av\u00e2nd o experien\u021b\u0103 de peste 20 de ani \u00een recrutare \u0219i reu\u0219ind s\u0103 finaliz\u0103m zeci de proiecte de recrutare de succes, ar fi o pl\u0103cere s\u0103 ne demonstr\u0103m experien\u021ba.<\/p>\n<p><span style=\"color: #27a8df;\"><em><strong>\u201eFiabilitatea, flexibilitatea, dezvoltarea carierei\u201d<\/strong><\/em><\/span><\/p>\n<p>[\/et_pb_text][et_pb_button admin_label=&#8221;Apply Button&#8221; _builder_version=&#8221;3.4.1&#8243; button_text=&#8221;APLICA&#8221; button_alignment=&#8221;center&#8221; background_layout=&#8221;dark&#8221; custom_button=&#8221;on&#8221; button_bg_color=&#8221;#24b14a&#8221; button_border_color=&#8221;#24b14a&#8221; button_text_color_hover=&#8221;#24b14a&#8221; animation_style=&#8221;bounce&#8221; button_text_size=&#8221;22&#8243; button_url=&#8221;\/ro\/contact\/&#8221; saved_tabs=&#8221;all&#8221; global_module=&#8221;2033&#8243; \/][\/et_pb_column][\/et_pb_row][\/et_pb_section][et_pb_section bb_built=&#8221;1&#8243; specialty=&#8221;off&#8221; _builder_version=&#8221;3.4.1&#8243; background_color=&#8221;#f6f6f6&#8243; next_background_color=&#8221;#ffffff&#8221; prev_background_color=&#8221;#ffffff&#8221; global_module=&#8221;2037&#8243;][et_pb_row global_parent=&#8221;2037&#8243; background_position=&#8221;top_left&#8221; background_repeat=&#8221;repeat&#8221; background_size=&#8221;initial&#8221;][et_pb_column type=&#8221;4_4&#8243;][et_pb_text global_parent=&#8221;2037&#8243; _builder_version=&#8221;3.4.1&#8243; text_font=&#8221;|800|||||||&#8221; text_text_color=&#8221;#00ade3&#8243; header_2_text_color=&#8221;#00ade3&#8243; header_2_font=&#8221;|800|||||||&#8221; header_2_font_size=&#8221;32px&#8221; header_2_text_align=&#8221;center&#8221;]<\/p>\n<h2 style=\"text-align: center;\"><a href=\"\/ro\/povesti-de-succes\/\"><em>POVESTI DE SUCCES<\/em><\/a><\/h2>\n<p>[\/et_pb_text][et_pb_success_story global_parent=&#8221;2037&#8243; _builder_version=&#8221;3.4.1&#8243; posts_number=&#8221;3&#8243; show_title=&#8221;off&#8221; fullwidth=&#8221;off&#8221; title_font_size_tablet=&#8221;51&#8243; title_line_height_tablet=&#8221;2&#8243; caption_font_size_tablet=&#8221;51&#8243; caption_line_height_tablet=&#8221;2&#8243; pagination_font_size_tablet=&#8221;51&#8243; pagination_line_height_tablet=&#8221;2&#8243; show_pagination=&#8221;off&#8221; module_class=&#8221;testimonials3&#8243; \/][\/et_pb_column][\/et_pb_row][\/et_pb_section][et_pb_section bb_built=&#8221;1&#8243; specialty=&#8221;off&#8221; prev_background_color=&#8221;#f6f6f6&#8243; _builder_version=&#8221;3.4.1&#8243; global_module=&#8221;2038&#8243;][et_pb_row global_parent=&#8221;2038&#8243; _builder_version=&#8221;3.0.106&#8243;][et_pb_column type=&#8221;1_3&#8243;][et_pb_text global_parent=&#8221;2038&#8243; _builder_version=&#8221;3.4.1&#8243; text_font=&#8221;|800|||||||&#8221; text_text_color=&#8221;#00ade3&#8243; header_2_text_color=&#8221;#00ade3&#8243; header_2_font=&#8221;|800|||||||&#8221; header_2_font_size=&#8221;32px&#8221;]<\/p>\n<h2 style=\"text-align: left;\"><a href=\"\/ro\/oferte-de-lucru\/\"><em>HOT JOBS<\/em><\/a><\/h2>\n<p>[\/et_pb_text][et_pb_job global_parent=&#8221;2038&#8243; _builder_version=&#8221;3.1&#8243; posts_number=&#8221;5&#8243; show_title=&#8221;off&#8221; show_categories=&#8221;off&#8221; show_pagination=&#8221;off&#8221; title_font_size_tablet=&#8221;51&#8243; title_line_height_tablet=&#8221;2&#8243; caption_font_size_tablet=&#8221;51&#8243; caption_line_height_tablet=&#8221;2&#8243; pagination_font_size_tablet=&#8221;51&#8243; pagination_line_height_tablet=&#8221;2&#8243; only_hot_jobs=&#8221;on&#8221; \/][et_pb_button admin_label=&#8221;Apply Button&#8221; global_parent=&#8221;2038&#8243; _builder_version=&#8221;3.4.1&#8243; button_text=&#8221;APLICA&#8221; button_alignment=&#8221;left&#8221; background_layout=&#8221;dark&#8221; custom_button=&#8221;on&#8221; button_bg_color=&#8221;#24b14a&#8221; button_border_color=&#8221;#24b14a&#8221; button_text_color_hover=&#8221;#24b14a&#8221; animation_style=&#8221;bounce&#8221; button_url=&#8221;\/ro\/contact\/&#8221; \/][\/et_pb_column][et_pb_column type=&#8221;2_3&#8243;][et_pb_text global_parent=&#8221;2038&#8243; _builder_version=&#8221;3.4.1&#8243; background_layout=&#8221;light&#8221; text_font=&#8221;|800|||||||&#8221; text_text_color=&#8221;#00ade3&#8243; header_2_text_color=&#8221;#00ade3&#8243; header_2_font=&#8221;|800|||||||&#8221; header_2_font_size=&#8221;32px&#8221;]<\/p>\n<h2 style=\"text-align: left;\"><em>BLOG<\/em><\/h2>\n<p>[\/et_pb_text][et_pb_blog global_parent=&#8221;2038&#8243; _builder_version=&#8221;3.4.1&#8243; posts_number=&#8221;2&#8243; show_content=&#8221;off&#8221; show_thumbnail=&#8221;on&#8221; show_more=&#8221;off&#8221; show_author=&#8221;off&#8221; show_date=&#8221;off&#8221; show_categories=&#8221;off&#8221; show_comments=&#8221;off&#8221; show_pagination=&#8221;on&#8221; fullwidth=&#8221;on&#8221; use_overlay=&#8221;off&#8221; background_layout=&#8221;light&#8221; pagination_font_size_tablet=&#8221;51&#8243; pagination_line_height_tablet=&#8221;2&#8243; header_text_color=&#8221;#24b14a&#8221; \/][\/et_pb_column][\/et_pb_row][\/et_pb_section]<\/p>\n","protected":false},"excerpt":{"rendered":"<p><div class=\"et_pb_row et_pb_row_0 et_pb_row_empty\">\n\t\t\t\t\n\t\t\t\t\n\t\t\t\t\n\t\t\t\t\n\t\t\t\t\n\t\t\t<\/div> Misiunea noastr\u0103 este s\u0103 oferim sprijin eficient candida\u021bilor no\u0219tri pentru a identifica oportunit\u0103\u021bi interesante de angajare \u00een Fran\u021ba, care s\u0103 \u00eei ajute s\u0103 se dezvolte mai mult \u00een carier\u0103 \u0219i s\u0103 contribuie \u00een mod direct la bun\u0103starea pacien\u021bilor lor. BORA EGV Recruitment este un partener de \u00eencredere pentru furnizarea de consultan\u021b\u0103 \u00een recrutare \u0219i [&hellip;]<\/p>\n","protected":false},"author":1,"featured_media":0,"parent":0,"menu_order":7,"comment_status":"closed","ping_status":"open","template":"","meta":{"_et_pb_use_builder":"on","_et_pb_old_content":"","_et_gb_content_width":"","_mi_skip_tracking":false},"yoast_head":"<!-- This site is optimized with the Yoast SEO plugin v19.12 - https:\/\/yoast.com\/wordpress\/plugins\/seo\/ -->\n<title>DESPRE NOI - BORA EGV Recruitment<\/title>\n<meta name=\"robots\" content=\"index, follow, max-snippet:-1, max-image-preview:large, max-video-preview:-1\" \/>\n<link rel=\"canonical\" href=\"https:\/\/www.boraconseil.com\/ro\/despre-noi\/\" \/>\n<meta property=\"og:locale\" content=\"ro_RO\" \/>\n<meta property=\"og:type\" content=\"article\" \/>\n<meta property=\"og:title\" content=\"DESPRE NOI - BORA EGV Recruitment\" \/>\n<meta property=\"og:description\" content=\"Misiunea noastr\u0103 este s\u0103 oferim sprijin eficient candida\u021bilor no\u0219tri pentru a identifica oportunit\u0103\u021bi interesante de angajare \u00een Fran\u021ba, care s\u0103 \u00eei ajute s\u0103 se dezvolte mai mult \u00een carier\u0103 \u0219i s\u0103 contribuie \u00een mod direct la bun\u0103starea pacien\u021bilor lor. BORA EGV Recruitment este un partener de \u00eencredere pentru furnizarea de consultan\u021b\u0103 \u00een recrutare \u0219i [&hellip;]\" \/>\n<meta property=\"og:url\" content=\"https:\/\/www.boraconseil.com\/ro\/despre-noi\/\" \/>\n<meta property=\"og:site_name\" content=\"BORA EGV Recruitment\" \/>\n<meta property=\"article:modified_time\" content=\"2018-12-11T13:52:07+00:00\" \/>\n<meta name=\"twitter:card\" content=\"summary_large_image\" \/>\n<meta name=\"twitter:label1\" content=\"Timp estimat pentru citire\" \/>\n\t<meta name=\"twitter:data1\" content=\"3 minute\" \/>\n<script type=\"application\/ld+json\" class=\"yoast-schema-graph\">{\"@context\":\"https:\/\/schema.org\",\"@graph\":[{\"@type\":\"WebPage\",\"@id\":\"https:\/\/www.boraconseil.com\/ro\/despre-noi\/\",\"url\":\"https:\/\/www.boraconseil.com\/ro\/despre-noi\/\",\"name\":\"DESPRE NOI - BORA EGV Recruitment\",\"isPartOf\":{\"@id\":\"https:\/\/www.boraconseil.com\/fr\/#website\"},\"datePublished\":\"2018-05-29T19:29:32+00:00\",\"dateModified\":\"2018-12-11T13:52:07+00:00\",\"breadcrumb\":{\"@id\":\"https:\/\/www.boraconseil.com\/ro\/despre-noi\/#breadcrumb\"},\"inLanguage\":\"ro-RO\",\"potentialAction\":[{\"@type\":\"ReadAction\",\"target\":[\"https:\/\/www.boraconseil.com\/ro\/despre-noi\/\"]}]},{\"@type\":\"BreadcrumbList\",\"@id\":\"https:\/\/www.boraconseil.com\/ro\/despre-noi\/#breadcrumb\",\"itemListElement\":[{\"@type\":\"ListItem\",\"position\":1,\"name\":\"Home\",\"item\":\"https:\/\/www.boraconseil.com\/ro\/\"},{\"@type\":\"ListItem\",\"position\":2,\"name\":\"DESPRE NOI\"}]},{\"@type\":\"WebSite\",\"@id\":\"https:\/\/www.boraconseil.com\/fr\/#website\",\"url\":\"https:\/\/www.boraconseil.com\/fr\/\",\"name\":\"BORA EGV Recruitment\",\"description\":\"\",\"potentialAction\":[{\"@type\":\"SearchAction\",\"target\":{\"@type\":\"EntryPoint\",\"urlTemplate\":\"https:\/\/www.boraconseil.com\/fr\/?s={search_term_string}\"},\"query-input\":\"required name=search_term_string\"}],\"inLanguage\":\"ro-RO\"}]}<\/script>\n<!-- \/ Yoast SEO plugin. -->","yoast_head_json":{"title":"DESPRE NOI - BORA EGV Recruitment","robots":{"index":"index","follow":"follow","max-snippet":"max-snippet:-1","max-image-preview":"max-image-preview:large","max-video-preview":"max-video-preview:-1"},"canonical":"https:\/\/www.boraconseil.com\/ro\/despre-noi\/","og_locale":"ro_RO","og_type":"article","og_title":"DESPRE NOI - BORA EGV Recruitment","og_description":"Misiunea noastr\u0103 este s\u0103 oferim sprijin eficient candida\u021bilor no\u0219tri pentru a identifica oportunit\u0103\u021bi interesante de angajare \u00een Fran\u021ba, care s\u0103 \u00eei ajute s\u0103 se dezvolte mai mult \u00een carier\u0103 \u0219i s\u0103 contribuie \u00een mod direct la bun\u0103starea pacien\u021bilor lor. BORA EGV Recruitment este un partener de \u00eencredere pentru furnizarea de consultan\u021b\u0103 \u00een recrutare \u0219i [&hellip;]","og_url":"https:\/\/www.boraconseil.com\/ro\/despre-noi\/","og_site_name":"BORA EGV Recruitment","article_modified_time":"2018-12-11T13:52:07+00:00","twitter_card":"summary_large_image","twitter_misc":{"Timp estimat pentru citire":"3 minute"},"schema":{"@context":"https:\/\/schema.org","@graph":[{"@type":"WebPage","@id":"https:\/\/www.boraconseil.com\/ro\/despre-noi\/","url":"https:\/\/www.boraconseil.com\/ro\/despre-noi\/","name":"DESPRE NOI - BORA EGV Recruitment","isPartOf":{"@id":"https:\/\/www.boraconseil.com\/fr\/#website"},"datePublished":"2018-05-29T19:29:32+00:00","dateModified":"2018-12-11T13:52:07+00:00","breadcrumb":{"@id":"https:\/\/www.boraconseil.com\/ro\/despre-noi\/#breadcrumb"},"inLanguage":"ro-RO","potentialAction":[{"@type":"ReadAction","target":["https:\/\/www.boraconseil.com\/ro\/despre-noi\/"]}]},{"@type":"BreadcrumbList","@id":"https:\/\/www.boraconseil.com\/ro\/despre-noi\/#breadcrumb","itemListElement":[{"@type":"ListItem","position":1,"name":"Home","item":"https:\/\/www.boraconseil.com\/ro\/"},{"@type":"ListItem","position":2,"name":"DESPRE NOI"}]},{"@type":"WebSite","@id":"https:\/\/www.boraconseil.com\/fr\/#website","url":"https:\/\/www.boraconseil.com\/fr\/","name":"BORA EGV Recruitment","description":"","potentialAction":[{"@type":"SearchAction","target":{"@type":"EntryPoint","urlTemplate":"https:\/\/www.boraconseil.com\/fr\/?s={search_term_string}"},"query-input":"required name=search_term_string"}],"inLanguage":"ro-RO"}]}},"_links":{"self":[{"href":"https:\/\/www.boraconseil.com\/ro\/wp-json\/wp\/v2\/pages\/2028"}],"collection":[{"href":"https:\/\/www.boraconseil.com\/ro\/wp-json\/wp\/v2\/pages"}],"about":[{"href":"https:\/\/www.boraconseil.com\/ro\/wp-json\/wp\/v2\/types\/page"}],"author":[{"embeddable":true,"href":"https:\/\/www.boraconseil.com\/ro\/wp-json\/wp\/v2\/users\/1"}],"replies":[{"embeddable":true,"href":"https:\/\/www.boraconseil.com\/ro\/wp-json\/wp\/v2\/comments?post=2028"}],"version-history":[{"count":0,"href":"https:\/\/www.boraconseil.com\/ro\/wp-json\/wp\/v2\/pages\/2028\/revisions"}],"wp:attachment":[{"href":"https:\/\/www.boraconseil.com\/ro\/wp-json\/wp\/v2\/media?parent=2028"}],"curies":[{"name":"wp","href":"https:\/\/api.w.org\/{rel}","templated":true}]}}