{"id":2341,"date":"2018-05-30T11:22:30","date_gmt":"2018-05-30T09:22:30","guid":{"rendered":"https:\/\/www.boraconseil.com\/?page_id=2341"},"modified":"2018-12-11T14:45:28","modified_gmt":"2018-12-11T13:45:28","slug":"optout","status":"publish","type":"page","link":"https:\/\/www.boraconseil.com\/hu\/optout\/","title":{"rendered":"Opt-out"},"content":{"rendered":"<div id=\u201cfb-root\u201d><\/div>\n<script>(function(d, s, id) {\n  var js, fjs = d.getElementsByTagName(s)[0];\n  if (d.getElementById(id)) return;\n  js = d.createElement(s); js.id = id;\n  js.src = 'https:\/\/connect.facebook.net\/hu\/sdk.js#xfbml=1&version=v3.0&appId=667263270282118&autoLogAppEvents=1';\n  fjs.parentNode.insertBefore(js, fjs);\n}(document, 'script', 'facebook-jssdk'));<\/script>\n<p>[et_pb_section bb_built=&#8221;1&#8243; _builder_version=&#8221;3.0.106&#8243;][et_pb_row][et_pb_column type=&#8221;4_4&#8243;][et_pb_header admin_label=&#8221;Page Title&#8221; _builder_version=&#8221;3.4.1&#8243; title=&#8221;KAPCSOLAT \/ Opt-out&#8221; scroll_down_icon_size_tablet=&#8221;50&#8243; subhead_font_size_tablet=&#8221;51&#8243; text_orientation=&#8221;center&#8221; title_text_align=&#8221;center&#8221; title_text_color=&#8221;#00ade3&#8243; title_font=&#8221;|800|on|on|||||&#8221; title_font_size=&#8221;34px&#8221; subhead_font=&#8221;||on||||||&#8221; subhead_font_size=&#8221;18&#8243; \/][et_pb_text _builder_version=&#8221;3.4.1&#8243;]<\/p>\n<p style=\"text-align: center;\"><img loading=\"lazy\" class=\"alignnone size-full wp-image-79\" src=\"https:\/\/www.boraconseil.com\/wp-content\/uploads\/2018\/04\/logo-bora-egv-recruiting.png\" alt=\"\" width=\"206\" height=\"136\" \/><\/p>\n<p style=\"text-align: center;\"><span style=\"color: #24b14a;\"><strong>E-mail:<\/strong><\/span> <a href=\"mailto:info@boraconseil.com\">info@boraconseil.com<\/a><br \/>\n<strong><span style=\"color: #24b14a;\">Tel:<\/span> <\/strong><a href=\"tel:0036203359692\">00 36 20 33 59 692<\/a><br \/>\n<span style=\"color: #24b14a;\"><strong>Tel RO:<\/strong><\/span> <a href=\"tel:0040259211121\">0040 259 211 121<\/a><br \/>\n<span style=\"color: #24b14a;\"><strong>Tel BG:<\/strong> <\/span><a href=\"tel:00359893767761\">00359 893767761<\/a><br \/>\n<span style=\"color: #24b14a;\"><strong>Skype:<\/strong> <\/span><a href=\"skype:conseil.bora?call\">conseil.bora<\/a><\/p>\n<p>[\/et_pb_text][\/et_pb_column][\/et_pb_row][et_pb_row][et_pb_column type=&#8221;1_4&#8243;][\/et_pb_column][et_pb_column type=&#8221;1_2&#8243;][et_pb_code admin_label=&#8221;Contact Form&#8221; _builder_version=&#8221;3.4.1&#8243;]<div role=\"form\" class=\"wpcf7\" id=\"wpcf7-f2175-o1\" lang=\"hu-HU\" dir=\"ltr\">\n<div class=\"screen-reader-response\"><p role=\"status\" aria-live=\"polite\" aria-atomic=\"true\"><\/p> <ul><\/ul><\/div>\n<form action=\"\/hu\/wp-json\/wp\/v2\/pages\/2341#wpcf7-f2175-o1\" method=\"post\" class=\"wpcf7-form init\" novalidate=\"novalidate\" data-status=\"init\">\n<div style=\"display: none;\">\n<input type=\"hidden\" name=\"_wpcf7\" value=\"2175\" \/>\n<input type=\"hidden\" name=\"_wpcf7_version\" value=\"5.6.4\" \/>\n<input type=\"hidden\" name=\"_wpcf7_locale\" value=\"hu_HU\" \/>\n<input type=\"hidden\" name=\"_wpcf7_unit_tag\" value=\"wpcf7-f2175-o1\" \/>\n<input type=\"hidden\" name=\"_wpcf7_container_post\" value=\"0\" \/>\n<input type=\"hidden\" name=\"_wpcf7_posted_data_hash\" value=\"\" \/>\n<input type=\"hidden\" name=\"_wpcf7_recaptcha_response\" value=\"\" \/>\n<\/div>\n<h2 style=\"color: #00ade3; line-height: 2rem; margin-bottom: 10px;\"> Amennyiben m\u00e1r nem egyezik bele, hogy ezen honlap a tov\u00e1bbiakban adatait elrakt\u00e1rozza \u00e9s kezelje, k\u00e9rj\u00fck t\u00f6ltse ki az al\u00e1bbi formanyomtatv\u00e1nyt azzal az inform\u00e1ci\u00f3val, amit kor\u00e1bban elk\u00fcld\u00f6tt nek\u00fcnk. <\/h2>\n<p><label> E-mail: <span class=\"required\">*<\/span><br \/>\n    <span class=\"wpcf7-form-control-wrap\" data-name=\"optout_email\"><input type=\"email\" name=\"optout_email\" value=\"\" size=\"40\" class=\"wpcf7-form-control wpcf7-text wpcf7-email wpcf7-validates-as-required wpcf7-validates-as-email\" aria-required=\"true\" aria-invalid=\"false\" \/><\/span> <\/label><\/p>\n<p><label> Telefonsz\u00e1m: <span class=\"required\">*<\/span><br \/>\n    <span class=\"wpcf7-form-control-wrap\" data-name=\"optout_phone\"><input type=\"text\" name=\"optout_phone\" value=\"\" size=\"40\" class=\"wpcf7-form-control wpcf7-text wpcf7-validates-as-required\" aria-required=\"true\" aria-invalid=\"false\" \/><\/span> <\/label><\/p>\n<p><label> \u00dczenet:<br \/>\n    <span class=\"wpcf7-form-control-wrap\" data-name=\"message\"><textarea name=\"message\" cols=\"40\" rows=\"10\" class=\"wpcf7-form-control wpcf7-textarea\" aria-invalid=\"false\"><\/textarea><\/span> <\/label><\/p>\n<div style=\"margin: 20px 0;\">\n<div style=\"float: left;\"><input type=\"submit\" value=\"K\u00dcLD\u00c9S\" class=\"wpcf7-form-control has-spinner wpcf7-submit\" \/><\/div>\n<div class=\"required\" style=\"float: right; margin-top: 10px;\">* = k\u00f6telez\u0151 mez\u0151 <\/div>\n<\/div>\n<div style=\"margin-top: 100px; clear:both;\">Tekintse meg <a href=\"\/hu\/adatvedelmi-politikankat\/\">Adatv\u00e9delmi Politik\u00e1nkat<\/a>.<\/div>\n<div class=\"wpcf7-response-output\" aria-hidden=\"true\"><\/div><\/form><\/div>[\/et_pb_code][\/et_pb_column][et_pb_column type=&#8221;1_4&#8243;][\/et_pb_column][\/et_pb_row][\/et_pb_section]<\/p>\n","protected":false},"excerpt":{"rendered":"<p><div class=\"et_pb_row et_pb_row_0 et_pb_row_empty\">\n\t\t\t\t\n\t\t\t\t\n\t\t\t\t\n\t\t\t\t\n\t\t\t\t\n\t\t\t<\/div> E-mail: info@boraconseil.com Tel: 00 36 20 33 59 692 Tel RO: 0040 259 211 121 Tel BG: 00359 893767761 Skype: conseil.bora <div class=\"et_pb_row et_pb_row_1 et_pb_row_empty\">\n\t\t\t\t\n\t\t\t\t\n\t\t\t\t\n\t\t\t\t\n\t\t\t\t\n\t\t\t<\/div><div role=\"form\" class=\"wpcf7\" id=\"wpcf7-f2175-o2\" lang=\"hu-HU\" dir=\"ltr\">\n<div class=\"screen-reader-response\"><p role=\"status\" aria-live=\"polite\" aria-atomic=\"true\"><\/p> <ul><\/ul><\/div>\n<form action=\"\/hu\/wp-json\/wp\/v2\/pages\/2341#wpcf7-f2175-o2\" method=\"post\" class=\"wpcf7-form init\" novalidate=\"novalidate\" data-status=\"init\">\n<div style=\"display: none;\">\n<input type=\"hidden\" name=\"_wpcf7\" value=\"2175\" \/>\n<input type=\"hidden\" name=\"_wpcf7_version\" value=\"5.6.4\" \/>\n<input type=\"hidden\" name=\"_wpcf7_locale\" value=\"hu_HU\" \/>\n<input type=\"hidden\" name=\"_wpcf7_unit_tag\" value=\"wpcf7-f2175-o2\" \/>\n<input type=\"hidden\" name=\"_wpcf7_container_post\" value=\"0\" \/>\n<input type=\"hidden\" name=\"_wpcf7_posted_data_hash\" value=\"\" \/>\n<input type=\"hidden\" name=\"_wpcf7_recaptcha_response\" value=\"\" \/>\n<\/div>\n<h2 style=\"color: #00ade3; line-height: 2rem; margin-bottom: 10px;\"> Amennyiben m\u00e1r nem egyezik bele, hogy ezen honlap a tov\u00e1bbiakban adatait elrakt\u00e1rozza \u00e9s kezelje, k\u00e9rj\u00fck t\u00f6ltse ki az al\u00e1bbi formanyomtatv\u00e1nyt azzal az inform\u00e1ci\u00f3val, amit kor\u00e1bban elk\u00fcld\u00f6tt nek\u00fcnk. <\/h2>\n<p><label> E-mail: <span class=\"required\">*<\/span><br \/>\n    <span class=\"wpcf7-form-control-wrap\" data-name=\"optout_email\"><input type=\"email\" name=\"optout_email\" value=\"\" size=\"40\" class=\"wpcf7-form-control wpcf7-text wpcf7-email wpcf7-validates-as-required wpcf7-validates-as-email\" aria-required=\"true\" aria-invalid=\"false\" \/><\/span> <\/label><\/p>\n<p><label> Telefonsz\u00e1m: <span class=\"required\">*<\/span><br \/>\n    <span class=\"wpcf7-form-control-wrap\" data-name=\"optout_phone\"><input type=\"text\" name=\"optout_phone\" value=\"\" size=\"40\" class=\"wpcf7-form-control wpcf7-text wpcf7-validates-as-required\" aria-required=\"true\" aria-invalid=\"false\" \/><\/span> <\/label><\/p>\n<p><label> \u00dczenet:<br \/>\n    <span class=\"wpcf7-form-control-wrap\" data-name=\"message\"><textarea name=\"message\" cols=\"40\" rows=\"10\" class=\"wpcf7-form-control wpcf7-textarea\" aria-invalid=\"false\"><\/textarea><\/span> <\/label><\/p>\n<div style=\"margin: 20px 0;\">\n<div style=\"float: left;\"><input type=\"submit\" value=\"K\u00dcLD\u00c9S\" class=\"wpcf7-form-control has-spinner wpcf7-submit\" \/><\/div>\n<div class=\"required\" style=\"float: right; margin-top: 10px;\">* = k\u00f6telez\u0151 mez\u0151 <\/div>\n<\/div>\n<div style=\"margin-top: 100px; clear:both;\">Tekintse meg <a href=\"\/hu\/adatvedelmi-politikankat\/\">Adatv\u00e9delmi Politik\u00e1nkat<\/a>.<\/div>\n<div class=\"wpcf7-response-output\" aria-hidden=\"true\"><\/div><\/form><\/div><\/p>\n","protected":false},"author":1,"featured_media":0,"parent":0,"menu_order":48,"comment_status":"closed","ping_status":"closed","template":"","meta":{"_et_pb_use_builder":"on","_et_pb_old_content":"","_et_gb_content_width":"","_mi_skip_tracking":false},"yoast_head":"<!-- This site is optimized with the Yoast SEO plugin v19.12 - https:\/\/yoast.com\/wordpress\/plugins\/seo\/ -->\n<title>Opt-out - BORA EGV Recruitment<\/title>\n<meta name=\"robots\" content=\"index, follow, max-snippet:-1, max-image-preview:large, max-video-preview:-1\" \/>\n<link rel=\"canonical\" href=\"https:\/\/www.boraconseil.com\/hu\/optout\/\" \/>\n<meta property=\"og:locale\" content=\"hu_HU\" \/>\n<meta property=\"og:type\" content=\"article\" \/>\n<meta property=\"og:title\" content=\"Opt-out - BORA EGV Recruitment\" \/>\n<meta property=\"og:description\" content=\"E-mail: info@boraconseil.com Tel: 00 36 20 33 59 692 Tel RO: 0040 259 211 121 Tel BG: 00359 893767761 Skype: conseil.bora\" \/>\n<meta property=\"og:url\" content=\"https:\/\/www.boraconseil.com\/hu\/optout\/\" \/>\n<meta property=\"og:site_name\" content=\"BORA EGV Recruitment\" \/>\n<meta property=\"article:modified_time\" content=\"2018-12-11T13:45:28+00:00\" \/>\n<meta property=\"og:image\" content=\"https:\/\/www.boraconseil.com\/wp-content\/uploads\/2018\/04\/logo-bora-egv-recruiting.png\" \/>\n<meta name=\"twitter:card\" content=\"summary_large_image\" \/>\n<meta name=\"twitter:label1\" content=\"Becs\u00fclt olvas\u00e1si id\u0151\" \/>\n\t<meta name=\"twitter:data1\" content=\"1 perc\" \/>\n<script type=\"application\/ld+json\" class=\"yoast-schema-graph\">{\"@context\":\"https:\/\/schema.org\",\"@graph\":[{\"@type\":\"WebPage\",\"@id\":\"https:\/\/www.boraconseil.com\/hu\/optout\/\",\"url\":\"https:\/\/www.boraconseil.com\/hu\/optout\/\",\"name\":\"Opt-out - BORA EGV Recruitment\",\"isPartOf\":{\"@id\":\"https:\/\/www.boraconseil.com\/fr\/#website\"},\"datePublished\":\"2018-05-30T09:22:30+00:00\",\"dateModified\":\"2018-12-11T13:45:28+00:00\",\"breadcrumb\":{\"@id\":\"https:\/\/www.boraconseil.com\/hu\/optout\/#breadcrumb\"},\"inLanguage\":\"hu\",\"potentialAction\":[{\"@type\":\"ReadAction\",\"target\":[\"https:\/\/www.boraconseil.com\/hu\/optout\/\"]}]},{\"@type\":\"BreadcrumbList\",\"@id\":\"https:\/\/www.boraconseil.com\/hu\/optout\/#breadcrumb\",\"itemListElement\":[{\"@type\":\"ListItem\",\"position\":1,\"name\":\"Home\",\"item\":\"https:\/\/www.boraconseil.com\/hu\/\"},{\"@type\":\"ListItem\",\"position\":2,\"name\":\"Opt-out\"}]},{\"@type\":\"WebSite\",\"@id\":\"https:\/\/www.boraconseil.com\/fr\/#website\",\"url\":\"https:\/\/www.boraconseil.com\/fr\/\",\"name\":\"BORA EGV Recruitment\",\"description\":\"\",\"potentialAction\":[{\"@type\":\"SearchAction\",\"target\":{\"@type\":\"EntryPoint\",\"urlTemplate\":\"https:\/\/www.boraconseil.com\/fr\/?s={search_term_string}\"},\"query-input\":\"required name=search_term_string\"}],\"inLanguage\":\"hu\"}]}<\/script>\n<!-- \/ Yoast SEO plugin. -->","yoast_head_json":{"title":"Opt-out - BORA EGV Recruitment","robots":{"index":"index","follow":"follow","max-snippet":"max-snippet:-1","max-image-preview":"max-image-preview:large","max-video-preview":"max-video-preview:-1"},"canonical":"https:\/\/www.boraconseil.com\/hu\/optout\/","og_locale":"hu_HU","og_type":"article","og_title":"Opt-out - BORA EGV Recruitment","og_description":"E-mail: info@boraconseil.com Tel: 00 36 20 33 59 692 Tel RO: 0040 259 211 121 Tel BG: 00359 893767761 Skype: conseil.bora","og_url":"https:\/\/www.boraconseil.com\/hu\/optout\/","og_site_name":"BORA EGV Recruitment","article_modified_time":"2018-12-11T13:45:28+00:00","og_image":[{"url":"https:\/\/www.boraconseil.com\/wp-content\/uploads\/2018\/04\/logo-bora-egv-recruiting.png"}],"twitter_card":"summary_large_image","twitter_misc":{"Becs\u00fclt olvas\u00e1si id\u0151":"1 perc"},"schema":{"@context":"https:\/\/schema.org","@graph":[{"@type":"WebPage","@id":"https:\/\/www.boraconseil.com\/hu\/optout\/","url":"https:\/\/www.boraconseil.com\/hu\/optout\/","name":"Opt-out - BORA EGV Recruitment","isPartOf":{"@id":"https:\/\/www.boraconseil.com\/fr\/#website"},"datePublished":"2018-05-30T09:22:30+00:00","dateModified":"2018-12-11T13:45:28+00:00","breadcrumb":{"@id":"https:\/\/www.boraconseil.com\/hu\/optout\/#breadcrumb"},"inLanguage":"hu","potentialAction":[{"@type":"ReadAction","target":["https:\/\/www.boraconseil.com\/hu\/optout\/"]}]},{"@type":"BreadcrumbList","@id":"https:\/\/www.boraconseil.com\/hu\/optout\/#breadcrumb","itemListElement":[{"@type":"ListItem","position":1,"name":"Home","item":"https:\/\/www.boraconseil.com\/hu\/"},{"@type":"ListItem","position":2,"name":"Opt-out"}]},{"@type":"WebSite","@id":"https:\/\/www.boraconseil.com\/fr\/#website","url":"https:\/\/www.boraconseil.com\/fr\/","name":"BORA EGV Recruitment","description":"","potentialAction":[{"@type":"SearchAction","target":{"@type":"EntryPoint","urlTemplate":"https:\/\/www.boraconseil.com\/fr\/?s={search_term_string}"},"query-input":"required name=search_term_string"}],"inLanguage":"hu"}]}},"_links":{"self":[{"href":"https:\/\/www.boraconseil.com\/hu\/wp-json\/wp\/v2\/pages\/2341"}],"collection":[{"href":"https:\/\/www.boraconseil.com\/hu\/wp-json\/wp\/v2\/pages"}],"about":[{"href":"https:\/\/www.boraconseil.com\/hu\/wp-json\/wp\/v2\/types\/page"}],"author":[{"embeddable":true,"href":"https:\/\/www.boraconseil.com\/hu\/wp-json\/wp\/v2\/users\/1"}],"replies":[{"embeddable":true,"href":"https:\/\/www.boraconseil.com\/hu\/wp-json\/wp\/v2\/comments?post=2341"}],"version-history":[{"count":0,"href":"https:\/\/www.boraconseil.com\/hu\/wp-json\/wp\/v2\/pages\/2341\/revisions"}],"wp:attachment":[{"href":"https:\/\/www.boraconseil.com\/hu\/wp-json\/wp\/v2\/media?parent=2341"}],"curies":[{"name":"wp","href":"https:\/\/api.w.org\/{rel}","templated":true}]}}