{"id":2338,"date":"2018-05-30T11:19:44","date_gmt":"2018-05-30T09:19:44","guid":{"rendered":"https:\/\/www.boraconseil.com\/?page_id=2338"},"modified":"2018-12-11T14:45:32","modified_gmt":"2018-12-11T13:45:32","slug":"adatvedelmi-politikankat","status":"publish","type":"page","link":"https:\/\/www.boraconseil.com\/hu\/adatvedelmi-politikankat\/","title":{"rendered":"Adatv\u00e9delmi Politik\u00e1nkat"},"content":{"rendered":"<div id=\u201cfb-root\u201d><\/div>\n<script>(function(d, s, id) {\n  var js, fjs = d.getElementsByTagName(s)[0];\n  if (d.getElementById(id)) return;\n  js = d.createElement(s); js.id = id;\n  js.src = 'https:\/\/connect.facebook.net\/hu\/sdk.js#xfbml=1&version=v3.0&appId=667263270282118&autoLogAppEvents=1';\n  fjs.parentNode.insertBefore(js, fjs);\n}(document, 'script', 'facebook-jssdk'));<\/script>\n<p>[et_pb_section bb_built=&#8221;1&#8243;][et_pb_row][et_pb_column type=&#8221;4_4&#8243;][et_pb_header _builder_version=&#8221;3.6&#8243; title=&#8221;Adatv\u00e9delmi politika Bora EGV Recruitment&#8221; scroll_down_icon_size_tablet=&#8221;50&#8243; subhead_font_size_tablet=&#8221;51&#8243; \/][et_pb_text _builder_version=&#8221;3.6&#8243;]<\/p>\n<p class=\"p1\"><span class=\"s1\"><b>Bevezet\u00e9s<\/b><\/span><\/p>\n<p class=\"p3\"><span class=\"s1\">A Bora EGV Recruitment orvosi szem\u00e9lyzet hat\u00e9kony \u00e9s szem\u00e9lyre szabott Franciaorsz\u00e1gba t\u00f6rt\u00e9n\u0151 toborz\u00e1s\u00e1ra szakosodott. Az \u00e1ll\u00e1slehet\u0151s\u00e9gek felkutat\u00e1sa sor\u00e1n k\u00e9pviselj\u00fck az orvosokat \u00e9s t\u00f6reksz\u00fcnk arra, hogy minden orvos szem\u00e9lyes \u00e9s szakmai c\u00e9ljait a lehet\u0151 legjobban meg\u00e9rts\u00fck annak \u00e9rdek\u00e9ben, hogy sz\u00e1mos \u00e1ll\u00e1saj\u00e1nlatunk k\u00f6z\u00fcl a legmegfelel\u0151bb munkalehet\u0151s\u00e9get tal\u00e1ljuk meg minden Jelentkez\u0151 sz\u00e1m\u00e1ra.<\/span><\/p>\n<p class=\"p3\"><span class=\"s1\">Ezzel egyidej\u0171leg a BORA EGV Recruitment a franciaorsz\u00e1gi eg\u00e9szs\u00e9g\u00fcgyi \u00e1gazat k\u00fcl\u00f6nb\u00f6z\u0151 szerepl\u0151inek megb\u00edzhat\u00f3 partnerek\u00e9nt ny\u00fajt tan\u00e1csad\u00e1si szolg\u00e1ltat\u00e1sokat a toborz\u00e1s \u00e9s emberi er\u0151forr\u00e1s ter\u00fclet\u00e9n.<\/span><\/p>\n<p class=\"p3\"><span class=\"s1\">Komolyan vessz\u00fck mind \u00dcgyfeleink, mind Jel\u00f6ltjeink szem\u00e9lyes adatainak v\u00e9delm\u00e9t, amely szolg\u00e1ltat\u00e1saink fejleszt\u00e9s\u00e9ben rendk\u00edv\u00fcli fontoss\u00e1g\u00fa elem. A sikeres kapcsolatok felt\u00e9tele a k\u00f6lcs\u00f6n\u00f6s bizalom, valamint a teljes \u00e1tl\u00e1that\u00f3s\u00e1g, amely az \u00d6n szem\u00e9lyes adatainak kezel\u00e9si m\u00f3dj\u00e1ra is kiterjed.<\/span><\/p>\n<p class=\"p3\"><span class=\"s1\">Adatainak kezel\u00e9se a 2018. m\u00e1jus 25-\u00e9n hat\u00e1lyba l\u00e9pett GDPR-rel, azaz az \u00faj eur\u00f3pai adatv\u00e9delmi rendelettel \u00f6sszhangban, az \u00d6n preferenci\u00e1it \u00e9s \u00fczleti k\u00f6vetelm\u00e9nyeit figyelembe v\u00e9ve t\u00f6rt\u00e9nik.<\/span><\/p>\n<p class=\"p3\"><span class=\"s1\">Legyen \u00d6n \u00dcgyfel\u00fcnk vagy Jel\u00f6lt\u00fcnk, biztos\u00edtjuk r\u00f3la, hogy ellen\u0151rz\u00e9se alatt tarthatja hogyan kezelj\u00fck, dolgozzuk fel \u00e9s t\u00e1roljuk adatait. <\/span><\/p>\n<p class=\"p3\"><span class=\"s1\"><b>Melyek forr\u00e1saink \u00e9s hogyan gy\u0171jt\u00fcnk adatokat?<\/b><\/span><\/p>\n<p class=\"p3\"><span class=\"s1\">A Bora EGV Recruitment-hez az \u00d6n szem\u00e9lyes adatai a k\u00f6vetkez\u0151k\u00e9ppen juthatnak el: amikor \u00d6n k\u00f6zvetlen\u00fcl a honlapunkon kereszt\u00fcl jelentkezik egy \u00e1ll\u00e1shirdet\u00e9sre; amikor \u00d6n olyan Jel\u00f6ltk\u00e9nt adja be hozz\u00e1nk jelentkez\u00e9s\u00e9t, aki \u00e1ll\u00e1skeres\u00e9ssel b\u00edz meg benn\u00fcnket; amikor mi keress\u00fck fel \u00d6nt \u00e1ll\u00e1saj\u00e1nlatokkal; amikor \u00d6n r\u00e9szt vesz valamely toborz\u00e1si esem\u00e9ny\u00fcnk\u00f6n; vagy b\u00e1rmely egy\u00e9b m\u00e1s m\u00f3don Jel\u00f6ltk\u00e9nt vagy \u00c1ll\u00e1skeres\u0151k\u00e9nt ker\u00fcl vel\u00fcnk kapcsolatba. <\/span><\/p>\n<p class=\"p3\"><span class=\"s1\">Amikor \u00d6n a Bora EGV Recruitment-n\u00e9l regisztr\u00e1l kifejezetten hozz\u00e1j\u00e1rul ahhoz, hogy szem\u00e9lyes adatait gy\u0171jts\u00fck, meg\u0151rizz\u00fck, haszn\u00e1ljuk, bele\u00e9rtve minden olyan \u00e9rz\u00e9keny inform\u00e1ci\u00f3t is, amelyr\u0151l \u00d6n \u00fagy d\u00f6nt\u00f6tt, hogy el\u00e9nk terjeszt.<span class=\"Apple-converted-space\">\u00a0 <\/span>A teljess\u00e9g ig\u00e9nye n\u00e9lk\u00fcl ezek a k\u00f6vetkez\u0151ek lehetnek: az \u00d6n neve, el\u00e9rhet\u0151s\u00e9gei, c\u00edme, k\u00e9pzetts\u00e9ge, szakmai tapasztalatai.<\/span><\/p>\n<p class=\"p3\"><span class=\"s1\">A telefonos vagy online besz\u00e9lget\u00e9seink, valamint a szem\u00e9lyes interj\u00fak sor\u00e1n munkatapasztalat\u00e1ra \u00e9s szakmai preferenci\u00e1ira vonatkoz\u00f3an gy\u0171jt\u00fcnk szem\u00e9lyes adatokat, amelyek azt\u00e1n az \u00d6n szem\u00e9lyi akt\u00e1j\u00e1ba ker\u00fclnek. Mindezen inform\u00e1ci\u00f3k seg\u00edts\u00e9g\u00e9vel tudjuk \u00d6nt t\u00e1mogatni az \u00e1ll\u00e1skeres\u00e9sben \u00e9s \u00edgy tudjuk el\u0151t\u00e9rbe helyezni er\u0151ss\u00e9geit. A regisztr\u00e1ci\u00f3 sor\u00e1n kifejezetten \u00d6n \u00e1ltal adott j\u00f3v\u00e1hagy\u00e1ssal enged\u00e9lyezi sz\u00e1munkra, hogy mindezen adatokat t\u00e1roljuk. <\/span><\/p>\n<p class=\"p3\"><span class=\"s1\">A Bora EGV Recruitment soha nem oszt meg szem\u00e9lyes adatokat vagy \u00f6n\u00e9letrajzot harmadik szem\u00e9llyel az \u00d6n kifejezett hozz\u00e1j\u00e1rul\u00e1sa n\u00e9lk\u00fcl. <\/span><\/p>\n<p class=\"p3\"><span class=\"s1\">A k\u00e9rt adatokat kiz\u00e1r\u00f3lag toborz\u00e1si c\u00e9lokra haszn\u00e1ljuk.<\/span><\/p>\n<p class=\"p3\"><span class=\"s1\">Amennyiben nem \u00e9rt egyet azzal, hogy a Bora EGV Recruitment az \u00d6n szem\u00e9lyes adatait t\u00e1rolja vagy nem szeretne beker\u00fclni adatb\u00e1zisunkba, arra k\u00e9rj\u00fck, hogy ne k\u00fcldj\u00f6n nek\u00fcnk \u00f6n\u00e9letrajzot semmif\u00e9le olyan \u00e1ll\u00e1slehet\u0151s\u00e9gre, amelyet a honlapunkon hirdet\u00fcnk.<span class=\"Apple-converted-space\">\u00a0 <\/span>Jelentkez\u00e9s\u00e9t csak abban az esetben tudjuk kezelni, amennyiben \u00d6n hozz\u00e1j\u00e1rul szem\u00e9lyes adatainak \u00e1ltalunk t\u00f6rt\u00e9n\u0151 kezel\u00e9s\u00e9hez \u00e9s t\u00e1rol\u00e1s\u00e1hoz. <\/span><\/p>\n<p class=\"p3\"><span class=\"s1\"><b>Cookie-k<\/b><\/span><\/p>\n<p class=\"p3\"><span class=\"s1\">Az eur\u00f3pai adatv\u00e9delmi rendelettel (GDPR) \u00f6sszhangban a Bora EGV Recruitment \u00e9rtes\u00edti \u00d6nt, hogy honlapunkon cookie-kat haszn\u00e1lunk annak \u00e9rdek\u00e9ben, hogy a lehet\u0151 legjobb felhaszn\u00e1l\u00f3i \u00e9lm\u00e9nyt ny\u00fajthassuk \u00d6nnek. <\/span><\/p>\n<p class=\"p3\"><span class=\"s1\">A cookie adatokat a b\u00f6ng\u00e9sz\u0151 t\u00e1rolja \u00e9s olyan funkci\u00f3kat t\u00f6lt be, mint p\u00e9ld\u00e1ul felismeri \u00d6nt, amikor \u00fajra a honlapra l\u00e1togat \u00e9s csapatunknak seg\u00edt meg\u00e9rteni, hogy a honlap mely szekci\u00f3i a leg\u00e9rdekesebbek, illetve a leghasznosabbak \u00d6nnek.<\/span><\/p>\n<p class=\"p3\"><span class=\"s1\">A cookie-kat a bal oldalon tal\u00e1lhat\u00f3 f\u00fclekre kattintva tudja be\u00e1ll\u00edtani.<\/span><\/p>\n<p class=\"p3\"><span class=\"s1\">T\u00f6bbet is megtudhat cookie politik\u00e1nkr\u00f3l itt:\u00a0<a href=\"\/hu\/cookie-politika\/\">Cookie politika<\/a>.<\/span><\/p>\n<p class=\"p3\"><span class=\"s1\"><b>Kapcsolat a Jel\u00f6ltekkel<\/b><\/span><\/p>\n<p class=\"p3\"><span class=\"s1\">Az adatb\u00e1zisunkban tal\u00e1lhat\u00f3 olyan Jel\u00f6ltekkel is tartjuk a kapcsolatot, akik nem keresnek akt\u00edvan \u00faj lehet\u0151s\u00e9get. Amikor \u00d6n honlapunkon kereszt\u00fcl kapcsolatba l\u00e9p a Bora EGV Recruitment-tel, egy n\u00e9gyzet bejel\u00f6l\u00e9s\u00e9vel jelzi, hogy egyet\u00e9rt adatainak honlapunk \u00e1ltal t\u00f6rt\u00e9n\u0151 t\u00e1rol\u00e1s\u00e1val \u00e9s kezel\u00e9s\u00e9vel. Ezzel hozz\u00e1j\u00e1rul ahhoz is, hogy felkeress\u00fck \u00d6nt, amennyiben a k\u00e9s\u0151bbiekben olyan poz\u00edci\u00f3t tudunk \u00d6nnek aj\u00e1nlani, amely szakmai terveinek megfelel.<\/span><\/p>\n<p class=\"p3\"><span class=\"s1\">Jel\u00f6ltjeink egy r\u00e9sz\u00e9vel rendszeresen kapcsolatban vagyunk, sokszor \u00e9vekkel azut\u00e1n is, hogy sikeresen elhelyezt\u00fck \u0151ket. Az \u00d6n j\u00f3v\u00e1hagy\u00e1sa azt jelenti, hogy beleegyezik szem\u00e9lyes adatainak megtart\u00e1s\u00e1ba \u00e9s t\u00e1rol\u00e1s\u00e1ba addig a pillanatig, ameddig \u00d6n \u00fagy nem rendelkezik, hogy regisztr\u00e1ci\u00f3j\u00e1nak az adatb\u00e1zisb\u00f3l val\u00f3 t\u00f6rl\u00e9s\u00e9re k\u00e9r benn\u00fcnket. <\/span><\/p>\n<p class=\"p3\"><span class=\"s1\">Ha \u00d6n k\u00f6zvetlen\u00fcl valamelyik toborz\u00e1si tan\u00e1csad\u00f3nkat keresi fel \u00e9s \u00e1ll\u00e1skeres\u00e9s tekintet\u00e9ben k\u00e9r konzult\u00e1ci\u00f3t, vagy egy poz\u00edci\u00f3ra jelentkezik, \u00d6n beleegyezik abba, hogy a Bora EGV Recruitment toborz\u00e1si c\u00e9lokra haszn\u00e1lja e-mailj\u00e9t \u00e9s az abban tal\u00e1lhat\u00f3 adatokat.<\/span><\/p>\n<p class=\"p3\"><span class=\"s1\">Ha kor\u00e1bban m\u00e1r elk\u00fcldte nek\u00fcnk adatait \u00e9s nem egyezik bele adatainak tov\u00e1bbi t\u00e1rol\u00e1s\u00e1ba \u00e9s kezel\u00e9s\u00e9be, honlapunkon haszn\u00e1lhatja az <a href=\"\/hu\/optout\/\">opt-out<\/a> funkci\u00f3t, illetve k\u00e9rj\u00fck, k\u00fcldj\u00f6n nek\u00fcnk e-mailt a k\u00f6vetkez\u0151 e-mail c\u00edmre:<span class=\"Apple-converted-space\">\u00a0 <\/span><a href=\"mailto:info@boraconseil.com\"><span class=\"s2\">info@boraconseil.com<\/span><\/a>.<\/span><\/p>\n<p class=\"p3\"><span class=\"s1\"><b>Az \u00d6n szem\u00e9lyes adatainak megv\u00e1ltoztat\u00e1sa, elt\u00e1vol\u00edt\u00e1sa vagy t\u00f6rl\u00e9se ir\u00e1nti k\u00e9relem<\/b><\/span><\/p>\n<p class=\"p3\"><span class=\"s1\">Amennyiben szem\u00e9lyes adatai \u00e9s\/vagy szakmai p\u00e1lyafut\u00e1sa tekintet\u00e9ben v\u00e1ltoztat\u00e1sokra lenne sz\u00fcks\u00e9g \u00e9s \u00d6n k\u00fcld nek\u00fcnk egy friss\u00edtett \u00f6n\u00e9letrajzot, a Bora EGV Recruitment v\u00e1llalja, hogy r\u00f6vid id\u0151n bel\u00fcl friss\u00edti akt\u00e1j\u00e1t. <\/span><\/p>\n<p class=\"p3\"><span class=\"s1\">A regisztr\u00e1ci\u00f3 t\u00f6rl\u00e9se ir\u00e1nti k\u00e9relem be\u00e9rkez\u00e9se ut\u00e1n a Bora EGV Recruitment biztos\u00edtja \u00d6nt, hogy akt\u00e1ja 30 napon bel\u00fcl t\u00f6rl\u00e9sre ker\u00fcl. Abban az esetben, ha kor\u00e1bban a Bora EGV Recruitment \u00d6nt\u0151l enged\u00e9lyt kapott szem\u00e9lyes adatai harmadik f\u00e9llel t\u00f6rt\u00e9n\u0151 megoszt\u00e1s\u00e1ra, meg fogjuk tenni a sz\u00fcks\u00e9ges l\u00e9p\u00e9seket, hogy az \u00dcgyfelet \u00e9rtes\u00edts\u00fck, amennyiben a t\u00f6rl\u00e9st megel\u0151z\u0151 6 h\u00f3napban zajlott a kommunik\u00e1ci\u00f3. <\/span><\/p>\n<p class=\"p3\"><span class=\"s1\">Az adatb\u00e1zisunkb\u00f3l t\u00f6rt\u00e9n\u0151 t\u00f6rl\u00e9s \u00e9rdek\u00e9ben \u00d6n egyszer\u0171en v\u00e1laszthatja az <a href=\"\/hu\/optout\/\">opt-out<\/a> funkci\u00f3t, vagy k\u00e9rj\u00fck, k\u00fcldj\u00f6n nek\u00fcnk e-mailt a k\u00f6vetkez\u0151 c\u00edmre: <a href=\"mailto:info@boraconseil.com\"><span class=\"s2\">info@boraconseil.com<\/span><\/a>.<\/span><\/p>\n<p class=\"p3\"><span class=\"s1\">Az e-mailben k\u00e9rj\u00fck pontos\u00edtsa, hogy a t\u00f6rl\u00e9st k\u00e9ri, ne egyszer\u0171en csak annyit jel\u00f6lj\u00f6n meg, hogy m\u00e1r nem \u00e1ll\u00e1skeres\u0151. <\/span><\/p>\n<p class=\"p3\"><span class=\"s1\"><b>Az adatok megs\u00e9rt\u00e9s\u00e9re vonatkoz\u00f3 bejelent\u00e9si k\u00f6telezetts\u00e9g <\/b><\/span><\/p>\n<p class=\"p3\"><span class=\"s1\">A Bora EGV Recruitment t\u00e1rolja \u00e9s kezeli az \u00f6n\u00e9letrajz\u00e1ban tal\u00e1lhat\u00f3 szem\u00e9lyes adatait. Tudat\u00e1ban vagyunk azon felel\u0151ss\u00e9g\u00fcnknek, hogy az \u00d6n szem\u00e9lyes adatait v\u00e9den\u00fcnk kell \u00e9s azokat csak az \u00d6n kifejezett beleegyez\u00e9s\u00e9vel oszthatjuk meg harmadik szem\u00e9lyekkel.<\/span><\/p>\n<p class=\"p3\"><span class=\"s1\">Rendszereink v\u00e9dettek \u00e9s csak a Bora EGV Recruitment csapata \u00e9s tan\u00e1csad\u00f3i f\u00e9rhetnek az akt\u00e1j\u00e1ban t\u00e1rolt inform\u00e1ci\u00f3khoz. <\/span><\/p>\n<p class=\"p3\"><span class=\"s1\">Abban a kev\u00e9ss\u00e9 val\u00f3sz\u00edn\u0171 esetben, ha az informatikai rendszereink m\u00e9gis vesz\u00e9lybe ker\u00fcln\u00e9nek \u00e9s felmer\u00fclne annak lehet\u0151s\u00e9ge, hogy a bizalmas adatkezel\u00e9s s\u00e9r\u00fclhet,<span class=\"Apple-converted-space\">\u00a0 <\/span>\u00e9rtes\u00edtj\u00fck \u00d6nt \u00e9s minden sz\u00fcks\u00e9ges int\u00e9zked\u00e9st megtesz\u00fcnk annak \u00e9rdek\u00e9ben, hogy szem\u00e9lyes adatainak biztons\u00e1g\u00e1t miel\u0151bb helyre\u00e1ll\u00edtsuk.<\/span><\/p>\n<p class=\"p3\"><span class=\"s1\"><b>Hozz\u00e1f\u00e9rhet\u0151s\u00e9g<\/b><\/span><\/p>\n<p class=\"p3\"><span class=\"s1\">A GDPR keretein bel\u00fcl \u00d6nnek jog\u00e1ban \u00e1ll szem\u00e9lyes adataihoz t\u00f6rt\u00e9n\u0151 hozz\u00e1f\u00e9r\u00e9st k\u00e9rni. Miut\u00e1n a Bora EGV Recruitment ellen\u0151rzi szem\u00e9lyazonoss\u00e1g\u00e1t, 30 napon bel\u00fcl kiadjuk \u00d6nnek a k\u00e9rt inform\u00e1ci\u00f3kat.<\/span><\/p>\n<p class=\"p3\"><span class=\"s1\">Amennyiben szem\u00e9lyes adataihoz szeretne hozz\u00e1f\u00e9rni, k\u00e9rj\u00fck l\u00e9pjen vel\u00fcnk kapcsolatba:<span class=\"Apple-converted-space\">\u00a0 <\/span><a href=\"mailto:info@boraconseil.com\"><span class=\"s2\">info@boraconseil.com<\/span><\/a>.<\/span><\/p>\n<p class=\"p3\"><span class=\"s1\">Illetve a k\u00f6vetkez\u0151 c\u00edmre is \u00edrhat nek\u00fcnk:<br \/>\n<\/span><span class=\"s1\">BORA Conseil Kft<br \/>\n<\/span><span class=\"s1\">1065 BUDAPEST<br \/>\n<\/span><span class=\"s1\">Nagymez\u0151 u. 47. 3.em.3.<\/span><\/p>\n<p class=\"p3\"><span class=\"s1\">Abban a kev\u00e9ss\u00e9 val\u00f3sz\u00edn\u0171 esetben, ha \u00fagy tal\u00e1ln\u00e1, hogy a Bora EGV Recruitment az \u00d6nre vonatkoz\u00f3 adatokat nem pontosan kezeli, k\u00e9rj\u00fck, azonnal l\u00e9pj\u00fcnk vel\u00fcnk kapcsolatba. 30 napon bel\u00fcl m\u00f3dos\u00edtjuk szem\u00e9lyes regisztr\u00e1ci\u00f3j\u00e1t.<\/span><\/p>\n<p class=\"p3\"><span class=\"s1\"><b>Panaszt\u00e9teli elj\u00e1r\u00e1s<\/b> <\/span><\/p>\n<p class=\"p3\"><span class=\"s1\">Amennyiben panaszt szeretne tenni annak vonatkoz\u00e1s\u00e1ban, ahogyan a Bora EGV Recruitment t\u00e1rolja vagy kezeli adatait, k\u00e9rj\u00fck, l\u00e9pjen vel\u00fcnk kapcsolatba: <a href=\"mailto:info@boraconseil.com\"><span class=\"s2\">info@boraconseil.com<\/span><\/a>.<\/span><\/p>\n<p class=\"p3\"><span class=\"s1\">Ezen k\u00edv\u00fcl a k\u00f6vetkez\u0151 c\u00edmre \u00edrva is el\u00e9rhet benn\u00fcnket:<br \/>\n<\/span><span class=\"s1\">BORA Conseil Kft,<br \/>\n<\/span><span class=\"s1\">1065 BUDAPEST<br \/>\n<\/span><span class=\"s1\">Nagymez\u0151 u. 47. 3.em.3.<\/span><\/p>\n<p class=\"p3\"><span class=\"s1\">Amennyiben \u00fagy \u00e9rzi, hogy t\u0151l\u00fcnk sem kap kiel\u00e9g\u00edt\u0151 v\u00e1laszt adatai kezel\u00e9s\u00e9vel kapcsolatosan, a Nemzeti Adatv\u00e9delmi \u00e9s Inform\u00e1ci\u00f3szabads\u00e1g Hat\u00f3s\u00e1ghoz fordulhat panasz\u00e1val:<br \/>\n<\/span><span class=\"s1\">Nemzeti Adatv\u00e9delmi \u00e9s Inform\u00e1ci\u00f3szabads\u00e1g Hat\u00f3s\u00e1g<br \/>\n<\/span><span class=\"s1\">1024 Budapest,<br \/>\n<\/span><span class=\"s1\">Szil\u00e1gyi Erzs\u00e9bet fasor 22\/C.<br \/>\n<\/span><span class=\"s1\">www.naih.hu<\/span><\/p>\n<p class=\"p3\"><span class=\"s1\"><b>Adatv\u00e9delmi szab\u00e1lyzat m\u00f3dos\u00edt\u00e1sa<\/b><\/span><\/p>\n<p class=\"p3\"><span class=\"s1\">Ezen Adatv\u00e9delmi Szab\u00e1lyzatot a Bora EGV Recruitment b\u00e1rmely pillanatban m\u00f3dos\u00edthatja. Az Adatv\u00e9delmi Szab\u00e1lyzat mindennem\u0171 m\u00f3dos\u00edt\u00e1sa friss\u00edt\u00e9sre ker\u00fcl a honlapunkon. Amennyiben b\u00e1rmilyen k\u00e9rd\u00e9se vagy probl\u00e9m\u00e1ja lenne, k\u00e9rj\u00fck vegye fel vel\u00fcnk a kapcsolatot: <a href=\"mailto:info@boraconseil.com\"><span class=\"s2\">info@boraconseil.com<\/span><\/a>.<\/span><\/p>\n<p>[\/et_pb_text][\/et_pb_column][\/et_pb_row][\/et_pb_section]<\/p>\n","protected":false},"excerpt":{"rendered":"<p><div class=\"et_pb_row et_pb_row_0 et_pb_row_empty\">\n\t\t\t\t\n\t\t\t\t\n\t\t\t\t\n\t\t\t\t\n\t\t\t\t\n\t\t\t<\/div> Bevezet\u00e9s A Bora EGV Recruitment orvosi szem\u00e9lyzet hat\u00e9kony \u00e9s szem\u00e9lyre szabott Franciaorsz\u00e1gba t\u00f6rt\u00e9n\u0151 toborz\u00e1s\u00e1ra szakosodott. Az \u00e1ll\u00e1slehet\u0151s\u00e9gek felkutat\u00e1sa sor\u00e1n k\u00e9pviselj\u00fck az orvosokat \u00e9s t\u00f6reksz\u00fcnk arra, hogy minden orvos szem\u00e9lyes \u00e9s szakmai c\u00e9ljait a lehet\u0151 legjobban meg\u00e9rts\u00fck annak \u00e9rdek\u00e9ben, hogy sz\u00e1mos \u00e1ll\u00e1saj\u00e1nlatunk k\u00f6z\u00fcl a legmegfelel\u0151bb munkalehet\u0151s\u00e9get tal\u00e1ljuk meg minden Jelentkez\u0151 sz\u00e1m\u00e1ra. Ezzel egyidej\u0171leg a BORA [&hellip;]<\/p>\n","protected":false},"author":1,"featured_media":0,"parent":0,"menu_order":63,"comment_status":"closed","ping_status":"closed","template":"","meta":{"_et_pb_use_builder":"on","_et_pb_old_content":"<p>...<\/p><p><strong>If you have sent us your data and no longer agree to the storage and handling of your data by this website you can\u00a0<a href=\"https:\/\/www.boraconseil.com\/en\/optout\/\">optout here<\/a>.<\/strong><\/p><p>\u00a0<\/p><p>\u00a0<\/p>","_et_gb_content_width":"","_mi_skip_tracking":false},"yoast_head":"<!-- This site is optimized with the Yoast SEO plugin v19.12 - https:\/\/yoast.com\/wordpress\/plugins\/seo\/ -->\n<title>Adatv\u00e9delmi Politik\u00e1nkat - BORA EGV Recruitment<\/title>\n<meta name=\"robots\" content=\"index, follow, max-snippet:-1, max-image-preview:large, max-video-preview:-1\" \/>\n<link rel=\"canonical\" href=\"https:\/\/www.boraconseil.com\/hu\/adatvedelmi-politikankat\/\" \/>\n<meta property=\"og:locale\" content=\"hu_HU\" \/>\n<meta property=\"og:type\" content=\"article\" \/>\n<meta property=\"og:title\" content=\"Adatv\u00e9delmi Politik\u00e1nkat - BORA EGV Recruitment\" \/>\n<meta property=\"og:description\" content=\"Bevezet\u00e9s A Bora EGV Recruitment orvosi szem\u00e9lyzet hat\u00e9kony \u00e9s szem\u00e9lyre szabott Franciaorsz\u00e1gba t\u00f6rt\u00e9n\u0151 toborz\u00e1s\u00e1ra szakosodott. Az \u00e1ll\u00e1slehet\u0151s\u00e9gek felkutat\u00e1sa sor\u00e1n k\u00e9pviselj\u00fck az orvosokat \u00e9s t\u00f6reksz\u00fcnk arra, hogy minden orvos szem\u00e9lyes \u00e9s szakmai c\u00e9ljait a lehet\u0151 legjobban meg\u00e9rts\u00fck annak \u00e9rdek\u00e9ben, hogy sz\u00e1mos \u00e1ll\u00e1saj\u00e1nlatunk k\u00f6z\u00fcl a legmegfelel\u0151bb munkalehet\u0151s\u00e9get tal\u00e1ljuk meg minden Jelentkez\u0151 sz\u00e1m\u00e1ra. Ezzel egyidej\u0171leg a BORA [&hellip;]\" \/>\n<meta property=\"og:url\" content=\"https:\/\/www.boraconseil.com\/hu\/adatvedelmi-politikankat\/\" \/>\n<meta property=\"og:site_name\" content=\"BORA EGV Recruitment\" \/>\n<meta property=\"article:modified_time\" content=\"2018-12-11T13:45:32+00:00\" \/>\n<meta name=\"twitter:card\" content=\"summary_large_image\" \/>\n<meta name=\"twitter:label1\" content=\"Becs\u00fclt olvas\u00e1si id\u0151\" \/>\n\t<meta name=\"twitter:data1\" content=\"9 perc\" \/>\n<script type=\"application\/ld+json\" class=\"yoast-schema-graph\">{\"@context\":\"https:\/\/schema.org\",\"@graph\":[{\"@type\":\"WebPage\",\"@id\":\"https:\/\/www.boraconseil.com\/hu\/adatvedelmi-politikankat\/\",\"url\":\"https:\/\/www.boraconseil.com\/hu\/adatvedelmi-politikankat\/\",\"name\":\"Adatv\u00e9delmi Politik\u00e1nkat - BORA EGV Recruitment\",\"isPartOf\":{\"@id\":\"https:\/\/www.boraconseil.com\/fr\/#website\"},\"datePublished\":\"2018-05-30T09:19:44+00:00\",\"dateModified\":\"2018-12-11T13:45:32+00:00\",\"breadcrumb\":{\"@id\":\"https:\/\/www.boraconseil.com\/hu\/adatvedelmi-politikankat\/#breadcrumb\"},\"inLanguage\":\"hu\",\"potentialAction\":[{\"@type\":\"ReadAction\",\"target\":[\"https:\/\/www.boraconseil.com\/hu\/adatvedelmi-politikankat\/\"]}]},{\"@type\":\"BreadcrumbList\",\"@id\":\"https:\/\/www.boraconseil.com\/hu\/adatvedelmi-politikankat\/#breadcrumb\",\"itemListElement\":[{\"@type\":\"ListItem\",\"position\":1,\"name\":\"Home\",\"item\":\"https:\/\/www.boraconseil.com\/hu\/\"},{\"@type\":\"ListItem\",\"position\":2,\"name\":\"Adatv\u00e9delmi Politik\u00e1nkat\"}]},{\"@type\":\"WebSite\",\"@id\":\"https:\/\/www.boraconseil.com\/fr\/#website\",\"url\":\"https:\/\/www.boraconseil.com\/fr\/\",\"name\":\"BORA EGV Recruitment\",\"description\":\"\",\"potentialAction\":[{\"@type\":\"SearchAction\",\"target\":{\"@type\":\"EntryPoint\",\"urlTemplate\":\"https:\/\/www.boraconseil.com\/fr\/?s={search_term_string}\"},\"query-input\":\"required name=search_term_string\"}],\"inLanguage\":\"hu\"}]}<\/script>\n<!-- \/ Yoast SEO plugin. -->","yoast_head_json":{"title":"Adatv\u00e9delmi Politik\u00e1nkat - BORA EGV Recruitment","robots":{"index":"index","follow":"follow","max-snippet":"max-snippet:-1","max-image-preview":"max-image-preview:large","max-video-preview":"max-video-preview:-1"},"canonical":"https:\/\/www.boraconseil.com\/hu\/adatvedelmi-politikankat\/","og_locale":"hu_HU","og_type":"article","og_title":"Adatv\u00e9delmi Politik\u00e1nkat - BORA EGV Recruitment","og_description":"Bevezet\u00e9s A Bora EGV Recruitment orvosi szem\u00e9lyzet hat\u00e9kony \u00e9s szem\u00e9lyre szabott Franciaorsz\u00e1gba t\u00f6rt\u00e9n\u0151 toborz\u00e1s\u00e1ra szakosodott. Az \u00e1ll\u00e1slehet\u0151s\u00e9gek felkutat\u00e1sa sor\u00e1n k\u00e9pviselj\u00fck az orvosokat \u00e9s t\u00f6reksz\u00fcnk arra, hogy minden orvos szem\u00e9lyes \u00e9s szakmai c\u00e9ljait a lehet\u0151 legjobban meg\u00e9rts\u00fck annak \u00e9rdek\u00e9ben, hogy sz\u00e1mos \u00e1ll\u00e1saj\u00e1nlatunk k\u00f6z\u00fcl a legmegfelel\u0151bb munkalehet\u0151s\u00e9get tal\u00e1ljuk meg minden Jelentkez\u0151 sz\u00e1m\u00e1ra. Ezzel egyidej\u0171leg a BORA [&hellip;]","og_url":"https:\/\/www.boraconseil.com\/hu\/adatvedelmi-politikankat\/","og_site_name":"BORA EGV Recruitment","article_modified_time":"2018-12-11T13:45:32+00:00","twitter_card":"summary_large_image","twitter_misc":{"Becs\u00fclt olvas\u00e1si id\u0151":"9 perc"},"schema":{"@context":"https:\/\/schema.org","@graph":[{"@type":"WebPage","@id":"https:\/\/www.boraconseil.com\/hu\/adatvedelmi-politikankat\/","url":"https:\/\/www.boraconseil.com\/hu\/adatvedelmi-politikankat\/","name":"Adatv\u00e9delmi Politik\u00e1nkat - BORA EGV Recruitment","isPartOf":{"@id":"https:\/\/www.boraconseil.com\/fr\/#website"},"datePublished":"2018-05-30T09:19:44+00:00","dateModified":"2018-12-11T13:45:32+00:00","breadcrumb":{"@id":"https:\/\/www.boraconseil.com\/hu\/adatvedelmi-politikankat\/#breadcrumb"},"inLanguage":"hu","potentialAction":[{"@type":"ReadAction","target":["https:\/\/www.boraconseil.com\/hu\/adatvedelmi-politikankat\/"]}]},{"@type":"BreadcrumbList","@id":"https:\/\/www.boraconseil.com\/hu\/adatvedelmi-politikankat\/#breadcrumb","itemListElement":[{"@type":"ListItem","position":1,"name":"Home","item":"https:\/\/www.boraconseil.com\/hu\/"},{"@type":"ListItem","position":2,"name":"Adatv\u00e9delmi Politik\u00e1nkat"}]},{"@type":"WebSite","@id":"https:\/\/www.boraconseil.com\/fr\/#website","url":"https:\/\/www.boraconseil.com\/fr\/","name":"BORA EGV Recruitment","description":"","potentialAction":[{"@type":"SearchAction","target":{"@type":"EntryPoint","urlTemplate":"https:\/\/www.boraconseil.com\/fr\/?s={search_term_string}"},"query-input":"required name=search_term_string"}],"inLanguage":"hu"}]}},"_links":{"self":[{"href":"https:\/\/www.boraconseil.com\/hu\/wp-json\/wp\/v2\/pages\/2338"}],"collection":[{"href":"https:\/\/www.boraconseil.com\/hu\/wp-json\/wp\/v2\/pages"}],"about":[{"href":"https:\/\/www.boraconseil.com\/hu\/wp-json\/wp\/v2\/types\/page"}],"author":[{"embeddable":true,"href":"https:\/\/www.boraconseil.com\/hu\/wp-json\/wp\/v2\/users\/1"}],"replies":[{"embeddable":true,"href":"https:\/\/www.boraconseil.com\/hu\/wp-json\/wp\/v2\/comments?post=2338"}],"version-history":[{"count":0,"href":"https:\/\/www.boraconseil.com\/hu\/wp-json\/wp\/v2\/pages\/2338\/revisions"}],"wp:attachment":[{"href":"https:\/\/www.boraconseil.com\/hu\/wp-json\/wp\/v2\/media?parent=2338"}],"curies":[{"name":"wp","href":"https:\/\/api.w.org\/{rel}","templated":true}]}}