{"id":2244,"date":"2018-05-30T00:36:26","date_gmt":"2018-05-29T22:36:26","guid":{"rendered":"https:\/\/www.boraconseil.com\/?page_id=2244"},"modified":"2019-08-09T14:17:16","modified_gmt":"2019-08-09T12:17:16","slug":"gyakori-kerdesek","status":"publish","type":"page","link":"https:\/\/www.boraconseil.com\/hu\/gyakori-kerdesek\/","title":{"rendered":"Gyakori k\u00e9rd\u00e9sek"},"content":{"rendered":"<div id=\u201cfb-root\u201d><\/div>\n<script>(function(d, s, id) {\n  var js, fjs = d.getElementsByTagName(s)[0];\n  if (d.getElementById(id)) return;\n  js = d.createElement(s); js.id = id;\n  js.src = 'https:\/\/connect.facebook.net\/hu\/sdk.js#xfbml=1&version=v3.0&appId=667263270282118&autoLogAppEvents=1';\n  fjs.parentNode.insertBefore(js, fjs);\n}(document, 'script', 'facebook-jssdk'));<\/script>\n<p>[et_pb_section fb_built=&#8221;1&#8243; _builder_version=&#8221;3.22.3&#8243;][et_pb_row _builder_version=&#8221;3.22.3&#8243; background_size=&#8221;initial&#8221; background_position=&#8221;top_left&#8221; background_repeat=&#8221;repeat&#8221;][et_pb_column type=&#8221;4_4&#8243; _builder_version=&#8221;3.0.47&#8243;][et_pb_header title=&#8221;Gyakori k\u00e9rd\u00e9sek&#8221; text_orientation=&#8221;center&#8221; scroll_down_icon_size_tablet=&#8221;50&#8243; admin_label=&#8221;Page Title&#8221; _builder_version=&#8221;3.4.1&#8243; title_font=&#8221;|800|on|on|||||&#8221; title_text_align=&#8221;center&#8221; title_text_color=&#8221;#00ade3&#8243; title_font_size=&#8221;34px&#8221; subhead_font=&#8221;||on||||||&#8221; subhead_font_size=&#8221;18&#8243; subhead_font_size_tablet=&#8221;51&#8243;][\/et_pb_header][et_pb_text _builder_version=&#8221;3.4.1&#8243;]<\/p>\n<p><span style=\"color: #39b049;\"><strong>1. Melyek a kiv\u00e1laszt\u00e1s felt\u00e9telei?<\/strong><\/span><\/p>\n<ul>\n<li class=\"li1\"><span class=\"s2\">Olyan szem\u00e9ly, aki az Eur\u00f3pai Uni\u00f3 ter\u00fclet\u00e9r\u0151l sz\u00e1rmazik vagy b\u00e1rmely EU orsz\u00e1gban hossz\u00fa t\u00e1v\u00fa tart\u00f3zkod\u00e1si enged\u00e9llyel rendelkezik vagy EU-s \u00e1llampolg\u00e1r h\u00e1zast\u00e1rsa vagy olyan orsz\u00e1gb\u00f3l \u00e9rkezik, amellyel kor\u00e1bban Franciaorsz\u00e1g munkav\u00e1llal\u00f3-cser\u00e9re vonatkoz\u00f3 meg\u00e1llapod\u00e1st k\u00f6t\u00f6tt,<\/span><\/li>\n<li class=\"li1\"><span class=\"s2\">Az Eur\u00f3pai Uni\u00f3 b\u00e1rmely tagorsz\u00e1g\u00e1b\u00f3l sz\u00e1rmaz\u00f3 Orvosdoktori Diplom\u00e1val \u00e9s Szakorvosi Bizony\u00edtv\u00e1nnyal rendelkezik<span class=\"Apple-converted-space\">\u00a0 <\/span>(2005\/36\/EK Ir\u00e1nyelv),\u00a0<\/span><\/li>\n<li class=\"li1\"><span class=\"s2\">A Francia Orvosi Kamar\u00e1n\u00e1l beiratkozott vagy beirathat\u00f3.<\/span><\/li>\n<\/ul>\n<p><span style=\"color: #39b049;\"><strong>2. Sz\u00fcks\u00e9ges-e a francia nyelv ismerete?<\/strong><\/span><\/p>\n<p>Minden munkav\u00e1llal\u00e1si c\u00e9llal Franciaorsz\u00e1gba jelentkez\u0151 orvosnak el\u00e9g j\u00f3l kell besz\u00e9lnie francia nyelven ahhoz, hogy k\u00e9pes legyen r\u00e9szt venni a munkaad\u00f3val t\u00f6rt\u00e9n\u0151 \u00e1ll\u00e1sinterj\u00fan \u00e9s megfelel\u0151en tudjon kommunik\u00e1lni a betegekkel. (Egyel\u0151re sem a Francia Hat\u00f3s\u00e1gok, sem a K\u00f3rh\u00e1zak nem k\u00f6vetelnek nyelvvizsga-bizony\u00edtv\u00e1nyt.)<\/p>\n<p><span style=\"color: #39b049;\"><strong>3. Mennyit keres egy Orvos?<\/strong><\/span><\/p>\n<p class=\"p1\"><span class=\"s1\">A franciaorsz\u00e1gi K\u00f6zk\u00f3rh\u00e1zakban 4800 EUR havi brutt\u00f3 b\u00e9rrel kezd\u0151dik a fizet\u00e9s, amelyhez hozz\u00e1 kell sz\u00e1m\u00edtani a j\u00f3l-megfizetett \u00fcgyeleti d\u00edjakat. <\/span><\/p>\n<p class=\"p1\"><span class=\"s1\">A K\u00f3rh\u00e1zak minden Jelentkez\u0151 r\u00e9sz\u00e9re annak szakmai tud\u00e1s\u00e1t \u00e9s tapasztalatait figyelembe v\u00e9ve k\u00edn\u00e1lnak szerz\u0151d\u00e9st \u00e9s fizet\u00e9st. <\/span><\/p>\n<p class=\"p1\"><span class=\"s1\">Klinik\u00e1n \u00e9s\/vagy mag\u00e1npraxisban dolgoz\u00f3 Szakorvos havonta 8-9000 brutt\u00f3 b\u00e9rre sz\u00e1m\u00edthat, de vannak egyes hi\u00e1nyszakm\u00e1kban (Radiol\u00f3gia, Aneszteziol\u00f3gia, Gasztroenterol\u00f3gia) dolgoz\u00f3 olyan Jel\u00f6ltjeink, akik havi 12000-13000 EUR-t vagy ann\u00e1l is t\u00f6bbet keresnek.<\/span><\/p>\n<p class=\"p1\"><span class=\"s1\">Franciaorsz\u00e1gban 18% automatikusan levon\u00e1sra ker\u00fcl minden h\u00f3napban a brutt\u00f3 munkab\u00e9rb\u0151l (t\u00e1rsadalombiztos\u00edt\u00e1si hozz\u00e1j\u00e1rul\u00e1s stb.). 2019. janu\u00e1r 1-je \u00f3ta a brutt\u00f3 munkab\u00e9rb\u0151l havonta vonj\u00e1k le az \u201cIRPP\u201d-nek nevezett szem\u00e9lyi j\u00f6vedelemad\u00f3t is, amely felt\u00fcntet\u00e9sre ker\u00fcl a munkav\u00e1llal\u00f3 havi fizet\u00e9si jegyz\u00e9k\u00e9n \u00e9s 10-15% tov\u00e1bbi levon\u00e1st jelent a brutt\u00f3 b\u00e9rb\u0151l. Ennek m\u00e9rt\u00e9ke az ad\u00f3fizet\u0151 szem\u00e9lyes \u00e9s csal\u00e1di helyzete alapj\u00e1n ker\u00fcl meghat\u00e1roz\u00e1sra (munkab\u00e9r, csal\u00e1di \u00e1llapot, gyermekek sz\u00e1ma, stb.)<\/span><\/p>\n<p><span style=\"color: #39b049;\"><strong>4, Ki foglalkozik a munk\u00e1ba \u00e1ll\u00e1shoz sz\u00fcks\u00e9ges dokumentumokkal?<\/strong><\/span><\/p>\n<p class=\"p1\"><span class=\"s1\">Minden adminisztrat\u00edv l\u00e9p\u00e9s sor\u00e1n tan\u00e1csokkal l\u00e1tjuk el \u00d6nt annak \u00e9rdek\u00e9ben, hogy a K\u00f3rh\u00e1z \u00e9s a Francia Hat\u00f3s\u00e1gok \u00e1ltal megk\u00f6vetelt iratokat miel\u0151bb beszerezhesse. Lebonyol\u00edtjuk a szakmai k\u00e9pes\u00edt\u00e9seinek elismertet\u00e9s\u00e9vel kapcsolatos formalit\u00e1sokat \u00e9s a Francia Orvosi Kamar\u00e1n\u00e1l t\u00f6rt\u00e9n\u0151 beiratkoz\u00e1st. <\/span><\/p>\n<p class=\"p1\"><span class=\"s1\">Tal\u00e1lkoz\u00f3t szervez\u00fcnk \u00d6nnek az illet\u00e9kes Megyei Orvosi Kamara egyik k\u00e9pvisel\u0151j\u00e9vel arra az id\u0151szakra, amikor el\u0151sz\u00f6r tesz l\u00e1togat\u00e1st a Munkaad\u00f3n\u00e1l.<\/span><\/p>\n<p><span style=\"color: #39b049;\"><strong>5. Szerveznek nyelvtanfolyamokat?<\/strong><\/span><\/p>\n<p>Nem, mi nem, de sz\u00edvesen aj\u00e1nlunk \u00d6nnek kompetens szakembereket.<\/p>\n<p><span style=\"color: #39b049;\"><strong>6. Melyek a kiv\u00e1laszt\u00e1si folyamat l\u00e9p\u00e9sei?<\/strong><\/span><\/p>\n<p class=\"p1\"><span class=\"s1\">Miut\u00e1n megkaptuk \u00f6n\u00e9letrajz\u00e1t, felvessz\u00fck \u00d6nnel a kapcsolatot telefonon annak meghat\u00e1roz\u00e1s\u00e1ra, hogy melyek az \u00d6n priorit\u00e1sai \u00e9s sz\u00fcks\u00e9gletei. <\/span><\/p>\n<p class=\"p1\"><span class=\"s1\">Azt\u00e1n egy olyan interj\u00fat szervez\u00fcnk, amikor t\u00f6bbek k\u00f6z\u00f6tt meggy\u0151z\u0151d\u00fcnk arr\u00f3l, hogy francia nyelvtud\u00e1sa megfelel\u0151-e. <\/span><\/p>\n<p class=\"p1\"><span class=\"s1\">A k\u00f6vetkez\u0151 l\u00e9p\u00e9s egy telefonos vagy online \u00e1ll\u00e1sinterj\u00fa a franciaorsz\u00e1gi Munkaad\u00f3val, akit \u00e1ltal\u00e1ban maga az Igazgat\u00f3, vagy az Orvosi \u00dcgyek\u00e9rt felel\u0151s Igazgat\u00f3 \/ a Hum\u00e1n Er\u0151forr\u00e1s Igazgat\u00f3 \u00e9s az illet\u00e9kes Oszt\u00e1lyvezet\u0151 F\u0151orvos k\u00e9pvisel.\u00a0<\/span><\/p>\n<p class=\"p1\"><span class=\"s1\">Sikeres interj\u00fa eset\u00e9n megszervezz\u00fck \u00d6nnek a Munkaad\u00f3n\u00e1l t\u00f6rt\u00e9n\u0151 l\u00e1togat\u00e1s\u00e1t.<\/span><\/p>\n<p class=\"p1\"><span class=\"s1\">Ezzel p\u00e1rhuzamosan lebonyol\u00edtjuk a szakmai k\u00e9pes\u00edt\u00e9seinek elismertet\u00e9s\u00e9vel kapcsolatos formalit\u00e1sokat \u00e9s a Francia Orvosi Kamar\u00e1n\u00e1l t\u00f6rt\u00e9n\u0151 beiratkoz\u00e1st.<\/span><\/p>\n<p class=\"p1\"><span class=\"s1\">Sikeres l\u00e1togat\u00e1s eset\u00e9n \u00e9s amint felv\u00e9telt nyer az Orvosi Kamar\u00e1ba, megkezdheti a munk\u00e1t. <\/span><\/p>\n<p><span style=\"color: #39b049;\"><strong>7. Mennyi ideig tart ez a folyamat?<\/strong><\/span><\/p>\n<p>Olyan szem\u00e9ly eset\u00e9ben, aki j\u00f3l besz\u00e9l francia nyelven \u00e9s minden sz\u00fcks\u00e9ges irattal rendelkezik, az els\u0151 interj\u00fat\u00f3l sz\u00e1m\u00edtott 3 h\u00f3napon bel\u00fcl munk\u00e1ba \u00e1llhat.<br \/> K\u00e9rj\u00fck, vegye figyelembe, hogy vannak olyan adminisztrat\u00edv szempontok, amelyek megnehez\u00edthetik a dokumentumok beszerz\u00e9s\u00e9t \u00e9s amely az eredeti 3 h\u00f3napos hat\u00e1rid\u0151t tov\u00e1bbi 3 h\u00f3nappal meghosszabb\u00edthatja.<\/p>\n<p><span style=\"color: #39b049;\"><strong>8. Milyen tarif\u00e1kkal dolgoznak?<\/strong><\/span><\/p>\n<p>A Jel\u00f6ltekt\u0151l nem k\u00e9r\u00fcnk semmif\u00e9le jutal\u00e9kot.<\/p>\n<p><span style=\"color: #39b049;\"><strong>9. Milyen munkalehet\u0151s\u00e9geket k\u00edn\u00e1lnak?<\/strong><\/span><\/p>\n<p><strong><a style=\"color: #2ea3f2;\" href=\"\/hu\/allasajanlatok\/\">\u00c1LL\u00c1SAJ\u00c1NLATOK.<\/a><\/strong><\/p>\n<p>[\/et_pb_text][et_pb_button button_url=&#8221;\/hu\/kapcsolat\/&#8221; button_text=&#8221;JELENTKEZZEN&#8221; button_alignment=&#8221;center&#8221; admin_label=&#8221;Apply Button&#8221; _builder_version=&#8221;3.16&#8243; custom_button=&#8221;on&#8221; button_text_size=&#8221;22&#8243; button_bg_color=&#8221;#24b14a&#8221; button_border_color=&#8221;#24b14a&#8221; background_layout=&#8221;dark&#8221; animation_style=&#8221;bounce&#8221; button_text_color_hover=&#8221;#24b14a&#8221; global_module=&#8221;2207&#8243; saved_tabs=&#8221;all&#8221; button_text_size__hover_enabled=&#8221;off&#8221; button_one_text_size__hover_enabled=&#8221;off&#8221; button_two_text_size__hover_enabled=&#8221;off&#8221; button_text_color__hover_enabled=&#8221;on&#8221; button_text_color__hover=&#8221;#24b14a&#8221; button_one_text_color__hover_enabled=&#8221;off&#8221; button_two_text_color__hover_enabled=&#8221;off&#8221; button_border_width__hover_enabled=&#8221;off&#8221; button_one_border_width__hover_enabled=&#8221;off&#8221; button_two_border_width__hover_enabled=&#8221;off&#8221; button_border_color__hover_enabled=&#8221;off&#8221; button_one_border_color__hover_enabled=&#8221;off&#8221; button_two_border_color__hover_enabled=&#8221;off&#8221; button_border_radius__hover_enabled=&#8221;off&#8221; button_one_border_radius__hover_enabled=&#8221;off&#8221; button_two_border_radius__hover_enabled=&#8221;off&#8221; button_letter_spacing__hover_enabled=&#8221;off&#8221; button_one_letter_spacing__hover_enabled=&#8221;off&#8221; button_two_letter_spacing__hover_enabled=&#8221;off&#8221; button_bg_color__hover_enabled=&#8221;off&#8221; button_one_bg_color__hover_enabled=&#8221;off&#8221; button_two_bg_color__hover_enabled=&#8221;off&#8221;][\/et_pb_button][\/et_pb_column][\/et_pb_row][\/et_pb_section][et_pb_section fb_built=&#8221;1&#8243; _builder_version=&#8221;3.4.1&#8243; background_color=&#8221;#f6f6f6&#8243; global_module=&#8221;2213&#8243;][et_pb_row _builder_version=&#8221;3.22.3&#8243; background_size=&#8221;initial&#8221; background_position=&#8221;top_left&#8221; background_repeat=&#8221;repeat&#8221;][et_pb_column type=&#8221;4_4&#8243; _builder_version=&#8221;3.0.47&#8243;][et_pb_text _builder_version=&#8221;3.4.1&#8243; text_font=&#8221;|800|||||||&#8221; text_text_color=&#8221;#00ade3&#8243; header_2_font=&#8221;|800|||||||&#8221; header_2_text_align=&#8221;center&#8221; header_2_text_color=&#8221;#00ade3&#8243; header_2_font_size=&#8221;32px&#8221;]<\/p>\n<h2 style=\"text-align: center;\"><a href=\"\/hu\/sikertortenetek\/\"><em>SIKERT\u00d6RT\u00c9NETEK<\/em><\/a><\/h2>\n<p>[\/et_pb_text][et_pb_success_story fullwidth=&#8221;off&#8221; posts_number=&#8221;4&#8243; show_title=&#8221;off&#8221; show_pagination=&#8221;off&#8221; module_class=&#8221;testimonials3&#8243; _builder_version=&#8221;3.8.1&#8243; title_font_size_tablet=&#8221;51&#8243; title_line_height_tablet=&#8221;2&#8243; caption_font_size_tablet=&#8221;51&#8243; caption_line_height_tablet=&#8221;2&#8243; pagination_font_size_tablet=&#8221;51&#8243; pagination_line_height_tablet=&#8221;2&#8243;][\/et_pb_success_story][\/et_pb_column][\/et_pb_row][\/et_pb_section][et_pb_section fb_built=&#8221;1&#8243; _builder_version=&#8221;3.4.1&#8243; global_module=&#8221;2215&#8243;][et_pb_row _builder_version=&#8221;3.22.3&#8243;][et_pb_column type=&#8221;1_3&#8243; _builder_version=&#8221;3.0.47&#8243;][et_pb_text _builder_version=&#8221;3.4.1&#8243; text_font=&#8221;|800|||||||&#8221; text_text_color=&#8221;#00ade3&#8243; header_2_font=&#8221;|800|||||||&#8221; header_2_text_color=&#8221;#00ade3&#8243; header_2_font_size=&#8221;32px&#8221;]<\/p>\n<h2 style=\"text-align: left;\"><a href=\"\/hu\/allasajanlatok\/\"><em>HOT JOBS<\/em><\/a><\/h2>\n<p>[\/et_pb_text][et_pb_job posts_number=&#8221;5&#8243; only_hot_jobs=&#8221;on&#8221; show_title=&#8221;off&#8221; show_categories=&#8221;off&#8221; show_pagination=&#8221;off&#8221; _builder_version=&#8221;3.1&#8243; title_font_size_tablet=&#8221;51&#8243; title_line_height_tablet=&#8221;2&#8243; caption_font_size_tablet=&#8221;51&#8243; caption_line_height_tablet=&#8221;2&#8243; pagination_font_size_tablet=&#8221;51&#8243; pagination_line_height_tablet=&#8221;2&#8243;][\/et_pb_job][et_pb_button button_url=&#8221;\/hu\/kapcsolat\/&#8221; button_text=&#8221;JELENTKEZZEN&#8221; button_alignment=&#8221;left&#8221; admin_label=&#8221;Apply Button&#8221; _builder_version=&#8221;3.16&#8243; custom_button=&#8221;on&#8221; button_bg_color=&#8221;#24b14a&#8221; button_border_color=&#8221;#24b14a&#8221; background_layout=&#8221;dark&#8221; animation_style=&#8221;bounce&#8221; button_text_color_hover=&#8221;#24b14a&#8221; button_text_size__hover_enabled=&#8221;off&#8221; button_one_text_size__hover_enabled=&#8221;off&#8221; button_two_text_size__hover_enabled=&#8221;off&#8221; button_text_color__hover_enabled=&#8221;on&#8221; button_text_color__hover=&#8221;#24b14a&#8221; button_one_text_color__hover_enabled=&#8221;off&#8221; button_two_text_color__hover_enabled=&#8221;off&#8221; button_border_width__hover_enabled=&#8221;off&#8221; button_one_border_width__hover_enabled=&#8221;off&#8221; button_two_border_width__hover_enabled=&#8221;off&#8221; button_border_color__hover_enabled=&#8221;off&#8221; button_one_border_color__hover_enabled=&#8221;off&#8221; button_two_border_color__hover_enabled=&#8221;off&#8221; button_border_radius__hover_enabled=&#8221;off&#8221; button_one_border_radius__hover_enabled=&#8221;off&#8221; button_two_border_radius__hover_enabled=&#8221;off&#8221; button_letter_spacing__hover_enabled=&#8221;off&#8221; button_one_letter_spacing__hover_enabled=&#8221;off&#8221; button_two_letter_spacing__hover_enabled=&#8221;off&#8221; button_bg_color__hover_enabled=&#8221;off&#8221; button_one_bg_color__hover_enabled=&#8221;off&#8221; button_two_bg_color__hover_enabled=&#8221;off&#8221;][\/et_pb_button][\/et_pb_column][et_pb_column type=&#8221;2_3&#8243; _builder_version=&#8221;3.0.47&#8243;][et_pb_text _builder_version=&#8221;3.0.106&#8243; text_font=&#8221;|800|||||||&#8221; text_text_color=&#8221;#00ade3&#8243; header_2_font=&#8221;|800|||||||&#8221; header_2_text_color=&#8221;#00ade3&#8243; header_2_font_size=&#8221;32px&#8221;]<\/p>\n<h2 style=\"text-align: left;\"><em>BLOG<\/em><\/h2>\n<p>[\/et_pb_text][et_pb_blog posts_number=&#8221;2&#8243; show_author=&#8221;off&#8221; show_date=&#8221;off&#8221; show_categories=&#8221;off&#8221; _builder_version=&#8221;3.0.106&#8243; header_text_color=&#8221;#24b14a&#8221; pagination_font_size_tablet=&#8221;51&#8243; pagination_line_height_tablet=&#8221;2&#8243;][\/et_pb_blog][\/et_pb_column][\/et_pb_row][\/et_pb_section]<\/p>\n","protected":false},"excerpt":{"rendered":"<p>1. Melyek a kiv\u00e1laszt\u00e1s felt\u00e9telei? Olyan szem\u00e9ly, aki az Eur\u00f3pai Uni\u00f3 ter\u00fclet\u00e9r\u0151l sz\u00e1rmazik vagy b\u00e1rmely EU orsz\u00e1gban hossz\u00fa t\u00e1v\u00fa tart\u00f3zkod\u00e1si enged\u00e9llyel rendelkezik vagy EU-s \u00e1llampolg\u00e1r h\u00e1zast\u00e1rsa vagy olyan orsz\u00e1gb\u00f3l \u00e9rkezik, amellyel kor\u00e1bban Franciaorsz\u00e1g munkav\u00e1llal\u00f3-cser\u00e9re vonatkoz\u00f3 meg\u00e1llapod\u00e1st k\u00f6t\u00f6tt, Az Eur\u00f3pai Uni\u00f3 b\u00e1rmely tagorsz\u00e1g\u00e1b\u00f3l sz\u00e1rmaz\u00f3 Orvosdoktori Diplom\u00e1val \u00e9s Szakorvosi Bizony\u00edtv\u00e1nnyal rendelkezik\u00a0 (2005\/36\/EK Ir\u00e1nyelv),\u00a0 A Francia Orvosi Kamar\u00e1n\u00e1l [&hellip;]<\/p>\n","protected":false},"author":1,"featured_media":0,"parent":0,"menu_order":37,"comment_status":"closed","ping_status":"closed","template":"","meta":{"_et_pb_use_builder":"on","_et_pb_old_content":"","_et_gb_content_width":"","_mi_skip_tracking":false},"yoast_head":"<!-- This site is optimized with the Yoast SEO plugin v19.12 - https:\/\/yoast.com\/wordpress\/plugins\/seo\/ -->\n<title>Gyakori k\u00e9rd\u00e9sek - BORA EGV Recruitment<\/title>\n<meta name=\"robots\" content=\"index, follow, max-snippet:-1, max-image-preview:large, max-video-preview:-1\" \/>\n<link rel=\"canonical\" href=\"https:\/\/www.boraconseil.com\/hu\/gyakori-kerdesek\/\" \/>\n<meta property=\"og:locale\" content=\"hu_HU\" \/>\n<meta property=\"og:type\" content=\"article\" \/>\n<meta property=\"og:title\" content=\"Gyakori k\u00e9rd\u00e9sek - BORA EGV Recruitment\" \/>\n<meta property=\"og:description\" content=\"1. Melyek a kiv\u00e1laszt\u00e1s felt\u00e9telei? Olyan szem\u00e9ly, aki az Eur\u00f3pai Uni\u00f3 ter\u00fclet\u00e9r\u0151l sz\u00e1rmazik vagy b\u00e1rmely EU orsz\u00e1gban hossz\u00fa t\u00e1v\u00fa tart\u00f3zkod\u00e1si enged\u00e9llyel rendelkezik vagy EU-s \u00e1llampolg\u00e1r h\u00e1zast\u00e1rsa vagy olyan orsz\u00e1gb\u00f3l \u00e9rkezik, amellyel kor\u00e1bban Franciaorsz\u00e1g munkav\u00e1llal\u00f3-cser\u00e9re vonatkoz\u00f3 meg\u00e1llapod\u00e1st k\u00f6t\u00f6tt, Az Eur\u00f3pai Uni\u00f3 b\u00e1rmely tagorsz\u00e1g\u00e1b\u00f3l sz\u00e1rmaz\u00f3 Orvosdoktori Diplom\u00e1val \u00e9s Szakorvosi Bizony\u00edtv\u00e1nnyal rendelkezik\u00a0 (2005\/36\/EK Ir\u00e1nyelv),\u00a0 A Francia Orvosi Kamar\u00e1n\u00e1l [&hellip;]\" \/>\n<meta property=\"og:url\" content=\"https:\/\/www.boraconseil.com\/hu\/gyakori-kerdesek\/\" \/>\n<meta property=\"og:site_name\" content=\"BORA EGV Recruitment\" \/>\n<meta property=\"article:modified_time\" content=\"2019-08-09T12:17:16+00:00\" \/>\n<meta name=\"twitter:card\" content=\"summary_large_image\" \/>\n<meta name=\"twitter:label1\" content=\"Becs\u00fclt olvas\u00e1si id\u0151\" \/>\n\t<meta name=\"twitter:data1\" content=\"8 perc\" \/>\n<script type=\"application\/ld+json\" class=\"yoast-schema-graph\">{\"@context\":\"https:\/\/schema.org\",\"@graph\":[{\"@type\":\"WebPage\",\"@id\":\"https:\/\/www.boraconseil.com\/hu\/gyakori-kerdesek\/\",\"url\":\"https:\/\/www.boraconseil.com\/hu\/gyakori-kerdesek\/\",\"name\":\"Gyakori k\u00e9rd\u00e9sek - BORA EGV Recruitment\",\"isPartOf\":{\"@id\":\"https:\/\/www.boraconseil.com\/fr\/#website\"},\"datePublished\":\"2018-05-29T22:36:26+00:00\",\"dateModified\":\"2019-08-09T12:17:16+00:00\",\"breadcrumb\":{\"@id\":\"https:\/\/www.boraconseil.com\/hu\/gyakori-kerdesek\/#breadcrumb\"},\"inLanguage\":\"hu\",\"potentialAction\":[{\"@type\":\"ReadAction\",\"target\":[\"https:\/\/www.boraconseil.com\/hu\/gyakori-kerdesek\/\"]}]},{\"@type\":\"BreadcrumbList\",\"@id\":\"https:\/\/www.boraconseil.com\/hu\/gyakori-kerdesek\/#breadcrumb\",\"itemListElement\":[{\"@type\":\"ListItem\",\"position\":1,\"name\":\"Home\",\"item\":\"https:\/\/www.boraconseil.com\/hu\/\"},{\"@type\":\"ListItem\",\"position\":2,\"name\":\"Gyakori k\u00e9rd\u00e9sek\"}]},{\"@type\":\"WebSite\",\"@id\":\"https:\/\/www.boraconseil.com\/fr\/#website\",\"url\":\"https:\/\/www.boraconseil.com\/fr\/\",\"name\":\"BORA EGV Recruitment\",\"description\":\"\",\"potentialAction\":[{\"@type\":\"SearchAction\",\"target\":{\"@type\":\"EntryPoint\",\"urlTemplate\":\"https:\/\/www.boraconseil.com\/fr\/?s={search_term_string}\"},\"query-input\":\"required name=search_term_string\"}],\"inLanguage\":\"hu\"}]}<\/script>\n<!-- \/ Yoast SEO plugin. -->","yoast_head_json":{"title":"Gyakori k\u00e9rd\u00e9sek - BORA EGV Recruitment","robots":{"index":"index","follow":"follow","max-snippet":"max-snippet:-1","max-image-preview":"max-image-preview:large","max-video-preview":"max-video-preview:-1"},"canonical":"https:\/\/www.boraconseil.com\/hu\/gyakori-kerdesek\/","og_locale":"hu_HU","og_type":"article","og_title":"Gyakori k\u00e9rd\u00e9sek - BORA EGV Recruitment","og_description":"1. Melyek a kiv\u00e1laszt\u00e1s felt\u00e9telei? Olyan szem\u00e9ly, aki az Eur\u00f3pai Uni\u00f3 ter\u00fclet\u00e9r\u0151l sz\u00e1rmazik vagy b\u00e1rmely EU orsz\u00e1gban hossz\u00fa t\u00e1v\u00fa tart\u00f3zkod\u00e1si enged\u00e9llyel rendelkezik vagy EU-s \u00e1llampolg\u00e1r h\u00e1zast\u00e1rsa vagy olyan orsz\u00e1gb\u00f3l \u00e9rkezik, amellyel kor\u00e1bban Franciaorsz\u00e1g munkav\u00e1llal\u00f3-cser\u00e9re vonatkoz\u00f3 meg\u00e1llapod\u00e1st k\u00f6t\u00f6tt, Az Eur\u00f3pai Uni\u00f3 b\u00e1rmely tagorsz\u00e1g\u00e1b\u00f3l sz\u00e1rmaz\u00f3 Orvosdoktori Diplom\u00e1val \u00e9s Szakorvosi Bizony\u00edtv\u00e1nnyal rendelkezik\u00a0 (2005\/36\/EK Ir\u00e1nyelv),\u00a0 A Francia Orvosi Kamar\u00e1n\u00e1l [&hellip;]","og_url":"https:\/\/www.boraconseil.com\/hu\/gyakori-kerdesek\/","og_site_name":"BORA EGV Recruitment","article_modified_time":"2019-08-09T12:17:16+00:00","twitter_card":"summary_large_image","twitter_misc":{"Becs\u00fclt olvas\u00e1si id\u0151":"8 perc"},"schema":{"@context":"https:\/\/schema.org","@graph":[{"@type":"WebPage","@id":"https:\/\/www.boraconseil.com\/hu\/gyakori-kerdesek\/","url":"https:\/\/www.boraconseil.com\/hu\/gyakori-kerdesek\/","name":"Gyakori k\u00e9rd\u00e9sek - BORA EGV Recruitment","isPartOf":{"@id":"https:\/\/www.boraconseil.com\/fr\/#website"},"datePublished":"2018-05-29T22:36:26+00:00","dateModified":"2019-08-09T12:17:16+00:00","breadcrumb":{"@id":"https:\/\/www.boraconseil.com\/hu\/gyakori-kerdesek\/#breadcrumb"},"inLanguage":"hu","potentialAction":[{"@type":"ReadAction","target":["https:\/\/www.boraconseil.com\/hu\/gyakori-kerdesek\/"]}]},{"@type":"BreadcrumbList","@id":"https:\/\/www.boraconseil.com\/hu\/gyakori-kerdesek\/#breadcrumb","itemListElement":[{"@type":"ListItem","position":1,"name":"Home","item":"https:\/\/www.boraconseil.com\/hu\/"},{"@type":"ListItem","position":2,"name":"Gyakori k\u00e9rd\u00e9sek"}]},{"@type":"WebSite","@id":"https:\/\/www.boraconseil.com\/fr\/#website","url":"https:\/\/www.boraconseil.com\/fr\/","name":"BORA EGV Recruitment","description":"","potentialAction":[{"@type":"SearchAction","target":{"@type":"EntryPoint","urlTemplate":"https:\/\/www.boraconseil.com\/fr\/?s={search_term_string}"},"query-input":"required name=search_term_string"}],"inLanguage":"hu"}]}},"_links":{"self":[{"href":"https:\/\/www.boraconseil.com\/hu\/wp-json\/wp\/v2\/pages\/2244"}],"collection":[{"href":"https:\/\/www.boraconseil.com\/hu\/wp-json\/wp\/v2\/pages"}],"about":[{"href":"https:\/\/www.boraconseil.com\/hu\/wp-json\/wp\/v2\/types\/page"}],"author":[{"embeddable":true,"href":"https:\/\/www.boraconseil.com\/hu\/wp-json\/wp\/v2\/users\/1"}],"replies":[{"embeddable":true,"href":"https:\/\/www.boraconseil.com\/hu\/wp-json\/wp\/v2\/comments?post=2244"}],"version-history":[{"count":0,"href":"https:\/\/www.boraconseil.com\/hu\/wp-json\/wp\/v2\/pages\/2244\/revisions"}],"wp:attachment":[{"href":"https:\/\/www.boraconseil.com\/hu\/wp-json\/wp\/v2\/media?parent=2244"}],"curies":[{"name":"wp","href":"https:\/\/api.w.org\/{rel}","templated":true}]}}