{"id":2242,"date":"2018-05-30T00:34:59","date_gmt":"2018-05-29T22:34:59","guid":{"rendered":"https:\/\/www.boraconseil.com\/?page_id=2242"},"modified":"2019-08-09T14:01:43","modified_gmt":"2019-08-09T12:01:43","slug":"franciaorszag-elonyei","status":"publish","type":"page","link":"https:\/\/www.boraconseil.com\/hu\/franciaorszag-elonyei\/","title":{"rendered":"Franciaorsz\u00e1g el\u0151nyei"},"content":{"rendered":"<div id=\u201cfb-root\u201d><\/div>\n<script>(function(d, s, id) {\n  var js, fjs = d.getElementsByTagName(s)[0];\n  if (d.getElementById(id)) return;\n  js = d.createElement(s); js.id = id;\n  js.src = 'https:\/\/connect.facebook.net\/hu\/sdk.js#xfbml=1&version=v3.0&appId=667263270282118&autoLogAppEvents=1';\n  fjs.parentNode.insertBefore(js, fjs);\n}(document, 'script', 'facebook-jssdk'));<\/script>\n<p>[et_pb_section fb_built=&#8221;1&#8243; _builder_version=&#8221;3.22.3&#8243;][et_pb_row _builder_version=&#8221;3.22.3&#8243; background_size=&#8221;initial&#8221; background_position=&#8221;top_left&#8221; background_repeat=&#8221;repeat&#8221;][et_pb_column type=&#8221;4_4&#8243; _builder_version=&#8221;3.0.47&#8243;][et_pb_header title=&#8221;Franciaorsz\u00e1g el\u0151nyei&#8221; text_orientation=&#8221;center&#8221; scroll_down_icon_size_tablet=&#8221;50&#8243; admin_label=&#8221;Page Title&#8221; _builder_version=&#8221;3.4.1&#8243; title_font=&#8221;|800|on|on|||||&#8221; title_text_align=&#8221;center&#8221; title_text_color=&#8221;#00ade3&#8243; title_font_size=&#8221;34px&#8221; subhead_font=&#8221;||on||||||&#8221; subhead_font_size=&#8221;18&#8243; subhead_font_size_tablet=&#8221;51&#8243;][\/et_pb_header][et_pb_text _builder_version=&#8221;3.4.1&#8243;]<\/p>\n<ul>\n<li>Kellemes \u00e9ghajlat, v\u00e1ltozatos t\u00e1jak.<\/li>\n<li><img loading=\"lazy\" class=\"alignright wp-image-605 size-full\" src=\"https:\/\/www.boraconseil.com\/wp-content\/uploads\/2018\/04\/france.jpg\" alt=\"\" width=\"640\" height=\"634\" srcset=\"https:\/\/www.boraconseil.com\/wp-content\/uploads\/2018\/04\/france.jpg 640w, https:\/\/www.boraconseil.com\/wp-content\/uploads\/2018\/04\/france-150x150.jpg 150w, https:\/\/www.boraconseil.com\/wp-content\/uploads\/2018\/04\/france-300x297.jpg 300w\" sizes=\"(max-width: 640px) 100vw, 640px\" \/>T\u00f6rt\u00e9nelmi \u00e9s kultur\u00e1lis jelent\u0151s\u00e9g\u0171 orsz\u00e1g.<\/li>\n<li>Fejlett infrastrukt\u00far\u00e1val rendelkezik (aut\u00f3p\u00e1ly\u00e1k, rep\u00fcl\u0151terek, TGV \u2013 nagy sebess\u00e9g\u0171 vonatok stb.)<\/li>\n<li class=\"li1\"><span class=\"s2\">Magas sz\u00ednvonal\u00fa szolg\u00e1ltat\u00e1sok.<\/span><\/li>\n<li class=\"li1\"><span class=\"s2\">Magas sz\u00ednvonal\u00fa ell\u00e1t\u00e1st biztos\u00edt\u00f3 eg\u00e9szs\u00e9g\u00fcgyi rendszer (Franciaorsz\u00e1g Eur\u00f3p\u00e1ban a 3. orsz\u00e1g, amely a GDP-je jelent\u0151s r\u00e9sz\u00e9t \u00e1ldozza az eg\u00e9szs\u00e9g\u00fcgyre. ) <\/span><\/li>\n<li class=\"li1\"><span class=\"s2\">J\u00f3l felszerelt K\u00f3rh\u00e1zak \u00e9s Klinik\u00e1k az eg\u00e9sz orsz\u00e1g ter\u00fclet\u00e9n, ahol a legmodernebb diagnosztikai \u00e9s gy\u00f3gy\u00e1szati m\u00f3dszereket alkalmazz\u00e1k.<\/span><\/li>\n<li class=\"li1\"><span class=\"s2\">Lehet\u0151s\u00e9g a szakmai \u00e9s szem\u00e9lyes fejl\u0151d\u00e9sre.<\/span><\/li>\n<li class=\"li1\">\n<p class=\"p1\"><span class=\"s1\">Kedvez\u0151 ad\u00f3z\u00e1si rendszer, k\u00fcl\u00f6n\u00f6sen a gyermekes csal\u00e1dok r\u00e9sz\u00e9re: Franciaorsz\u00e1gban 18% automatikusan levon\u00e1sra ker\u00fcl minden h\u00f3napban a brutt\u00f3 munkab\u00e9rb\u0151l (t\u00e1rsadalombiztos\u00edt\u00e1si hozz\u00e1j\u00e1rul\u00e1s stb.). 2019. janu\u00e1r 1-je \u00f3ta a brutt\u00f3 munkab\u00e9rb\u0151l havonta vonj\u00e1k le az \u201cIRPP\u201d-nek nevezett szem\u00e9lyi j\u00f6vedelemad\u00f3t is, amely felt\u00fcntet\u00e9sre ker\u00fcl a munkav\u00e1llal\u00f3 havi fizet\u00e9si jegyz\u00e9k\u00e9n \u00e9s 10-15% tov\u00e1bbi levon\u00e1st jelent a brutt\u00f3 b\u00e9rb\u0151l. Ennek m\u00e9rt\u00e9ke az ad\u00f3fizet\u0151 szem\u00e9lyes \u00e9s csal\u00e1di helyzete alapj\u00e1n ker\u00fcl meghat\u00e1roz\u00e1sra (munkab\u00e9r, csal\u00e1di \u00e1llapot, gyermekek sz\u00e1ma, stb.)<\/span><\/p>\n<\/li>\n<li class=\"li1\">\n<p class=\"p1\"><span class=\"s1\"><\/span><span style=\"font-size: 14px;\">Teljes munkaid\u0151s poz\u00edci\u00f3n\u00e1l egy Szakorvos legal\u00e1bb 25 nap fizetett szabads\u00e1ggal + 20 nap R.T.T. pihen\u0151nappal (a munkaid\u0151 cs\u00f6kkent\u00e9se r\u00e9v\u00e9n keletkez\u0151 pihen\u0151napok) + 8 szakmai tov\u00e1bbk\u00e9pz\u00e9sre ford\u00edthat\u00f3 nappal rendelkezik.<\/span><\/p>\n<\/li>\n<li class=\"li1\"><span class=\"s2\">M\u00e1r a kezdetekt\u0151l fogva j\u00f3 sz\u00ednvonal\u00fa fizet\u00e9s, amely a K\u00f3rh\u00e1zakban 4800 EUR havi brutt\u00f3 b\u00e9rrel kezd\u0151dik, amelyhez hozz\u00e1 kell sz\u00e1m\u00edtani a j\u00f3l-megfizetett \u00fcgyeleti d\u00edjakat. Keresett szakter\u00fcleteken \u00e9s\/vagy olyan Szakorvosok r\u00e9sz\u00e9re, akik t\u00f6bb \u00e9v szakmai tapasztalattal rendelkeznek, a K\u00f6zk\u00f3rh\u00e1zak magasabb fizet\u00e9st adnak m\u00e1r a kezdetekt\u0151l. Egy Klinik\u00e1n \u00e9s\/vagy saj\u00e1t rendel\u0151ben &#8222;v\u00e1llalkoz\u00f3k\u00e9nt&#8221; praktiz\u00e1l\u00f3 Szakorvos havonta 8-9000 brutt\u00f3 b\u00e9rre sz\u00e1m\u00edthat, de vannak egyes hi\u00e1nyszakm\u00e1kban dolgoz\u00f3 olyan Jel\u00f6ltjeink is, akik havi 12000-13000 EUR-t vagy ann\u00e1l is t\u00f6bbet keresnek.<\/span><\/li>\n<li class=\"li1\"><span class=\"s2\">Egy Szerz\u0151d\u00e9ses Orvos &#8222;K\u00f3rh\u00e1zi Orvos&#8221;-s\u00e1 v\u00e1lhat, amely st\u00e1tusz m\u00e1r hat\u00e1rozatlan id\u0151re sz\u00f3l\u00f3 kinevez\u00e9st biztos\u00edt, ugyanakkor lehet\u0151v\u00e9 teszi, hogy munkaidej\u00e9nek 20%-\u00e1ban a k\u00f3rh\u00e1zban mag\u00e1nrendel\u00e9st v\u00e9gezzen. Ezen &#8222;vizsga&#8221; ut\u00e1n a munkab\u00e9r meghat\u00e1roz\u00e1sakor figyelembe veszik a szakmai karrier eg\u00e9sz\u00e9t (teh\u00e1t Franciaorsz\u00e1gon k\u00edv\u00fcl, a sz\u00e1rmaz\u00e1si orsz\u00e1gban ledolgozott \u00e9veket is.)<\/span><\/li>\n<li class=\"li1\"><span class=\"s2\">Sz\u00e1mos szakmai tov\u00e1bbk\u00e9pz\u00e9sre, s\u0151t ak\u00e1r egy \u00fajabb szakvizsga let\u00e9tel\u00e9re is lehet\u0151s\u00e9g ny\u00edlik a K\u00f3rh\u00e1z finansz\u00edroz\u00e1sa mellett. <\/span><\/li>\n<li class=\"li1\"><span class=\"s2\">A K\u00f3rh\u00e1zak az els\u0151 n\u00e9h\u00e1ny h\u00f3napra gyakran biztos\u00edtanak a frissen toborzott Szakorvosok r\u00e9sz\u00e9re lakhat\u00e1st, vagy teljesen ingyenesen, vagy pedig alacsony b\u00e9rleti d\u00edj ellen\u00e9ben.<\/span><\/li>\n<\/ul>\n<p><strong><a href=\"\/hu\/franciaorszag-elonyei\/franciaorszag\/\">Tudjon meg t\u00f6bbet Franciaorsz\u00e1gr\u00f3l.<\/a><\/strong><\/p>\n<p>&nbsp;<\/p>\n<p>[\/et_pb_text][\/et_pb_column][\/et_pb_row][et_pb_row _builder_version=&#8221;3.22.3&#8243; background_size=&#8221;initial&#8221; background_position=&#8221;top_left&#8221; background_repeat=&#8221;repeat&#8221;][et_pb_column type=&#8221;4_4&#8243; _builder_version=&#8221;3.0.47&#8243;][et_pb_gallery gallery_ids=&#8221;1088,252,1073,242,1078,202,1068,1202,1083,1063,1058&#8243; posts_number=&#8221;8&#8243; show_title_and_caption=&#8221;off&#8221; show_pagination=&#8221;off&#8221; zoom_icon_color=&#8221;#24b14a&#8221; _builder_version=&#8221;3.1.1&#8243; pagination_font_size_tablet=&#8221;51&#8243; pagination_line_height_tablet=&#8221;2&#8243;][\/et_pb_gallery][et_pb_button button_url=&#8221;\/hu\/kapcsolat\/&#8221; button_text=&#8221;JELENTKEZZEN&#8221; button_alignment=&#8221;center&#8221; admin_label=&#8221;Apply Button&#8221; _builder_version=&#8221;3.16&#8243; custom_button=&#8221;on&#8221; button_text_size=&#8221;22&#8243; button_bg_color=&#8221;#24b14a&#8221; button_border_color=&#8221;#24b14a&#8221; background_layout=&#8221;dark&#8221; animation_style=&#8221;bounce&#8221; button_text_color_hover=&#8221;#24b14a&#8221; global_module=&#8221;2207&#8243; saved_tabs=&#8221;all&#8221; button_text_size__hover_enabled=&#8221;off&#8221; button_one_text_size__hover_enabled=&#8221;off&#8221; button_two_text_size__hover_enabled=&#8221;off&#8221; button_text_color__hover_enabled=&#8221;on&#8221; button_text_color__hover=&#8221;#24b14a&#8221; button_one_text_color__hover_enabled=&#8221;off&#8221; button_two_text_color__hover_enabled=&#8221;off&#8221; button_border_width__hover_enabled=&#8221;off&#8221; button_one_border_width__hover_enabled=&#8221;off&#8221; button_two_border_width__hover_enabled=&#8221;off&#8221; button_border_color__hover_enabled=&#8221;off&#8221; button_one_border_color__hover_enabled=&#8221;off&#8221; button_two_border_color__hover_enabled=&#8221;off&#8221; button_border_radius__hover_enabled=&#8221;off&#8221; button_one_border_radius__hover_enabled=&#8221;off&#8221; button_two_border_radius__hover_enabled=&#8221;off&#8221; button_letter_spacing__hover_enabled=&#8221;off&#8221; button_one_letter_spacing__hover_enabled=&#8221;off&#8221; button_two_letter_spacing__hover_enabled=&#8221;off&#8221; button_bg_color__hover_enabled=&#8221;off&#8221; button_one_bg_color__hover_enabled=&#8221;off&#8221; button_two_bg_color__hover_enabled=&#8221;off&#8221;][\/et_pb_button][\/et_pb_column][\/et_pb_row][\/et_pb_section][et_pb_section fb_built=&#8221;1&#8243; _builder_version=&#8221;3.4.1&#8243; background_color=&#8221;#f6f6f6&#8243; global_module=&#8221;2213&#8243;][et_pb_row _builder_version=&#8221;3.22.3&#8243; background_size=&#8221;initial&#8221; background_position=&#8221;top_left&#8221; background_repeat=&#8221;repeat&#8221;][et_pb_column type=&#8221;4_4&#8243; _builder_version=&#8221;3.0.47&#8243;][et_pb_text _builder_version=&#8221;3.4.1&#8243; text_font=&#8221;|800|||||||&#8221; text_text_color=&#8221;#00ade3&#8243; header_2_font=&#8221;|800|||||||&#8221; header_2_text_align=&#8221;center&#8221; header_2_text_color=&#8221;#00ade3&#8243; header_2_font_size=&#8221;32px&#8221;]<\/p>\n<h2 style=\"text-align: center;\"><a href=\"\/hu\/sikertortenetek\/\"><em>SIKERT\u00d6RT\u00c9NETEK<\/em><\/a><\/h2>\n<p>[\/et_pb_text][et_pb_success_story fullwidth=&#8221;off&#8221; posts_number=&#8221;4&#8243; show_title=&#8221;off&#8221; show_pagination=&#8221;off&#8221; module_class=&#8221;testimonials3&#8243; _builder_version=&#8221;3.8.1&#8243; title_font_size_tablet=&#8221;51&#8243; title_line_height_tablet=&#8221;2&#8243; caption_font_size_tablet=&#8221;51&#8243; caption_line_height_tablet=&#8221;2&#8243; pagination_font_size_tablet=&#8221;51&#8243; pagination_line_height_tablet=&#8221;2&#8243;][\/et_pb_success_story][\/et_pb_column][\/et_pb_row][\/et_pb_section][et_pb_section fb_built=&#8221;1&#8243; _builder_version=&#8221;3.4.1&#8243; global_module=&#8221;2215&#8243;][et_pb_row _builder_version=&#8221;3.22.3&#8243;][et_pb_column type=&#8221;1_3&#8243; _builder_version=&#8221;3.0.47&#8243;][et_pb_text _builder_version=&#8221;3.4.1&#8243; text_font=&#8221;|800|||||||&#8221; text_text_color=&#8221;#00ade3&#8243; header_2_font=&#8221;|800|||||||&#8221; header_2_text_color=&#8221;#00ade3&#8243; header_2_font_size=&#8221;32px&#8221;]<\/p>\n<h2 style=\"text-align: left;\"><a href=\"\/hu\/allasajanlatok\/\"><em>HOT JOBS<\/em><\/a><\/h2>\n<p>[\/et_pb_text][et_pb_job posts_number=&#8221;5&#8243; only_hot_jobs=&#8221;on&#8221; show_title=&#8221;off&#8221; show_categories=&#8221;off&#8221; show_pagination=&#8221;off&#8221; _builder_version=&#8221;3.1&#8243; title_font_size_tablet=&#8221;51&#8243; title_line_height_tablet=&#8221;2&#8243; caption_font_size_tablet=&#8221;51&#8243; caption_line_height_tablet=&#8221;2&#8243; pagination_font_size_tablet=&#8221;51&#8243; pagination_line_height_tablet=&#8221;2&#8243;][\/et_pb_job][et_pb_button button_url=&#8221;\/hu\/kapcsolat\/&#8221; button_text=&#8221;JELENTKEZZEN&#8221; button_alignment=&#8221;left&#8221; admin_label=&#8221;Apply Button&#8221; _builder_version=&#8221;3.16&#8243; custom_button=&#8221;on&#8221; button_bg_color=&#8221;#24b14a&#8221; button_border_color=&#8221;#24b14a&#8221; background_layout=&#8221;dark&#8221; animation_style=&#8221;bounce&#8221; button_text_color_hover=&#8221;#24b14a&#8221; button_text_size__hover_enabled=&#8221;off&#8221; button_one_text_size__hover_enabled=&#8221;off&#8221; button_two_text_size__hover_enabled=&#8221;off&#8221; button_text_color__hover_enabled=&#8221;on&#8221; button_text_color__hover=&#8221;#24b14a&#8221; button_one_text_color__hover_enabled=&#8221;off&#8221; button_two_text_color__hover_enabled=&#8221;off&#8221; button_border_width__hover_enabled=&#8221;off&#8221; button_one_border_width__hover_enabled=&#8221;off&#8221; button_two_border_width__hover_enabled=&#8221;off&#8221; button_border_color__hover_enabled=&#8221;off&#8221; button_one_border_color__hover_enabled=&#8221;off&#8221; button_two_border_color__hover_enabled=&#8221;off&#8221; button_border_radius__hover_enabled=&#8221;off&#8221; button_one_border_radius__hover_enabled=&#8221;off&#8221; button_two_border_radius__hover_enabled=&#8221;off&#8221; button_letter_spacing__hover_enabled=&#8221;off&#8221; button_one_letter_spacing__hover_enabled=&#8221;off&#8221; button_two_letter_spacing__hover_enabled=&#8221;off&#8221; button_bg_color__hover_enabled=&#8221;off&#8221; button_one_bg_color__hover_enabled=&#8221;off&#8221; button_two_bg_color__hover_enabled=&#8221;off&#8221;][\/et_pb_button][\/et_pb_column][et_pb_column type=&#8221;2_3&#8243; _builder_version=&#8221;3.0.47&#8243;][et_pb_text _builder_version=&#8221;3.0.106&#8243; text_font=&#8221;|800|||||||&#8221; text_text_color=&#8221;#00ade3&#8243; header_2_font=&#8221;|800|||||||&#8221; header_2_text_color=&#8221;#00ade3&#8243; header_2_font_size=&#8221;32px&#8221;]<\/p>\n<h2 style=\"text-align: left;\"><em>BLOG<\/em><\/h2>\n<p>[\/et_pb_text][et_pb_blog posts_number=&#8221;2&#8243; show_author=&#8221;off&#8221; show_date=&#8221;off&#8221; show_categories=&#8221;off&#8221; _builder_version=&#8221;3.0.106&#8243; header_text_color=&#8221;#24b14a&#8221; pagination_font_size_tablet=&#8221;51&#8243; pagination_line_height_tablet=&#8221;2&#8243;][\/et_pb_blog][\/et_pb_column][\/et_pb_row][\/et_pb_section]<\/p>\n","protected":false},"excerpt":{"rendered":"<p>Kellemes \u00e9ghajlat, v\u00e1ltozatos t\u00e1jak. T\u00f6rt\u00e9nelmi \u00e9s kultur\u00e1lis jelent\u0151s\u00e9g\u0171 orsz\u00e1g. Fejlett infrastrukt\u00far\u00e1val rendelkezik (aut\u00f3p\u00e1ly\u00e1k, rep\u00fcl\u0151terek, TGV \u2013 nagy sebess\u00e9g\u0171 vonatok stb.) Magas sz\u00ednvonal\u00fa szolg\u00e1ltat\u00e1sok. Magas sz\u00ednvonal\u00fa ell\u00e1t\u00e1st biztos\u00edt\u00f3 eg\u00e9szs\u00e9g\u00fcgyi rendszer (Franciaorsz\u00e1g Eur\u00f3p\u00e1ban a 3. orsz\u00e1g, amely a GDP-je jelent\u0151s r\u00e9sz\u00e9t \u00e1ldozza az eg\u00e9szs\u00e9g\u00fcgyre. ) J\u00f3l felszerelt K\u00f3rh\u00e1zak \u00e9s Klinik\u00e1k az eg\u00e9sz orsz\u00e1g ter\u00fclet\u00e9n, ahol a legmodernebb [&hellip;]<\/p>\n","protected":false},"author":1,"featured_media":0,"parent":0,"menu_order":34,"comment_status":"closed","ping_status":"closed","template":"","meta":{"_et_pb_use_builder":"on","_et_pb_old_content":"","_et_gb_content_width":"","_mi_skip_tracking":false},"yoast_head":"<!-- This site is optimized with the Yoast SEO plugin v19.12 - https:\/\/yoast.com\/wordpress\/plugins\/seo\/ -->\n<title>Franciaorsz\u00e1g el\u0151nyei - BORA EGV Recruitment<\/title>\n<meta name=\"robots\" content=\"index, follow, max-snippet:-1, max-image-preview:large, max-video-preview:-1\" \/>\n<link rel=\"canonical\" href=\"https:\/\/www.boraconseil.com\/hu\/franciaorszag-elonyei\/\" \/>\n<meta property=\"og:locale\" content=\"hu_HU\" \/>\n<meta property=\"og:type\" content=\"article\" \/>\n<meta property=\"og:title\" content=\"Franciaorsz\u00e1g el\u0151nyei - BORA EGV Recruitment\" \/>\n<meta property=\"og:description\" content=\"Kellemes \u00e9ghajlat, v\u00e1ltozatos t\u00e1jak. T\u00f6rt\u00e9nelmi \u00e9s kultur\u00e1lis jelent\u0151s\u00e9g\u0171 orsz\u00e1g. Fejlett infrastrukt\u00far\u00e1val rendelkezik (aut\u00f3p\u00e1ly\u00e1k, rep\u00fcl\u0151terek, TGV \u2013 nagy sebess\u00e9g\u0171 vonatok stb.) Magas sz\u00ednvonal\u00fa szolg\u00e1ltat\u00e1sok. Magas sz\u00ednvonal\u00fa ell\u00e1t\u00e1st biztos\u00edt\u00f3 eg\u00e9szs\u00e9g\u00fcgyi rendszer (Franciaorsz\u00e1g Eur\u00f3p\u00e1ban a 3. orsz\u00e1g, amely a GDP-je jelent\u0151s r\u00e9sz\u00e9t \u00e1ldozza az eg\u00e9szs\u00e9g\u00fcgyre. ) J\u00f3l felszerelt K\u00f3rh\u00e1zak \u00e9s Klinik\u00e1k az eg\u00e9sz orsz\u00e1g ter\u00fclet\u00e9n, ahol a legmodernebb [&hellip;]\" \/>\n<meta property=\"og:url\" content=\"https:\/\/www.boraconseil.com\/hu\/franciaorszag-elonyei\/\" \/>\n<meta property=\"og:site_name\" content=\"BORA EGV Recruitment\" \/>\n<meta property=\"article:modified_time\" content=\"2019-08-09T12:01:43+00:00\" \/>\n<meta property=\"og:image\" content=\"https:\/\/www.boraconseil.com\/wp-content\/uploads\/2018\/04\/france.jpg\" \/>\n<meta name=\"twitter:card\" content=\"summary_large_image\" \/>\n<meta name=\"twitter:label1\" content=\"Becs\u00fclt olvas\u00e1si id\u0151\" \/>\n\t<meta name=\"twitter:data1\" content=\"7 perc\" \/>\n<script type=\"application\/ld+json\" class=\"yoast-schema-graph\">{\"@context\":\"https:\/\/schema.org\",\"@graph\":[{\"@type\":\"WebPage\",\"@id\":\"https:\/\/www.boraconseil.com\/hu\/franciaorszag-elonyei\/\",\"url\":\"https:\/\/www.boraconseil.com\/hu\/franciaorszag-elonyei\/\",\"name\":\"Franciaorsz\u00e1g el\u0151nyei - BORA EGV Recruitment\",\"isPartOf\":{\"@id\":\"https:\/\/www.boraconseil.com\/fr\/#website\"},\"datePublished\":\"2018-05-29T22:34:59+00:00\",\"dateModified\":\"2019-08-09T12:01:43+00:00\",\"breadcrumb\":{\"@id\":\"https:\/\/www.boraconseil.com\/hu\/franciaorszag-elonyei\/#breadcrumb\"},\"inLanguage\":\"hu\",\"potentialAction\":[{\"@type\":\"ReadAction\",\"target\":[\"https:\/\/www.boraconseil.com\/hu\/franciaorszag-elonyei\/\"]}]},{\"@type\":\"BreadcrumbList\",\"@id\":\"https:\/\/www.boraconseil.com\/hu\/franciaorszag-elonyei\/#breadcrumb\",\"itemListElement\":[{\"@type\":\"ListItem\",\"position\":1,\"name\":\"Home\",\"item\":\"https:\/\/www.boraconseil.com\/hu\/\"},{\"@type\":\"ListItem\",\"position\":2,\"name\":\"Franciaorsz\u00e1g el\u0151nyei\"}]},{\"@type\":\"WebSite\",\"@id\":\"https:\/\/www.boraconseil.com\/fr\/#website\",\"url\":\"https:\/\/www.boraconseil.com\/fr\/\",\"name\":\"BORA EGV Recruitment\",\"description\":\"\",\"potentialAction\":[{\"@type\":\"SearchAction\",\"target\":{\"@type\":\"EntryPoint\",\"urlTemplate\":\"https:\/\/www.boraconseil.com\/fr\/?s={search_term_string}\"},\"query-input\":\"required name=search_term_string\"}],\"inLanguage\":\"hu\"}]}<\/script>\n<!-- \/ Yoast SEO plugin. -->","yoast_head_json":{"title":"Franciaorsz\u00e1g el\u0151nyei - BORA EGV Recruitment","robots":{"index":"index","follow":"follow","max-snippet":"max-snippet:-1","max-image-preview":"max-image-preview:large","max-video-preview":"max-video-preview:-1"},"canonical":"https:\/\/www.boraconseil.com\/hu\/franciaorszag-elonyei\/","og_locale":"hu_HU","og_type":"article","og_title":"Franciaorsz\u00e1g el\u0151nyei - BORA EGV Recruitment","og_description":"Kellemes \u00e9ghajlat, v\u00e1ltozatos t\u00e1jak. T\u00f6rt\u00e9nelmi \u00e9s kultur\u00e1lis jelent\u0151s\u00e9g\u0171 orsz\u00e1g. Fejlett infrastrukt\u00far\u00e1val rendelkezik (aut\u00f3p\u00e1ly\u00e1k, rep\u00fcl\u0151terek, TGV \u2013 nagy sebess\u00e9g\u0171 vonatok stb.) Magas sz\u00ednvonal\u00fa szolg\u00e1ltat\u00e1sok. Magas sz\u00ednvonal\u00fa ell\u00e1t\u00e1st biztos\u00edt\u00f3 eg\u00e9szs\u00e9g\u00fcgyi rendszer (Franciaorsz\u00e1g Eur\u00f3p\u00e1ban a 3. orsz\u00e1g, amely a GDP-je jelent\u0151s r\u00e9sz\u00e9t \u00e1ldozza az eg\u00e9szs\u00e9g\u00fcgyre. ) J\u00f3l felszerelt K\u00f3rh\u00e1zak \u00e9s Klinik\u00e1k az eg\u00e9sz orsz\u00e1g ter\u00fclet\u00e9n, ahol a legmodernebb [&hellip;]","og_url":"https:\/\/www.boraconseil.com\/hu\/franciaorszag-elonyei\/","og_site_name":"BORA EGV Recruitment","article_modified_time":"2019-08-09T12:01:43+00:00","og_image":[{"url":"https:\/\/www.boraconseil.com\/wp-content\/uploads\/2018\/04\/france.jpg"}],"twitter_card":"summary_large_image","twitter_misc":{"Becs\u00fclt olvas\u00e1si id\u0151":"7 perc"},"schema":{"@context":"https:\/\/schema.org","@graph":[{"@type":"WebPage","@id":"https:\/\/www.boraconseil.com\/hu\/franciaorszag-elonyei\/","url":"https:\/\/www.boraconseil.com\/hu\/franciaorszag-elonyei\/","name":"Franciaorsz\u00e1g el\u0151nyei - BORA EGV Recruitment","isPartOf":{"@id":"https:\/\/www.boraconseil.com\/fr\/#website"},"datePublished":"2018-05-29T22:34:59+00:00","dateModified":"2019-08-09T12:01:43+00:00","breadcrumb":{"@id":"https:\/\/www.boraconseil.com\/hu\/franciaorszag-elonyei\/#breadcrumb"},"inLanguage":"hu","potentialAction":[{"@type":"ReadAction","target":["https:\/\/www.boraconseil.com\/hu\/franciaorszag-elonyei\/"]}]},{"@type":"BreadcrumbList","@id":"https:\/\/www.boraconseil.com\/hu\/franciaorszag-elonyei\/#breadcrumb","itemListElement":[{"@type":"ListItem","position":1,"name":"Home","item":"https:\/\/www.boraconseil.com\/hu\/"},{"@type":"ListItem","position":2,"name":"Franciaorsz\u00e1g el\u0151nyei"}]},{"@type":"WebSite","@id":"https:\/\/www.boraconseil.com\/fr\/#website","url":"https:\/\/www.boraconseil.com\/fr\/","name":"BORA EGV Recruitment","description":"","potentialAction":[{"@type":"SearchAction","target":{"@type":"EntryPoint","urlTemplate":"https:\/\/www.boraconseil.com\/fr\/?s={search_term_string}"},"query-input":"required name=search_term_string"}],"inLanguage":"hu"}]}},"_links":{"self":[{"href":"https:\/\/www.boraconseil.com\/hu\/wp-json\/wp\/v2\/pages\/2242"}],"collection":[{"href":"https:\/\/www.boraconseil.com\/hu\/wp-json\/wp\/v2\/pages"}],"about":[{"href":"https:\/\/www.boraconseil.com\/hu\/wp-json\/wp\/v2\/types\/page"}],"author":[{"embeddable":true,"href":"https:\/\/www.boraconseil.com\/hu\/wp-json\/wp\/v2\/users\/1"}],"replies":[{"embeddable":true,"href":"https:\/\/www.boraconseil.com\/hu\/wp-json\/wp\/v2\/comments?post=2242"}],"version-history":[{"count":0,"href":"https:\/\/www.boraconseil.com\/hu\/wp-json\/wp\/v2\/pages\/2242\/revisions"}],"wp:attachment":[{"href":"https:\/\/www.boraconseil.com\/hu\/wp-json\/wp\/v2\/media?parent=2242"}],"curies":[{"name":"wp","href":"https:\/\/api.w.org\/{rel}","templated":true}]}}