{"id":2235,"date":"2018-05-30T00:33:20","date_gmt":"2018-05-29T22:33:20","guid":{"rendered":"https:\/\/www.boraconseil.com\/?page_id=2235"},"modified":"2018-12-11T14:52:09","modified_gmt":"2018-12-11T13:52:09","slug":"jeloltek-reszere","status":"publish","type":"page","link":"https:\/\/www.boraconseil.com\/hu\/jeloltek-reszere\/","title":{"rendered":"Jel\u00f6ltek r\u00e9sz\u00e9re"},"content":{"rendered":"<div id=\u201cfb-root\u201d><\/div>\n<script>(function(d, s, id) {\n  var js, fjs = d.getElementsByTagName(s)[0];\n  if (d.getElementById(id)) return;\n  js = d.createElement(s); js.id = id;\n  js.src = 'https:\/\/connect.facebook.net\/hu\/sdk.js#xfbml=1&version=v3.0&appId=667263270282118&autoLogAppEvents=1';\n  fjs.parentNode.insertBefore(js, fjs);\n}(document, 'script', 'facebook-jssdk'));<\/script>\n<p>[et_pb_section bb_built=&#8221;1&#8243; next_background_color=&#8221;#f6f6f6&#8243; _builder_version=&#8221;3.0.106&#8243;][et_pb_row][et_pb_column type=&#8221;4_4&#8243;][et_pb_header admin_label=&#8221;Page Title&#8221; _builder_version=&#8221;3.4.1&#8243; title=&#8221;Jel\u00f6ltek r\u00e9sz\u00e9re&#8221; scroll_down_icon_size_tablet=&#8221;50&#8243; subhead_font_size_tablet=&#8221;51&#8243; text_orientation=&#8221;center&#8221; title_text_align=&#8221;center&#8221; title_text_color=&#8221;#00ade3&#8243; title_font=&#8221;|800|on|on|||||&#8221; title_font_size=&#8221;34px&#8221; subhead_font=&#8221;||on||||||&#8221; subhead_font_size=&#8221;18&#8243; \/][et_pb_text _builder_version=&#8221;3.4.1&#8243;]<\/p>\n<p class=\"p1\"><span class=\"s1\">Legyen \u00d6n francia nyelven besz\u00e9l\u0151 \u00e9s eur\u00f3pai orvosdoktori \u00e9s szakorvosi diplom\u00e1val rendelkez\u0151 Orvos sz\u00e1mottev\u0151 szakmai tapasztalattal vagy friss diplom\u00e1s,<span class=\"Apple-converted-space\">\u00a0 <\/span>amennyiben<span class=\"Apple-converted-space\">\u00a0 <\/span>\u00d6n Franciaorsz\u00e1gban szeretne munk\u00e1t kapni, sz\u00edvesen elk\u00eds\u00e9rj\u00fck az \u00d6n sz\u00e1m\u00e1ra legink\u00e1bb megfelel\u0151 poz\u00edci\u00f3hoz vezet\u0151 \u00faton. <\/span><\/p>\n<p class=\"p1\"><span class=\"s1\">Amint beazonos\u00edtjuk \u00e9s meg\u00e9rtj\u00fck sz\u00fcks\u00e9gleteit, hat\u00e9konyan tudunk \u00d6nnek tan\u00e1csot adni \u00e9s megtal\u00e1ljuk az \u00d6nh\u00f6z legink\u00e1bb ill\u0151 poz\u00edci\u00f3t, amely k\u00e9pes\u00edt\u00e9seinek \u00e9s tapasztalatainak is megfelel.<\/span><\/p>\n<p class=\"p1\"><span class=\"s1\">Minden jelentkez\u00e9s nagyon fontos sz\u00e1munkra \u00e9s amennyiben \u00e9pp nem \u00e1ll rendelkez\u00e9s\u00fcnkre \u00d6nnek megfelel\u0151 \u00e1ll\u00e1saj\u00e1nlat, r\u00f6vid hat\u00e1rid\u0151n bel\u00fcl v\u00e1laszolunk \u00d6nnek. Amennyiben hozz\u00e1j\u00e1rul, el\u00e9rhet\u0151s\u00e9geit r\u00f6gz\u00edtj\u00fck adatb\u00e1zisunkban \u00e9s keresni fogjuk \u00d6nt, ha a k\u00e9s\u0151bbiekben megtal\u00e1ljunk az \u00d6nh\u00f6z ill\u0151 \u00e1ll\u00e1st.<\/span><\/p>\n<p>Amennyiben vel\u00fcnk k\u00edv\u00e1n egy\u00fcttm\u0171k\u00f6dni, szolg\u00e1ltat\u00e1saink \u00e1ltal sz\u00e1mos el\u0151nyt \u00e9lvez:<\/p>\n<p><span style=\"color: #39b049;\"><strong>Szem\u00e9lyre szabott tan\u00e1csad\u00e1s<\/strong><\/span><\/p>\n<ul>\n<li class=\"li1\"><span class=\"s2\">Szem\u00e9lyre szabott keres\u00e9st ind\u00edtunk, hogy megtal\u00e1ljuk az \u00d6nnek legmegfelel\u0151bb \u00e1ll\u00e1st. <\/span><\/li>\n<li class=\"li1\"><span class=\"s2\">Folyamatosan t\u00e1j\u00e9koztatjuk \u00d6nt jelentkez\u00e9s\u00e9nek st\u00e1tusz\u00e1r\u00f3l, mivel a toborz\u00e1si folyamat eg\u00e9sz\u00e9n v\u00e9gigk\u00eds\u00e9rj\u00fck \u00d6nt.<\/span><\/li>\n<li class=\"li1\"><span class=\"s2\">Seg\u00edt\u00fcnk \u00f6n\u00e9letrajz\u00e1t v\u00e9gleges\u00edteni \u00e9s el\u0151t\u00e9rbe helyezni speci\u00e1lis k\u00e9szs\u00e9geit.<\/span><\/li>\n<li class=\"li1\"><span class=\"s2\">Tan\u00e1csot adunk \u00d6nnek minden adminisztrat\u00edv l\u00e9p\u00e9s sor\u00e1n annak \u00e9rdek\u00e9ben, hogy beszerezze a Francia Orvosi Kamara \u00e1ltal megk\u00f6vetelt dokumentumokat. <\/span><\/li>\n<li class=\"li1\"><span class=\"s2\">Az els\u0151 pillanatt\u00f3l kezdve a lehet\u0151 legr\u00e9szletesebb poz\u00edci\u00f3-le\u00edr\u00e1sokat mutatjuk be \u00d6nnek.<\/span><\/li>\n<li class=\"li1\"><span class=\"s2\">Els\u0151k\u00e9nt telefonos vagy online interj\u00fat szervez\u00fcnk \u00d6n \u00e9s a K\u00f3rh\u00e1z, illetve a Klinika k\u00f6z\u00f6tt. Az int\u00e9zm\u00e9nyeket \u00e1ltal\u00e1ban az Igazgat\u00f3, az Orvosi \u00dcgyek\u00e9rt felel\u0151s Igazgat\u00f3 \u00e9s\/vagy Hum\u00e1n Er\u0151forr\u00e1s Igazgat\u00f3 \u00e9s a szakter\u00fclet szerint kompetens Oszt\u00e1lyvezet\u0151 vagy R\u00e9szlegvezet\u0151 F\u0151orvos k\u00e9pviseli. Ezen els\u0151 kapcsolatfelv\u00e9tel \u00d6nnek arra is lehet\u0151s\u00e9get teremt, hogy feltegye k\u00e9rd\u00e9seit \u00e9s m\u00e9g jobban meg\u00e9rtse a poz\u00edci\u00f3t \u00e9s a felt\u00e9teleket.<\/span><\/li>\n<li class=\"li1\"><span class=\"s2\">Felvil\u00e1gos\u00edt\u00e1st ny\u00fajtunk a munkaszerz\u0151d\u00e9sben foglalt felt\u00e9telekr\u0151l.<\/span><\/li>\n<li class=\"li1\"><span class=\"s2\">Szem\u00e9lyre szabott megold\u00e1sokat tudunk \u00d6nnek javasolni annak \u00e9rdek\u00e9ben, hogy nyelvtud\u00e1s\u00e1t hat\u00e9konyan tudja fejleszteni. Olyan hasznos linkeket, k\u00f6nyveket, DVD-ket tudunk aj\u00e1nlani, amelyek kifejezetten orvosi szaknyelvet is tartalmaznak.<\/span><\/li>\n<li class=\"li1\"><span class=\"s2\">Minden sz\u00fcks\u00e9ges gyakorlati felvil\u00e1gos\u00edt\u00e1ssal el tudjuk l\u00e1tni Franciaorsz\u00e1g, annak eg\u00e9szs\u00e9g\u00fcgyi rendszere \u00e9s az adminisztrat\u00edv k\u00e9rd\u00e9sek tekintet\u00e9ben is.<\/span><\/li>\n<\/ul>\n<p><span style=\"color: #39b049;\"><strong>Hat\u00e9konys\u00e1g<\/strong><\/span><\/p>\n<ul>\n<li class=\"li1\"><span class=\"s2\">\u00d6n tov\u00e1bbra is \u00f6sszpontos\u00edthat szakmai tev\u00e9kenys\u00e9g\u00e9re, m\u00edg mi \u00e1ll\u00e1st keres\u00fcnk \u00d6nnek.<\/span><\/li>\n<li class=\"li1\"><span class=\"s2\">Tartjuk a kapcsolatot a Munkaad\u00f3kkal \u00e9s az \u00d6nnek is legmegfelel\u0151bb id\u0151pontokra szervezz\u00fck a telefonos vagy online interj\u00fakat \u00e9s a k\u00e9s\u0151bbiekben a l\u00e1togat\u00e1st is. <\/span><\/li>\n<li class=\"li1\"><span class=\"s2\">Logisztikai t\u00e1mogat\u00e1sunkban r\u00e9szes\u00fcl: az \u00d6nnek megfelel\u0151 id\u0151pontban szervezz\u00fck meg \u00d6nnek l\u00e1togat\u00e1s\u00e1t a Munkaad\u00f3 int\u00e9zm\u00e9ny\u00e9be.<\/span><\/li>\n<li class=\"li1\"><span class=\"s2\">Lebonyol\u00edtjuk az \u00d6n szakmai k\u00e9pes\u00edt\u00e9seinek elismertet\u00e9s\u00e9vel kapcsolatos formalit\u00e1sokat \u00e9s tal\u00e1lkoz\u00f3t szervez\u00fcnk \u00d6nnek az illet\u00e9kes Megyei Orvosi Kamara egyik k\u00e9pvisel\u0151j\u00e9vel arra az id\u0151szakra, amikor el\u0151sz\u00f6r tesz l\u00e1togat\u00e1st a Munkaad\u00f3n\u00e1l.<\/span><\/li>\n<\/ul>\n<p><span style=\"color: #39b049;\"><strong>P\u00e9nz\u00fcgyi t\u00e1mogat\u00e1s<\/strong><\/span><\/p>\n<ul>\n<li class=\"li1\"><span class=\"s2\">Szolg\u00e1ltat\u00e1saink ingyenesek.<\/span><\/li>\n<li class=\"li1\"><span class=\"s2\">\u00c1tv\u00e1llaljuk a k\u00fclf\u00f6ldi \u00e1ll\u00e1sinterj\u00fa sor\u00e1n felmer\u00fcl\u0151 k\u00f6lts\u00e9gek nagy r\u00e9sz\u00e9t: kifizetj\u00fck a rep\u00fcl\u0151jegyet \u00e9s visszat\u00e9r\u00edtj\u00fck a Munkaad\u00f3 int\u00e9zm\u00e9ny\u00e9ig az aut\u00f3-b\u00e9rl\u00e9s k\u00f6lts\u00e9geit vagy a vonatjegyeket. Az esetek t\u00f6bbs\u00e9g\u00e9ben a Munkaad\u00f3 ingyenesen biztos\u00edt sz\u00e1ll\u00e1st az \u00d6n l\u00e1togat\u00e1sa idej\u00e9re.<\/span><\/li>\n<\/ul>\n<p><strong><span style=\"color: #27a8df;\"><em>Jel\u00f6ltjeink sikert\u00f6rt\u00e9netei garant\u00e1lj\u00e1k szolg\u00e1ltat\u00e1sunk min\u0151s\u00e9g\u00e9t!<\/em><\/span><\/strong><\/p>\n<p><strong><span style=\"color: #39b049;\">A kiv\u00e1laszt\u00e1si folyamat l\u00e9p\u00e9sei<\/span><\/strong><\/p>\n<p><strong><i style=\"color: #27a8df;\">1. \u00d6n elk\u00fcldi nek\u00fcnk \u00f6n\u00e9letrajz\u00e1t:<br \/>\n<\/i><\/strong>A CV-ben ki kell hangs\u00falyoznia szakmai tapasztalatait, mivel a Munkaad\u00f3 az \u00f6n\u00e9letrajzban le\u00edrt r\u00e9szletek alapj\u00e1n d\u00f6nti el, hogy megh\u00edvja-e \u00d6nt egy interj\u00fara.<\/p>\n<p><span style=\"color: #27a8df;\"><em><strong>2. Megbesz\u00e9l\u00e9st folytatunk \u00d6nnel:<br \/>\n<\/strong><\/em><\/span><span class=\"s1\">F\u0151 c\u00e9lunk, hogy jobban meg\u00e9rts\u00fck ig\u00e9nyeit \u00e9s motiv\u00e1ci\u00f3it a megfelel\u0151 \u00e1ll\u00e1s felkutat\u00e1sa v\u00e9gett.<\/span><\/p>\n<p class=\"p1\"><span class=\"s1\">Seg\u00edt\u00fcnk \u00d6nnek \u00f6n\u00e9letrajza t\u00f6k\u00e9letes\u00edt\u00e9s\u00e9ben annak \u00e9rdek\u00e9ben, hogy el\u0151t\u00e9rbe ker\u00fcljenek azon szakmai k\u00e9pess\u00e9gei \u00e9s tapasztalatai, amelyek fontosak a Munkaad\u00f3 \u00e9s a Francia Orvosi Kamara sz\u00e1m\u00e1ra. <\/span><\/p>\n<p class=\"p1\"><span class=\"s1\">Ebben a szakaszban az \u00f6n\u00e9letrajz mellett m\u00e1r k\u00e9rni fogunk olyan dokumentumokat, amelyek a Munkaad\u00f3 sz\u00e1m\u00e1ra is sz\u00fcks\u00e9gesek lesznek, mint p\u00e9ld\u00e1ul: az egyetemi diploma, szakvizsga bizony\u00edtv\u00e1ny, konformit\u00e1si igazol\u00e1s.<\/span><\/p>\n<p><span style=\"color: #27a8df;\"><strong><em>3. Elk\u00fcldj\u00fck jelentkez\u00e9s\u00e9t a Munkaad\u00f3knak:<br \/>\n<\/em><\/strong><\/span><span class=\"s1\">Csak az \u00d6n \u00e1ltal megnevezett krit\u00e9riumoknak megfelel\u0151 K\u00f3rh\u00e1zaknak \u00e9s Klinik\u00e1knak k\u00fcldj\u00fck el jelentkez\u00e9s\u00e9t. A v\u00e1laszra val\u00f3 v\u00e1rakoz\u00e1si id\u0151 Munkaad\u00f3t\u00f3l f\u00fcgg, mivel az \u00f6n\u00e9letrajzot t\u00f6bb a d\u00f6nt\u00e9shozatalban r\u00e9szt vev\u0151 szem\u00e9lynek is \u00e1t kell tekintenie miel\u0151tt megh\u00edvn\u00e1k \u00d6nt egy interj\u00fara.<\/span><\/p>\n<p><span style=\"color: #27a8df;\"><em><strong>4. Az \u00e1ll\u00e1sinterj\u00fa:<\/strong><\/em><\/span><br \/>\nTelefonos vagy online interj\u00fakat szervez\u00fcnk \u00d6nnek a Munkaad\u00f3 k\u00e9pvisel\u0151ivel. Amennyiben ezen interj\u00fak sikeresek, magunkra v\u00e1llaljuk az \u00d6n szem\u00e9lyes l\u00e1togat\u00e1s\u00e1nak megszervez\u00e9s\u00e9t is a Munkaad\u00f3n\u00e1l.<\/p>\n<p><span style=\"color: #27a8df;\"><em><strong>5. Lebonyol\u00edtjuk szakmai k\u00e9pes\u00edt\u00e9seinek elismertet\u00e9s\u00e9vel kapcsolatos formalit\u00e1sokat \u00e9s a Francia Orvosi Kamar\u00e1n\u00e1l t\u00f6rt\u00e9n\u0151 beiratkoz\u00e1st.<br \/>\n<\/strong><\/em><\/span>T\u00f6bb tucat Jel\u00f6ltet seg\u00edtett\u00fcnk \u00e1t sikeresen ezen a folyamaton \u00e9s az \u00d6n r\u00e9sz\u00e9re is r\u00e9szletes felvil\u00e1gos\u00edt\u00e1ssal \u00e9s tan\u00e1csad\u00e1ssal szolg\u00e1lunk a dokumentumok \u00f6ssze\u00e1ll\u00edt\u00e1sa tekintet\u00e9ben annak \u00e9rdek\u00e9ben, hogy minden a lehet\u0151 leggyorsabban \u00e9s stresszmentesen t\u00f6rt\u00e9njen.<\/p>\n<p><span style=\"color: #27a8df;\"><em><strong>6. A Munkaad\u00f3val egy\u00fctt el\u0151zetesen meg\u00e1llap\u00edtott id\u0151pontban munk\u00e1ba \u00e1llhat.<\/strong><\/em><\/span><\/p>\n<p><span style=\"color: #27a8df;\"><em><strong>7. Kapcsolatban maradunk mind \u00d6nnel, mind pedig a Munkaad\u00f3val annak \u00e9rdek\u00e9ben, hogy meggy\u0151z\u0151dj\u00fcnk: az egy\u00fcttm\u0171k\u00f6d\u00e9s optim\u00e1lis.<\/strong><\/em><\/span><\/p>\n<p>[\/et_pb_text][\/et_pb_column][\/et_pb_row][et_pb_row][et_pb_column type=&#8221;1_2&#8243;][et_pb_button admin_label=&#8221;Apply Button&#8221; _builder_version=&#8221;3.4.1&#8243; button_text=&#8221;JELENTKEZZEN&#8221; button_alignment=&#8221;center&#8221; background_layout=&#8221;dark&#8221; custom_button=&#8221;on&#8221; button_bg_color=&#8221;#24b14a&#8221; button_border_color=&#8221;#24b14a&#8221; button_text_color_hover=&#8221;#24b14a&#8221; animation_style=&#8221;bounce&#8221; button_text_size=&#8221;22&#8243; button_url=&#8221;\/hu\/kapcsolat\/&#8221; \/][\/et_pb_column][et_pb_column type=&#8221;1_2&#8243;][et_pb_button admin_label=&#8221;Blue Button&#8221; _builder_version=&#8221;3.4.1&#8243; button_text=&#8221;GY.I.K.&#8221; button_url=&#8221;\/hu\/gyakori-kerdesek\/&#8221; background_layout=&#8221;dark&#8221; custom_button=&#8221;on&#8221; button_text_size=&#8221;22&#8243; button_text_color=&#8221;#ffffff&#8221; button_bg_color=&#8221;#00ade3&#8243; button_border_color=&#8221;#00ade3&#8243; button_text_color_hover=&#8221;#00ade3&#8243; animation_style=&#8221;bounce&#8221; button_alignment=&#8221;center&#8221; \/][\/et_pb_column][\/et_pb_row][\/et_pb_section][et_pb_section bb_built=&#8221;1&#8243; specialty=&#8221;off&#8221; _builder_version=&#8221;3.4.1&#8243; background_color=&#8221;#f6f6f6&#8243; next_background_color=&#8221;#ffffff&#8221; global_module=&#8221;2213&#8243; prev_background_color=&#8221;#ffffff&#8221;][et_pb_row global_parent=&#8221;2213&#8243; background_position=&#8221;top_left&#8221; background_repeat=&#8221;repeat&#8221; background_size=&#8221;initial&#8221;][et_pb_column type=&#8221;4_4&#8243;][et_pb_text global_parent=&#8221;2213&#8243; _builder_version=&#8221;3.4.1&#8243; text_font=&#8221;|800|||||||&#8221; text_text_color=&#8221;#00ade3&#8243; header_2_text_color=&#8221;#00ade3&#8243; header_2_font=&#8221;|800|||||||&#8221; header_2_font_size=&#8221;32px&#8221; header_2_text_align=&#8221;center&#8221;]<\/p>\n<h2 style=\"text-align: center;\"><a href=\"\/hu\/sikertortenetek\/\"><em>SIKERT\u00d6RT\u00c9NETEK<\/em><\/a><\/h2>\n<p>[\/et_pb_text][et_pb_success_story global_parent=&#8221;2213&#8243; _builder_version=&#8221;3.2.2&#8243; posts_number=&#8221;3&#8243; show_title=&#8221;off&#8221; fullwidth=&#8221;off&#8221; title_font_size_tablet=&#8221;51&#8243; title_line_height_tablet=&#8221;2&#8243; caption_font_size_tablet=&#8221;51&#8243; caption_line_height_tablet=&#8221;2&#8243; pagination_font_size_tablet=&#8221;51&#8243; pagination_line_height_tablet=&#8221;2&#8243; show_pagination=&#8221;off&#8221; module_class=&#8221;testimonials3&#8243; \/][\/et_pb_column][\/et_pb_row][\/et_pb_section][et_pb_section bb_built=&#8221;1&#8243; specialty=&#8221;off&#8221; _builder_version=&#8221;3.4.1&#8243; global_module=&#8221;2215&#8243; prev_background_color=&#8221;#f6f6f6&#8243;][et_pb_row global_parent=&#8221;2215&#8243; _builder_version=&#8221;3.0.106&#8243;][et_pb_column type=&#8221;1_3&#8243;][et_pb_text global_parent=&#8221;2215&#8243; _builder_version=&#8221;3.4.1&#8243; text_font=&#8221;|800|||||||&#8221; text_text_color=&#8221;#00ade3&#8243; header_2_text_color=&#8221;#00ade3&#8243; header_2_font=&#8221;|800|||||||&#8221; header_2_font_size=&#8221;32px&#8221;]<\/p>\n<h2 style=\"text-align: left;\"><a href=\"\/hu\/allasajanlatok\/\"><em>HOT JOBS<\/em><\/a><\/h2>\n<p>[\/et_pb_text][et_pb_job global_parent=&#8221;2215&#8243; _builder_version=&#8221;3.1&#8243; posts_number=&#8221;5&#8243; show_title=&#8221;off&#8221; show_categories=&#8221;off&#8221; show_pagination=&#8221;off&#8221; title_font_size_tablet=&#8221;51&#8243; title_line_height_tablet=&#8221;2&#8243; caption_font_size_tablet=&#8221;51&#8243; caption_line_height_tablet=&#8221;2&#8243; pagination_font_size_tablet=&#8221;51&#8243; pagination_line_height_tablet=&#8221;2&#8243; only_hot_jobs=&#8221;on&#8221; \/][et_pb_button admin_label=&#8221;Apply Button&#8221; global_parent=&#8221;2215&#8243; _builder_version=&#8221;3.4.1&#8243; button_text=&#8221;JELENTKEZZEN&#8221; button_alignment=&#8221;left&#8221; background_layout=&#8221;dark&#8221; custom_button=&#8221;on&#8221; button_bg_color=&#8221;#24b14a&#8221; button_border_color=&#8221;#24b14a&#8221; button_text_color_hover=&#8221;#24b14a&#8221; animation_style=&#8221;bounce&#8221; button_url=&#8221;\/hu\/kapcsolat\/&#8221; \/][\/et_pb_column][et_pb_column type=&#8221;2_3&#8243;][et_pb_text global_parent=&#8221;2215&#8243; _builder_version=&#8221;3.0.106&#8243; background_layout=&#8221;light&#8221; text_font=&#8221;|800|||||||&#8221; text_text_color=&#8221;#00ade3&#8243; header_2_text_color=&#8221;#00ade3&#8243; header_2_font=&#8221;|800|||||||&#8221; header_2_font_size=&#8221;32px&#8221;]<\/p>\n<h2 style=\"text-align: left;\"><em>BLOG<\/em><\/h2>\n<p>[\/et_pb_text][et_pb_blog global_parent=&#8221;2215&#8243; _builder_version=&#8221;3.0.106&#8243; posts_number=&#8221;2&#8243; show_content=&#8221;off&#8221; show_thumbnail=&#8221;on&#8221; show_more=&#8221;off&#8221; show_author=&#8221;off&#8221; show_date=&#8221;off&#8221; show_categories=&#8221;off&#8221; show_comments=&#8221;off&#8221; show_pagination=&#8221;on&#8221; fullwidth=&#8221;on&#8221; use_overlay=&#8221;off&#8221; background_layout=&#8221;light&#8221; pagination_font_size_tablet=&#8221;51&#8243; pagination_line_height_tablet=&#8221;2&#8243; header_text_color=&#8221;#24b14a&#8221; \/][\/et_pb_column][\/et_pb_row][\/et_pb_section]<\/p>\n","protected":false},"excerpt":{"rendered":"<p><div class=\"et_pb_row et_pb_row_0 et_pb_row_empty\">\n\t\t\t\t\n\t\t\t\t\n\t\t\t\t\n\t\t\t\t\n\t\t\t\t\n\t\t\t<\/div> Legyen \u00d6n francia nyelven besz\u00e9l\u0151 \u00e9s eur\u00f3pai orvosdoktori \u00e9s szakorvosi diplom\u00e1val rendelkez\u0151 Orvos sz\u00e1mottev\u0151 szakmai tapasztalattal vagy friss diplom\u00e1s,\u00a0 amennyiben\u00a0 \u00d6n Franciaorsz\u00e1gban szeretne munk\u00e1t kapni, sz\u00edvesen elk\u00eds\u00e9rj\u00fck az \u00d6n sz\u00e1m\u00e1ra legink\u00e1bb megfelel\u0151 poz\u00edci\u00f3hoz vezet\u0151 \u00faton. Amint beazonos\u00edtjuk \u00e9s meg\u00e9rtj\u00fck sz\u00fcks\u00e9gleteit, hat\u00e9konyan tudunk \u00d6nnek tan\u00e1csot adni \u00e9s megtal\u00e1ljuk az \u00d6nh\u00f6z legink\u00e1bb ill\u0151 poz\u00edci\u00f3t, amely k\u00e9pes\u00edt\u00e9seinek [&hellip;]<\/p>\n","protected":false},"author":1,"featured_media":0,"parent":0,"menu_order":17,"comment_status":"closed","ping_status":"closed","template":"","meta":{"_et_pb_use_builder":"on","_et_pb_old_content":"","_et_gb_content_width":"","_mi_skip_tracking":false},"yoast_head":"<!-- This site is optimized with the Yoast SEO plugin v19.12 - https:\/\/yoast.com\/wordpress\/plugins\/seo\/ -->\n<title>Jel\u00f6ltek r\u00e9sz\u00e9re - BORA EGV Recruitment<\/title>\n<meta name=\"robots\" content=\"index, follow, max-snippet:-1, max-image-preview:large, max-video-preview:-1\" \/>\n<link rel=\"canonical\" href=\"https:\/\/www.boraconseil.com\/hu\/jeloltek-reszere\/\" \/>\n<meta property=\"og:locale\" content=\"hu_HU\" \/>\n<meta property=\"og:type\" content=\"article\" \/>\n<meta property=\"og:title\" content=\"Jel\u00f6ltek r\u00e9sz\u00e9re - BORA EGV Recruitment\" \/>\n<meta property=\"og:description\" content=\"Legyen \u00d6n francia nyelven besz\u00e9l\u0151 \u00e9s eur\u00f3pai orvosdoktori \u00e9s szakorvosi diplom\u00e1val rendelkez\u0151 Orvos sz\u00e1mottev\u0151 szakmai tapasztalattal vagy friss diplom\u00e1s,\u00a0 amennyiben\u00a0 \u00d6n Franciaorsz\u00e1gban szeretne munk\u00e1t kapni, sz\u00edvesen elk\u00eds\u00e9rj\u00fck az \u00d6n sz\u00e1m\u00e1ra legink\u00e1bb megfelel\u0151 poz\u00edci\u00f3hoz vezet\u0151 \u00faton. Amint beazonos\u00edtjuk \u00e9s meg\u00e9rtj\u00fck sz\u00fcks\u00e9gleteit, hat\u00e9konyan tudunk \u00d6nnek tan\u00e1csot adni \u00e9s megtal\u00e1ljuk az \u00d6nh\u00f6z legink\u00e1bb ill\u0151 poz\u00edci\u00f3t, amely k\u00e9pes\u00edt\u00e9seinek [&hellip;]\" \/>\n<meta property=\"og:url\" content=\"https:\/\/www.boraconseil.com\/hu\/jeloltek-reszere\/\" \/>\n<meta property=\"og:site_name\" content=\"BORA EGV Recruitment\" \/>\n<meta property=\"article:modified_time\" content=\"2018-12-11T13:52:09+00:00\" \/>\n<meta name=\"twitter:card\" content=\"summary_large_image\" \/>\n<meta name=\"twitter:label1\" content=\"Becs\u00fclt olvas\u00e1si id\u0151\" \/>\n\t<meta name=\"twitter:data1\" content=\"8 perc\" \/>\n<script type=\"application\/ld+json\" class=\"yoast-schema-graph\">{\"@context\":\"https:\/\/schema.org\",\"@graph\":[{\"@type\":\"WebPage\",\"@id\":\"https:\/\/www.boraconseil.com\/hu\/jeloltek-reszere\/\",\"url\":\"https:\/\/www.boraconseil.com\/hu\/jeloltek-reszere\/\",\"name\":\"Jel\u00f6ltek r\u00e9sz\u00e9re - BORA EGV Recruitment\",\"isPartOf\":{\"@id\":\"https:\/\/www.boraconseil.com\/fr\/#website\"},\"datePublished\":\"2018-05-29T22:33:20+00:00\",\"dateModified\":\"2018-12-11T13:52:09+00:00\",\"breadcrumb\":{\"@id\":\"https:\/\/www.boraconseil.com\/hu\/jeloltek-reszere\/#breadcrumb\"},\"inLanguage\":\"hu\",\"potentialAction\":[{\"@type\":\"ReadAction\",\"target\":[\"https:\/\/www.boraconseil.com\/hu\/jeloltek-reszere\/\"]}]},{\"@type\":\"BreadcrumbList\",\"@id\":\"https:\/\/www.boraconseil.com\/hu\/jeloltek-reszere\/#breadcrumb\",\"itemListElement\":[{\"@type\":\"ListItem\",\"position\":1,\"name\":\"Home\",\"item\":\"https:\/\/www.boraconseil.com\/hu\/\"},{\"@type\":\"ListItem\",\"position\":2,\"name\":\"Jel\u00f6ltek r\u00e9sz\u00e9re\"}]},{\"@type\":\"WebSite\",\"@id\":\"https:\/\/www.boraconseil.com\/fr\/#website\",\"url\":\"https:\/\/www.boraconseil.com\/fr\/\",\"name\":\"BORA EGV Recruitment\",\"description\":\"\",\"potentialAction\":[{\"@type\":\"SearchAction\",\"target\":{\"@type\":\"EntryPoint\",\"urlTemplate\":\"https:\/\/www.boraconseil.com\/fr\/?s={search_term_string}\"},\"query-input\":\"required name=search_term_string\"}],\"inLanguage\":\"hu\"}]}<\/script>\n<!-- \/ Yoast SEO plugin. -->","yoast_head_json":{"title":"Jel\u00f6ltek r\u00e9sz\u00e9re - BORA EGV Recruitment","robots":{"index":"index","follow":"follow","max-snippet":"max-snippet:-1","max-image-preview":"max-image-preview:large","max-video-preview":"max-video-preview:-1"},"canonical":"https:\/\/www.boraconseil.com\/hu\/jeloltek-reszere\/","og_locale":"hu_HU","og_type":"article","og_title":"Jel\u00f6ltek r\u00e9sz\u00e9re - BORA EGV Recruitment","og_description":"Legyen \u00d6n francia nyelven besz\u00e9l\u0151 \u00e9s eur\u00f3pai orvosdoktori \u00e9s szakorvosi diplom\u00e1val rendelkez\u0151 Orvos sz\u00e1mottev\u0151 szakmai tapasztalattal vagy friss diplom\u00e1s,\u00a0 amennyiben\u00a0 \u00d6n Franciaorsz\u00e1gban szeretne munk\u00e1t kapni, sz\u00edvesen elk\u00eds\u00e9rj\u00fck az \u00d6n sz\u00e1m\u00e1ra legink\u00e1bb megfelel\u0151 poz\u00edci\u00f3hoz vezet\u0151 \u00faton. Amint beazonos\u00edtjuk \u00e9s meg\u00e9rtj\u00fck sz\u00fcks\u00e9gleteit, hat\u00e9konyan tudunk \u00d6nnek tan\u00e1csot adni \u00e9s megtal\u00e1ljuk az \u00d6nh\u00f6z legink\u00e1bb ill\u0151 poz\u00edci\u00f3t, amely k\u00e9pes\u00edt\u00e9seinek [&hellip;]","og_url":"https:\/\/www.boraconseil.com\/hu\/jeloltek-reszere\/","og_site_name":"BORA EGV Recruitment","article_modified_time":"2018-12-11T13:52:09+00:00","twitter_card":"summary_large_image","twitter_misc":{"Becs\u00fclt olvas\u00e1si id\u0151":"8 perc"},"schema":{"@context":"https:\/\/schema.org","@graph":[{"@type":"WebPage","@id":"https:\/\/www.boraconseil.com\/hu\/jeloltek-reszere\/","url":"https:\/\/www.boraconseil.com\/hu\/jeloltek-reszere\/","name":"Jel\u00f6ltek r\u00e9sz\u00e9re - BORA EGV Recruitment","isPartOf":{"@id":"https:\/\/www.boraconseil.com\/fr\/#website"},"datePublished":"2018-05-29T22:33:20+00:00","dateModified":"2018-12-11T13:52:09+00:00","breadcrumb":{"@id":"https:\/\/www.boraconseil.com\/hu\/jeloltek-reszere\/#breadcrumb"},"inLanguage":"hu","potentialAction":[{"@type":"ReadAction","target":["https:\/\/www.boraconseil.com\/hu\/jeloltek-reszere\/"]}]},{"@type":"BreadcrumbList","@id":"https:\/\/www.boraconseil.com\/hu\/jeloltek-reszere\/#breadcrumb","itemListElement":[{"@type":"ListItem","position":1,"name":"Home","item":"https:\/\/www.boraconseil.com\/hu\/"},{"@type":"ListItem","position":2,"name":"Jel\u00f6ltek r\u00e9sz\u00e9re"}]},{"@type":"WebSite","@id":"https:\/\/www.boraconseil.com\/fr\/#website","url":"https:\/\/www.boraconseil.com\/fr\/","name":"BORA EGV Recruitment","description":"","potentialAction":[{"@type":"SearchAction","target":{"@type":"EntryPoint","urlTemplate":"https:\/\/www.boraconseil.com\/fr\/?s={search_term_string}"},"query-input":"required name=search_term_string"}],"inLanguage":"hu"}]}},"_links":{"self":[{"href":"https:\/\/www.boraconseil.com\/hu\/wp-json\/wp\/v2\/pages\/2235"}],"collection":[{"href":"https:\/\/www.boraconseil.com\/hu\/wp-json\/wp\/v2\/pages"}],"about":[{"href":"https:\/\/www.boraconseil.com\/hu\/wp-json\/wp\/v2\/types\/page"}],"author":[{"embeddable":true,"href":"https:\/\/www.boraconseil.com\/hu\/wp-json\/wp\/v2\/users\/1"}],"replies":[{"embeddable":true,"href":"https:\/\/www.boraconseil.com\/hu\/wp-json\/wp\/v2\/comments?post=2235"}],"version-history":[{"count":0,"href":"https:\/\/www.boraconseil.com\/hu\/wp-json\/wp\/v2\/pages\/2235\/revisions"}],"wp:attachment":[{"href":"https:\/\/www.boraconseil.com\/hu\/wp-json\/wp\/v2\/media?parent=2235"}],"curies":[{"name":"wp","href":"https:\/\/api.w.org\/{rel}","templated":true}]}}