{"id":2234,"date":"2018-05-30T00:32:10","date_gmt":"2018-05-29T22:32:10","guid":{"rendered":"https:\/\/www.boraconseil.com\/?page_id=2234"},"modified":"2018-12-11T14:52:08","modified_gmt":"2018-12-11T13:52:08","slug":"ugyfelek-reszere","status":"publish","type":"page","link":"https:\/\/www.boraconseil.com\/hu\/ugyfelek-reszere\/","title":{"rendered":"\u00dcgyfelek r\u00e9sz\u00e9re"},"content":{"rendered":"<div id=\u201cfb-root\u201d><\/div>\n<script>(function(d, s, id) {\n  var js, fjs = d.getElementsByTagName(s)[0];\n  if (d.getElementById(id)) return;\n  js = d.createElement(s); js.id = id;\n  js.src = 'https:\/\/connect.facebook.net\/hu\/sdk.js#xfbml=1&version=v3.0&appId=667263270282118&autoLogAppEvents=1';\n  fjs.parentNode.insertBefore(js, fjs);\n}(document, 'script', 'facebook-jssdk'));<\/script>\n<p>[et_pb_section bb_built=&#8221;1&#8243; next_background_color=&#8221;#f6f6f6&#8243; _builder_version=&#8221;3.0.106&#8243;][et_pb_row][et_pb_column type=&#8221;4_4&#8243;][et_pb_header admin_label=&#8221;Page Title&#8221; _builder_version=&#8221;3.4.1&#8243; title=&#8221;\u00dcgyfelek r\u00e9sz\u00e9re&#8221; scroll_down_icon_size_tablet=&#8221;50&#8243; subhead_font_size_tablet=&#8221;51&#8243; text_orientation=&#8221;center&#8221; title_text_align=&#8221;center&#8221; title_text_color=&#8221;#00ade3&#8243; title_font=&#8221;|800|on|on|||||&#8221; title_font_size=&#8221;34px&#8221; subhead_font=&#8221;||on||||||&#8221; subhead_font_size=&#8221;18&#8243; \/][et_pb_text _builder_version=&#8221;3.4.1&#8243;]<\/p>\n<p class=\"p1\"><span class=\"s1\">A k\u00e9pzett \u00e9s megb\u00edzhat\u00f3 szem\u00e9lyzet az eg\u00e9szs\u00e9g\u00fcgyi rendszer leg\u00e9rt\u00e9kesebb er\u0151forr\u00e1sa \u00e9s \u00d6nnek a megfelel\u0151 Jelentkez\u0151 megtal\u00e1l\u00e1sa igazi kih\u00edv\u00e1ss\u00e1 v\u00e1lhat.<\/span><\/p>\n<p class=\"p1\"><span class=\"s1\">T\u00e1rsas\u00e1gunk m\u00e1r t\u00f6bb tucat toborz\u00e1si projektet vitt sikerre Franciaorsz\u00e1gban. <\/span><\/p>\n<p class=\"p1\"><span class=\"s1\">Amennyiben benn\u00fcnket v\u00e1laszt, az orvostoborz\u00e1s ter\u00fclet\u00e9n szerzett specifikus ismereteink \u00e9s sz\u00e9lesk\u00f6r\u0171 tapasztalataink el\u0151nyeit \u00e9lvezi.<\/span><\/p>\n<p class=\"p1\"><span class=\"s1\">Amint siker\u00fcl azonos\u00edtanunk \u00e9s meg\u00e9rten\u00fcnk ig\u00e9nyeit, szem\u00e9lyre szabott szolg\u00e1ltat\u00e1sokat tudunk aj\u00e1nlani \u00e9s hat\u00e9konyan tudunk \u00d6nnek tan\u00e1csot adni.<\/span><\/p>\n<p class=\"p1\"><span class=\"s1\">A toborz\u00e1si folyamat nagyon fontos szempontja a jel\u00f6ltek szakmai k\u00e9pes\u00edt\u00e9seinek<span class=\"Apple-converted-space\">\u00a0 <\/span>a Francia Orvosi Kamara (vagy amennyiben nem automatikusan elismerhet\u0151 diplom\u00e1r\u00f3l van sz\u00f3 a Nemzeti Ir\u00e1ny\u00edt\u00f3 K\u00f6zpont (CNG) nev\u0171 hat\u00f3s\u00e1g) \u00e1ltal t\u00f6rt\u00e9n\u0151 elismertet\u00e9se. Jel\u00f6ltjeinket az eg\u00e9sz folyamat sor\u00e1n v\u00e9gigk\u00eds\u00e9rj\u00fck annak \u00e9rdek\u00e9ben, hogy id\u0151ben felv\u00e9telt nyerjenek a kamar\u00e1ba.<\/span><\/p>\n<p class=\"p1\"><span class=\"s1\">Az \u00e1ll\u00e1saj\u00e1nlatokat t\u00f6bb olyan eur\u00f3pai orsz\u00e1gban is rekl\u00e1mozzuk, ahol rugalmas \u00e9s megb\u00edzhat\u00f3 szolg\u00e1ltat\u00e1sainknak k\u00f6sz\u00f6nhet\u0151en az orvosok k\u00f6z\u00f6tt igen j\u00f3 h\u00edrn\u00e9vnek \u00f6rvend\u00fcnk.<\/span><\/p>\n<p class=\"p1\"><span class=\"s1\">Amennyiben megb\u00edz\u00e1st ad nek\u00fcnk, szolg\u00e1ltat\u00e1saink \u00e1ltal sz\u00e1mos el\u0151nyt \u00e9lvez:<\/span><\/p>\n<p><span style=\"color: #39b049;\"><strong>Megfelel\u0151 Jel\u00f6ltek:<\/strong><\/span><\/p>\n<ul>\n<li class=\"li1\"><span class=\"s2\">T\u00f6bb ezer francia nyelven besz\u00e9l\u0151 orvost tartalmaz\u00f3 adatb\u00e1zissal rendelkez\u00fcnk. <\/span><\/li>\n<li class=\"li1\"><span class=\"s2\">Jel\u00f6ltjeink \u00e9letkora sz\u00e9les sk\u00e1l\u00e1n mozog: vannak k\u00f6z\u00f6tt\u00fck fiatal Orvosok, csak\u00fagy, mint t\u00f6bb \u00e9ves nemzetk\u00f6zi gyakorlattal rendelkez\u0151 Szakorvosok. <\/span><\/li>\n<li class=\"li1\"><span class=\"s2\">Mind eur\u00f3pai \u00e1ltal\u00e1nos orvosdoktori \u00e9s szakorvosi diplom\u00e1val rendelkeznek (2005\/36\/EK ir\u00e1nyelv).<\/span><\/li>\n<li class=\"li1\"><span class=\"s2\">Jel\u00f6ltjeinknek tan\u00e1csot tudunk adni arra vonatkoz\u00f3an, hogyan tudj\u00e1k nyelvtud\u00e1sukat hat\u00e9konyan fejleszteni.<\/span><\/li>\n<\/ul>\n<p><span style=\"color: #39b049;\"><strong>Hat\u00e9konys\u00e1g:<\/strong><\/span><\/p>\n<ul>\n<li class=\"li1\"><span class=\"s2\">A hat\u00e9kony kiv\u00e1laszt\u00e1si folyamatnak k\u00f6sz\u00f6nhet\u0151en megfelel\u0151 megold\u00e1sokat tudunk k\u00edn\u00e1lni. <\/span><\/li>\n<li class=\"li1\"><span class=\"s2\">Interj\u00fakat szervez\u00fcnk a Jelentkez\u0151kkel, hogy felm\u00e9rj\u00fck szakmai tud\u00e1sukat \u00e9s egy\u00e9nis\u00e9g\u00fcket, \u00edgy \u00d6nnek csak azon Jel\u00f6lteket mutatjuk be, akik megfelelnek az elv\u00e1r\u00e1soknak, \u00d6nnek ez\u00e1ltal is id\u0151t \u00e9s energi\u00e1t sp\u00f3rolunk meg.<\/span><\/li>\n<li class=\"li1\"><span class=\"s2\">Magunkra v\u00e1llaljuk az online vagy telefonos interj\u00fak megtart\u00e1s\u00e1hoz sz\u00fcks\u00e9ges szervez\u00e9st.<\/span><\/li>\n<li class=\"li1\"><span class=\"s2\">Az \u00dcgyf\u00e9l \u00e9s a Jel\u00f6lt k\u00f6z\u00f6tt lefolytatott sikeres telefonos vagy online interj\u00fak ut\u00e1n egy \u00d6nnek megfelel\u0151 id\u0151pontban megszervezz\u00fck a Jel\u00f6lt l\u00e1togat\u00e1s\u00e1t.<\/span><\/li>\n<li class=\"li1\"><span class=\"s2\">Lebonyol\u00edtjuk a szakmai k\u00e9pes\u00edt\u00e9sek elismertet\u00e9s\u00e9vel kapcsolatos formalit\u00e1sokat \u00e9s a Jelentkez\u0151 r\u00e9sz\u00e9re tal\u00e1lkoz\u00f3t szervez\u00fcnk az illet\u00e9kes Megyei Orvosi Kamara egyik k\u00e9pvisel\u0151j\u00e9vel arra az id\u0151szakra, amikor a Jel\u00f6lt el\u0151sz\u00f6r tesz l\u00e1togat\u00e1st int\u00e9zm\u00e9ny\u00e9ben.<\/span><\/li>\n<\/ul>\n<p><strong><span style=\"color: #39b049;\">Magas sz\u00ednvonal\u00fa tan\u00e1csad\u00e1s:<\/span><\/strong><\/p>\n<ul>\n<li class=\"li1\"><span class=\"s2\">Mivel K\u00f6z\u00e9p-Eur\u00f3p\u00e1ban van sz\u00e9khely\u00fcnk, k\u00f6zel vagyunk a Jel\u00f6ltekhez, amely \u00e1ltal jobban \u00e9rtj\u00fck \u0151ket. <\/span><\/li>\n<li class=\"li1\"><span class=\"s2\">Tan\u00e1csot tudunk adni sz\u00e1mukra minden adminisztrat\u00edv l\u00e9p\u00e9s sor\u00e1n a sz\u00e1rmaz\u00e1si orsz\u00e1gukban, anyanyelv\u00fck\u00f6n is, annak \u00e9rdek\u00e9ben, hogy beszerezz\u00e9k a Francia Orvosi Kamara \u00e1ltal megk\u00f6vetelt dokumentumokat. <\/span><\/li>\n<li class=\"li1\"><span class=\"s2\">Mind a Jel\u00f6lttel, mind az \u00dcgyf\u00e9llel tartjuk a kapcsolatot a Jel\u00f6lt munk\u00e1ba \u00e1ll\u00e1sa ut\u00e1n is, \u00edgy biztos\u00edtva a Felek k\u00f6z\u00f6tt a j\u00f3 kommunik\u00e1ci\u00f3t \u00e9s ez\u00e1ltal elker\u00fclve az esetleges f\u00e9lre\u00e9rt\u00e9seket.<\/span><\/li>\n<\/ul>\n<p><em>K\u00e9r\u00e9sre rendelkez\u00e9sre \u00e1llnak referenci\u00e1k.<\/em><\/p>\n<p><strong><span style=\"color: #39b049;\">A kiv\u00e1laszt\u00e1si folyamat l\u00e9p\u00e9sei:<\/span><\/strong><\/p>\n<ol>\n<li>Miut\u00e1n m\u00e9lys\u00e9g\u00e9ben elemezz\u00fck a meg\u00fcresedett poz\u00edci\u00f3t, pontosan meghat\u00e1rozzuk a keresett Jel\u00f6lt profilj\u00e1t, szakmai \u00e9s szem\u00e9lyes k\u00e9pes\u00edt\u00e9s\u00e9t, melyek sz\u00fcks\u00e9gesek az \u00e1ll\u00e1s bet\u00f6lt\u00e9s\u00e9hez.<\/li>\n<li>Ezzel p\u00e1rhuzamosan r\u00e9szletesen elemezz\u00fck a szakk\u00e9pes\u00edt\u00e9sek elismer\u00e9s\u00e9re vonatkoz\u00f3 eur\u00f3pai jogszab\u00e1lyokat annak \u00e9rdek\u00e9ben, hogy meg tudjuk hat\u00e1rozni: mely orsz\u00e1gb\u00f3l toborozhatunk Jel\u00f6lteket az \u00d6n \u00e1ltal k\u00edn\u00e1lt \u00e1ll\u00e1sra. Az eur\u00f3pai orsz\u00e1gok eg\u00e9szs\u00e9g\u00fcgyi \u00e9s tan\u00fcgyi rendszereiben fenn\u00e1ll\u00f3 k\u00fcl\u00f6nbs\u00e9gek miatt, nem minden orvosi szakter\u00fclet r\u00e9szes\u00fcl k\u00f6lcs\u00f6n\u00f6s elismer\u00e9sben.<\/li>\n<li>\u00d6nnel egy\u00fctt \u00f6ssze\u00e1ll\u00edtjuk a Jel\u00f6lteknek sz\u00e1nt poz\u00edci\u00f3 le\u00edr\u00e1st.<\/li>\n<li>Felkeress\u00fck az adatb\u00e1zisunk azon Jel\u00f6ltjeit, akik megfelelnek a krit\u00e9riumoknak \u00e9s a bet\u00f6ltetlen \u00e1ll\u00e1shelyeket meghirdetj\u00fck sz\u00e1mos k\u00fcl\u00f6nb\u00f6z\u0151 m\u00e9diafel\u00fcleten is.<\/li>\n<li>Interj\u00fat k\u00e9sz\u00edt\u00fcnk az \u00e1ll\u00e1shely ir\u00e1nt \u00e9rdekl\u0151d\u0151 Jel\u00f6ltekkel \u00e9s amennyiben megfelelnek a krit\u00e9riumoknak, elk\u00fcldj\u00fck \u00d6nnek a Jelentkez\u0151 teljes \u00f6n\u00e9letrajz\u00e1t, amely tartalmazza szakmai \u00e9s nyelvi k\u00e9szs\u00e9geit \u00e9s r\u00e9szletes szakmai tapasztalatait.<\/li>\n<li>\u00d6nnel egy\u00fctt telefonos vagy online interj\u00fakat szervez\u00fcnk a Jel\u00f6lttel.<\/li>\n<li>Amennyiben ezen interj\u00fak sikeresek, magunkra v\u00e1llaljuk, hogy a Jel\u00f6lt r\u00e9sz\u00e9re l\u00e1togat\u00e1st szervez\u00fcnk az \u00d6n int\u00e9zm\u00e9ny\u00e9n\u00e9l.<\/li>\n<li>T\u00e1mogat\u00e1st ny\u00fajtunk a Jel\u00f6lt r\u00e9sz\u00e9re a szakmai k\u00e9pes\u00edt\u00e9sek elismertet\u00e9se sor\u00e1n (a Francia Orvosi Kamar\u00e1n\u00e1l t\u00f6rt\u00e9n\u0151 beiratkoz\u00e1s).<\/li>\n<li>A Jel\u00f6lt munk\u00e1ba \u00e1llhat.<\/li>\n<li>Kapcsolatban maradunk mind \u00d6nnel, mind pedig a Jel\u00f6lttel annak \u00e9rdek\u00e9ben, hogy meggy\u0151z\u0151dj\u00fcnk: az egy\u00fcttm\u0171k\u00f6d\u00e9s optim\u00e1lis.<\/li>\n<\/ol>\n<p>[\/et_pb_text][et_pb_button admin_label=&#8221;Green Button&#8221; _builder_version=&#8221;3.4.1&#8243; button_text=&#8221;L\u00c9PJEN KAPCSOLATBA VEL\u00dcNK&#8221; button_url=&#8221;\/hu\/kapcsolat\/&#8221; background_layout=&#8221;dark&#8221; custom_button=&#8221;on&#8221; button_text_size=&#8221;22&#8243; button_text_color=&#8221;#ffffff&#8221; button_bg_color=&#8221;#24b14a&#8221; button_border_color=&#8221;#24b14a&#8221; button_text_color_hover=&#8221;#24b14a&#8221; animation_style=&#8221;bounce&#8221; \/][\/et_pb_column][\/et_pb_row][\/et_pb_section][et_pb_section bb_built=&#8221;1&#8243; specialty=&#8221;off&#8221; _builder_version=&#8221;3.4.1&#8243; background_color=&#8221;#f6f6f6&#8243; next_background_color=&#8221;#ffffff&#8221; prev_background_color=&#8221;#ffffff&#8221; global_module=&#8221;2213&#8243;][et_pb_row global_parent=&#8221;2213&#8243; background_position=&#8221;top_left&#8221; background_repeat=&#8221;repeat&#8221; background_size=&#8221;initial&#8221;][et_pb_column type=&#8221;4_4&#8243;][et_pb_text global_parent=&#8221;2213&#8243; _builder_version=&#8221;3.4.1&#8243; text_font=&#8221;|800|||||||&#8221; text_text_color=&#8221;#00ade3&#8243; header_2_text_color=&#8221;#00ade3&#8243; header_2_font=&#8221;|800|||||||&#8221; header_2_font_size=&#8221;32px&#8221; header_2_text_align=&#8221;center&#8221;]<\/p>\n<h2 style=\"text-align: center;\"><a href=\"\/hu\/sikertortenetek\/\"><em>SIKERT\u00d6RT\u00c9NETEK<\/em><\/a><\/h2>\n<p>[\/et_pb_text][et_pb_success_story global_parent=&#8221;2213&#8243; _builder_version=&#8221;3.2.2&#8243; posts_number=&#8221;3&#8243; show_title=&#8221;off&#8221; fullwidth=&#8221;off&#8221; title_font_size_tablet=&#8221;51&#8243; title_line_height_tablet=&#8221;2&#8243; caption_font_size_tablet=&#8221;51&#8243; caption_line_height_tablet=&#8221;2&#8243; pagination_font_size_tablet=&#8221;51&#8243; pagination_line_height_tablet=&#8221;2&#8243; show_pagination=&#8221;off&#8221; module_class=&#8221;testimonials3&#8243; \/][\/et_pb_column][\/et_pb_row][\/et_pb_section][et_pb_section bb_built=&#8221;1&#8243; specialty=&#8221;off&#8221; prev_background_color=&#8221;#f6f6f6&#8243; _builder_version=&#8221;3.4.1&#8243; global_module=&#8221;2215&#8243;][et_pb_row global_parent=&#8221;2215&#8243; _builder_version=&#8221;3.0.106&#8243;][et_pb_column type=&#8221;1_3&#8243;][et_pb_text global_parent=&#8221;2215&#8243; _builder_version=&#8221;3.4.1&#8243; text_font=&#8221;|800|||||||&#8221; text_text_color=&#8221;#00ade3&#8243; header_2_text_color=&#8221;#00ade3&#8243; header_2_font=&#8221;|800|||||||&#8221; header_2_font_size=&#8221;32px&#8221;]<\/p>\n<h2 style=\"text-align: left;\"><a href=\"\/hu\/allasajanlatok\/\"><em>HOT JOBS<\/em><\/a><\/h2>\n<p>[\/et_pb_text][et_pb_job global_parent=&#8221;2215&#8243; _builder_version=&#8221;3.1&#8243; posts_number=&#8221;5&#8243; show_title=&#8221;off&#8221; show_categories=&#8221;off&#8221; show_pagination=&#8221;off&#8221; title_font_size_tablet=&#8221;51&#8243; title_line_height_tablet=&#8221;2&#8243; caption_font_size_tablet=&#8221;51&#8243; caption_line_height_tablet=&#8221;2&#8243; pagination_font_size_tablet=&#8221;51&#8243; pagination_line_height_tablet=&#8221;2&#8243; only_hot_jobs=&#8221;on&#8221; \/][et_pb_button admin_label=&#8221;Apply Button&#8221; global_parent=&#8221;2215&#8243; _builder_version=&#8221;3.4.1&#8243; button_text=&#8221;JELENTKEZZEN&#8221; button_alignment=&#8221;left&#8221; background_layout=&#8221;dark&#8221; custom_button=&#8221;on&#8221; button_bg_color=&#8221;#24b14a&#8221; button_border_color=&#8221;#24b14a&#8221; button_text_color_hover=&#8221;#24b14a&#8221; animation_style=&#8221;bounce&#8221; button_url=&#8221;\/hu\/kapcsolat\/&#8221; \/][\/et_pb_column][et_pb_column type=&#8221;2_3&#8243;][et_pb_text global_parent=&#8221;2215&#8243; _builder_version=&#8221;3.0.106&#8243; background_layout=&#8221;light&#8221; text_font=&#8221;|800|||||||&#8221; text_text_color=&#8221;#00ade3&#8243; header_2_text_color=&#8221;#00ade3&#8243; header_2_font=&#8221;|800|||||||&#8221; header_2_font_size=&#8221;32px&#8221;]<\/p>\n<h2 style=\"text-align: left;\"><em>BLOG<\/em><\/h2>\n<p>[\/et_pb_text][et_pb_blog global_parent=&#8221;2215&#8243; _builder_version=&#8221;3.0.106&#8243; posts_number=&#8221;2&#8243; show_content=&#8221;off&#8221; show_thumbnail=&#8221;on&#8221; show_more=&#8221;off&#8221; show_author=&#8221;off&#8221; show_date=&#8221;off&#8221; show_categories=&#8221;off&#8221; show_comments=&#8221;off&#8221; show_pagination=&#8221;on&#8221; fullwidth=&#8221;on&#8221; use_overlay=&#8221;off&#8221; background_layout=&#8221;light&#8221; pagination_font_size_tablet=&#8221;51&#8243; pagination_line_height_tablet=&#8221;2&#8243; header_text_color=&#8221;#24b14a&#8221; \/][\/et_pb_column][\/et_pb_row][\/et_pb_section]<\/p>\n","protected":false},"excerpt":{"rendered":"<p><div class=\"et_pb_row et_pb_row_0 et_pb_row_empty\">\n\t\t\t\t\n\t\t\t\t\n\t\t\t\t\n\t\t\t\t\n\t\t\t\t\n\t\t\t<\/div> A k\u00e9pzett \u00e9s megb\u00edzhat\u00f3 szem\u00e9lyzet az eg\u00e9szs\u00e9g\u00fcgyi rendszer leg\u00e9rt\u00e9kesebb er\u0151forr\u00e1sa \u00e9s \u00d6nnek a megfelel\u0151 Jelentkez\u0151 megtal\u00e1l\u00e1sa igazi kih\u00edv\u00e1ss\u00e1 v\u00e1lhat. T\u00e1rsas\u00e1gunk m\u00e1r t\u00f6bb tucat toborz\u00e1si projektet vitt sikerre Franciaorsz\u00e1gban. Amennyiben benn\u00fcnket v\u00e1laszt, az orvostoborz\u00e1s ter\u00fclet\u00e9n szerzett specifikus ismereteink \u00e9s sz\u00e9lesk\u00f6r\u0171 tapasztalataink el\u0151nyeit \u00e9lvezi. Amint siker\u00fcl azonos\u00edtanunk \u00e9s meg\u00e9rten\u00fcnk ig\u00e9nyeit, szem\u00e9lyre szabott szolg\u00e1ltat\u00e1sokat tudunk aj\u00e1nlani \u00e9s [&hellip;]<\/p>\n","protected":false},"author":1,"featured_media":0,"parent":0,"menu_order":12,"comment_status":"closed","ping_status":"closed","template":"","meta":{"_et_pb_use_builder":"on","_et_pb_old_content":"","_et_gb_content_width":"","_mi_skip_tracking":false},"yoast_head":"<!-- This site is optimized with the Yoast SEO plugin v19.12 - https:\/\/yoast.com\/wordpress\/plugins\/seo\/ -->\n<title>\u00dcgyfelek r\u00e9sz\u00e9re - BORA EGV Recruitment<\/title>\n<meta name=\"robots\" content=\"index, follow, max-snippet:-1, max-image-preview:large, max-video-preview:-1\" \/>\n<link rel=\"canonical\" href=\"https:\/\/www.boraconseil.com\/hu\/ugyfelek-reszere\/\" \/>\n<meta property=\"og:locale\" content=\"hu_HU\" \/>\n<meta property=\"og:type\" content=\"article\" \/>\n<meta property=\"og:title\" content=\"\u00dcgyfelek r\u00e9sz\u00e9re - BORA EGV Recruitment\" \/>\n<meta property=\"og:description\" content=\"A k\u00e9pzett \u00e9s megb\u00edzhat\u00f3 szem\u00e9lyzet az eg\u00e9szs\u00e9g\u00fcgyi rendszer leg\u00e9rt\u00e9kesebb er\u0151forr\u00e1sa \u00e9s \u00d6nnek a megfelel\u0151 Jelentkez\u0151 megtal\u00e1l\u00e1sa igazi kih\u00edv\u00e1ss\u00e1 v\u00e1lhat. T\u00e1rsas\u00e1gunk m\u00e1r t\u00f6bb tucat toborz\u00e1si projektet vitt sikerre Franciaorsz\u00e1gban. Amennyiben benn\u00fcnket v\u00e1laszt, az orvostoborz\u00e1s ter\u00fclet\u00e9n szerzett specifikus ismereteink \u00e9s sz\u00e9lesk\u00f6r\u0171 tapasztalataink el\u0151nyeit \u00e9lvezi. Amint siker\u00fcl azonos\u00edtanunk \u00e9s meg\u00e9rten\u00fcnk ig\u00e9nyeit, szem\u00e9lyre szabott szolg\u00e1ltat\u00e1sokat tudunk aj\u00e1nlani \u00e9s [&hellip;]\" \/>\n<meta property=\"og:url\" content=\"https:\/\/www.boraconseil.com\/hu\/ugyfelek-reszere\/\" \/>\n<meta property=\"og:site_name\" content=\"BORA EGV Recruitment\" \/>\n<meta property=\"article:modified_time\" content=\"2018-12-11T13:52:08+00:00\" \/>\n<meta name=\"twitter:card\" content=\"summary_large_image\" \/>\n<meta name=\"twitter:label1\" content=\"Becs\u00fclt olvas\u00e1si id\u0151\" \/>\n\t<meta name=\"twitter:data1\" content=\"7 perc\" \/>\n<script type=\"application\/ld+json\" class=\"yoast-schema-graph\">{\"@context\":\"https:\/\/schema.org\",\"@graph\":[{\"@type\":\"WebPage\",\"@id\":\"https:\/\/www.boraconseil.com\/hu\/ugyfelek-reszere\/\",\"url\":\"https:\/\/www.boraconseil.com\/hu\/ugyfelek-reszere\/\",\"name\":\"\u00dcgyfelek r\u00e9sz\u00e9re - BORA EGV Recruitment\",\"isPartOf\":{\"@id\":\"https:\/\/www.boraconseil.com\/fr\/#website\"},\"datePublished\":\"2018-05-29T22:32:10+00:00\",\"dateModified\":\"2018-12-11T13:52:08+00:00\",\"breadcrumb\":{\"@id\":\"https:\/\/www.boraconseil.com\/hu\/ugyfelek-reszere\/#breadcrumb\"},\"inLanguage\":\"hu\",\"potentialAction\":[{\"@type\":\"ReadAction\",\"target\":[\"https:\/\/www.boraconseil.com\/hu\/ugyfelek-reszere\/\"]}]},{\"@type\":\"BreadcrumbList\",\"@id\":\"https:\/\/www.boraconseil.com\/hu\/ugyfelek-reszere\/#breadcrumb\",\"itemListElement\":[{\"@type\":\"ListItem\",\"position\":1,\"name\":\"Home\",\"item\":\"https:\/\/www.boraconseil.com\/hu\/\"},{\"@type\":\"ListItem\",\"position\":2,\"name\":\"\u00dcgyfelek r\u00e9sz\u00e9re\"}]},{\"@type\":\"WebSite\",\"@id\":\"https:\/\/www.boraconseil.com\/fr\/#website\",\"url\":\"https:\/\/www.boraconseil.com\/fr\/\",\"name\":\"BORA EGV Recruitment\",\"description\":\"\",\"potentialAction\":[{\"@type\":\"SearchAction\",\"target\":{\"@type\":\"EntryPoint\",\"urlTemplate\":\"https:\/\/www.boraconseil.com\/fr\/?s={search_term_string}\"},\"query-input\":\"required name=search_term_string\"}],\"inLanguage\":\"hu\"}]}<\/script>\n<!-- \/ Yoast SEO plugin. -->","yoast_head_json":{"title":"\u00dcgyfelek r\u00e9sz\u00e9re - BORA EGV Recruitment","robots":{"index":"index","follow":"follow","max-snippet":"max-snippet:-1","max-image-preview":"max-image-preview:large","max-video-preview":"max-video-preview:-1"},"canonical":"https:\/\/www.boraconseil.com\/hu\/ugyfelek-reszere\/","og_locale":"hu_HU","og_type":"article","og_title":"\u00dcgyfelek r\u00e9sz\u00e9re - BORA EGV Recruitment","og_description":"A k\u00e9pzett \u00e9s megb\u00edzhat\u00f3 szem\u00e9lyzet az eg\u00e9szs\u00e9g\u00fcgyi rendszer leg\u00e9rt\u00e9kesebb er\u0151forr\u00e1sa \u00e9s \u00d6nnek a megfelel\u0151 Jelentkez\u0151 megtal\u00e1l\u00e1sa igazi kih\u00edv\u00e1ss\u00e1 v\u00e1lhat. T\u00e1rsas\u00e1gunk m\u00e1r t\u00f6bb tucat toborz\u00e1si projektet vitt sikerre Franciaorsz\u00e1gban. Amennyiben benn\u00fcnket v\u00e1laszt, az orvostoborz\u00e1s ter\u00fclet\u00e9n szerzett specifikus ismereteink \u00e9s sz\u00e9lesk\u00f6r\u0171 tapasztalataink el\u0151nyeit \u00e9lvezi. Amint siker\u00fcl azonos\u00edtanunk \u00e9s meg\u00e9rten\u00fcnk ig\u00e9nyeit, szem\u00e9lyre szabott szolg\u00e1ltat\u00e1sokat tudunk aj\u00e1nlani \u00e9s [&hellip;]","og_url":"https:\/\/www.boraconseil.com\/hu\/ugyfelek-reszere\/","og_site_name":"BORA EGV Recruitment","article_modified_time":"2018-12-11T13:52:08+00:00","twitter_card":"summary_large_image","twitter_misc":{"Becs\u00fclt olvas\u00e1si id\u0151":"7 perc"},"schema":{"@context":"https:\/\/schema.org","@graph":[{"@type":"WebPage","@id":"https:\/\/www.boraconseil.com\/hu\/ugyfelek-reszere\/","url":"https:\/\/www.boraconseil.com\/hu\/ugyfelek-reszere\/","name":"\u00dcgyfelek r\u00e9sz\u00e9re - BORA EGV Recruitment","isPartOf":{"@id":"https:\/\/www.boraconseil.com\/fr\/#website"},"datePublished":"2018-05-29T22:32:10+00:00","dateModified":"2018-12-11T13:52:08+00:00","breadcrumb":{"@id":"https:\/\/www.boraconseil.com\/hu\/ugyfelek-reszere\/#breadcrumb"},"inLanguage":"hu","potentialAction":[{"@type":"ReadAction","target":["https:\/\/www.boraconseil.com\/hu\/ugyfelek-reszere\/"]}]},{"@type":"BreadcrumbList","@id":"https:\/\/www.boraconseil.com\/hu\/ugyfelek-reszere\/#breadcrumb","itemListElement":[{"@type":"ListItem","position":1,"name":"Home","item":"https:\/\/www.boraconseil.com\/hu\/"},{"@type":"ListItem","position":2,"name":"\u00dcgyfelek r\u00e9sz\u00e9re"}]},{"@type":"WebSite","@id":"https:\/\/www.boraconseil.com\/fr\/#website","url":"https:\/\/www.boraconseil.com\/fr\/","name":"BORA EGV Recruitment","description":"","potentialAction":[{"@type":"SearchAction","target":{"@type":"EntryPoint","urlTemplate":"https:\/\/www.boraconseil.com\/fr\/?s={search_term_string}"},"query-input":"required name=search_term_string"}],"inLanguage":"hu"}]}},"_links":{"self":[{"href":"https:\/\/www.boraconseil.com\/hu\/wp-json\/wp\/v2\/pages\/2234"}],"collection":[{"href":"https:\/\/www.boraconseil.com\/hu\/wp-json\/wp\/v2\/pages"}],"about":[{"href":"https:\/\/www.boraconseil.com\/hu\/wp-json\/wp\/v2\/types\/page"}],"author":[{"embeddable":true,"href":"https:\/\/www.boraconseil.com\/hu\/wp-json\/wp\/v2\/users\/1"}],"replies":[{"embeddable":true,"href":"https:\/\/www.boraconseil.com\/hu\/wp-json\/wp\/v2\/comments?post=2234"}],"version-history":[{"count":0,"href":"https:\/\/www.boraconseil.com\/hu\/wp-json\/wp\/v2\/pages\/2234\/revisions"}],"wp:attachment":[{"href":"https:\/\/www.boraconseil.com\/hu\/wp-json\/wp\/v2\/media?parent=2234"}],"curies":[{"name":"wp","href":"https:\/\/api.w.org\/{rel}","templated":true}]}}