{"id":2203,"date":"2018-05-30T00:22:06","date_gmt":"2018-05-29T22:22:06","guid":{"rendered":"https:\/\/www.boraconseil.com\/?page_id=2203"},"modified":"2018-12-11T14:52:08","modified_gmt":"2018-12-11T13:52:08","slug":"rolunk","status":"publish","type":"page","link":"https:\/\/www.boraconseil.com\/hu\/rolunk\/","title":{"rendered":"R\u00f3lunk"},"content":{"rendered":"<div id=\u201cfb-root\u201d><\/div>\n<script>(function(d, s, id) {\n  var js, fjs = d.getElementsByTagName(s)[0];\n  if (d.getElementById(id)) return;\n  js = d.createElement(s); js.id = id;\n  js.src = 'https:\/\/connect.facebook.net\/hu\/sdk.js#xfbml=1&version=v3.0&appId=667263270282118&autoLogAppEvents=1';\n  fjs.parentNode.insertBefore(js, fjs);\n}(document, 'script', 'facebook-jssdk'));<\/script>\n<p>[et_pb_section bb_built=&#8221;1&#8243; next_background_color=&#8221;#f6f6f6&#8243; _builder_version=&#8221;3.0.106&#8243;][et_pb_row][et_pb_column type=&#8221;4_4&#8243;][et_pb_header admin_label=&#8221;Page Title&#8221; _builder_version=&#8221;3.4.1&#8243; title=&#8221;R\u00f3lunk&#8221; scroll_down_icon_size_tablet=&#8221;50&#8243; subhead_font_size_tablet=&#8221;51&#8243; text_orientation=&#8221;center&#8221; title_text_align=&#8221;center&#8221; title_text_color=&#8221;#00ade3&#8243; title_font=&#8221;|800|on|on|||||&#8221; title_font_size=&#8221;34px&#8221; subhead_font=&#8221;||on||||||&#8221; subhead_font_size=&#8221;18&#8243; \/][et_pb_text _builder_version=&#8221;3.4.1&#8243;]<\/p>\n<p><span style=\"color: #39b049;\"><em><strong>K\u00fcldet\u00e9s\u00fcnknek tekintj\u00fck, hogy Jel\u00f6ltjeinket hat\u00e9konyan t\u00e1mogassuk olyan \u00e9rdekes franciaorsz\u00e1gi \u00e1ll\u00e1saj\u00e1nlatok felkutat\u00e1s\u00e1ban, amelyek szakmai tov\u00e1bbfejl\u0151d\u00e9s\u00fcket szolg\u00e1lj\u00e1k \u00e9s \u00edgy k\u00f6zvetlen\u00fcl hozz\u00e1j\u00e1rulnak betegeik j\u00f3l\u00e9t\u00e9hez.<\/strong><\/em><\/span><\/p>\n<p class=\"p1\"><span class=\"s1\">A BORA EGV Recruitment a franciaorsz\u00e1gi eg\u00e9szs\u00e9g\u00fcgyi \u00e1gazat k\u00fcl\u00f6nb\u00f6z\u0151 szerepl\u0151inek megb\u00edzhat\u00f3 partnerek\u00e9nt ny\u00fajt tan\u00e1csad\u00e1si szolg\u00e1ltat\u00e1sokat a toborz\u00e1s \u00e9s emberi er\u0151forr\u00e1s ter\u00fclet\u00e9n.<\/span><\/p>\n<p class=\"p1\"><span class=\"s1\">Szem\u00e9lyre szabott \u00e9s hat\u00e9kony toborz\u00e1si szolg\u00e1ltat\u00e1sokat k\u00edn\u00e1lunk mind \u00dcgyfeleink, mind Jel\u00f6ltjeink r\u00e9sz\u00e9re.<\/span><\/p>\n<p class=\"p1\"><span class=\"s1\">Franciaorsz\u00e1gi k\u00f3rh\u00e1zakat, klinik\u00e1kat, orvosi praxisokat, polg\u00e1rmesteri hivatalokat \u00e9s egy\u00e9b eg\u00e9szs\u00e9g\u00fcgyi szervezeteket minden kih\u00edv\u00e1snak megfelel\u0151 H\u00e1ziorvosok \u00e9s Szakorvosok k\u00f6zvet\u00edt\u00e9s\u00e9vel t\u00e1mogatjuk.<\/span><\/p>\n<p class=\"p1\"><span class=\"s1\">T\u00f6bb, mint 10 \u00e9v toborz\u00e1si tapasztalattal \u00e9s t\u00f6bb tucat sikeres toborz\u00e1si projekt megval\u00f3s\u00edt\u00e1sa ut\u00e1n \u00f6r\u00f6m\u00fcnkre szolg\u00e1lna, ha szak\u00e9rtelm\u00fcnket \u00d6nnek is bizony\u00edthatn\u00e1nk. <\/span><\/p>\n<p><span style=\"color: #27a8df;\"><em><strong>\u201eMegb\u00edzhat\u00f3s\u00e1g, Rugalmass\u00e1g, Szakmai fejl\u0151d\u00e9s\u201d<\/strong><\/em><\/span><\/p>\n<p>[\/et_pb_text][et_pb_button admin_label=&#8221;Apply Button&#8221; _builder_version=&#8221;3.4.1&#8243; button_text=&#8221;JELENTKEZZEN&#8221; button_alignment=&#8221;center&#8221; background_layout=&#8221;dark&#8221; custom_button=&#8221;on&#8221; button_bg_color=&#8221;#24b14a&#8221; button_border_color=&#8221;#24b14a&#8221; button_text_color_hover=&#8221;#24b14a&#8221; animation_style=&#8221;bounce&#8221; button_text_size=&#8221;22&#8243; saved_tabs=&#8221;all&#8221; button_url=&#8221;\/hu\/kapcsolat\/&#8221; global_module=&#8221;2207&#8243; \/][\/et_pb_column][\/et_pb_row][\/et_pb_section][et_pb_section bb_built=&#8221;1&#8243; specialty=&#8221;off&#8221; _builder_version=&#8221;3.4.1&#8243; background_color=&#8221;#f6f6f6&#8243; next_background_color=&#8221;#ffffff&#8221; prev_background_color=&#8221;#ffffff&#8221; global_module=&#8221;2213&#8243;][et_pb_row global_parent=&#8221;2213&#8243; background_position=&#8221;top_left&#8221; background_repeat=&#8221;repeat&#8221; background_size=&#8221;initial&#8221;][et_pb_column type=&#8221;4_4&#8243;][et_pb_text global_parent=&#8221;2213&#8243; _builder_version=&#8221;3.4.1&#8243; text_font=&#8221;|800|||||||&#8221; text_text_color=&#8221;#00ade3&#8243; header_2_text_color=&#8221;#00ade3&#8243; header_2_font=&#8221;|800|||||||&#8221; header_2_font_size=&#8221;32px&#8221; header_2_text_align=&#8221;center&#8221;]<\/p>\n<h2 style=\"text-align: center;\"><a href=\"\/hu\/sikertortenetek\/\"><em>SIKERT\u00d6RT\u00c9NETEK<\/em><\/a><\/h2>\n<p>[\/et_pb_text][et_pb_success_story global_parent=&#8221;2213&#8243; _builder_version=&#8221;3.2.2&#8243; posts_number=&#8221;3&#8243; show_title=&#8221;off&#8221; fullwidth=&#8221;off&#8221; title_font_size_tablet=&#8221;51&#8243; title_line_height_tablet=&#8221;2&#8243; caption_font_size_tablet=&#8221;51&#8243; caption_line_height_tablet=&#8221;2&#8243; pagination_font_size_tablet=&#8221;51&#8243; pagination_line_height_tablet=&#8221;2&#8243; show_pagination=&#8221;off&#8221; module_class=&#8221;testimonials3&#8243; \/][\/et_pb_column][\/et_pb_row][\/et_pb_section][et_pb_section bb_built=&#8221;1&#8243; specialty=&#8221;off&#8221; prev_background_color=&#8221;#f6f6f6&#8243; _builder_version=&#8221;3.4.1&#8243; global_module=&#8221;2215&#8243;][et_pb_row global_parent=&#8221;2215&#8243; _builder_version=&#8221;3.0.106&#8243;][et_pb_column type=&#8221;1_3&#8243;][et_pb_text global_parent=&#8221;2215&#8243; _builder_version=&#8221;3.4.1&#8243; text_font=&#8221;|800|||||||&#8221; text_text_color=&#8221;#00ade3&#8243; header_2_text_color=&#8221;#00ade3&#8243; header_2_font=&#8221;|800|||||||&#8221; header_2_font_size=&#8221;32px&#8221;]<\/p>\n<h2 style=\"text-align: left;\"><a href=\"\/hu\/allasajanlatok\/\"><em>HOT JOBS<\/em><\/a><\/h2>\n<p>[\/et_pb_text][et_pb_job global_parent=&#8221;2215&#8243; _builder_version=&#8221;3.1&#8243; posts_number=&#8221;5&#8243; show_title=&#8221;off&#8221; show_categories=&#8221;off&#8221; show_pagination=&#8221;off&#8221; title_font_size_tablet=&#8221;51&#8243; title_line_height_tablet=&#8221;2&#8243; caption_font_size_tablet=&#8221;51&#8243; caption_line_height_tablet=&#8221;2&#8243; pagination_font_size_tablet=&#8221;51&#8243; pagination_line_height_tablet=&#8221;2&#8243; only_hot_jobs=&#8221;on&#8221; \/][et_pb_button admin_label=&#8221;Apply Button&#8221; global_parent=&#8221;2215&#8243; _builder_version=&#8221;3.4.1&#8243; button_text=&#8221;JELENTKEZZEN&#8221; button_alignment=&#8221;left&#8221; background_layout=&#8221;dark&#8221; custom_button=&#8221;on&#8221; button_bg_color=&#8221;#24b14a&#8221; button_border_color=&#8221;#24b14a&#8221; button_text_color_hover=&#8221;#24b14a&#8221; animation_style=&#8221;bounce&#8221; button_url=&#8221;\/hu\/kapcsolat\/&#8221; \/][\/et_pb_column][et_pb_column type=&#8221;2_3&#8243;][et_pb_text global_parent=&#8221;2215&#8243; _builder_version=&#8221;3.0.106&#8243; background_layout=&#8221;light&#8221; text_font=&#8221;|800|||||||&#8221; text_text_color=&#8221;#00ade3&#8243; header_2_text_color=&#8221;#00ade3&#8243; header_2_font=&#8221;|800|||||||&#8221; header_2_font_size=&#8221;32px&#8221;]<\/p>\n<h2 style=\"text-align: left;\"><em>BLOG<\/em><\/h2>\n<p>[\/et_pb_text][et_pb_blog global_parent=&#8221;2215&#8243; _builder_version=&#8221;3.0.106&#8243; posts_number=&#8221;2&#8243; show_content=&#8221;off&#8221; show_thumbnail=&#8221;on&#8221; show_more=&#8221;off&#8221; show_author=&#8221;off&#8221; show_date=&#8221;off&#8221; show_categories=&#8221;off&#8221; show_comments=&#8221;off&#8221; show_pagination=&#8221;on&#8221; fullwidth=&#8221;on&#8221; use_overlay=&#8221;off&#8221; background_layout=&#8221;light&#8221; pagination_font_size_tablet=&#8221;51&#8243; pagination_line_height_tablet=&#8221;2&#8243; header_text_color=&#8221;#24b14a&#8221; \/][\/et_pb_column][\/et_pb_row][\/et_pb_section]<\/p>\n","protected":false},"excerpt":{"rendered":"<p><div class=\"et_pb_row et_pb_row_0 et_pb_row_empty\">\n\t\t\t\t\n\t\t\t\t\n\t\t\t\t\n\t\t\t\t\n\t\t\t\t\n\t\t\t<\/div> K\u00fcldet\u00e9s\u00fcnknek tekintj\u00fck, hogy Jel\u00f6ltjeinket hat\u00e9konyan t\u00e1mogassuk olyan \u00e9rdekes franciaorsz\u00e1gi \u00e1ll\u00e1saj\u00e1nlatok felkutat\u00e1s\u00e1ban, amelyek szakmai tov\u00e1bbfejl\u0151d\u00e9s\u00fcket szolg\u00e1lj\u00e1k \u00e9s \u00edgy k\u00f6zvetlen\u00fcl hozz\u00e1j\u00e1rulnak betegeik j\u00f3l\u00e9t\u00e9hez. A BORA EGV Recruitment a franciaorsz\u00e1gi eg\u00e9szs\u00e9g\u00fcgyi \u00e1gazat k\u00fcl\u00f6nb\u00f6z\u0151 szerepl\u0151inek megb\u00edzhat\u00f3 partnerek\u00e9nt ny\u00fajt tan\u00e1csad\u00e1si szolg\u00e1ltat\u00e1sokat a toborz\u00e1s \u00e9s emberi er\u0151forr\u00e1s ter\u00fclet\u00e9n. Szem\u00e9lyre szabott \u00e9s hat\u00e9kony toborz\u00e1si szolg\u00e1ltat\u00e1sokat k\u00edn\u00e1lunk mind \u00dcgyfeleink, mind Jel\u00f6ltjeink r\u00e9sz\u00e9re. [&hellip;]<\/p>\n","protected":false},"author":1,"featured_media":0,"parent":0,"menu_order":7,"comment_status":"closed","ping_status":"open","template":"","meta":{"_et_pb_use_builder":"on","_et_pb_old_content":"","_et_gb_content_width":"","_mi_skip_tracking":false},"yoast_head":"<!-- This site is optimized with the Yoast SEO plugin v19.12 - https:\/\/yoast.com\/wordpress\/plugins\/seo\/ -->\n<title>R\u00f3lunk - BORA EGV Recruitment<\/title>\n<meta name=\"robots\" content=\"index, follow, max-snippet:-1, max-image-preview:large, max-video-preview:-1\" \/>\n<link rel=\"canonical\" href=\"https:\/\/www.boraconseil.com\/hu\/rolunk\/\" \/>\n<meta property=\"og:locale\" content=\"hu_HU\" \/>\n<meta property=\"og:type\" content=\"article\" \/>\n<meta property=\"og:title\" content=\"R\u00f3lunk - BORA EGV Recruitment\" \/>\n<meta property=\"og:description\" content=\"K\u00fcldet\u00e9s\u00fcnknek tekintj\u00fck, hogy Jel\u00f6ltjeinket hat\u00e9konyan t\u00e1mogassuk olyan \u00e9rdekes franciaorsz\u00e1gi \u00e1ll\u00e1saj\u00e1nlatok felkutat\u00e1s\u00e1ban, amelyek szakmai tov\u00e1bbfejl\u0151d\u00e9s\u00fcket szolg\u00e1lj\u00e1k \u00e9s \u00edgy k\u00f6zvetlen\u00fcl hozz\u00e1j\u00e1rulnak betegeik j\u00f3l\u00e9t\u00e9hez. A BORA EGV Recruitment a franciaorsz\u00e1gi eg\u00e9szs\u00e9g\u00fcgyi \u00e1gazat k\u00fcl\u00f6nb\u00f6z\u0151 szerepl\u0151inek megb\u00edzhat\u00f3 partnerek\u00e9nt ny\u00fajt tan\u00e1csad\u00e1si szolg\u00e1ltat\u00e1sokat a toborz\u00e1s \u00e9s emberi er\u0151forr\u00e1s ter\u00fclet\u00e9n. Szem\u00e9lyre szabott \u00e9s hat\u00e9kony toborz\u00e1si szolg\u00e1ltat\u00e1sokat k\u00edn\u00e1lunk mind \u00dcgyfeleink, mind Jel\u00f6ltjeink r\u00e9sz\u00e9re. [&hellip;]\" \/>\n<meta property=\"og:url\" content=\"https:\/\/www.boraconseil.com\/hu\/rolunk\/\" \/>\n<meta property=\"og:site_name\" content=\"BORA EGV Recruitment\" \/>\n<meta property=\"article:modified_time\" content=\"2018-12-11T13:52:08+00:00\" \/>\n<meta name=\"twitter:card\" content=\"summary_large_image\" \/>\n<meta name=\"twitter:label1\" content=\"Becs\u00fclt olvas\u00e1si id\u0151\" \/>\n\t<meta name=\"twitter:data1\" content=\"4 perc\" \/>\n<script type=\"application\/ld+json\" class=\"yoast-schema-graph\">{\"@context\":\"https:\/\/schema.org\",\"@graph\":[{\"@type\":\"WebPage\",\"@id\":\"https:\/\/www.boraconseil.com\/hu\/rolunk\/\",\"url\":\"https:\/\/www.boraconseil.com\/hu\/rolunk\/\",\"name\":\"R\u00f3lunk - BORA EGV Recruitment\",\"isPartOf\":{\"@id\":\"https:\/\/www.boraconseil.com\/fr\/#website\"},\"datePublished\":\"2018-05-29T22:22:06+00:00\",\"dateModified\":\"2018-12-11T13:52:08+00:00\",\"breadcrumb\":{\"@id\":\"https:\/\/www.boraconseil.com\/hu\/rolunk\/#breadcrumb\"},\"inLanguage\":\"hu\",\"potentialAction\":[{\"@type\":\"ReadAction\",\"target\":[\"https:\/\/www.boraconseil.com\/hu\/rolunk\/\"]}]},{\"@type\":\"BreadcrumbList\",\"@id\":\"https:\/\/www.boraconseil.com\/hu\/rolunk\/#breadcrumb\",\"itemListElement\":[{\"@type\":\"ListItem\",\"position\":1,\"name\":\"Home\",\"item\":\"https:\/\/www.boraconseil.com\/hu\/\"},{\"@type\":\"ListItem\",\"position\":2,\"name\":\"R\u00f3lunk\"}]},{\"@type\":\"WebSite\",\"@id\":\"https:\/\/www.boraconseil.com\/fr\/#website\",\"url\":\"https:\/\/www.boraconseil.com\/fr\/\",\"name\":\"BORA EGV Recruitment\",\"description\":\"\",\"potentialAction\":[{\"@type\":\"SearchAction\",\"target\":{\"@type\":\"EntryPoint\",\"urlTemplate\":\"https:\/\/www.boraconseil.com\/fr\/?s={search_term_string}\"},\"query-input\":\"required name=search_term_string\"}],\"inLanguage\":\"hu\"}]}<\/script>\n<!-- \/ Yoast SEO plugin. -->","yoast_head_json":{"title":"R\u00f3lunk - BORA EGV Recruitment","robots":{"index":"index","follow":"follow","max-snippet":"max-snippet:-1","max-image-preview":"max-image-preview:large","max-video-preview":"max-video-preview:-1"},"canonical":"https:\/\/www.boraconseil.com\/hu\/rolunk\/","og_locale":"hu_HU","og_type":"article","og_title":"R\u00f3lunk - BORA EGV Recruitment","og_description":"K\u00fcldet\u00e9s\u00fcnknek tekintj\u00fck, hogy Jel\u00f6ltjeinket hat\u00e9konyan t\u00e1mogassuk olyan \u00e9rdekes franciaorsz\u00e1gi \u00e1ll\u00e1saj\u00e1nlatok felkutat\u00e1s\u00e1ban, amelyek szakmai tov\u00e1bbfejl\u0151d\u00e9s\u00fcket szolg\u00e1lj\u00e1k \u00e9s \u00edgy k\u00f6zvetlen\u00fcl hozz\u00e1j\u00e1rulnak betegeik j\u00f3l\u00e9t\u00e9hez. A BORA EGV Recruitment a franciaorsz\u00e1gi eg\u00e9szs\u00e9g\u00fcgyi \u00e1gazat k\u00fcl\u00f6nb\u00f6z\u0151 szerepl\u0151inek megb\u00edzhat\u00f3 partnerek\u00e9nt ny\u00fajt tan\u00e1csad\u00e1si szolg\u00e1ltat\u00e1sokat a toborz\u00e1s \u00e9s emberi er\u0151forr\u00e1s ter\u00fclet\u00e9n. Szem\u00e9lyre szabott \u00e9s hat\u00e9kony toborz\u00e1si szolg\u00e1ltat\u00e1sokat k\u00edn\u00e1lunk mind \u00dcgyfeleink, mind Jel\u00f6ltjeink r\u00e9sz\u00e9re. [&hellip;]","og_url":"https:\/\/www.boraconseil.com\/hu\/rolunk\/","og_site_name":"BORA EGV Recruitment","article_modified_time":"2018-12-11T13:52:08+00:00","twitter_card":"summary_large_image","twitter_misc":{"Becs\u00fclt olvas\u00e1si id\u0151":"4 perc"},"schema":{"@context":"https:\/\/schema.org","@graph":[{"@type":"WebPage","@id":"https:\/\/www.boraconseil.com\/hu\/rolunk\/","url":"https:\/\/www.boraconseil.com\/hu\/rolunk\/","name":"R\u00f3lunk - BORA EGV Recruitment","isPartOf":{"@id":"https:\/\/www.boraconseil.com\/fr\/#website"},"datePublished":"2018-05-29T22:22:06+00:00","dateModified":"2018-12-11T13:52:08+00:00","breadcrumb":{"@id":"https:\/\/www.boraconseil.com\/hu\/rolunk\/#breadcrumb"},"inLanguage":"hu","potentialAction":[{"@type":"ReadAction","target":["https:\/\/www.boraconseil.com\/hu\/rolunk\/"]}]},{"@type":"BreadcrumbList","@id":"https:\/\/www.boraconseil.com\/hu\/rolunk\/#breadcrumb","itemListElement":[{"@type":"ListItem","position":1,"name":"Home","item":"https:\/\/www.boraconseil.com\/hu\/"},{"@type":"ListItem","position":2,"name":"R\u00f3lunk"}]},{"@type":"WebSite","@id":"https:\/\/www.boraconseil.com\/fr\/#website","url":"https:\/\/www.boraconseil.com\/fr\/","name":"BORA EGV Recruitment","description":"","potentialAction":[{"@type":"SearchAction","target":{"@type":"EntryPoint","urlTemplate":"https:\/\/www.boraconseil.com\/fr\/?s={search_term_string}"},"query-input":"required name=search_term_string"}],"inLanguage":"hu"}]}},"_links":{"self":[{"href":"https:\/\/www.boraconseil.com\/hu\/wp-json\/wp\/v2\/pages\/2203"}],"collection":[{"href":"https:\/\/www.boraconseil.com\/hu\/wp-json\/wp\/v2\/pages"}],"about":[{"href":"https:\/\/www.boraconseil.com\/hu\/wp-json\/wp\/v2\/types\/page"}],"author":[{"embeddable":true,"href":"https:\/\/www.boraconseil.com\/hu\/wp-json\/wp\/v2\/users\/1"}],"replies":[{"embeddable":true,"href":"https:\/\/www.boraconseil.com\/hu\/wp-json\/wp\/v2\/comments?post=2203"}],"version-history":[{"count":0,"href":"https:\/\/www.boraconseil.com\/hu\/wp-json\/wp\/v2\/pages\/2203\/revisions"}],"wp:attachment":[{"href":"https:\/\/www.boraconseil.com\/hu\/wp-json\/wp\/v2\/media?parent=2203"}],"curies":[{"name":"wp","href":"https:\/\/api.w.org\/{rel}","templated":true}]}}