{"id":2020,"date":"2018-05-29T21:16:59","date_gmt":"2018-05-29T19:16:59","guid":{"rendered":"https:\/\/www.boraconseil.com\/?page_id=2020"},"modified":"2018-12-11T14:52:15","modified_gmt":"2018-12-11T13:52:15","slug":"cookie-politika","status":"publish","type":"page","link":"https:\/\/www.boraconseil.com\/hu\/cookie-politika\/","title":{"rendered":"Cookie politika"},"content":{"rendered":"<div id=\u201cfb-root\u201d><\/div>\n<script>(function(d, s, id) {\n  var js, fjs = d.getElementsByTagName(s)[0];\n  if (d.getElementById(id)) return;\n  js = d.createElement(s); js.id = id;\n  js.src = 'https:\/\/connect.facebook.net\/hu\/sdk.js#xfbml=1&version=v3.0&appId=667263270282118&autoLogAppEvents=1';\n  fjs.parentNode.insertBefore(js, fjs);\n}(document, 'script', 'facebook-jssdk'));<\/script>\n<p class=\"p1\"><span class=\"s1\">Ezen honlap cookie-kat haszn\u00e1l annak \u00e9rdek\u00e9ben, hogy a lehet\u0151 legjobb felhaszn\u00e1l\u00f3i \u00e9lm\u00e9nyt ny\u00fajthassuk \u00d6nnek. <\/span><\/p>\n<p class=\"p1\"><span class=\"s1\">A cookie adatokat a b\u00f6ng\u00e9sz\u0151 t\u00e1rolja \u00e9s olyan funkci\u00f3kat t\u00f6lt be, mint p\u00e9ld\u00e1ul felismeri \u00d6nt, amikor \u00fajra a honlapra l\u00e1togat \u00e9s csapatunknak seg\u00edt meg\u00e9rteni, hogy a honlap mely szekci\u00f3i a leg\u00e9rdekesebbek, illetve a leghasznosabbak \u00d6nnek.<\/span><\/p>\n<p class=\"p1\"><span class=\"s1\">T\u00f6bbet is megtudhat arr\u00f3l, hogy milyen cookie-kat haszn\u00e1lunk vagy letilthatja \u0151ket a bal oldalon tal\u00e1lhat\u00f3 f\u00fclekre kattintva: <a href=\"\/hu\/cookie-politika\/#gdpr_cookie_modal\">be\u00e1ll\u00edt\u00e1sok<\/a><\/span>.<\/p>\n<p class=\"p1\"><span class=\"s1\">Honlapunk k\u00e9tf\u00e9le cookie-t haszn\u00e1l, amelyek a k\u00f6vetkez\u0151ek:<\/span><\/p>\n<p class=\"p1\"><span class=\"s1\"><b>Felt\u00e9tlen\u00fcl Sz\u00fcks\u00e9ges Cookie-k: <\/b><\/span><\/p>\n<p class=\"p1\"><span class=\"s1\">A felt\u00e9tlen\u00fcl sz\u00fcks\u00e9ges cookie-t mindenkor enged\u00e9lyezni kellene ahhoz, hogy a cookie-be\u00e1ll\u00edt\u00e1sokkal kapcsolatos preferenci\u00e1it el tudjuk menteni.<\/span><\/p>\n<p class=\"p1\"><span class=\"s1\">Amennyiben kikapcsolja ezt a cookie-t, nem tudjuk elmenteni preferenci\u00e1it. Ez azt jelenti, hogy minden egyes alkalommal, amikor honlapunkra l\u00e1togat, \u00fajra be vagy ki kell kapcsolni a cookie-kat. <\/span><\/p>\n<p class=\"p1\"><span class=\"s1\"><b>K\u00fcls\u0151 Cookie-k:<\/b><\/span><\/p>\n<p class=\"p1\"><span class=\"s1\">Ezen honlap olyan n\u00e9vtelen inform\u00e1ci\u00f3k gy\u0171jt\u00e9s\u00e9re haszn\u00e1lja a Google Analytics-ot, mint a l\u00e1togat\u00f3k sz\u00e1ma \u00e9s a legn\u00e9pszer\u0171bb oldalak.<\/span><\/p>\n<p class=\"p1\"><span class=\"s1\">Amennyiben ezt a cookie-t enged\u00e9lyezi, seg\u00edt nek\u00fcnk honlapunk fejleszt\u00e9s\u00e9ben.<\/span><\/p>\n<p class=\"p1\"><span class=\"s1\">T\u00f6bbet is megtudhat a cookie-kr\u00f3l, illetve arr\u00f3l, hogy milyen cookie-kat haszn\u00e1lunk vagy hogyan lehet azokat kezelni \u00e9s\/vagy t\u00f6r\u00f6lni a k\u00f6vetkez\u0151 honlapokon: <a href=\"http:\/\/www.aboutcookies.org\">www.aboutcookies.org<\/a> vagy <a href=\"http:\/\/www.allaboutcookies.org\">www.allaboutcookies.org<\/a>.<\/span><\/p>\n","protected":false},"excerpt":{"rendered":"<p>Ezen honlap cookie-kat haszn\u00e1l annak \u00e9rdek\u00e9ben, hogy a lehet\u0151 legjobb felhaszn\u00e1l\u00f3i \u00e9lm\u00e9nyt ny\u00fajthassuk \u00d6nnek. A cookie adatokat a b\u00f6ng\u00e9sz\u0151 t\u00e1rolja \u00e9s olyan funkci\u00f3kat t\u00f6lt be, mint p\u00e9ld\u00e1ul felismeri \u00d6nt, amikor \u00fajra a honlapra l\u00e1togat \u00e9s csapatunknak seg\u00edt meg\u00e9rteni, hogy a honlap mely szekci\u00f3i a leg\u00e9rdekesebbek, illetve a leghasznosabbak \u00d6nnek. T\u00f6bbet is megtudhat arr\u00f3l, hogy milyen [&hellip;]<\/p>\n","protected":false},"author":1,"featured_media":0,"parent":0,"menu_order":58,"comment_status":"closed","ping_status":"closed","template":"","meta":{"_et_pb_use_builder":"","_et_pb_old_content":"","_et_gb_content_width":"","_mi_skip_tracking":false},"yoast_head":"<!-- This site is optimized with the Yoast SEO plugin v19.12 - https:\/\/yoast.com\/wordpress\/plugins\/seo\/ -->\n<title>Cookie politika - BORA EGV Recruitment<\/title>\n<meta name=\"robots\" content=\"index, follow, max-snippet:-1, max-image-preview:large, max-video-preview:-1\" \/>\n<link rel=\"canonical\" href=\"https:\/\/www.boraconseil.com\/hu\/cookie-politika\/\" \/>\n<meta property=\"og:locale\" content=\"hu_HU\" \/>\n<meta property=\"og:type\" content=\"article\" \/>\n<meta property=\"og:title\" content=\"Cookie politika - BORA EGV Recruitment\" \/>\n<meta property=\"og:description\" content=\"Ezen honlap cookie-kat haszn\u00e1l annak \u00e9rdek\u00e9ben, hogy a lehet\u0151 legjobb felhaszn\u00e1l\u00f3i \u00e9lm\u00e9nyt ny\u00fajthassuk \u00d6nnek. A cookie adatokat a b\u00f6ng\u00e9sz\u0151 t\u00e1rolja \u00e9s olyan funkci\u00f3kat t\u00f6lt be, mint p\u00e9ld\u00e1ul felismeri \u00d6nt, amikor \u00fajra a honlapra l\u00e1togat \u00e9s csapatunknak seg\u00edt meg\u00e9rteni, hogy a honlap mely szekci\u00f3i a leg\u00e9rdekesebbek, illetve a leghasznosabbak \u00d6nnek. T\u00f6bbet is megtudhat arr\u00f3l, hogy milyen [&hellip;]\" \/>\n<meta property=\"og:url\" content=\"https:\/\/www.boraconseil.com\/hu\/cookie-politika\/\" \/>\n<meta property=\"og:site_name\" content=\"BORA EGV Recruitment\" \/>\n<meta property=\"article:modified_time\" content=\"2018-12-11T13:52:15+00:00\" \/>\n<meta name=\"twitter:card\" content=\"summary_large_image\" \/>\n<meta name=\"twitter:label1\" content=\"Becs\u00fclt olvas\u00e1si id\u0151\" \/>\n\t<meta name=\"twitter:data1\" content=\"1 perc\" \/>\n<script type=\"application\/ld+json\" class=\"yoast-schema-graph\">{\"@context\":\"https:\/\/schema.org\",\"@graph\":[{\"@type\":\"WebPage\",\"@id\":\"https:\/\/www.boraconseil.com\/hu\/cookie-politika\/\",\"url\":\"https:\/\/www.boraconseil.com\/hu\/cookie-politika\/\",\"name\":\"Cookie politika - BORA EGV Recruitment\",\"isPartOf\":{\"@id\":\"https:\/\/www.boraconseil.com\/fr\/#website\"},\"datePublished\":\"2018-05-29T19:16:59+00:00\",\"dateModified\":\"2018-12-11T13:52:15+00:00\",\"breadcrumb\":{\"@id\":\"https:\/\/www.boraconseil.com\/hu\/cookie-politika\/#breadcrumb\"},\"inLanguage\":\"hu\",\"potentialAction\":[{\"@type\":\"ReadAction\",\"target\":[\"https:\/\/www.boraconseil.com\/hu\/cookie-politika\/\"]}]},{\"@type\":\"BreadcrumbList\",\"@id\":\"https:\/\/www.boraconseil.com\/hu\/cookie-politika\/#breadcrumb\",\"itemListElement\":[{\"@type\":\"ListItem\",\"position\":1,\"name\":\"Home\",\"item\":\"https:\/\/www.boraconseil.com\/hu\/\"},{\"@type\":\"ListItem\",\"position\":2,\"name\":\"Cookie politika\"}]},{\"@type\":\"WebSite\",\"@id\":\"https:\/\/www.boraconseil.com\/fr\/#website\",\"url\":\"https:\/\/www.boraconseil.com\/fr\/\",\"name\":\"BORA EGV Recruitment\",\"description\":\"\",\"potentialAction\":[{\"@type\":\"SearchAction\",\"target\":{\"@type\":\"EntryPoint\",\"urlTemplate\":\"https:\/\/www.boraconseil.com\/fr\/?s={search_term_string}\"},\"query-input\":\"required name=search_term_string\"}],\"inLanguage\":\"hu\"}]}<\/script>\n<!-- \/ Yoast SEO plugin. -->","yoast_head_json":{"title":"Cookie politika - BORA EGV Recruitment","robots":{"index":"index","follow":"follow","max-snippet":"max-snippet:-1","max-image-preview":"max-image-preview:large","max-video-preview":"max-video-preview:-1"},"canonical":"https:\/\/www.boraconseil.com\/hu\/cookie-politika\/","og_locale":"hu_HU","og_type":"article","og_title":"Cookie politika - BORA EGV Recruitment","og_description":"Ezen honlap cookie-kat haszn\u00e1l annak \u00e9rdek\u00e9ben, hogy a lehet\u0151 legjobb felhaszn\u00e1l\u00f3i \u00e9lm\u00e9nyt ny\u00fajthassuk \u00d6nnek. A cookie adatokat a b\u00f6ng\u00e9sz\u0151 t\u00e1rolja \u00e9s olyan funkci\u00f3kat t\u00f6lt be, mint p\u00e9ld\u00e1ul felismeri \u00d6nt, amikor \u00fajra a honlapra l\u00e1togat \u00e9s csapatunknak seg\u00edt meg\u00e9rteni, hogy a honlap mely szekci\u00f3i a leg\u00e9rdekesebbek, illetve a leghasznosabbak \u00d6nnek. T\u00f6bbet is megtudhat arr\u00f3l, hogy milyen [&hellip;]","og_url":"https:\/\/www.boraconseil.com\/hu\/cookie-politika\/","og_site_name":"BORA EGV Recruitment","article_modified_time":"2018-12-11T13:52:15+00:00","twitter_card":"summary_large_image","twitter_misc":{"Becs\u00fclt olvas\u00e1si id\u0151":"1 perc"},"schema":{"@context":"https:\/\/schema.org","@graph":[{"@type":"WebPage","@id":"https:\/\/www.boraconseil.com\/hu\/cookie-politika\/","url":"https:\/\/www.boraconseil.com\/hu\/cookie-politika\/","name":"Cookie politika - BORA EGV Recruitment","isPartOf":{"@id":"https:\/\/www.boraconseil.com\/fr\/#website"},"datePublished":"2018-05-29T19:16:59+00:00","dateModified":"2018-12-11T13:52:15+00:00","breadcrumb":{"@id":"https:\/\/www.boraconseil.com\/hu\/cookie-politika\/#breadcrumb"},"inLanguage":"hu","potentialAction":[{"@type":"ReadAction","target":["https:\/\/www.boraconseil.com\/hu\/cookie-politika\/"]}]},{"@type":"BreadcrumbList","@id":"https:\/\/www.boraconseil.com\/hu\/cookie-politika\/#breadcrumb","itemListElement":[{"@type":"ListItem","position":1,"name":"Home","item":"https:\/\/www.boraconseil.com\/hu\/"},{"@type":"ListItem","position":2,"name":"Cookie politika"}]},{"@type":"WebSite","@id":"https:\/\/www.boraconseil.com\/fr\/#website","url":"https:\/\/www.boraconseil.com\/fr\/","name":"BORA EGV Recruitment","description":"","potentialAction":[{"@type":"SearchAction","target":{"@type":"EntryPoint","urlTemplate":"https:\/\/www.boraconseil.com\/fr\/?s={search_term_string}"},"query-input":"required name=search_term_string"}],"inLanguage":"hu"}]}},"_links":{"self":[{"href":"https:\/\/www.boraconseil.com\/hu\/wp-json\/wp\/v2\/pages\/2020"}],"collection":[{"href":"https:\/\/www.boraconseil.com\/hu\/wp-json\/wp\/v2\/pages"}],"about":[{"href":"https:\/\/www.boraconseil.com\/hu\/wp-json\/wp\/v2\/types\/page"}],"author":[{"embeddable":true,"href":"https:\/\/www.boraconseil.com\/hu\/wp-json\/wp\/v2\/users\/1"}],"replies":[{"embeddable":true,"href":"https:\/\/www.boraconseil.com\/hu\/wp-json\/wp\/v2\/comments?post=2020"}],"version-history":[{"count":0,"href":"https:\/\/www.boraconseil.com\/hu\/wp-json\/wp\/v2\/pages\/2020\/revisions"}],"wp:attachment":[{"href":"https:\/\/www.boraconseil.com\/hu\/wp-json\/wp\/v2\/media?parent=2020"}],"curies":[{"name":"wp","href":"https:\/\/api.w.org\/{rel}","templated":true}]}}