{"id":702,"date":"2018-04-13T14:06:20","date_gmt":"2018-04-13T12:06:20","guid":{"rendered":"https:\/\/www.boraconseil.com\/?page_id=702"},"modified":"2021-10-14T15:57:13","modified_gmt":"2021-10-14T13:57:13","slug":"histoire","status":"publish","type":"page","link":"https:\/\/www.boraconseil.com\/fr\/sur-nous\/histoire\/","title":{"rendered":"Histoire"},"content":{"rendered":"<div id=\u201cfb-root\u201d><\/div>\n<script>(function(d, s, id) {\n  var js, fjs = d.getElementsByTagName(s)[0];\n  if (d.getElementById(id)) return;\n  js = d.createElement(s); js.id = id;\n  js.src = 'https:\/\/connect.facebook.net\/fr_FR\/sdk.js#xfbml=1&version=v3.0&appId=667263270282118&autoLogAppEvents=1';\n  fjs.parentNode.insertBefore(js, fjs);\n}(document, 'script', 'facebook-jssdk'));<\/script>\n<p>[et_pb_section fb_built=\u00a0\u00bb1&Prime; _builder_version=\u00a0\u00bb3.22&Prime; global_colors_info=\u00a0\u00bb{}\u00a0\u00bb][et_pb_row _builder_version=\u00a0\u00bb3.25&Prime; background_size=\u00a0\u00bbinitial\u00a0\u00bb background_position=\u00a0\u00bbtop_left\u00a0\u00bb background_repeat=\u00a0\u00bbrepeat\u00a0\u00bb global_colors_info=\u00a0\u00bb{}\u00a0\u00bb][et_pb_column type=\u00a0\u00bb4_4&Prime; _builder_version=\u00a0\u00bb3.25&Prime; custom_padding=\u00a0\u00bb|||\u00a0\u00bb global_colors_info=\u00a0\u00bb{}\u00a0\u00bb custom_padding__hover=\u00a0\u00bb|||\u00a0\u00bb][et_pb_header title=\u00a0\u00bbHistoire\u00a0\u00bb text_orientation=\u00a0\u00bbcenter\u00a0\u00bb scroll_down_icon_size_tablet=\u00a0\u00bb50&Prime; admin_label=\u00a0\u00bbPage Title\u00a0\u00bb _builder_version=\u00a0\u00bb3.0.106&Prime; title_font=\u00a0\u00bb|800|on|on|||||\u00a0\u00bb title_text_align=\u00a0\u00bbcenter\u00a0\u00bb title_text_color=\u00a0\u00bb#00ade3&Prime; title_font_size=\u00a0\u00bb34px\u00a0\u00bb subhead_font_size_tablet=\u00a0\u00bb51&Prime; global_colors_info=\u00a0\u00bb{}\u00a0\u00bb][\/et_pb_header][et_pb_text _builder_version=\u00a0\u00bb3.27.4&Prime; text_orientation=\u00a0\u00bbjustified\u00a0\u00bb global_colors_info=\u00a0\u00bb{}\u00a0\u00bb]Bora EGV Recruitment est le r\u00e9sultat de l&rsquo;\u00e9troite collaboration entre BORA Conseil et EGV Recruitment pour r\u00e9pondre \u00e0 la grande demande de M\u00e9decins Sp\u00e9cialistes et de Professionnels de Sant\u00e9 en France.<\/p>\n<p>En 2018 les fondateurs des deux soci\u00e9t\u00e9s ont d\u00e9cid\u00e9 de rassembler leurs comp\u00e9tences en vue d&rsquo;augmenter l&rsquo;efficacit\u00e9 et de pouvoir proposer des r\u00e9ponses encore plus adapt\u00e9es et plus efficaces et aux Clients et aux Candidats.<\/p>\n<p>Les soci\u00e9t\u00e9s ont plus de 20 ans d&rsquo;exp\u00e9riences r\u00e9unies dans le domaine du recrutement m\u00e9dical non seulement pour la France, mais aussi pour d&rsquo;autres pays europ\u00e9ens tels que l&rsquo;Allemagne, la Suisse, la Norv\u00e8ge, la Su\u00e8de, le Danemark, l&rsquo;Autriche et le Royaume Uni. Pendant ce temps nous avons finalis\u00e9 plus de 400 projets de recrutement et nous avons interview\u00e9 des milliers de Docteurs.<\/p>\n<p>Ainsi nous nous effor\u00e7ons d&rsquo;offrir encore plus de possibilit\u00e9s de travail \u00e0 nos Candidat(e)s et de servir nos Clients en leur proposant les Candidat(e)s idoines et des services de recrutement fiables.<br \/>\n[\/et_pb_text][et_pb_button button_url=\u00a0\u00bb\/fr\/contact\/\u00a0\u00bb button_text=\u00a0\u00bbENVOYEZ-NOUS VOTRE CV\u00a0\u00bb button_alignment=\u00a0\u00bbcenter\u00a0\u00bb admin_label=\u00a0\u00bbAppliquez Button\u00a0\u00bb _builder_version=\u00a0\u00bb4.11.2&Prime; custom_button=\u00a0\u00bbon\u00a0\u00bb button_text_size=\u00a0\u00bb22&Prime; button_bg_color=\u00a0\u00bb#24b14a\u00a0\u00bb button_border_color=\u00a0\u00bb#24b14a\u00a0\u00bb background_layout=\u00a0\u00bbdark\u00a0\u00bb animation_style=\u00a0\u00bbbounce\u00a0\u00bb hover_enabled=\u00a0\u00bb0&Prime; button_text_color_hover=\u00a0\u00bb#24b14a\u00a0\u00bb global_module=\u00a0\u00bb822&Prime; saved_tabs=\u00a0\u00bball\u00a0\u00bb global_colors_info=\u00a0\u00bb{}\u00a0\u00bb button_text_size__hover_enabled=\u00a0\u00bboff\u00a0\u00bb button_one_text_size__hover_enabled=\u00a0\u00bboff\u00a0\u00bb button_two_text_size__hover_enabled=\u00a0\u00bboff\u00a0\u00bb button_text_color__hover_enabled=\u00a0\u00bbon|hover\u00a0\u00bb button_text_color__hover=\u00a0\u00bb#FFFFFF\u00a0\u00bb button_one_text_color__hover_enabled=\u00a0\u00bboff\u00a0\u00bb button_two_text_color__hover_enabled=\u00a0\u00bboff\u00a0\u00bb button_border_width__hover_enabled=\u00a0\u00bboff\u00a0\u00bb button_one_border_width__hover_enabled=\u00a0\u00bboff\u00a0\u00bb button_two_border_width__hover_enabled=\u00a0\u00bboff\u00a0\u00bb button_border_color__hover_enabled=\u00a0\u00bboff\u00a0\u00bb button_one_border_color__hover_enabled=\u00a0\u00bboff\u00a0\u00bb button_two_border_color__hover_enabled=\u00a0\u00bboff\u00a0\u00bb button_border_radius__hover_enabled=\u00a0\u00bboff\u00a0\u00bb button_one_border_radius__hover_enabled=\u00a0\u00bboff\u00a0\u00bb button_two_border_radius__hover_enabled=\u00a0\u00bboff\u00a0\u00bb button_letter_spacing__hover_enabled=\u00a0\u00bboff\u00a0\u00bb button_one_letter_spacing__hover_enabled=\u00a0\u00bboff\u00a0\u00bb button_two_letter_spacing__hover_enabled=\u00a0\u00bboff\u00a0\u00bb button_bg_color__hover_enabled=\u00a0\u00bboff\u00a0\u00bb button_one_bg_color__hover_enabled=\u00a0\u00bboff\u00a0\u00bb button_two_bg_color__hover_enabled=\u00a0\u00bboff\u00a0\u00bb sticky_enabled=\u00a0\u00bb0&Prime;][\/et_pb_button][\/et_pb_column][\/et_pb_row][\/et_pb_section][et_pb_section fb_built=\u00a0\u00bb1&Prime; _builder_version=\u00a0\u00bb3.0.106&Prime; background_color=\u00a0\u00bb#f6f6f6&Prime; global_module=\u00a0\u00bb683&Prime; global_colors_info=\u00a0\u00bb{}\u00a0\u00bb][et_pb_row _builder_version=\u00a0\u00bb3.25&Prime; background_size=\u00a0\u00bbinitial\u00a0\u00bb background_position=\u00a0\u00bbtop_left\u00a0\u00bb background_repeat=\u00a0\u00bbrepeat\u00a0\u00bb global_colors_info=\u00a0\u00bb{}\u00a0\u00bb][et_pb_column type=\u00a0\u00bb4_4&Prime; _builder_version=\u00a0\u00bb3.25&Prime; custom_padding=\u00a0\u00bb|||\u00a0\u00bb global_colors_info=\u00a0\u00bb{}\u00a0\u00bb custom_padding__hover=\u00a0\u00bb|||\u00a0\u00bb][et_pb_text _builder_version=\u00a0\u00bb3.27.4&Prime; text_font=\u00a0\u00bb|800|||||||\u00a0\u00bb text_text_color=\u00a0\u00bb#00ade3&Prime; header_2_font=\u00a0\u00bb|800|||||||\u00a0\u00bb header_2_text_align=\u00a0\u00bbcenter\u00a0\u00bb header_2_text_color=\u00a0\u00bb#00ade3&Prime; header_2_font_size=\u00a0\u00bb32px\u00a0\u00bb global_colors_info=\u00a0\u00bb{}\u00a0\u00bb]<\/p>\n<h2 style=\"text-align: center;\"><em><a href=\"\/fr\/histoires-a-succes\/\">HISTOIRES \u00c0 SUCC\u00c8S<\/a><\/em><\/h2>\n<p>[\/et_pb_text][et_pb_success_story fullwidth=\u00a0\u00bboff\u00a0\u00bb posts_number=\u00a0\u00bb4&Prime; show_title=\u00a0\u00bboff\u00a0\u00bb show_pagination=\u00a0\u00bboff\u00a0\u00bb module_class=\u00a0\u00bbtestimonials3&Prime; _builder_version=\u00a0\u00bb3.8.1&Prime; title_font_size_tablet=\u00a0\u00bb51&Prime; title_line_height_tablet=\u00a0\u00bb2&Prime; caption_font_size_tablet=\u00a0\u00bb51&Prime; caption_line_height_tablet=\u00a0\u00bb2&Prime; pagination_font_size_tablet=\u00a0\u00bb51&Prime; pagination_line_height_tablet=\u00a0\u00bb2&Prime; global_colors_info=\u00a0\u00bb{}\u00a0\u00bb][\/et_pb_success_story][\/et_pb_column][\/et_pb_row][\/et_pb_section][et_pb_section fb_built=\u00a0\u00bb1&Prime; _builder_version=\u00a0\u00bb3.0.106&Prime; global_module=\u00a0\u00bb682&Prime; global_colors_info=\u00a0\u00bb{}\u00a0\u00bb][et_pb_row column_structure=\u00a0\u00bb1_3,2_3&Prime; _builder_version=\u00a0\u00bb3.25&Prime; global_colors_info=\u00a0\u00bb{}\u00a0\u00bb][et_pb_column type=\u00a0\u00bb1_3&Prime; _builder_version=\u00a0\u00bb3.25&Prime; custom_padding=\u00a0\u00bb|||\u00a0\u00bb global_colors_info=\u00a0\u00bb{}\u00a0\u00bb custom_padding__hover=\u00a0\u00bb|||\u00a0\u00bb][et_pb_text _builder_version=\u00a0\u00bb3.27.4&Prime; text_font=\u00a0\u00bb|800|||||||\u00a0\u00bb text_text_color=\u00a0\u00bb#00ade3&Prime; header_2_font=\u00a0\u00bb|800|||||||\u00a0\u00bb header_2_text_color=\u00a0\u00bb#00ade3&Prime; header_2_font_size=\u00a0\u00bb32px\u00a0\u00bb global_colors_info=\u00a0\u00bb{}\u00a0\u00bb]<\/p>\n<h2 style=\"text-align: left;\"><a href=\"\/fr\/offres\/\"><em>HOT JOBS<\/em><\/a><\/h2>\n<p>[\/et_pb_text][et_pb_job posts_number=\u00a0\u00bb5&Prime; only_hot_jobs=\u00a0\u00bbon\u00a0\u00bb show_title=\u00a0\u00bboff\u00a0\u00bb show_categories=\u00a0\u00bboff\u00a0\u00bb show_pagination=\u00a0\u00bboff\u00a0\u00bb _builder_version=\u00a0\u00bb3.1&Prime; title_font_size_tablet=\u00a0\u00bb51&Prime; title_line_height_tablet=\u00a0\u00bb2&Prime; caption_font_size_tablet=\u00a0\u00bb51&Prime; caption_line_height_tablet=\u00a0\u00bb2&Prime; pagination_font_size_tablet=\u00a0\u00bb51&Prime; pagination_line_height_tablet=\u00a0\u00bb2&Prime; global_colors_info=\u00a0\u00bb{}\u00a0\u00bb][\/et_pb_job][et_pb_button button_url=\u00a0\u00bb\/fr\/contact\/\u00a0\u00bb button_text=\u00a0\u00bbENVOYEZ-NOUS VOTRE CV\u00a0\u00bb button_alignment=\u00a0\u00bbleft\u00a0\u00bb admin_label=\u00a0\u00bbApply Button\u00a0\u00bb _builder_version=\u00a0\u00bb4.11.2&Prime; custom_button=\u00a0\u00bbon\u00a0\u00bb button_bg_color=\u00a0\u00bb#24b14a\u00a0\u00bb button_border_color=\u00a0\u00bb#24b14a\u00a0\u00bb background_layout=\u00a0\u00bbdark\u00a0\u00bb animation_style=\u00a0\u00bbbounce\u00a0\u00bb button_text_color_hover=\u00a0\u00bb#24b14a\u00a0\u00bb global_colors_info=\u00a0\u00bb{}\u00a0\u00bb button_text_size__hover_enabled=\u00a0\u00bboff\u00a0\u00bb button_text_size__hover=\u00a0\u00bbnull\u00a0\u00bb button_one_text_size__hover_enabled=\u00a0\u00bboff\u00a0\u00bb button_one_text_size__hover=\u00a0\u00bbnull\u00a0\u00bb button_two_text_size__hover_enabled=\u00a0\u00bboff\u00a0\u00bb button_two_text_size__hover=\u00a0\u00bbnull\u00a0\u00bb button_text_color__hover_enabled=\u00a0\u00bbon|hover\u00a0\u00bb button_text_color__hover=\u00a0\u00bb#FFFFFF\u00a0\u00bb button_one_text_color__hover_enabled=\u00a0\u00bboff\u00a0\u00bb button_one_text_color__hover=\u00a0\u00bbnull\u00a0\u00bb button_two_text_color__hover_enabled=\u00a0\u00bboff\u00a0\u00bb button_two_text_color__hover=\u00a0\u00bbnull\u00a0\u00bb button_border_width__hover_enabled=\u00a0\u00bboff\u00a0\u00bb button_border_width__hover=\u00a0\u00bbnull\u00a0\u00bb button_one_border_width__hover_enabled=\u00a0\u00bboff\u00a0\u00bb button_one_border_width__hover=\u00a0\u00bbnull\u00a0\u00bb button_two_border_width__hover_enabled=\u00a0\u00bboff\u00a0\u00bb button_two_border_width__hover=\u00a0\u00bbnull\u00a0\u00bb button_border_color__hover_enabled=\u00a0\u00bboff\u00a0\u00bb button_border_color__hover=\u00a0\u00bbnull\u00a0\u00bb button_one_border_color__hover_enabled=\u00a0\u00bboff\u00a0\u00bb button_one_border_color__hover=\u00a0\u00bbnull\u00a0\u00bb button_two_border_color__hover_enabled=\u00a0\u00bboff\u00a0\u00bb button_two_border_color__hover=\u00a0\u00bbnull\u00a0\u00bb button_border_radius__hover_enabled=\u00a0\u00bboff\u00a0\u00bb button_border_radius__hover=\u00a0\u00bbnull\u00a0\u00bb button_one_border_radius__hover_enabled=\u00a0\u00bboff\u00a0\u00bb button_one_border_radius__hover=\u00a0\u00bbnull\u00a0\u00bb button_two_border_radius__hover_enabled=\u00a0\u00bboff\u00a0\u00bb button_two_border_radius__hover=\u00a0\u00bbnull\u00a0\u00bb button_letter_spacing__hover_enabled=\u00a0\u00bboff\u00a0\u00bb button_letter_spacing__hover=\u00a0\u00bbnull\u00a0\u00bb button_one_letter_spacing__hover_enabled=\u00a0\u00bboff\u00a0\u00bb button_one_letter_spacing__hover=\u00a0\u00bbnull\u00a0\u00bb button_two_letter_spacing__hover_enabled=\u00a0\u00bboff\u00a0\u00bb button_two_letter_spacing__hover=\u00a0\u00bbnull\u00a0\u00bb button_bg_color__hover_enabled=\u00a0\u00bboff\u00a0\u00bb button_bg_color__hover=\u00a0\u00bbnull\u00a0\u00bb button_one_bg_color__hover_enabled=\u00a0\u00bboff\u00a0\u00bb button_one_bg_color__hover=\u00a0\u00bbnull\u00a0\u00bb button_two_bg_color__hover_enabled=\u00a0\u00bboff\u00a0\u00bb button_two_bg_color__hover=\u00a0\u00bbnull\u00a0\u00bb][\/et_pb_button][\/et_pb_column][et_pb_column type=\u00a0\u00bb2_3&Prime; _builder_version=\u00a0\u00bb3.25&Prime; custom_padding=\u00a0\u00bb|||\u00a0\u00bb global_colors_info=\u00a0\u00bb{}\u00a0\u00bb custom_padding__hover=\u00a0\u00bb|||\u00a0\u00bb][et_pb_text _builder_version=\u00a0\u00bb3.27.4&Prime; text_font=\u00a0\u00bb|800|||||||\u00a0\u00bb text_text_color=\u00a0\u00bb#00ade3&Prime; header_2_font=\u00a0\u00bb|800|||||||\u00a0\u00bb header_2_text_color=\u00a0\u00bb#00ade3&Prime; header_2_font_size=\u00a0\u00bb32px\u00a0\u00bb global_colors_info=\u00a0\u00bb{}\u00a0\u00bb]<\/p>\n<h2 style=\"text-align: left;\"><em>BLOG<\/em><\/h2>\n<p>[\/et_pb_text][et_pb_blog posts_number=\u00a0\u00bb2&Prime; show_author=\u00a0\u00bboff\u00a0\u00bb show_date=\u00a0\u00bboff\u00a0\u00bb show_categories=\u00a0\u00bboff\u00a0\u00bb _builder_version=\u00a0\u00bb3.0.106&Prime; header_text_color=\u00a0\u00bb#24b14a\u00a0\u00bb pagination_font_size_tablet=\u00a0\u00bb51&Prime; pagination_line_height_tablet=\u00a0\u00bb2&Prime; global_colors_info=\u00a0\u00bb{}\u00a0\u00bb][\/et_pb_blog][\/et_pb_column][\/et_pb_row][\/et_pb_section]<\/p>\n","protected":false},"excerpt":{"rendered":"<p>Bora EGV Recruitment est le r\u00e9sultat de l&rsquo;\u00e9troite collaboration entre BORA Conseil et EGV Recruitment pour r\u00e9pondre \u00e0 la grande demande de M\u00e9decins Sp\u00e9cialistes et de Professionnels de Sant\u00e9 en France. En 2018 les fondateurs des deux soci\u00e9t\u00e9s ont d\u00e9cid\u00e9 de rassembler leurs comp\u00e9tences en vue d&rsquo;augmenter l&rsquo;efficacit\u00e9 et de pouvoir proposer des r\u00e9ponses encore [&hellip;]<\/p>\n","protected":false},"author":1,"featured_media":0,"parent":724,"menu_order":2,"comment_status":"closed","ping_status":"open","template":"","meta":{"_et_pb_use_builder":"on","_et_pb_old_content":"","_et_gb_content_width":"","_mi_skip_tracking":false},"yoast_head":"<!-- This site is optimized with the Yoast SEO plugin v19.12 - https:\/\/yoast.com\/wordpress\/plugins\/seo\/ -->\n<title>Histoire - BORA EGV Recruitment<\/title>\n<meta name=\"robots\" content=\"index, follow, max-snippet:-1, max-image-preview:large, max-video-preview:-1\" \/>\n<link rel=\"canonical\" href=\"https:\/\/www.boraconseil.com\/fr\/sur-nous\/histoire\/\" \/>\n<meta property=\"og:locale\" content=\"fr_FR\" \/>\n<meta property=\"og:type\" content=\"article\" \/>\n<meta property=\"og:title\" content=\"Histoire - BORA EGV Recruitment\" \/>\n<meta property=\"og:description\" content=\"Bora EGV Recruitment est le r\u00e9sultat de l&#039;\u00e9troite collaboration entre BORA Conseil et EGV Recruitment pour r\u00e9pondre \u00e0 la grande demande de M\u00e9decins Sp\u00e9cialistes et de Professionnels de Sant\u00e9 en France. En 2018 les fondateurs des deux soci\u00e9t\u00e9s ont d\u00e9cid\u00e9 de rassembler leurs comp\u00e9tences en vue d&#039;augmenter l&#039;efficacit\u00e9 et de pouvoir proposer des r\u00e9ponses encore [&hellip;]\" \/>\n<meta property=\"og:url\" content=\"https:\/\/www.boraconseil.com\/fr\/sur-nous\/histoire\/\" \/>\n<meta property=\"og:site_name\" content=\"BORA EGV Recruitment\" \/>\n<meta property=\"article:modified_time\" content=\"2021-10-14T13:57:13+00:00\" \/>\n<meta name=\"twitter:card\" content=\"summary_large_image\" \/>\n<meta name=\"twitter:label1\" content=\"Dur\u00e9e de lecture estim\u00e9e\" \/>\n\t<meta name=\"twitter:data1\" content=\"6 minutes\" \/>\n<script type=\"application\/ld+json\" class=\"yoast-schema-graph\">{\"@context\":\"https:\/\/schema.org\",\"@graph\":[{\"@type\":\"WebPage\",\"@id\":\"https:\/\/www.boraconseil.com\/fr\/sur-nous\/histoire\/\",\"url\":\"https:\/\/www.boraconseil.com\/fr\/sur-nous\/histoire\/\",\"name\":\"Histoire - BORA EGV Recruitment\",\"isPartOf\":{\"@id\":\"https:\/\/www.boraconseil.com\/fr\/#website\"},\"datePublished\":\"2018-04-13T12:06:20+00:00\",\"dateModified\":\"2021-10-14T13:57:13+00:00\",\"breadcrumb\":{\"@id\":\"https:\/\/www.boraconseil.com\/fr\/sur-nous\/histoire\/#breadcrumb\"},\"inLanguage\":\"fr-FR\",\"potentialAction\":[{\"@type\":\"ReadAction\",\"target\":[\"https:\/\/www.boraconseil.com\/fr\/sur-nous\/histoire\/\"]}]},{\"@type\":\"BreadcrumbList\",\"@id\":\"https:\/\/www.boraconseil.com\/fr\/sur-nous\/histoire\/#breadcrumb\",\"itemListElement\":[{\"@type\":\"ListItem\",\"position\":1,\"name\":\"Home\",\"item\":\"https:\/\/www.boraconseil.com\/fr\/\"},{\"@type\":\"ListItem\",\"position\":2,\"name\":\"Sur nous\",\"item\":\"https:\/\/www.boraconseil.com\/fr\/sur-nous\/\"},{\"@type\":\"ListItem\",\"position\":3,\"name\":\"Histoire\"}]},{\"@type\":\"WebSite\",\"@id\":\"https:\/\/www.boraconseil.com\/fr\/#website\",\"url\":\"https:\/\/www.boraconseil.com\/fr\/\",\"name\":\"BORA EGV Recruitment\",\"description\":\"\",\"potentialAction\":[{\"@type\":\"SearchAction\",\"target\":{\"@type\":\"EntryPoint\",\"urlTemplate\":\"https:\/\/www.boraconseil.com\/fr\/?s={search_term_string}\"},\"query-input\":\"required name=search_term_string\"}],\"inLanguage\":\"fr-FR\"}]}<\/script>\n<!-- \/ Yoast SEO plugin. -->","yoast_head_json":{"title":"Histoire - BORA EGV Recruitment","robots":{"index":"index","follow":"follow","max-snippet":"max-snippet:-1","max-image-preview":"max-image-preview:large","max-video-preview":"max-video-preview:-1"},"canonical":"https:\/\/www.boraconseil.com\/fr\/sur-nous\/histoire\/","og_locale":"fr_FR","og_type":"article","og_title":"Histoire - BORA EGV Recruitment","og_description":"Bora EGV Recruitment est le r\u00e9sultat de l'\u00e9troite collaboration entre BORA Conseil et EGV Recruitment pour r\u00e9pondre \u00e0 la grande demande de M\u00e9decins Sp\u00e9cialistes et de Professionnels de Sant\u00e9 en France. En 2018 les fondateurs des deux soci\u00e9t\u00e9s ont d\u00e9cid\u00e9 de rassembler leurs comp\u00e9tences en vue d'augmenter l'efficacit\u00e9 et de pouvoir proposer des r\u00e9ponses encore [&hellip;]","og_url":"https:\/\/www.boraconseil.com\/fr\/sur-nous\/histoire\/","og_site_name":"BORA EGV Recruitment","article_modified_time":"2021-10-14T13:57:13+00:00","twitter_card":"summary_large_image","twitter_misc":{"Dur\u00e9e de lecture estim\u00e9e":"6 minutes"},"schema":{"@context":"https:\/\/schema.org","@graph":[{"@type":"WebPage","@id":"https:\/\/www.boraconseil.com\/fr\/sur-nous\/histoire\/","url":"https:\/\/www.boraconseil.com\/fr\/sur-nous\/histoire\/","name":"Histoire - BORA EGV Recruitment","isPartOf":{"@id":"https:\/\/www.boraconseil.com\/fr\/#website"},"datePublished":"2018-04-13T12:06:20+00:00","dateModified":"2021-10-14T13:57:13+00:00","breadcrumb":{"@id":"https:\/\/www.boraconseil.com\/fr\/sur-nous\/histoire\/#breadcrumb"},"inLanguage":"fr-FR","potentialAction":[{"@type":"ReadAction","target":["https:\/\/www.boraconseil.com\/fr\/sur-nous\/histoire\/"]}]},{"@type":"BreadcrumbList","@id":"https:\/\/www.boraconseil.com\/fr\/sur-nous\/histoire\/#breadcrumb","itemListElement":[{"@type":"ListItem","position":1,"name":"Home","item":"https:\/\/www.boraconseil.com\/fr\/"},{"@type":"ListItem","position":2,"name":"Sur nous","item":"https:\/\/www.boraconseil.com\/fr\/sur-nous\/"},{"@type":"ListItem","position":3,"name":"Histoire"}]},{"@type":"WebSite","@id":"https:\/\/www.boraconseil.com\/fr\/#website","url":"https:\/\/www.boraconseil.com\/fr\/","name":"BORA EGV Recruitment","description":"","potentialAction":[{"@type":"SearchAction","target":{"@type":"EntryPoint","urlTemplate":"https:\/\/www.boraconseil.com\/fr\/?s={search_term_string}"},"query-input":"required name=search_term_string"}],"inLanguage":"fr-FR"}]}},"_links":{"self":[{"href":"https:\/\/www.boraconseil.com\/fr\/wp-json\/wp\/v2\/pages\/702"}],"collection":[{"href":"https:\/\/www.boraconseil.com\/fr\/wp-json\/wp\/v2\/pages"}],"about":[{"href":"https:\/\/www.boraconseil.com\/fr\/wp-json\/wp\/v2\/types\/page"}],"author":[{"embeddable":true,"href":"https:\/\/www.boraconseil.com\/fr\/wp-json\/wp\/v2\/users\/1"}],"replies":[{"embeddable":true,"href":"https:\/\/www.boraconseil.com\/fr\/wp-json\/wp\/v2\/comments?post=702"}],"version-history":[{"count":2,"href":"https:\/\/www.boraconseil.com\/fr\/wp-json\/wp\/v2\/pages\/702\/revisions"}],"predecessor-version":[{"id":3951,"href":"https:\/\/www.boraconseil.com\/fr\/wp-json\/wp\/v2\/pages\/702\/revisions\/3951"}],"up":[{"embeddable":true,"href":"https:\/\/www.boraconseil.com\/fr\/wp-json\/wp\/v2\/pages\/724"}],"wp:attachment":[{"href":"https:\/\/www.boraconseil.com\/fr\/wp-json\/wp\/v2\/media?parent=702"}],"curies":[{"name":"wp","href":"https:\/\/api.w.org\/{rel}","templated":true}]}}