{"id":701,"date":"2018-04-13T14:05:53","date_gmt":"2018-04-13T12:05:53","guid":{"rendered":"https:\/\/www.boraconseil.com\/?page_id=701"},"modified":"2018-12-11T14:52:08","modified_gmt":"2018-12-11T13:52:08","slug":"pour-les-clients","status":"publish","type":"page","link":"https:\/\/www.boraconseil.com\/fr\/pour-les-clients\/","title":{"rendered":"Pour les clients"},"content":{"rendered":"<div id=\u201cfb-root\u201d><\/div>\n<script>(function(d, s, id) {\n  var js, fjs = d.getElementsByTagName(s)[0];\n  if (d.getElementById(id)) return;\n  js = d.createElement(s); js.id = id;\n  js.src = 'https:\/\/connect.facebook.net\/fr_FR\/sdk.js#xfbml=1&version=v3.0&appId=667263270282118&autoLogAppEvents=1';\n  fjs.parentNode.insertBefore(js, fjs);\n}(document, 'script', 'facebook-jssdk'));<\/script>\n<p>[et_pb_section bb_built=\u00a0\u00bb1&Prime; next_background_color=\u00a0\u00bb#f6f6f6&Prime; _builder_version=\u00a0\u00bb3.0.106&Prime;][et_pb_row][et_pb_column type=\u00a0\u00bb4_4&Prime;][et_pb_header admin_label=\u00a0\u00bbPage Title\u00a0\u00bb _builder_version=\u00a0\u00bb3.0.106&Prime; title=\u00a0\u00bbPOUR LES CLIENTS\u00a0\u00bb header_fullscreen=\u00a0\u00bboff\u00a0\u00bb header_scroll_down=\u00a0\u00bboff\u00a0\u00bb scroll_down_icon_size_tablet=\u00a0\u00bb50&Prime; image_orientation=\u00a0\u00bbcenter\u00a0\u00bb background_layout=\u00a0\u00bblight\u00a0\u00bb content_orientation=\u00a0\u00bbcenter\u00a0\u00bb subhead_font_size_tablet=\u00a0\u00bb51&Prime; custom_button_two=\u00a0\u00bboff\u00a0\u00bb button_two_icon_placement=\u00a0\u00bbright\u00a0\u00bb custom_button_one=\u00a0\u00bboff\u00a0\u00bb button_one_icon_placement=\u00a0\u00bbright\u00a0\u00bb text_orientation=\u00a0\u00bbcenter\u00a0\u00bb title_text_align=\u00a0\u00bbcenter\u00a0\u00bb title_text_color=\u00a0\u00bb#00ade3&Prime; title_font=\u00a0\u00bb|800|on|on|||||\u00a0\u00bb title_font_size=\u00a0\u00bb34px\u00a0\u00bb \/][et_pb_text _builder_version=\u00a0\u00bb3.0.106&Prime; background_layout=\u00a0\u00bblight\u00a0\u00bb]<\/p>\n<p>Le personnel m\u00e9dical qualifi\u00e9 et fiable est la ressource la plus pr\u00e9cieuse dans le syst\u00e8me de sant\u00e9 et trouver le Candidat idoine peut devenir un vrai d\u00e9fi pour vous.<\/p>\n<p>Nous avons finalis\u00e9 avec succ\u00e8s des douzaines de projets de recrutement en France.<\/p>\n<p>Si vous d\u00e9cidez de travailler avec nous, vous b\u00e9n\u00e9ficierez de nos exp\u00e9riences acquises pendant plusieurs ann\u00e9es et des connaissances sp\u00e9cifiques au march\u00e9 du recrutement m\u00e9dical.<\/p>\n<p>Une fois identifi\u00e9 et compris vos besoins, nous pourrons vous proposer des services de recrutement sur mesure et vous conseiller efficacement.<\/p>\n<p>Un aspect tr\u00e8s important du processus de recrutement est la reconnaissance des qualifications professionnelles des candidats par le Conseil de l&rsquo;Ordre des M\u00e9decins en France (ou par le Centre National de Gestion si les dipl\u00f4mes ne peuvent pas se faire reconna\u00eetre dans un premier temps). Nous guidons nos Candidats avec le plus grand soin tout au long de ce processus en vue de leur inscription dans un d\u00e9lai raisonnable.<\/p>\n<p>Nous faisons la promotion des postes vacants dans plusieurs pays europ\u00e9ens o\u00f9 nous nous r\u00e9jouissons d&rsquo;une bonne r\u00e9putation au sein du personnel m\u00e9dical gr\u00e2ce \u00e0 nos services flexibles et fiables.<\/p>\n<p>Si Vous nous confiez une mission, vous b\u00e9n\u00e9ficierez de nos services de plusieurs mani\u00e8res:<\/p>\n<p><span style=\"color: #39b049;\"><strong>Candidats ad\u00e9quats<\/strong><\/span><\/p>\n<ul>\n<li>Nous disposons d&rsquo;une base de donn\u00e9es comprenant plusieurs milliers de M\u00e9decins Francophones.<\/li>\n<li>Nos Candidats sont de tout \u00e2ge: parmis nos Sp\u00e9cialistes nous avons aussi bien des d\u00e9butants que des seniors avec une solide exp\u00e9rience de plusieurs ann\u00e9es \u00e0 l&rsquo;international.<\/li>\n<li>Ils disposent des dipl\u00f4mes de m\u00e9decine g\u00e9n\u00e9rale et de sp\u00e9cialit\u00e9s europ\u00e9ens (Directive 2005\/36\/CE).<\/li>\n<li>Nous savons conseiller nos Candidats afin d&rsquo;am\u00e9liorer leurs connaissances linguistiques de mani\u00e8re efficace.<\/li>\n<\/ul>\n<p><span style=\"color: #39b049;\"><strong>Efficacit\u00e9\u00a0<\/strong><\/span><\/p>\n<ul>\n<li>Gr\u00e2ce \u00e0 l&rsquo;efficacit\u00e9 du processus de s\u00e9lection nous pouvons proposer des solutions appropri\u00e9es.<\/li>\n<li>Nous organisons des entretiens avec les Candidats pour analyser leurs comp\u00e9tences professionnelles et leur personnalit\u00e9 et nous vous pr\u00e9sentons seulement les Candidats qui r\u00e9pondent \u00e0 vos besoins, ainsi nous \u00e9pargnons pour vous du temps et de l&rsquo;\u00e9nergie.<\/li>\n<li>Nous organisons les d\u00e9marches n\u00e9cessaires pour des entretiens t\u00e9l\u00e9phoniques ou online.<\/li>\n<li>Apr\u00e8s les entretiens t\u00e9l\u00e9phoniques ou online entre les Clients et les Candidats, nous arrangeons une visite pour le\/ la Candidat(e) s\u00e9lectionn\u00e9(e) selon vos disponibilit\u00e9s.<\/li>\n<li>Nous g\u00e9rons les formalit\u00e9s pour la reconnaissance des qualifications professionnelles et nous prenons rendez-vous aupr\u00e8s d&rsquo;un Membre Titulaire du Conseil D\u00e9partemental de l&rsquo;Ordre des M\u00e9decins comp\u00e9tent lors de la premi\u00e8re visite du \/ de la Candidat(e) dans votre \u00e9tablissement.<\/li>\n<\/ul>\n<p><span style=\"color: #39b049;\"><strong>Conseil de haut niveau<\/strong><\/span><\/p>\n<ul>\n<li>\u00c9tant donn\u00e9 que nous sommes bas\u00e9s en Europe Centrale, nous sommes pr\u00e8s de nos Candidats, ce qui nous permet de mieux les comprendre.<\/li>\n<li>Nous sommes en mesure de donner des conseils \u00e0 nos Candidats &#8211; m\u00eame en leur langue maternelle &#8211; concernant les d\u00e9marches administratives \u00e0 effectuer dans leur pays d&rsquo;origine en vue d&rsquo;obtenir les documents exig\u00e9s par le Conseil de l&rsquo;Ordre des M\u00e9decins en France.<\/li>\n<li>M\u00eame apr\u00e8s que notre Candidat(e) rejoint notre Client, nous restons en contact avec les deux en vue d&rsquo;assurer une bonne communication entre eux et pour \u00e9viter tout malentendu.<\/li>\n<\/ul>\n<p><em>Des r\u00e9f\u00e9rences sont disponibles sur demande.<\/em><\/p>\n<p><span style=\"color: #39b049;\"><strong>Les \u00e9tapes du processus de s\u00e9lection<\/strong><\/span><\/p>\n<ol>\n<li>Apr\u00e8s avoir analys\u00e9 en d\u00e9tail le poste \u00e0 pourvoir, nous allons d\u00e9finir le profil exact du\/de la Candidat(e) recherch\u00e9(e), bas\u00e9 sur les comp\u00e9tences professionnelles et personnelles qu&rsquo;il\/elle doit avoir pour le poste vacant.<\/li>\n<li>Parall\u00e8lement, nous analysons en d\u00e9tail la l\u00e9gislation europ\u00e9enne qui fait r\u00e9f\u00e9rence \u00e0 la reconnaissance des qualifications professionnelles pour d\u00e9terminer les pays d&rsquo;o\u00f9 on peut recruter des Candidats pour le poste \u00e0 pourvoir au sein de votre \u00e9tablissement. En raison des diff\u00e9rences entre les syst\u00e8mes de sant\u00e9 et d&rsquo;\u00e9ducation des pays europ\u00e9ens, certaines sp\u00e9cialit\u00e9s m\u00e9dicales ne b\u00e9n\u00e9ficient pas de reconnaissance mutuelle.<\/li>\n<li>Nous r\u00e9digeons ensemble avec vous le descriptif de poste en vue de le pr\u00e9senter ensuite aux Candidats.<\/li>\n<li>Nous contactons les Candidats de notre base de donn\u00e9es qui correspondent \u00e0 vos crit\u00e8res et nous faisons la promotion des postes vacants par des annonces plac\u00e9es par diff\u00e9rents moyens publicitaires.<\/li>\n<li>Nous r\u00e9alisons des interviews avec les Candidats int\u00e9ress\u00e9s par votre offre et s&rsquo;ils correspondent aux crit\u00e8res de s\u00e9lection, nous vous envoyons un CV complet comprenant les comp\u00e9tences professionnelles et linguistiques et les exp\u00e9riences d\u00e9taill\u00e9es du \/ de la Candidat(e).<\/li>\n<li>Nous organisons ensemble avec vous un entretien t\u00e9l\u00e9phonique ou online avec le \/ la Candidat(e).<\/li>\n<li>Dans le cas o\u00f9 ces interviews sont concluantes, nous organisons une visite pour le \/ la Candidat(e) dans vos bureaux.<\/li>\n<li>Nous offrons notre soutien au \/ \u00e0 la Candidat(e) en vue de la reconnaissance de ses qualifications professionnelles (inscription aupr\u00e8s du Conseil de l&rsquo;Ordre des M\u00e9decins en France).<\/li>\n<li>Le \/ la Candidat(e) peut commencer \u00e0 travailler.<\/li>\n<li>Nous restons en contact et avec vous et avec le \/ la Candidat(e) en vue de nous assurer que la collaboration entre vous se d\u00e9roule de fa\u00e7on optimale.<\/li>\n<\/ol>\n<p>[\/et_pb_text][et_pb_button admin_label=\u00a0\u00bbGreen Button\u00a0\u00bb _builder_version=\u00a0\u00bb3.1.1&Prime; button_text=\u00a0\u00bbCONTACT\u00a0\u00bb button_url=\u00a0\u00bb\/fr\/contact\/\u00a0\u00bb background_layout=\u00a0\u00bbdark\u00a0\u00bb custom_button=\u00a0\u00bbon\u00a0\u00bb button_text_size=\u00a0\u00bb22&Prime; button_text_color=\u00a0\u00bb#ffffff\u00a0\u00bb button_bg_color=\u00a0\u00bb#24b14a\u00a0\u00bb button_border_color=\u00a0\u00bb#24b14a\u00a0\u00bb button_text_color_hover=\u00a0\u00bb#24b14a\u00a0\u00bb animation_style=\u00a0\u00bbbounce\u00a0\u00bb \/][\/et_pb_column][\/et_pb_row][\/et_pb_section][et_pb_section bb_built=\u00a0\u00bb1&Prime; fullwidth=\u00a0\u00bboff\u00a0\u00bb specialty=\u00a0\u00bboff\u00a0\u00bb _builder_version=\u00a0\u00bb3.0.106&Prime; background_color=\u00a0\u00bb#f6f6f6&Prime; prev_background_color=\u00a0\u00bb#ffffff\u00a0\u00bb next_background_color=\u00a0\u00bb#ffffff\u00a0\u00bb global_module=\u00a0\u00bb683&Prime;][et_pb_row global_parent=\u00a0\u00bb683&Prime; background_position=\u00a0\u00bbtop_left\u00a0\u00bb background_repeat=\u00a0\u00bbrepeat\u00a0\u00bb background_size=\u00a0\u00bbinitial\u00a0\u00bb][et_pb_column type=\u00a0\u00bb4_4&Prime;][et_pb_text global_parent=\u00a0\u00bb683&Prime; _builder_version=\u00a0\u00bb3.1.1&Prime; text_font=\u00a0\u00bb|800|||||||\u00a0\u00bb text_text_color=\u00a0\u00bb#00ade3&Prime; header_2_text_color=\u00a0\u00bb#00ade3&Prime; header_2_font=\u00a0\u00bb|800|||||||\u00a0\u00bb header_2_font_size=\u00a0\u00bb32px\u00a0\u00bb header_2_text_align=\u00a0\u00bbcenter\u00a0\u00bb]<\/p>\n<h2 style=\"text-align: center;\"><em><a href=\"https:\/\/www.boraconseil.com\/fr\/histoires-a-succes\/\">HISTOIRES \u00c0 SUCC\u00c8S<\/a><\/em><\/h2>\n<p>[\/et_pb_text][et_pb_success_story global_parent=\u00a0\u00bb683&Prime; _builder_version=\u00a0\u00bb3.1.1&Prime; posts_number=\u00a0\u00bb4&Prime; show_title=\u00a0\u00bboff\u00a0\u00bb show_pagination=\u00a0\u00bboff\u00a0\u00bb title_font_size_tablet=\u00a0\u00bb51&Prime; title_line_height_tablet=\u00a0\u00bb2&Prime; caption_font_size_tablet=\u00a0\u00bb51&Prime; caption_line_height_tablet=\u00a0\u00bb2&Prime; pagination_font_size_tablet=\u00a0\u00bb51&Prime; pagination_line_height_tablet=\u00a0\u00bb2&Prime; fullwidth=\u00a0\u00bboff\u00a0\u00bb \/][\/et_pb_column][\/et_pb_row][\/et_pb_section][et_pb_section bb_built=\u00a0\u00bb1&Prime; fullwidth=\u00a0\u00bboff\u00a0\u00bb specialty=\u00a0\u00bboff\u00a0\u00bb prev_background_color=\u00a0\u00bb#f6f6f6&Prime; _builder_version=\u00a0\u00bb3.0.106&Prime; global_module=\u00a0\u00bb682&Prime;][et_pb_row global_parent=\u00a0\u00bb682&Prime; _builder_version=\u00a0\u00bb3.0.106&Prime;][et_pb_column type=\u00a0\u00bb1_3&Prime;][et_pb_text global_parent=\u00a0\u00bb682&Prime; _builder_version=\u00a0\u00bb3.1.1&Prime; text_font=\u00a0\u00bb|800|||||||\u00a0\u00bb text_text_color=\u00a0\u00bb#00ade3&Prime; header_2_text_color=\u00a0\u00bb#00ade3&Prime; header_2_font=\u00a0\u00bb|800|||||||\u00a0\u00bb header_2_font_size=\u00a0\u00bb32px\u00a0\u00bb]<\/p>\n<h2 style=\"text-align: left;\"><a href=\"https:\/\/www.boraconseil.com\/fr\/offres\/\"><em>HOT JOBS<\/em><\/a><\/h2>\n<p>[\/et_pb_text][et_pb_job global_parent=\u00a0\u00bb682&Prime; _builder_version=\u00a0\u00bb3.1&Prime; posts_number=\u00a0\u00bb5&Prime; show_title=\u00a0\u00bboff\u00a0\u00bb show_categories=\u00a0\u00bboff\u00a0\u00bb show_pagination=\u00a0\u00bboff\u00a0\u00bb title_font_size_tablet=\u00a0\u00bb51&Prime; title_line_height_tablet=\u00a0\u00bb2&Prime; caption_font_size_tablet=\u00a0\u00bb51&Prime; caption_line_height_tablet=\u00a0\u00bb2&Prime; pagination_font_size_tablet=\u00a0\u00bb51&Prime; pagination_line_height_tablet=\u00a0\u00bb2&Prime; only_hot_jobs=\u00a0\u00bbon\u00a0\u00bb \/][et_pb_button admin_label=\u00a0\u00bbApply Button\u00a0\u00bb global_parent=\u00a0\u00bb682&Prime; _builder_version=\u00a0\u00bb3.1.1&Prime; button_text=\u00a0\u00bbENVOYEZ-NOUS VOTRE CV\u00a0\u00bb button_alignment=\u00a0\u00bbleft\u00a0\u00bb background_layout=\u00a0\u00bbdark\u00a0\u00bb custom_button=\u00a0\u00bbon\u00a0\u00bb button_bg_color=\u00a0\u00bb#24b14a\u00a0\u00bb button_border_color=\u00a0\u00bb#24b14a\u00a0\u00bb button_text_color_hover=\u00a0\u00bb#24b14a\u00a0\u00bb animation_style=\u00a0\u00bbbounce\u00a0\u00bb button_url=\u00a0\u00bb\/fr\/contact\/\u00a0\u00bb \/][\/et_pb_column][et_pb_column type=\u00a0\u00bb2_3&Prime;][et_pb_text global_parent=\u00a0\u00bb682&Prime; _builder_version=\u00a0\u00bb3.1.1&Prime; text_font=\u00a0\u00bb|800|||||||\u00a0\u00bb text_text_color=\u00a0\u00bb#00ade3&Prime; header_2_text_color=\u00a0\u00bb#00ade3&Prime; header_2_font=\u00a0\u00bb|800|||||||\u00a0\u00bb header_2_font_size=\u00a0\u00bb32px\u00a0\u00bb]<\/p>\n<h2 style=\"text-align: left;\"><em>BLOG<\/em><\/h2>\n<p>[\/et_pb_text][et_pb_blog global_parent=\u00a0\u00bb682&Prime; _builder_version=\u00a0\u00bb3.0.106&Prime; posts_number=\u00a0\u00bb2&Prime; show_content=\u00a0\u00bboff\u00a0\u00bb show_thumbnail=\u00a0\u00bbon\u00a0\u00bb show_more=\u00a0\u00bboff\u00a0\u00bb show_author=\u00a0\u00bboff\u00a0\u00bb show_date=\u00a0\u00bboff\u00a0\u00bb show_categories=\u00a0\u00bboff\u00a0\u00bb show_comments=\u00a0\u00bboff\u00a0\u00bb show_pagination=\u00a0\u00bbon\u00a0\u00bb fullwidth=\u00a0\u00bbon\u00a0\u00bb use_overlay=\u00a0\u00bboff\u00a0\u00bb background_layout=\u00a0\u00bblight\u00a0\u00bb pagination_font_size_tablet=\u00a0\u00bb51&Prime; pagination_line_height_tablet=\u00a0\u00bb2&Prime; header_text_color=\u00a0\u00bb#24b14a\u00a0\u00bb \/][\/et_pb_column][\/et_pb_row][\/et_pb_section]<\/p>\n","protected":false},"excerpt":{"rendered":"<p><div class=\"et_pb_row et_pb_row_0 et_pb_row_empty\">\n\t\t\t\t\n\t\t\t\t\n\t\t\t\t\n\t\t\t\t\n\t\t\t\t\n\t\t\t<\/div> Le personnel m\u00e9dical qualifi\u00e9 et fiable est la ressource la plus pr\u00e9cieuse dans le syst\u00e8me de sant\u00e9 et trouver le Candidat idoine peut devenir un vrai d\u00e9fi pour vous. Nous avons finalis\u00e9 avec succ\u00e8s des douzaines de projets de recrutement en France. Si vous d\u00e9cidez de travailler avec nous, vous b\u00e9n\u00e9ficierez de nos exp\u00e9riences [&hellip;]<\/p>\n","protected":false},"author":1,"featured_media":0,"parent":0,"menu_order":12,"comment_status":"closed","ping_status":"closed","template":"","meta":{"_et_pb_use_builder":"on","_et_pb_old_content":"","_et_gb_content_width":"","_mi_skip_tracking":false},"yoast_head":"<!-- This site is optimized with the Yoast SEO plugin v19.12 - https:\/\/yoast.com\/wordpress\/plugins\/seo\/ -->\n<title>Pour les clients - BORA EGV Recruitment<\/title>\n<meta name=\"robots\" content=\"index, follow, max-snippet:-1, max-image-preview:large, max-video-preview:-1\" \/>\n<link rel=\"canonical\" href=\"https:\/\/www.boraconseil.com\/fr\/pour-les-clients\/\" \/>\n<meta property=\"og:locale\" content=\"fr_FR\" \/>\n<meta property=\"og:type\" content=\"article\" \/>\n<meta property=\"og:title\" content=\"Pour les clients - BORA EGV Recruitment\" \/>\n<meta property=\"og:description\" content=\"Le personnel m\u00e9dical qualifi\u00e9 et fiable est la ressource la plus pr\u00e9cieuse dans le syst\u00e8me de sant\u00e9 et trouver le Candidat idoine peut devenir un vrai d\u00e9fi pour vous. Nous avons finalis\u00e9 avec succ\u00e8s des douzaines de projets de recrutement en France. Si vous d\u00e9cidez de travailler avec nous, vous b\u00e9n\u00e9ficierez de nos exp\u00e9riences [&hellip;]\" \/>\n<meta property=\"og:url\" content=\"https:\/\/www.boraconseil.com\/fr\/pour-les-clients\/\" \/>\n<meta property=\"og:site_name\" content=\"BORA EGV Recruitment\" \/>\n<meta property=\"article:modified_time\" content=\"2018-12-11T13:52:08+00:00\" \/>\n<meta name=\"twitter:card\" content=\"summary_large_image\" \/>\n<meta name=\"twitter:label1\" content=\"Dur\u00e9e de lecture estim\u00e9e\" \/>\n\t<meta name=\"twitter:data1\" content=\"7 minutes\" \/>\n<script type=\"application\/ld+json\" class=\"yoast-schema-graph\">{\"@context\":\"https:\/\/schema.org\",\"@graph\":[{\"@type\":\"WebPage\",\"@id\":\"https:\/\/www.boraconseil.com\/fr\/pour-les-clients\/\",\"url\":\"https:\/\/www.boraconseil.com\/fr\/pour-les-clients\/\",\"name\":\"Pour les clients - BORA EGV Recruitment\",\"isPartOf\":{\"@id\":\"https:\/\/www.boraconseil.com\/fr\/#website\"},\"datePublished\":\"2018-04-13T12:05:53+00:00\",\"dateModified\":\"2018-12-11T13:52:08+00:00\",\"breadcrumb\":{\"@id\":\"https:\/\/www.boraconseil.com\/fr\/pour-les-clients\/#breadcrumb\"},\"inLanguage\":\"fr-FR\",\"potentialAction\":[{\"@type\":\"ReadAction\",\"target\":[\"https:\/\/www.boraconseil.com\/fr\/pour-les-clients\/\"]}]},{\"@type\":\"BreadcrumbList\",\"@id\":\"https:\/\/www.boraconseil.com\/fr\/pour-les-clients\/#breadcrumb\",\"itemListElement\":[{\"@type\":\"ListItem\",\"position\":1,\"name\":\"Home\",\"item\":\"https:\/\/www.boraconseil.com\/fr\/\"},{\"@type\":\"ListItem\",\"position\":2,\"name\":\"Pour les clients\"}]},{\"@type\":\"WebSite\",\"@id\":\"https:\/\/www.boraconseil.com\/fr\/#website\",\"url\":\"https:\/\/www.boraconseil.com\/fr\/\",\"name\":\"BORA EGV Recruitment\",\"description\":\"\",\"potentialAction\":[{\"@type\":\"SearchAction\",\"target\":{\"@type\":\"EntryPoint\",\"urlTemplate\":\"https:\/\/www.boraconseil.com\/fr\/?s={search_term_string}\"},\"query-input\":\"required name=search_term_string\"}],\"inLanguage\":\"fr-FR\"}]}<\/script>\n<!-- \/ Yoast SEO plugin. -->","yoast_head_json":{"title":"Pour les clients - BORA EGV Recruitment","robots":{"index":"index","follow":"follow","max-snippet":"max-snippet:-1","max-image-preview":"max-image-preview:large","max-video-preview":"max-video-preview:-1"},"canonical":"https:\/\/www.boraconseil.com\/fr\/pour-les-clients\/","og_locale":"fr_FR","og_type":"article","og_title":"Pour les clients - BORA EGV Recruitment","og_description":"Le personnel m\u00e9dical qualifi\u00e9 et fiable est la ressource la plus pr\u00e9cieuse dans le syst\u00e8me de sant\u00e9 et trouver le Candidat idoine peut devenir un vrai d\u00e9fi pour vous. Nous avons finalis\u00e9 avec succ\u00e8s des douzaines de projets de recrutement en France. Si vous d\u00e9cidez de travailler avec nous, vous b\u00e9n\u00e9ficierez de nos exp\u00e9riences [&hellip;]","og_url":"https:\/\/www.boraconseil.com\/fr\/pour-les-clients\/","og_site_name":"BORA EGV Recruitment","article_modified_time":"2018-12-11T13:52:08+00:00","twitter_card":"summary_large_image","twitter_misc":{"Dur\u00e9e de lecture estim\u00e9e":"7 minutes"},"schema":{"@context":"https:\/\/schema.org","@graph":[{"@type":"WebPage","@id":"https:\/\/www.boraconseil.com\/fr\/pour-les-clients\/","url":"https:\/\/www.boraconseil.com\/fr\/pour-les-clients\/","name":"Pour les clients - BORA EGV Recruitment","isPartOf":{"@id":"https:\/\/www.boraconseil.com\/fr\/#website"},"datePublished":"2018-04-13T12:05:53+00:00","dateModified":"2018-12-11T13:52:08+00:00","breadcrumb":{"@id":"https:\/\/www.boraconseil.com\/fr\/pour-les-clients\/#breadcrumb"},"inLanguage":"fr-FR","potentialAction":[{"@type":"ReadAction","target":["https:\/\/www.boraconseil.com\/fr\/pour-les-clients\/"]}]},{"@type":"BreadcrumbList","@id":"https:\/\/www.boraconseil.com\/fr\/pour-les-clients\/#breadcrumb","itemListElement":[{"@type":"ListItem","position":1,"name":"Home","item":"https:\/\/www.boraconseil.com\/fr\/"},{"@type":"ListItem","position":2,"name":"Pour les clients"}]},{"@type":"WebSite","@id":"https:\/\/www.boraconseil.com\/fr\/#website","url":"https:\/\/www.boraconseil.com\/fr\/","name":"BORA EGV Recruitment","description":"","potentialAction":[{"@type":"SearchAction","target":{"@type":"EntryPoint","urlTemplate":"https:\/\/www.boraconseil.com\/fr\/?s={search_term_string}"},"query-input":"required name=search_term_string"}],"inLanguage":"fr-FR"}]}},"_links":{"self":[{"href":"https:\/\/www.boraconseil.com\/fr\/wp-json\/wp\/v2\/pages\/701"}],"collection":[{"href":"https:\/\/www.boraconseil.com\/fr\/wp-json\/wp\/v2\/pages"}],"about":[{"href":"https:\/\/www.boraconseil.com\/fr\/wp-json\/wp\/v2\/types\/page"}],"author":[{"embeddable":true,"href":"https:\/\/www.boraconseil.com\/fr\/wp-json\/wp\/v2\/users\/1"}],"replies":[{"embeddable":true,"href":"https:\/\/www.boraconseil.com\/fr\/wp-json\/wp\/v2\/comments?post=701"}],"version-history":[{"count":0,"href":"https:\/\/www.boraconseil.com\/fr\/wp-json\/wp\/v2\/pages\/701\/revisions"}],"wp:attachment":[{"href":"https:\/\/www.boraconseil.com\/fr\/wp-json\/wp\/v2\/media?parent=701"}],"curies":[{"name":"wp","href":"https:\/\/api.w.org\/{rel}","templated":true}]}}