{"id":699,"date":"2018-04-13T14:04:05","date_gmt":"2018-04-13T12:04:05","guid":{"rendered":"https:\/\/www.boraconseil.com\/?page_id=699"},"modified":"2018-12-11T14:52:10","modified_gmt":"2018-12-11T13:52:10","slug":"histoires-a-succes","status":"publish","type":"page","link":"https:\/\/www.boraconseil.com\/fr\/histoires-a-succes\/","title":{"rendered":"Histoires \u00e0 succ\u00e8s"},"content":{"rendered":"<div id=\u201cfb-root\u201d><\/div>\n<script>(function(d, s, id) {\n  var js, fjs = d.getElementsByTagName(s)[0];\n  if (d.getElementById(id)) return;\n  js = d.createElement(s); js.id = id;\n  js.src = 'https:\/\/connect.facebook.net\/fr_FR\/sdk.js#xfbml=1&version=v3.0&appId=667263270282118&autoLogAppEvents=1';\n  fjs.parentNode.insertBefore(js, fjs);\n}(document, 'script', 'facebook-jssdk'));<\/script>\n<p>[et_pb_section bb_built=\u00a0\u00bb1&Prime; next_background_color=\u00a0\u00bb#000000&Prime; _builder_version=\u00a0\u00bb3.0.106&Prime;][et_pb_row][et_pb_column type=\u00a0\u00bb4_4&Prime;][et_pb_header admin_label=\u00a0\u00bbPage Title\u00a0\u00bb _builder_version=\u00a0\u00bb3.0.106&Prime; title=\u00a0\u00bbHISTOIRES \u00c0 SUCC\u00c8S\u00a0\u00bb header_fullscreen=\u00a0\u00bboff\u00a0\u00bb header_scroll_down=\u00a0\u00bboff\u00a0\u00bb scroll_down_icon_size_tablet=\u00a0\u00bb50&Prime; image_orientation=\u00a0\u00bbcenter\u00a0\u00bb background_layout=\u00a0\u00bblight\u00a0\u00bb content_orientation=\u00a0\u00bbcenter\u00a0\u00bb subhead_font_size_tablet=\u00a0\u00bb51&Prime; custom_button_two=\u00a0\u00bboff\u00a0\u00bb button_two_icon_placement=\u00a0\u00bbright\u00a0\u00bb custom_button_one=\u00a0\u00bboff\u00a0\u00bb button_one_icon_placement=\u00a0\u00bbright\u00a0\u00bb text_orientation=\u00a0\u00bbcenter\u00a0\u00bb title_text_align=\u00a0\u00bbcenter\u00a0\u00bb title_text_color=\u00a0\u00bb#00ade3&Prime; title_font=\u00a0\u00bb|800|on|on|||||\u00a0\u00bb title_font_size=\u00a0\u00bb34px\u00a0\u00bb subhead=\u00a0\u00bbD\u00e9couvrez les histoires \u00e0 succ\u00e8s de nos candidats. Nous sommes sp\u00e9cialis\u00e9s dans les services efficaces et personnalis\u00e9s de recrutement du personnel m\u00e9dical. Nous repr\u00e9sentons les m\u00e9decins lors de l&rsquo;identification des opportunit\u00e9s de travail et nous nous effor\u00e7ons de comprendre les objectifs personnels et professionnels de chaque Sp\u00e9cialiste en vue de leur trouver la meilleure possibilit\u00e9 parmi nos diverses offres d&#8217;emplois.\u00a0\u00bb subhead_font=\u00a0\u00bb||on||||||\u00a0\u00bb subhead_text_color=\u00a0\u00bb#00ade3&Prime; subhead_font_size=\u00a0\u00bb18&Prime; \/][et_pb_success_story _builder_version=\u00a0\u00bb3.1.1&Prime; posts_number=\u00a0\u00bb100&Prime; show_title=\u00a0\u00bboff\u00a0\u00bb fullwidth=\u00a0\u00bboff\u00a0\u00bb title_font_size_tablet=\u00a0\u00bb51&Prime; title_line_height_tablet=\u00a0\u00bb2&Prime; caption_font_size_tablet=\u00a0\u00bb51&Prime; caption_line_height_tablet=\u00a0\u00bb2&Prime; pagination_font_size_tablet=\u00a0\u00bb51&Prime; pagination_line_height_tablet=\u00a0\u00bb2&Prime; \/][\/et_pb_column][\/et_pb_row][\/et_pb_section][et_pb_section bb_built=\u00a0\u00bb1&Prime; fullwidth=\u00a0\u00bboff\u00a0\u00bb specialty=\u00a0\u00bboff\u00a0\u00bb prev_background_color=\u00a0\u00bb#000000&Prime; _builder_version=\u00a0\u00bb3.0.106&Prime; global_module=\u00a0\u00bb682&Prime;][et_pb_row global_parent=\u00a0\u00bb682&Prime; _builder_version=\u00a0\u00bb3.0.106&Prime;][et_pb_column type=\u00a0\u00bb1_3&Prime;][et_pb_text global_parent=\u00a0\u00bb682&Prime; _builder_version=\u00a0\u00bb3.1.1&Prime; text_font=\u00a0\u00bb|800|||||||\u00a0\u00bb text_text_color=\u00a0\u00bb#00ade3&Prime; header_2_text_color=\u00a0\u00bb#00ade3&Prime; header_2_font=\u00a0\u00bb|800|||||||\u00a0\u00bb header_2_font_size=\u00a0\u00bb32px\u00a0\u00bb]<\/p>\n<h2 style=\"text-align: left;\"><a href=\"https:\/\/www.boraconseil.com\/fr\/offres\/\"><em>HOT JOBS<\/em><\/a><\/h2>\n<p>[\/et_pb_text][et_pb_job global_parent=\u00a0\u00bb682&Prime; _builder_version=\u00a0\u00bb3.1&Prime; posts_number=\u00a0\u00bb5&Prime; show_title=\u00a0\u00bboff\u00a0\u00bb show_categories=\u00a0\u00bboff\u00a0\u00bb show_pagination=\u00a0\u00bboff\u00a0\u00bb title_font_size_tablet=\u00a0\u00bb51&Prime; title_line_height_tablet=\u00a0\u00bb2&Prime; caption_font_size_tablet=\u00a0\u00bb51&Prime; caption_line_height_tablet=\u00a0\u00bb2&Prime; pagination_font_size_tablet=\u00a0\u00bb51&Prime; pagination_line_height_tablet=\u00a0\u00bb2&Prime; only_hot_jobs=\u00a0\u00bbon\u00a0\u00bb \/][et_pb_button admin_label=\u00a0\u00bbApply Button\u00a0\u00bb global_parent=\u00a0\u00bb682&Prime; _builder_version=\u00a0\u00bb3.1.1&Prime; button_text=\u00a0\u00bbENVOYEZ-NOUS VOTRE CV\u00a0\u00bb button_alignment=\u00a0\u00bbleft\u00a0\u00bb background_layout=\u00a0\u00bbdark\u00a0\u00bb custom_button=\u00a0\u00bbon\u00a0\u00bb button_bg_color=\u00a0\u00bb#24b14a\u00a0\u00bb button_border_color=\u00a0\u00bb#24b14a\u00a0\u00bb button_text_color_hover=\u00a0\u00bb#24b14a\u00a0\u00bb animation_style=\u00a0\u00bbbounce\u00a0\u00bb button_url=\u00a0\u00bb\/contact\/\u00a0\u00bb \/][\/et_pb_column][et_pb_column type=\u00a0\u00bb2_3&Prime;][et_pb_text global_parent=\u00a0\u00bb682&Prime; _builder_version=\u00a0\u00bb3.1.1&Prime; text_font=\u00a0\u00bb|800|||||||\u00a0\u00bb text_text_color=\u00a0\u00bb#00ade3&Prime; header_2_text_color=\u00a0\u00bb#00ade3&Prime; header_2_font=\u00a0\u00bb|800|||||||\u00a0\u00bb header_2_font_size=\u00a0\u00bb32px\u00a0\u00bb]<\/p>\n<h2 style=\"text-align: left;\"><em>BLOG<\/em><\/h2>\n<p>[\/et_pb_text][et_pb_blog global_parent=\u00a0\u00bb682&Prime; _builder_version=\u00a0\u00bb3.0.106&Prime; posts_number=\u00a0\u00bb2&Prime; show_content=\u00a0\u00bboff\u00a0\u00bb show_thumbnail=\u00a0\u00bbon\u00a0\u00bb show_more=\u00a0\u00bboff\u00a0\u00bb show_author=\u00a0\u00bboff\u00a0\u00bb show_date=\u00a0\u00bboff\u00a0\u00bb show_categories=\u00a0\u00bboff\u00a0\u00bb show_comments=\u00a0\u00bboff\u00a0\u00bb show_pagination=\u00a0\u00bbon\u00a0\u00bb fullwidth=\u00a0\u00bbon\u00a0\u00bb use_overlay=\u00a0\u00bboff\u00a0\u00bb background_layout=\u00a0\u00bblight\u00a0\u00bb pagination_font_size_tablet=\u00a0\u00bb51&Prime; pagination_line_height_tablet=\u00a0\u00bb2&Prime; header_text_color=\u00a0\u00bb#24b14a\u00a0\u00bb \/][\/et_pb_column][\/et_pb_row][\/et_pb_section]<\/p>\n","protected":false},"excerpt":{"rendered":"<p><div class=\"et_pb_row et_pb_row_0 et_pb_row_empty\">\n\t\t\t\t\n\t\t\t\t\n\t\t\t\t\n\t\t\t\t\n\t\t\t\t\n\t\t\t<\/div> HOT JOBS BLOG<\/p>\n","protected":false},"author":1,"featured_media":0,"parent":0,"menu_order":25,"comment_status":"closed","ping_status":"closed","template":"","meta":{"_et_pb_use_builder":"on","_et_pb_old_content":"","_et_gb_content_width":"","_mi_skip_tracking":false},"yoast_head":"<!-- This site is optimized with the Yoast SEO plugin v19.12 - https:\/\/yoast.com\/wordpress\/plugins\/seo\/ -->\n<title>Histoires \u00e0 succ\u00e8s - BORA EGV Recruitment<\/title>\n<meta name=\"robots\" content=\"index, follow, max-snippet:-1, max-image-preview:large, max-video-preview:-1\" \/>\n<link rel=\"canonical\" href=\"https:\/\/www.boraconseil.com\/fr\/histoires-a-succes\/\" \/>\n<meta property=\"og:locale\" content=\"fr_FR\" \/>\n<meta property=\"og:type\" content=\"article\" \/>\n<meta property=\"og:title\" content=\"Histoires \u00e0 succ\u00e8s - BORA EGV Recruitment\" \/>\n<meta property=\"og:description\" content=\"HOT JOBS BLOG\" \/>\n<meta property=\"og:url\" content=\"https:\/\/www.boraconseil.com\/fr\/histoires-a-succes\/\" \/>\n<meta property=\"og:site_name\" content=\"BORA EGV Recruitment\" \/>\n<meta property=\"article:modified_time\" content=\"2018-12-11T13:52:10+00:00\" \/>\n<meta name=\"twitter:card\" content=\"summary_large_image\" \/>\n<meta name=\"twitter:label1\" content=\"Dur\u00e9e de lecture estim\u00e9e\" \/>\n\t<meta name=\"twitter:data1\" content=\"2 minutes\" \/>\n<script type=\"application\/ld+json\" class=\"yoast-schema-graph\">{\"@context\":\"https:\/\/schema.org\",\"@graph\":[{\"@type\":\"WebPage\",\"@id\":\"https:\/\/www.boraconseil.com\/fr\/histoires-a-succes\/\",\"url\":\"https:\/\/www.boraconseil.com\/fr\/histoires-a-succes\/\",\"name\":\"Histoires \u00e0 succ\u00e8s - BORA EGV Recruitment\",\"isPartOf\":{\"@id\":\"https:\/\/www.boraconseil.com\/fr\/#website\"},\"datePublished\":\"2018-04-13T12:04:05+00:00\",\"dateModified\":\"2018-12-11T13:52:10+00:00\",\"breadcrumb\":{\"@id\":\"https:\/\/www.boraconseil.com\/fr\/histoires-a-succes\/#breadcrumb\"},\"inLanguage\":\"fr-FR\",\"potentialAction\":[{\"@type\":\"ReadAction\",\"target\":[\"https:\/\/www.boraconseil.com\/fr\/histoires-a-succes\/\"]}]},{\"@type\":\"BreadcrumbList\",\"@id\":\"https:\/\/www.boraconseil.com\/fr\/histoires-a-succes\/#breadcrumb\",\"itemListElement\":[{\"@type\":\"ListItem\",\"position\":1,\"name\":\"Home\",\"item\":\"https:\/\/www.boraconseil.com\/fr\/\"},{\"@type\":\"ListItem\",\"position\":2,\"name\":\"Histoires \u00e0 succ\u00e8s\"}]},{\"@type\":\"WebSite\",\"@id\":\"https:\/\/www.boraconseil.com\/fr\/#website\",\"url\":\"https:\/\/www.boraconseil.com\/fr\/\",\"name\":\"BORA EGV Recruitment\",\"description\":\"\",\"potentialAction\":[{\"@type\":\"SearchAction\",\"target\":{\"@type\":\"EntryPoint\",\"urlTemplate\":\"https:\/\/www.boraconseil.com\/fr\/?s={search_term_string}\"},\"query-input\":\"required name=search_term_string\"}],\"inLanguage\":\"fr-FR\"}]}<\/script>\n<!-- \/ Yoast SEO plugin. -->","yoast_head_json":{"title":"Histoires \u00e0 succ\u00e8s - BORA EGV Recruitment","robots":{"index":"index","follow":"follow","max-snippet":"max-snippet:-1","max-image-preview":"max-image-preview:large","max-video-preview":"max-video-preview:-1"},"canonical":"https:\/\/www.boraconseil.com\/fr\/histoires-a-succes\/","og_locale":"fr_FR","og_type":"article","og_title":"Histoires \u00e0 succ\u00e8s - BORA EGV Recruitment","og_description":"HOT JOBS BLOG","og_url":"https:\/\/www.boraconseil.com\/fr\/histoires-a-succes\/","og_site_name":"BORA EGV Recruitment","article_modified_time":"2018-12-11T13:52:10+00:00","twitter_card":"summary_large_image","twitter_misc":{"Dur\u00e9e de lecture estim\u00e9e":"2 minutes"},"schema":{"@context":"https:\/\/schema.org","@graph":[{"@type":"WebPage","@id":"https:\/\/www.boraconseil.com\/fr\/histoires-a-succes\/","url":"https:\/\/www.boraconseil.com\/fr\/histoires-a-succes\/","name":"Histoires \u00e0 succ\u00e8s - BORA EGV Recruitment","isPartOf":{"@id":"https:\/\/www.boraconseil.com\/fr\/#website"},"datePublished":"2018-04-13T12:04:05+00:00","dateModified":"2018-12-11T13:52:10+00:00","breadcrumb":{"@id":"https:\/\/www.boraconseil.com\/fr\/histoires-a-succes\/#breadcrumb"},"inLanguage":"fr-FR","potentialAction":[{"@type":"ReadAction","target":["https:\/\/www.boraconseil.com\/fr\/histoires-a-succes\/"]}]},{"@type":"BreadcrumbList","@id":"https:\/\/www.boraconseil.com\/fr\/histoires-a-succes\/#breadcrumb","itemListElement":[{"@type":"ListItem","position":1,"name":"Home","item":"https:\/\/www.boraconseil.com\/fr\/"},{"@type":"ListItem","position":2,"name":"Histoires \u00e0 succ\u00e8s"}]},{"@type":"WebSite","@id":"https:\/\/www.boraconseil.com\/fr\/#website","url":"https:\/\/www.boraconseil.com\/fr\/","name":"BORA EGV Recruitment","description":"","potentialAction":[{"@type":"SearchAction","target":{"@type":"EntryPoint","urlTemplate":"https:\/\/www.boraconseil.com\/fr\/?s={search_term_string}"},"query-input":"required name=search_term_string"}],"inLanguage":"fr-FR"}]}},"_links":{"self":[{"href":"https:\/\/www.boraconseil.com\/fr\/wp-json\/wp\/v2\/pages\/699"}],"collection":[{"href":"https:\/\/www.boraconseil.com\/fr\/wp-json\/wp\/v2\/pages"}],"about":[{"href":"https:\/\/www.boraconseil.com\/fr\/wp-json\/wp\/v2\/types\/page"}],"author":[{"embeddable":true,"href":"https:\/\/www.boraconseil.com\/fr\/wp-json\/wp\/v2\/users\/1"}],"replies":[{"embeddable":true,"href":"https:\/\/www.boraconseil.com\/fr\/wp-json\/wp\/v2\/comments?post=699"}],"version-history":[{"count":0,"href":"https:\/\/www.boraconseil.com\/fr\/wp-json\/wp\/v2\/pages\/699\/revisions"}],"wp:attachment":[{"href":"https:\/\/www.boraconseil.com\/fr\/wp-json\/wp\/v2\/media?parent=699"}],"curies":[{"name":"wp","href":"https:\/\/api.w.org\/{rel}","templated":true}]}}