{"id":698,"date":"2018-04-13T14:02:28","date_gmt":"2018-04-13T12:02:28","guid":{"rendered":"https:\/\/www.boraconseil.com\/?page_id=698"},"modified":"2018-12-11T14:52:11","modified_gmt":"2018-12-11T13:52:11","slug":"offres","status":"publish","type":"page","link":"https:\/\/www.boraconseil.com\/fr\/offres\/","title":{"rendered":"Offres"},"content":{"rendered":"<div id=\u201cfb-root\u201d><\/div>\n<script>(function(d, s, id) {\n  var js, fjs = d.getElementsByTagName(s)[0];\n  if (d.getElementById(id)) return;\n  js = d.createElement(s); js.id = id;\n  js.src = 'https:\/\/connect.facebook.net\/fr_FR\/sdk.js#xfbml=1&version=v3.0&appId=667263270282118&autoLogAppEvents=1';\n  fjs.parentNode.insertBefore(js, fjs);\n}(document, 'script', 'facebook-jssdk'));<\/script>\n<p>[et_pb_section bb_built=\u00a0\u00bb1&Prime; _builder_version=\u00a0\u00bb3.0.106&Prime; next_background_color=\u00a0\u00bb#f6f6f6&Prime;][et_pb_row _builder_version=\u00a0\u00bb3.0.47&Prime; background_size=\u00a0\u00bbinitial\u00a0\u00bb background_position=\u00a0\u00bbtop_left\u00a0\u00bb background_repeat=\u00a0\u00bbrepeat\u00a0\u00bb][et_pb_column type=\u00a0\u00bb4_4&Prime;][et_pb_header admin_label=\u00a0\u00bbPage Title\u00a0\u00bb title=\u00a0\u00bbOFFRES\u00a0\u00bb subhead=\u00a0\u00bbNos Candidats et nos Clients appr\u00e9cient nos services flexibles et fiables et nous serions honor\u00e9s de vous d\u00e9montrer notre engagement \u00e0 notre devise:<br \/>Fiabilit\u00e9, Flexibilit\u00e9, D\u00e9veloppement de Carri\u00e8re.\u00a0\u00bb text_orientation=\u00a0\u00bbcenter\u00a0\u00bb scroll_down_icon_size_tablet=\u00a0\u00bb50&Prime; _builder_version=\u00a0\u00bb3.3.1&Prime; title_font=\u00a0\u00bb|800|on|on|||||\u00a0\u00bb title_text_align=\u00a0\u00bbcenter\u00a0\u00bb title_font_size=\u00a0\u00bb34px\u00a0\u00bb title_text_color=\u00a0\u00bb#00ade3&Prime; subhead_font=\u00a0\u00bb||on||||||\u00a0\u00bb subhead_font_size=\u00a0\u00bb18&Prime; subhead_font_size_tablet=\u00a0\u00bb51&Prime; subhead_text_color=\u00a0\u00bb#39b049&Prime; \/][\/et_pb_column][\/et_pb_row][et_pb_row _builder_version=\u00a0\u00bb3.0.47&Prime; background_size=\u00a0\u00bbinitial\u00a0\u00bb background_position=\u00a0\u00bbtop_left\u00a0\u00bb background_repeat=\u00a0\u00bbrepeat\u00a0\u00bb][et_pb_column type=\u00a0\u00bb4_4&Prime;][et_pb_job fullwidth=\u00a0\u00bboff\u00a0\u00bb posts_number=\u00a0\u00bb100&Prime; show_title=\u00a0\u00bboff\u00a0\u00bb show_categories=\u00a0\u00bboff\u00a0\u00bb _builder_version=\u00a0\u00bb3.0.106&Prime; title_font_size_tablet=\u00a0\u00bb51&Prime; title_line_height_tablet=\u00a0\u00bb2&Prime; caption_font_size_tablet=\u00a0\u00bb51&Prime; caption_line_height_tablet=\u00a0\u00bb2&Prime; pagination_font_size_tablet=\u00a0\u00bb51&Prime; pagination_line_height_tablet=\u00a0\u00bb2&Prime;]<\/p>\n<p>&nbsp;<\/p>\n<p>[\/et_pb_job][\/et_pb_column][\/et_pb_row][et_pb_row _builder_version=\u00a0\u00bb3.0.47&Prime; background_size=\u00a0\u00bbinitial\u00a0\u00bb background_position=\u00a0\u00bbtop_left\u00a0\u00bb background_repeat=\u00a0\u00bbrepeat\u00a0\u00bb][et_pb_column type=\u00a0\u00bb4_4&Prime;][et_pb_button admin_label=\u00a0\u00bbAppliquez Button\u00a0\u00bb button_url=\u00a0\u00bb\/contact\/\u00a0\u00bb button_text=\u00a0\u00bbENVOYEZ-NOUS VOTRE CV\u00a0\u00bb button_alignment=\u00a0\u00bbcenter\u00a0\u00bb background_layout=\u00a0\u00bbdark\u00a0\u00bb _builder_version=\u00a0\u00bb3.1.1&Prime; custom_button=\u00a0\u00bbon\u00a0\u00bb button_text_size=\u00a0\u00bb22&Prime; button_bg_color=\u00a0\u00bb#24b14a\u00a0\u00bb button_border_color=\u00a0\u00bb#24b14a\u00a0\u00bb button_text_color_hover=\u00a0\u00bb#24b14a\u00a0\u00bb animation_style=\u00a0\u00bbbounce\u00a0\u00bb saved_tabs=\u00a0\u00bball\u00a0\u00bb global_module=\u00a0\u00bb822&Prime; \/][\/et_pb_column][\/et_pb_row][\/et_pb_section][et_pb_section bb_built=\u00a0\u00bb1&Prime; fullwidth=\u00a0\u00bboff\u00a0\u00bb specialty=\u00a0\u00bboff\u00a0\u00bb _builder_version=\u00a0\u00bb3.0.106&Prime; background_color=\u00a0\u00bb#f6f6f6&Prime; prev_background_color=\u00a0\u00bb#ffffff\u00a0\u00bb next_background_color=\u00a0\u00bb#ffffff\u00a0\u00bb global_module=\u00a0\u00bb683&Prime;][et_pb_row global_parent=\u00a0\u00bb683&Prime; background_position=\u00a0\u00bbtop_left\u00a0\u00bb background_repeat=\u00a0\u00bbrepeat\u00a0\u00bb background_size=\u00a0\u00bbinitial\u00a0\u00bb][et_pb_column type=\u00a0\u00bb4_4&Prime;][et_pb_text global_parent=\u00a0\u00bb683&Prime; _builder_version=\u00a0\u00bb3.1.1&Prime; text_font=\u00a0\u00bb|800|||||||\u00a0\u00bb text_text_color=\u00a0\u00bb#00ade3&Prime; header_2_text_color=\u00a0\u00bb#00ade3&Prime; header_2_font=\u00a0\u00bb|800|||||||\u00a0\u00bb header_2_font_size=\u00a0\u00bb32px\u00a0\u00bb header_2_text_align=\u00a0\u00bbcenter\u00a0\u00bb]<\/p>\n<h2 style=\"text-align: center;\"><em><a href=\"https:\/\/www.boraconseil.com\/fr\/histoires-a-succes\/\">HISTOIRES \u00c0 SUCC\u00c8S<\/a><\/em><\/h2>\n<p>[\/et_pb_text][et_pb_success_story global_parent=\u00a0\u00bb683&Prime; _builder_version=\u00a0\u00bb3.2.2&Prime; posts_number=\u00a0\u00bb3&Prime; show_title=\u00a0\u00bboff\u00a0\u00bb show_pagination=\u00a0\u00bboff\u00a0\u00bb title_font_size_tablet=\u00a0\u00bb51&Prime; title_line_height_tablet=\u00a0\u00bb2&Prime; caption_font_size_tablet=\u00a0\u00bb51&Prime; caption_line_height_tablet=\u00a0\u00bb2&Prime; pagination_font_size_tablet=\u00a0\u00bb51&Prime; pagination_line_height_tablet=\u00a0\u00bb2&Prime; fullwidth=\u00a0\u00bboff\u00a0\u00bb module_class=\u00a0\u00bbtestimonials3&Prime; \/][\/et_pb_column][\/et_pb_row][\/et_pb_section][et_pb_section bb_built=\u00a0\u00bb1&Prime; fullwidth=\u00a0\u00bboff\u00a0\u00bb specialty=\u00a0\u00bboff\u00a0\u00bb prev_background_color=\u00a0\u00bb#f6f6f6&Prime; _builder_version=\u00a0\u00bb3.0.106&Prime; global_module=\u00a0\u00bb682&Prime;][et_pb_row global_parent=\u00a0\u00bb682&Prime; _builder_version=\u00a0\u00bb3.0.106&Prime;][et_pb_column type=\u00a0\u00bb1_3&Prime;][et_pb_text global_parent=\u00a0\u00bb682&Prime; _builder_version=\u00a0\u00bb3.1.1&Prime; text_font=\u00a0\u00bb|800|||||||\u00a0\u00bb text_text_color=\u00a0\u00bb#00ade3&Prime; header_2_text_color=\u00a0\u00bb#00ade3&Prime; header_2_font=\u00a0\u00bb|800|||||||\u00a0\u00bb header_2_font_size=\u00a0\u00bb32px\u00a0\u00bb]<\/p>\n<h2 style=\"text-align: left;\"><a href=\"https:\/\/www.boraconseil.com\/fr\/offres\/\"><em>HOT JOBS<\/em><\/a><\/h2>\n<p>[\/et_pb_text][et_pb_job global_parent=\u00a0\u00bb682&Prime; _builder_version=\u00a0\u00bb3.1&Prime; posts_number=\u00a0\u00bb5&Prime; show_title=\u00a0\u00bboff\u00a0\u00bb show_categories=\u00a0\u00bboff\u00a0\u00bb show_pagination=\u00a0\u00bboff\u00a0\u00bb title_font_size_tablet=\u00a0\u00bb51&Prime; title_line_height_tablet=\u00a0\u00bb2&Prime; caption_font_size_tablet=\u00a0\u00bb51&Prime; caption_line_height_tablet=\u00a0\u00bb2&Prime; pagination_font_size_tablet=\u00a0\u00bb51&Prime; pagination_line_height_tablet=\u00a0\u00bb2&Prime; only_hot_jobs=\u00a0\u00bbon\u00a0\u00bb \/][et_pb_button admin_label=\u00a0\u00bbApply Button\u00a0\u00bb global_parent=\u00a0\u00bb682&Prime; _builder_version=\u00a0\u00bb3.1.1&Prime; button_text=\u00a0\u00bbENVOYEZ-NOUS VOTRE CV\u00a0\u00bb button_alignment=\u00a0\u00bbleft\u00a0\u00bb background_layout=\u00a0\u00bbdark\u00a0\u00bb custom_button=\u00a0\u00bbon\u00a0\u00bb button_bg_color=\u00a0\u00bb#24b14a\u00a0\u00bb button_border_color=\u00a0\u00bb#24b14a\u00a0\u00bb button_text_color_hover=\u00a0\u00bb#24b14a\u00a0\u00bb animation_style=\u00a0\u00bbbounce\u00a0\u00bb button_url=\u00a0\u00bb\/fr\/contact\/\u00a0\u00bb \/][\/et_pb_column][et_pb_column type=\u00a0\u00bb2_3&Prime;][et_pb_text global_parent=\u00a0\u00bb682&Prime; _builder_version=\u00a0\u00bb3.1.1&Prime; text_font=\u00a0\u00bb|800|||||||\u00a0\u00bb text_text_color=\u00a0\u00bb#00ade3&Prime; header_2_text_color=\u00a0\u00bb#00ade3&Prime; header_2_font=\u00a0\u00bb|800|||||||\u00a0\u00bb header_2_font_size=\u00a0\u00bb32px\u00a0\u00bb]<\/p>\n<h2 style=\"text-align: left;\"><em>BLOG<\/em><\/h2>\n<p>[\/et_pb_text][et_pb_blog global_parent=\u00a0\u00bb682&Prime; _builder_version=\u00a0\u00bb3.0.106&Prime; posts_number=\u00a0\u00bb2&Prime; show_content=\u00a0\u00bboff\u00a0\u00bb show_thumbnail=\u00a0\u00bbon\u00a0\u00bb show_more=\u00a0\u00bboff\u00a0\u00bb show_author=\u00a0\u00bboff\u00a0\u00bb show_date=\u00a0\u00bboff\u00a0\u00bb show_categories=\u00a0\u00bboff\u00a0\u00bb show_comments=\u00a0\u00bboff\u00a0\u00bb show_pagination=\u00a0\u00bbon\u00a0\u00bb fullwidth=\u00a0\u00bbon\u00a0\u00bb use_overlay=\u00a0\u00bboff\u00a0\u00bb background_layout=\u00a0\u00bblight\u00a0\u00bb pagination_font_size_tablet=\u00a0\u00bb51&Prime; pagination_line_height_tablet=\u00a0\u00bb2&Prime; header_text_color=\u00a0\u00bb#24b14a\u00a0\u00bb \/][\/et_pb_column][\/et_pb_row][\/et_pb_section]<\/p>\n","protected":false},"excerpt":{"rendered":"<p>&nbsp; HISTOIRES \u00c0 SUCC\u00c8S HOT JOBS BLOG<\/p>\n","protected":false},"author":1,"featured_media":0,"parent":0,"menu_order":28,"comment_status":"closed","ping_status":"closed","template":"","meta":{"_et_pb_use_builder":"on","_et_pb_old_content":"","_et_gb_content_width":"","_mi_skip_tracking":false},"yoast_head":"<!-- This site is optimized with the Yoast SEO plugin v19.12 - https:\/\/yoast.com\/wordpress\/plugins\/seo\/ -->\n<title>Offres - BORA EGV Recruitment<\/title>\n<meta name=\"robots\" content=\"index, follow, max-snippet:-1, max-image-preview:large, max-video-preview:-1\" \/>\n<link rel=\"canonical\" href=\"https:\/\/www.boraconseil.com\/fr\/offres\/\" \/>\n<meta property=\"og:locale\" content=\"fr_FR\" \/>\n<meta property=\"og:type\" content=\"article\" \/>\n<meta property=\"og:title\" content=\"Offres - BORA EGV Recruitment\" \/>\n<meta property=\"og:description\" content=\"&nbsp; HISTOIRES \u00c0 SUCC\u00c8S HOT JOBS BLOG\" \/>\n<meta property=\"og:url\" content=\"https:\/\/www.boraconseil.com\/fr\/offres\/\" \/>\n<meta property=\"og:site_name\" content=\"BORA EGV Recruitment\" \/>\n<meta property=\"article:modified_time\" content=\"2018-12-11T13:52:11+00:00\" \/>\n<meta name=\"twitter:card\" content=\"summary_large_image\" \/>\n<meta name=\"twitter:label1\" content=\"Dur\u00e9e de lecture estim\u00e9e\" \/>\n\t<meta name=\"twitter:data1\" content=\"3 minutes\" \/>\n<script type=\"application\/ld+json\" class=\"yoast-schema-graph\">{\"@context\":\"https:\/\/schema.org\",\"@graph\":[{\"@type\":\"WebPage\",\"@id\":\"https:\/\/www.boraconseil.com\/fr\/offres\/\",\"url\":\"https:\/\/www.boraconseil.com\/fr\/offres\/\",\"name\":\"Offres - BORA EGV Recruitment\",\"isPartOf\":{\"@id\":\"https:\/\/www.boraconseil.com\/fr\/#website\"},\"datePublished\":\"2018-04-13T12:02:28+00:00\",\"dateModified\":\"2018-12-11T13:52:11+00:00\",\"breadcrumb\":{\"@id\":\"https:\/\/www.boraconseil.com\/fr\/offres\/#breadcrumb\"},\"inLanguage\":\"fr-FR\",\"potentialAction\":[{\"@type\":\"ReadAction\",\"target\":[\"https:\/\/www.boraconseil.com\/fr\/offres\/\"]}]},{\"@type\":\"BreadcrumbList\",\"@id\":\"https:\/\/www.boraconseil.com\/fr\/offres\/#breadcrumb\",\"itemListElement\":[{\"@type\":\"ListItem\",\"position\":1,\"name\":\"Home\",\"item\":\"https:\/\/www.boraconseil.com\/fr\/\"},{\"@type\":\"ListItem\",\"position\":2,\"name\":\"Offres\"}]},{\"@type\":\"WebSite\",\"@id\":\"https:\/\/www.boraconseil.com\/fr\/#website\",\"url\":\"https:\/\/www.boraconseil.com\/fr\/\",\"name\":\"BORA EGV Recruitment\",\"description\":\"\",\"potentialAction\":[{\"@type\":\"SearchAction\",\"target\":{\"@type\":\"EntryPoint\",\"urlTemplate\":\"https:\/\/www.boraconseil.com\/fr\/?s={search_term_string}\"},\"query-input\":\"required name=search_term_string\"}],\"inLanguage\":\"fr-FR\"}]}<\/script>\n<!-- \/ Yoast SEO plugin. -->","yoast_head_json":{"title":"Offres - BORA EGV Recruitment","robots":{"index":"index","follow":"follow","max-snippet":"max-snippet:-1","max-image-preview":"max-image-preview:large","max-video-preview":"max-video-preview:-1"},"canonical":"https:\/\/www.boraconseil.com\/fr\/offres\/","og_locale":"fr_FR","og_type":"article","og_title":"Offres - BORA EGV Recruitment","og_description":"&nbsp; HISTOIRES \u00c0 SUCC\u00c8S HOT JOBS BLOG","og_url":"https:\/\/www.boraconseil.com\/fr\/offres\/","og_site_name":"BORA EGV Recruitment","article_modified_time":"2018-12-11T13:52:11+00:00","twitter_card":"summary_large_image","twitter_misc":{"Dur\u00e9e de lecture estim\u00e9e":"3 minutes"},"schema":{"@context":"https:\/\/schema.org","@graph":[{"@type":"WebPage","@id":"https:\/\/www.boraconseil.com\/fr\/offres\/","url":"https:\/\/www.boraconseil.com\/fr\/offres\/","name":"Offres - BORA EGV Recruitment","isPartOf":{"@id":"https:\/\/www.boraconseil.com\/fr\/#website"},"datePublished":"2018-04-13T12:02:28+00:00","dateModified":"2018-12-11T13:52:11+00:00","breadcrumb":{"@id":"https:\/\/www.boraconseil.com\/fr\/offres\/#breadcrumb"},"inLanguage":"fr-FR","potentialAction":[{"@type":"ReadAction","target":["https:\/\/www.boraconseil.com\/fr\/offres\/"]}]},{"@type":"BreadcrumbList","@id":"https:\/\/www.boraconseil.com\/fr\/offres\/#breadcrumb","itemListElement":[{"@type":"ListItem","position":1,"name":"Home","item":"https:\/\/www.boraconseil.com\/fr\/"},{"@type":"ListItem","position":2,"name":"Offres"}]},{"@type":"WebSite","@id":"https:\/\/www.boraconseil.com\/fr\/#website","url":"https:\/\/www.boraconseil.com\/fr\/","name":"BORA EGV Recruitment","description":"","potentialAction":[{"@type":"SearchAction","target":{"@type":"EntryPoint","urlTemplate":"https:\/\/www.boraconseil.com\/fr\/?s={search_term_string}"},"query-input":"required name=search_term_string"}],"inLanguage":"fr-FR"}]}},"_links":{"self":[{"href":"https:\/\/www.boraconseil.com\/fr\/wp-json\/wp\/v2\/pages\/698"}],"collection":[{"href":"https:\/\/www.boraconseil.com\/fr\/wp-json\/wp\/v2\/pages"}],"about":[{"href":"https:\/\/www.boraconseil.com\/fr\/wp-json\/wp\/v2\/types\/page"}],"author":[{"embeddable":true,"href":"https:\/\/www.boraconseil.com\/fr\/wp-json\/wp\/v2\/users\/1"}],"replies":[{"embeddable":true,"href":"https:\/\/www.boraconseil.com\/fr\/wp-json\/wp\/v2\/comments?post=698"}],"version-history":[{"count":0,"href":"https:\/\/www.boraconseil.com\/fr\/wp-json\/wp\/v2\/pages\/698\/revisions"}],"wp:attachment":[{"href":"https:\/\/www.boraconseil.com\/fr\/wp-json\/wp\/v2\/media?parent=698"}],"curies":[{"name":"wp","href":"https:\/\/api.w.org\/{rel}","templated":true}]}}