{"id":697,"date":"2018-04-13T14:01:57","date_gmt":"2018-04-13T12:01:57","guid":{"rendered":"https:\/\/www.boraconseil.com\/?page_id=697"},"modified":"2019-08-09T13:57:42","modified_gmt":"2019-08-09T11:57:42","slug":"avantages-de-la-france","status":"publish","type":"page","link":"https:\/\/www.boraconseil.com\/fr\/avantages-de-la-france\/","title":{"rendered":"Avantages de la France"},"content":{"rendered":"<div id=\u201cfb-root\u201d><\/div>\n<script>(function(d, s, id) {\n  var js, fjs = d.getElementsByTagName(s)[0];\n  if (d.getElementById(id)) return;\n  js = d.createElement(s); js.id = id;\n  js.src = 'https:\/\/connect.facebook.net\/fr_FR\/sdk.js#xfbml=1&version=v3.0&appId=667263270282118&autoLogAppEvents=1';\n  fjs.parentNode.insertBefore(js, fjs);\n}(document, 'script', 'facebook-jssdk'));<\/script>\n<p>[et_pb_section fb_built=\u00a0\u00bb1&Prime; _builder_version=\u00a0\u00bb3.22.3&Prime;][et_pb_row _builder_version=\u00a0\u00bb3.22.3&Prime; background_size=\u00a0\u00bbinitial\u00a0\u00bb background_position=\u00a0\u00bbtop_left\u00a0\u00bb background_repeat=\u00a0\u00bbrepeat\u00a0\u00bb][et_pb_column type=\u00a0\u00bb4_4&Prime; _builder_version=\u00a0\u00bb3.0.47&Prime;][et_pb_header title=\u00a0\u00bbAVANTAGES DE LA FRANCE\u00a0\u00bb text_orientation=\u00a0\u00bbcenter\u00a0\u00bb scroll_down_icon_size_tablet=\u00a0\u00bb50&Prime; admin_label=\u00a0\u00bbPage Title\u00a0\u00bb _builder_version=\u00a0\u00bb3.0.106&Prime; title_font=\u00a0\u00bb|800|on|on|||||\u00a0\u00bb title_text_align=\u00a0\u00bbcenter\u00a0\u00bb title_text_color=\u00a0\u00bb#00ade3&Prime; title_font_size=\u00a0\u00bb34px\u00a0\u00bb subhead_font=\u00a0\u00bb||on||||||\u00a0\u00bb subhead_font_size=\u00a0\u00bb18&Prime; subhead_font_size_tablet=\u00a0\u00bb51&Prime;][\/et_pb_header][et_pb_text _builder_version=\u00a0\u00bb3.3.1&Prime;]<\/p>\n<ul>\n<li>Climat agr\u00e9able, paysages vari\u00e9s<\/li>\n<li>Pays d&rsquo;histoire et de culture<\/li>\n<li>Infrastructures tr\u00e8s d\u00e9velopp\u00e9es (autoroutes, a\u00e9roports, TGV, etc.)<\/li>\n<li><img loading=\"lazy\" class=\"size-full wp-image-607 alignright\" src=\"https:\/\/www.boraconseil.com\/wp-content\/uploads\/2018\/04\/france.jpg\" alt=\"\" width=\"640\" height=\"634\" srcset=\"https:\/\/www.boraconseil.com\/wp-content\/uploads\/2018\/04\/france.jpg 640w, https:\/\/www.boraconseil.com\/wp-content\/uploads\/2018\/04\/france-150x150.jpg 150w, https:\/\/www.boraconseil.com\/wp-content\/uploads\/2018\/04\/france-300x297.jpg 300w\" sizes=\"(max-width: 640px) 100vw, 640px\" \/>Services de bon niveau<\/li>\n<li>Tr\u00e8s bon syst\u00e8me de sant\u00e9 (la France est le 3e pays en Europe qui consacre une part importante de son Produit Int\u00e9rieur Brut \u00e0 la sant\u00e9)<\/li>\n<li>Centres hospitaliers et cliniques tr\u00e8s bien \u00e9quip\u00e9s, qui utilisent les m\u00e9thodes les plus modernes<\/li>\n<li>Possibilit\u00e9 de l&rsquo;\u00e9panouissement professionnel et personnel<\/li>\n<li>\n<p class=\"p1\"><span class=\"s1\">Syst\u00e8me d\u2019imposition avantageux, surtout pour les familles avec enfants: en France, on d\u00e9duit du salaire brut automatiquement environ 18% (cotisations sociales\/salariales et autres). Depuis le 1er janvier 2019 l\u2019IRPP (\u00ab Imp\u00f4t sur le Revenu des Personnes Physiques \u00bb) est \u00e9galement d\u00e9duit du salaire brut mensuellement, ce qui se figure directement sur la fiche de paie de chacun et ce qui repr\u00e9sente en moyenne et habituellement 10 \u00e0 15% de d\u00e9ductions suppl\u00e9mentaires du salaire brut de base, selon la situation familiale et personnelle de chacun (selon le salaire, l\u2019\u00e9tat civil, le nombre des enfants \u00e0 charge, etc)<\/span><\/p>\n<\/li>\n<li>Pour un poste en temps plein on peut compter au moins avec 25 jours de cong\u00e9s + 20 jours de R.T.T (r\u00e9duction du temps de travail ce qui repr\u00e9sente des jours de repos) + 8 jours pour des formations<\/li>\n<li>D\u00e8s le d\u00e9but des revenus de bon niveau: dans les H\u00f4pitaux Publics \u00e0 partir de 4800 euros bruts + gardes \/ astreintes tr\u00e8s bien r\u00e9mun\u00e9r\u00e9es. Pour des sp\u00e9cialit\u00e9s tr\u00e8s recherch\u00e9es et\/ou des Sp\u00e9cialistes disposant de plusieurs ann\u00e9es d&rsquo;exp\u00e9riences les Centres Hospitaliers Publics sont pr\u00eats \u00e0 offrir des salaires plus \u00e9lev\u00e9s d\u00e8s la prise de poste. Les Sp\u00e9cialistes qui travaillent en lib\u00e9ral \u00e0 une Clinique et\/ou r\u00e9alisent des consultations priv\u00e9es peuvent s&rsquo;attendre \u00e0 un revenu brut de 8000-9000 EUR par mois, mais nous avons \u00e9galement des Candidats avec des Sp\u00e9cialit\u00e9s tr\u00e8s recherch\u00e9es qui gagnent 12000-13000 EUR par mois et plus.<\/li>\n<li>Possibilit\u00e9 de devenir praticien hospitalier relativement rapidement ce qui offre un contrat \u00e0 dur\u00e9e illimit\u00e9e et la possibilit\u00e9 d&rsquo;exercer en lib\u00e9ral pour 20% de son activit\u00e9 au sein du centre hospitalier. Apr\u00e8s ce concours tout le parcours professionnel est pris en compte (m\u00eame la partie effectu\u00e9e en dehors de la France, dans le pays d&rsquo;origine) pour \u00e9valuer l&rsquo;\u00e9chelon de la grille d&rsquo;\u00e9moluments (= le niveau de salaire)<\/li>\n<li>De nombreuses possibilit\u00e9s de formations offertes et financ\u00e9es par les centres hospitaliers<\/li>\n<li>Souvent les centres hospitaliers offrent pour les quelques premiers mois des logements \u00e0 titre gratuit ou \u00e0 un loyer mod\u00e9r\u00e9.<\/li>\n<\/ul>\n<p><strong><a href=\"https:\/\/www.boraconseil.com\/fr\/avantages-de-la-france\/france\/\">SI VOUS VOULEZ SAVOIR PLUS SUR LA FRANCE<\/a><\/strong><\/p>\n<p>[\/et_pb_text][\/et_pb_column][\/et_pb_row][et_pb_row _builder_version=\u00a0\u00bb3.22.3&Prime; background_size=\u00a0\u00bbinitial\u00a0\u00bb background_position=\u00a0\u00bbtop_left\u00a0\u00bb background_repeat=\u00a0\u00bbrepeat\u00a0\u00bb][et_pb_column type=\u00a0\u00bb4_4&Prime; _builder_version=\u00a0\u00bb3.0.47&Prime;][et_pb_gallery gallery_ids=\u00a0\u00bb1072,251,1087,241,1077,201,1067,1201,1082,1062,1057&Prime; posts_number=\u00a0\u00bb8&Prime; show_title_and_caption=\u00a0\u00bboff\u00a0\u00bb show_pagination=\u00a0\u00bboff\u00a0\u00bb zoom_icon_color=\u00a0\u00bb#24b14a\u00a0\u00bb _builder_version=\u00a0\u00bb3.1.1&Prime; pagination_font_size_tablet=\u00a0\u00bb51&Prime; pagination_line_height_tablet=\u00a0\u00bb2&Prime;][\/et_pb_gallery][et_pb_button button_url=\u00a0\u00bb\/fr\/contact\/\u00a0\u00bb button_text=\u00a0\u00bbENVOYEZ-NOUS VOTRE CV\u00a0\u00bb button_alignment=\u00a0\u00bbcenter\u00a0\u00bb admin_label=\u00a0\u00bbAppliquez Button\u00a0\u00bb _builder_version=\u00a0\u00bb3.16&Prime; custom_button=\u00a0\u00bbon\u00a0\u00bb button_text_size=\u00a0\u00bb22&Prime; button_bg_color=\u00a0\u00bb#24b14a\u00a0\u00bb button_border_color=\u00a0\u00bb#24b14a\u00a0\u00bb background_layout=\u00a0\u00bbdark\u00a0\u00bb animation_style=\u00a0\u00bbbounce\u00a0\u00bb button_text_color_hover=\u00a0\u00bb#24b14a\u00a0\u00bb global_module=\u00a0\u00bb822&Prime; saved_tabs=\u00a0\u00bball\u00a0\u00bb button_text_size__hover_enabled=\u00a0\u00bboff\u00a0\u00bb button_one_text_size__hover_enabled=\u00a0\u00bboff\u00a0\u00bb button_two_text_size__hover_enabled=\u00a0\u00bboff\u00a0\u00bb button_text_color__hover_enabled=\u00a0\u00bbon\u00a0\u00bb button_text_color__hover=\u00a0\u00bb#24b14a\u00a0\u00bb button_one_text_color__hover_enabled=\u00a0\u00bboff\u00a0\u00bb button_two_text_color__hover_enabled=\u00a0\u00bboff\u00a0\u00bb button_border_width__hover_enabled=\u00a0\u00bboff\u00a0\u00bb button_one_border_width__hover_enabled=\u00a0\u00bboff\u00a0\u00bb button_two_border_width__hover_enabled=\u00a0\u00bboff\u00a0\u00bb button_border_color__hover_enabled=\u00a0\u00bboff\u00a0\u00bb button_one_border_color__hover_enabled=\u00a0\u00bboff\u00a0\u00bb button_two_border_color__hover_enabled=\u00a0\u00bboff\u00a0\u00bb button_border_radius__hover_enabled=\u00a0\u00bboff\u00a0\u00bb button_one_border_radius__hover_enabled=\u00a0\u00bboff\u00a0\u00bb button_two_border_radius__hover_enabled=\u00a0\u00bboff\u00a0\u00bb button_letter_spacing__hover_enabled=\u00a0\u00bboff\u00a0\u00bb button_one_letter_spacing__hover_enabled=\u00a0\u00bboff\u00a0\u00bb button_two_letter_spacing__hover_enabled=\u00a0\u00bboff\u00a0\u00bb button_bg_color__hover_enabled=\u00a0\u00bboff\u00a0\u00bb button_one_bg_color__hover_enabled=\u00a0\u00bboff\u00a0\u00bb button_two_bg_color__hover_enabled=\u00a0\u00bboff\u00a0\u00bb][\/et_pb_button][\/et_pb_column][\/et_pb_row][\/et_pb_section][et_pb_section fb_built=\u00a0\u00bb1&Prime; _builder_version=\u00a0\u00bb3.0.106&Prime; background_color=\u00a0\u00bb#f6f6f6&Prime; global_module=\u00a0\u00bb683&Prime;][et_pb_row _builder_version=\u00a0\u00bb3.22.3&Prime; background_size=\u00a0\u00bbinitial\u00a0\u00bb background_position=\u00a0\u00bbtop_left\u00a0\u00bb background_repeat=\u00a0\u00bbrepeat\u00a0\u00bb][et_pb_column type=\u00a0\u00bb4_4&Prime; _builder_version=\u00a0\u00bb3.0.47&Prime;][et_pb_text _builder_version=\u00a0\u00bb3.1.1&Prime; text_font=\u00a0\u00bb|800|||||||\u00a0\u00bb text_text_color=\u00a0\u00bb#00ade3&Prime; header_2_font=\u00a0\u00bb|800|||||||\u00a0\u00bb header_2_text_align=\u00a0\u00bbcenter\u00a0\u00bb header_2_text_color=\u00a0\u00bb#00ade3&Prime; header_2_font_size=\u00a0\u00bb32px\u00a0\u00bb]<\/p>\n<h2 style=\"text-align: center;\"><em><a href=\"https:\/\/www.boraconseil.com\/fr\/histoires-a-succes\/\">HISTOIRES \u00c0 SUCC\u00c8S<\/a><\/em><\/h2>\n<p>[\/et_pb_text][et_pb_success_story fullwidth=\u00a0\u00bboff\u00a0\u00bb posts_number=\u00a0\u00bb4&Prime; show_title=\u00a0\u00bboff\u00a0\u00bb show_pagination=\u00a0\u00bboff\u00a0\u00bb module_class=\u00a0\u00bbtestimonials3&Prime; _builder_version=\u00a0\u00bb3.8.1&Prime; title_font_size_tablet=\u00a0\u00bb51&Prime; title_line_height_tablet=\u00a0\u00bb2&Prime; caption_font_size_tablet=\u00a0\u00bb51&Prime; caption_line_height_tablet=\u00a0\u00bb2&Prime; pagination_font_size_tablet=\u00a0\u00bb51&Prime; pagination_line_height_tablet=\u00a0\u00bb2&Prime;][\/et_pb_success_story][\/et_pb_column][\/et_pb_row][\/et_pb_section][et_pb_section fb_built=\u00a0\u00bb1&Prime; _builder_version=\u00a0\u00bb3.0.106&Prime; global_module=\u00a0\u00bb682&Prime;][et_pb_row _builder_version=\u00a0\u00bb3.22.3&Prime;][et_pb_column type=\u00a0\u00bb1_3&Prime; _builder_version=\u00a0\u00bb3.0.47&Prime;][et_pb_text _builder_version=\u00a0\u00bb3.1.1&Prime; text_font=\u00a0\u00bb|800|||||||\u00a0\u00bb text_text_color=\u00a0\u00bb#00ade3&Prime; header_2_font=\u00a0\u00bb|800|||||||\u00a0\u00bb header_2_text_color=\u00a0\u00bb#00ade3&Prime; header_2_font_size=\u00a0\u00bb32px\u00a0\u00bb]<\/p>\n<h2 style=\"text-align: left;\"><a href=\"https:\/\/www.boraconseil.com\/fr\/offres\/\"><em>HOT JOBS<\/em><\/a><\/h2>\n<p>[\/et_pb_text][et_pb_job posts_number=\u00a0\u00bb5&Prime; only_hot_jobs=\u00a0\u00bbon\u00a0\u00bb show_title=\u00a0\u00bboff\u00a0\u00bb show_categories=\u00a0\u00bboff\u00a0\u00bb show_pagination=\u00a0\u00bboff\u00a0\u00bb _builder_version=\u00a0\u00bb3.1&Prime; title_font_size_tablet=\u00a0\u00bb51&Prime; title_line_height_tablet=\u00a0\u00bb2&Prime; caption_font_size_tablet=\u00a0\u00bb51&Prime; caption_line_height_tablet=\u00a0\u00bb2&Prime; pagination_font_size_tablet=\u00a0\u00bb51&Prime; pagination_line_height_tablet=\u00a0\u00bb2&Prime;][\/et_pb_job][et_pb_button button_url=\u00a0\u00bb\/fr\/contact\/\u00a0\u00bb button_text=\u00a0\u00bbENVOYEZ-NOUS VOTRE CV\u00a0\u00bb button_alignment=\u00a0\u00bbleft\u00a0\u00bb admin_label=\u00a0\u00bbApply Button\u00a0\u00bb _builder_version=\u00a0\u00bb3.16&Prime; custom_button=\u00a0\u00bbon\u00a0\u00bb button_bg_color=\u00a0\u00bb#24b14a\u00a0\u00bb button_border_color=\u00a0\u00bb#24b14a\u00a0\u00bb background_layout=\u00a0\u00bbdark\u00a0\u00bb animation_style=\u00a0\u00bbbounce\u00a0\u00bb button_text_color_hover=\u00a0\u00bb#24b14a\u00a0\u00bb button_text_size__hover_enabled=\u00a0\u00bboff\u00a0\u00bb button_text_size__hover=\u00a0\u00bbnull\u00a0\u00bb button_one_text_size__hover_enabled=\u00a0\u00bboff\u00a0\u00bb button_one_text_size__hover=\u00a0\u00bbnull\u00a0\u00bb button_two_text_size__hover_enabled=\u00a0\u00bboff\u00a0\u00bb button_two_text_size__hover=\u00a0\u00bbnull\u00a0\u00bb button_text_color__hover_enabled=\u00a0\u00bbon\u00a0\u00bb button_text_color__hover=\u00a0\u00bb#24b14a\u00a0\u00bb button_one_text_color__hover_enabled=\u00a0\u00bboff\u00a0\u00bb button_one_text_color__hover=\u00a0\u00bbnull\u00a0\u00bb button_two_text_color__hover_enabled=\u00a0\u00bboff\u00a0\u00bb button_two_text_color__hover=\u00a0\u00bbnull\u00a0\u00bb button_border_width__hover_enabled=\u00a0\u00bboff\u00a0\u00bb button_border_width__hover=\u00a0\u00bbnull\u00a0\u00bb button_one_border_width__hover_enabled=\u00a0\u00bboff\u00a0\u00bb button_one_border_width__hover=\u00a0\u00bbnull\u00a0\u00bb button_two_border_width__hover_enabled=\u00a0\u00bboff\u00a0\u00bb button_two_border_width__hover=\u00a0\u00bbnull\u00a0\u00bb button_border_color__hover_enabled=\u00a0\u00bboff\u00a0\u00bb button_border_color__hover=\u00a0\u00bbnull\u00a0\u00bb button_one_border_color__hover_enabled=\u00a0\u00bboff\u00a0\u00bb button_one_border_color__hover=\u00a0\u00bbnull\u00a0\u00bb button_two_border_color__hover_enabled=\u00a0\u00bboff\u00a0\u00bb button_two_border_color__hover=\u00a0\u00bbnull\u00a0\u00bb button_border_radius__hover_enabled=\u00a0\u00bboff\u00a0\u00bb button_border_radius__hover=\u00a0\u00bbnull\u00a0\u00bb button_one_border_radius__hover_enabled=\u00a0\u00bboff\u00a0\u00bb button_one_border_radius__hover=\u00a0\u00bbnull\u00a0\u00bb button_two_border_radius__hover_enabled=\u00a0\u00bboff\u00a0\u00bb button_two_border_radius__hover=\u00a0\u00bbnull\u00a0\u00bb button_letter_spacing__hover_enabled=\u00a0\u00bboff\u00a0\u00bb button_letter_spacing__hover=\u00a0\u00bbnull\u00a0\u00bb button_one_letter_spacing__hover_enabled=\u00a0\u00bboff\u00a0\u00bb button_one_letter_spacing__hover=\u00a0\u00bbnull\u00a0\u00bb button_two_letter_spacing__hover_enabled=\u00a0\u00bboff\u00a0\u00bb button_two_letter_spacing__hover=\u00a0\u00bbnull\u00a0\u00bb button_bg_color__hover_enabled=\u00a0\u00bboff\u00a0\u00bb button_bg_color__hover=\u00a0\u00bbnull\u00a0\u00bb button_one_bg_color__hover_enabled=\u00a0\u00bboff\u00a0\u00bb button_one_bg_color__hover=\u00a0\u00bbnull\u00a0\u00bb button_two_bg_color__hover_enabled=\u00a0\u00bboff\u00a0\u00bb button_two_bg_color__hover=\u00a0\u00bbnull\u00a0\u00bb][\/et_pb_button][\/et_pb_column][et_pb_column type=\u00a0\u00bb2_3&Prime; _builder_version=\u00a0\u00bb3.0.47&Prime;][et_pb_text _builder_version=\u00a0\u00bb3.1.1&Prime; text_font=\u00a0\u00bb|800|||||||\u00a0\u00bb text_text_color=\u00a0\u00bb#00ade3&Prime; header_2_font=\u00a0\u00bb|800|||||||\u00a0\u00bb header_2_text_color=\u00a0\u00bb#00ade3&Prime; header_2_font_size=\u00a0\u00bb32px\u00a0\u00bb]<\/p>\n<h2 style=\"text-align: left;\"><em>BLOG<\/em><\/h2>\n<p>[\/et_pb_text][et_pb_blog posts_number=\u00a0\u00bb2&Prime; show_author=\u00a0\u00bboff\u00a0\u00bb show_date=\u00a0\u00bboff\u00a0\u00bb show_categories=\u00a0\u00bboff\u00a0\u00bb _builder_version=\u00a0\u00bb3.0.106&Prime; header_text_color=\u00a0\u00bb#24b14a\u00a0\u00bb pagination_font_size_tablet=\u00a0\u00bb51&Prime; pagination_line_height_tablet=\u00a0\u00bb2&Prime;][\/et_pb_blog][\/et_pb_column][\/et_pb_row][\/et_pb_section]<\/p>\n","protected":false},"excerpt":{"rendered":"<p>Climat agr\u00e9able, paysages vari\u00e9s Pays d&rsquo;histoire et de culture Infrastructures tr\u00e8s d\u00e9velopp\u00e9es (autoroutes, a\u00e9roports, TGV, etc.) Services de bon niveau Tr\u00e8s bon syst\u00e8me de sant\u00e9 (la France est le 3e pays en Europe qui consacre une part importante de son Produit Int\u00e9rieur Brut \u00e0 la sant\u00e9) Centres hospitaliers et cliniques tr\u00e8s bien \u00e9quip\u00e9s, qui utilisent [&hellip;]<\/p>\n","protected":false},"author":1,"featured_media":0,"parent":0,"menu_order":34,"comment_status":"closed","ping_status":"closed","template":"","meta":{"_et_pb_use_builder":"on","_et_pb_old_content":"","_et_gb_content_width":"","_mi_skip_tracking":false},"yoast_head":"<!-- This site is optimized with the Yoast SEO plugin v19.12 - https:\/\/yoast.com\/wordpress\/plugins\/seo\/ -->\n<title>Avantages de la France - BORA EGV Recruitment<\/title>\n<meta name=\"robots\" content=\"index, follow, max-snippet:-1, max-image-preview:large, max-video-preview:-1\" \/>\n<link rel=\"canonical\" href=\"https:\/\/www.boraconseil.com\/fr\/avantages-de-la-france\/\" \/>\n<meta property=\"og:locale\" content=\"fr_FR\" \/>\n<meta property=\"og:type\" content=\"article\" \/>\n<meta property=\"og:title\" content=\"Avantages de la France - BORA EGV Recruitment\" \/>\n<meta property=\"og:description\" content=\"Climat agr\u00e9able, paysages vari\u00e9s Pays d&#039;histoire et de culture Infrastructures tr\u00e8s d\u00e9velopp\u00e9es (autoroutes, a\u00e9roports, TGV, etc.) Services de bon niveau Tr\u00e8s bon syst\u00e8me de sant\u00e9 (la France est le 3e pays en Europe qui consacre une part importante de son Produit Int\u00e9rieur Brut \u00e0 la sant\u00e9) Centres hospitaliers et cliniques tr\u00e8s bien \u00e9quip\u00e9s, qui utilisent [&hellip;]\" \/>\n<meta property=\"og:url\" content=\"https:\/\/www.boraconseil.com\/fr\/avantages-de-la-france\/\" \/>\n<meta property=\"og:site_name\" content=\"BORA EGV Recruitment\" \/>\n<meta property=\"article:modified_time\" content=\"2019-08-09T11:57:42+00:00\" \/>\n<meta property=\"og:image\" content=\"https:\/\/www.boraconseil.com\/wp-content\/uploads\/2018\/04\/france.jpg\" \/>\n<meta name=\"twitter:card\" content=\"summary_large_image\" \/>\n<meta name=\"twitter:label1\" content=\"Dur\u00e9e de lecture estim\u00e9e\" \/>\n\t<meta name=\"twitter:data1\" content=\"7 minutes\" \/>\n<script type=\"application\/ld+json\" class=\"yoast-schema-graph\">{\"@context\":\"https:\/\/schema.org\",\"@graph\":[{\"@type\":\"WebPage\",\"@id\":\"https:\/\/www.boraconseil.com\/fr\/avantages-de-la-france\/\",\"url\":\"https:\/\/www.boraconseil.com\/fr\/avantages-de-la-france\/\",\"name\":\"Avantages de la France - BORA EGV Recruitment\",\"isPartOf\":{\"@id\":\"https:\/\/www.boraconseil.com\/fr\/#website\"},\"datePublished\":\"2018-04-13T12:01:57+00:00\",\"dateModified\":\"2019-08-09T11:57:42+00:00\",\"breadcrumb\":{\"@id\":\"https:\/\/www.boraconseil.com\/fr\/avantages-de-la-france\/#breadcrumb\"},\"inLanguage\":\"fr-FR\",\"potentialAction\":[{\"@type\":\"ReadAction\",\"target\":[\"https:\/\/www.boraconseil.com\/fr\/avantages-de-la-france\/\"]}]},{\"@type\":\"BreadcrumbList\",\"@id\":\"https:\/\/www.boraconseil.com\/fr\/avantages-de-la-france\/#breadcrumb\",\"itemListElement\":[{\"@type\":\"ListItem\",\"position\":1,\"name\":\"Home\",\"item\":\"https:\/\/www.boraconseil.com\/fr\/\"},{\"@type\":\"ListItem\",\"position\":2,\"name\":\"Avantages de la France\"}]},{\"@type\":\"WebSite\",\"@id\":\"https:\/\/www.boraconseil.com\/fr\/#website\",\"url\":\"https:\/\/www.boraconseil.com\/fr\/\",\"name\":\"BORA EGV Recruitment\",\"description\":\"\",\"potentialAction\":[{\"@type\":\"SearchAction\",\"target\":{\"@type\":\"EntryPoint\",\"urlTemplate\":\"https:\/\/www.boraconseil.com\/fr\/?s={search_term_string}\"},\"query-input\":\"required name=search_term_string\"}],\"inLanguage\":\"fr-FR\"}]}<\/script>\n<!-- \/ Yoast SEO plugin. -->","yoast_head_json":{"title":"Avantages de la France - BORA EGV Recruitment","robots":{"index":"index","follow":"follow","max-snippet":"max-snippet:-1","max-image-preview":"max-image-preview:large","max-video-preview":"max-video-preview:-1"},"canonical":"https:\/\/www.boraconseil.com\/fr\/avantages-de-la-france\/","og_locale":"fr_FR","og_type":"article","og_title":"Avantages de la France - BORA EGV Recruitment","og_description":"Climat agr\u00e9able, paysages vari\u00e9s Pays d'histoire et de culture Infrastructures tr\u00e8s d\u00e9velopp\u00e9es (autoroutes, a\u00e9roports, TGV, etc.) Services de bon niveau Tr\u00e8s bon syst\u00e8me de sant\u00e9 (la France est le 3e pays en Europe qui consacre une part importante de son Produit Int\u00e9rieur Brut \u00e0 la sant\u00e9) Centres hospitaliers et cliniques tr\u00e8s bien \u00e9quip\u00e9s, qui utilisent [&hellip;]","og_url":"https:\/\/www.boraconseil.com\/fr\/avantages-de-la-france\/","og_site_name":"BORA EGV Recruitment","article_modified_time":"2019-08-09T11:57:42+00:00","og_image":[{"url":"https:\/\/www.boraconseil.com\/wp-content\/uploads\/2018\/04\/france.jpg"}],"twitter_card":"summary_large_image","twitter_misc":{"Dur\u00e9e de lecture estim\u00e9e":"7 minutes"},"schema":{"@context":"https:\/\/schema.org","@graph":[{"@type":"WebPage","@id":"https:\/\/www.boraconseil.com\/fr\/avantages-de-la-france\/","url":"https:\/\/www.boraconseil.com\/fr\/avantages-de-la-france\/","name":"Avantages de la France - BORA EGV Recruitment","isPartOf":{"@id":"https:\/\/www.boraconseil.com\/fr\/#website"},"datePublished":"2018-04-13T12:01:57+00:00","dateModified":"2019-08-09T11:57:42+00:00","breadcrumb":{"@id":"https:\/\/www.boraconseil.com\/fr\/avantages-de-la-france\/#breadcrumb"},"inLanguage":"fr-FR","potentialAction":[{"@type":"ReadAction","target":["https:\/\/www.boraconseil.com\/fr\/avantages-de-la-france\/"]}]},{"@type":"BreadcrumbList","@id":"https:\/\/www.boraconseil.com\/fr\/avantages-de-la-france\/#breadcrumb","itemListElement":[{"@type":"ListItem","position":1,"name":"Home","item":"https:\/\/www.boraconseil.com\/fr\/"},{"@type":"ListItem","position":2,"name":"Avantages de la France"}]},{"@type":"WebSite","@id":"https:\/\/www.boraconseil.com\/fr\/#website","url":"https:\/\/www.boraconseil.com\/fr\/","name":"BORA EGV Recruitment","description":"","potentialAction":[{"@type":"SearchAction","target":{"@type":"EntryPoint","urlTemplate":"https:\/\/www.boraconseil.com\/fr\/?s={search_term_string}"},"query-input":"required name=search_term_string"}],"inLanguage":"fr-FR"}]}},"_links":{"self":[{"href":"https:\/\/www.boraconseil.com\/fr\/wp-json\/wp\/v2\/pages\/697"}],"collection":[{"href":"https:\/\/www.boraconseil.com\/fr\/wp-json\/wp\/v2\/pages"}],"about":[{"href":"https:\/\/www.boraconseil.com\/fr\/wp-json\/wp\/v2\/types\/page"}],"author":[{"embeddable":true,"href":"https:\/\/www.boraconseil.com\/fr\/wp-json\/wp\/v2\/users\/1"}],"replies":[{"embeddable":true,"href":"https:\/\/www.boraconseil.com\/fr\/wp-json\/wp\/v2\/comments?post=697"}],"version-history":[{"count":0,"href":"https:\/\/www.boraconseil.com\/fr\/wp-json\/wp\/v2\/pages\/697\/revisions"}],"wp:attachment":[{"href":"https:\/\/www.boraconseil.com\/fr\/wp-json\/wp\/v2\/media?parent=697"}],"curies":[{"name":"wp","href":"https:\/\/api.w.org\/{rel}","templated":true}]}}