{"id":695,"date":"2018-04-13T14:01:07","date_gmt":"2018-04-13T12:01:07","guid":{"rendered":"https:\/\/www.boraconseil.com\/?page_id=695"},"modified":"2018-12-11T14:52:17","modified_gmt":"2018-12-11T13:52:17","slug":"politique-de-confidentialite","status":"publish","type":"page","link":"https:\/\/www.boraconseil.com\/fr\/politique-de-confidentialite\/","title":{"rendered":"Politique de Confidentialit\u00e9"},"content":{"rendered":"<div id=\u201cfb-root\u201d><\/div>\n<script>(function(d, s, id) {\n  var js, fjs = d.getElementsByTagName(s)[0];\n  if (d.getElementById(id)) return;\n  js = d.createElement(s); js.id = id;\n  js.src = 'https:\/\/connect.facebook.net\/fr_FR\/sdk.js#xfbml=1&version=v3.0&appId=667263270282118&autoLogAppEvents=1';\n  fjs.parentNode.insertBefore(js, fjs);\n}(document, 'script', 'facebook-jssdk'));<\/script>\n<p>[et_pb_section bb_built=\u00a0\u00bb1&Prime;][et_pb_row][et_pb_column type=\u00a0\u00bb4_4&Prime;][et_pb_header _builder_version=\u00a0\u00bb3.6&Prime; title=\u00a0\u00bbPolitique de Confidentialit\u00e9 Bora EGV Recruitment\u00a0\u00bb scroll_down_icon_size_tablet=\u00a0\u00bb50&Prime; subhead_font_size_tablet=\u00a0\u00bb51&Prime; \/][et_pb_text _builder_version=\u00a0\u00bb3.6&Prime;]<\/p>\n<p class=\"p1\"><span class=\"s1\"><b>Introduction<\/b><\/span><\/p>\n<p class=\"p3\"><span class=\"s1\">Bora EGV Recruitment est sp\u00e9cialis\u00e9e dans des services efficaces et personnalis\u00e9s de recrutement du personnel m\u00e9dical. Nous repr\u00e9sentons les m\u00e9decins lors de l&rsquo;identification des opportunit\u00e9s de travail et nous nous effor\u00e7ons de comprendre les objectifs personnels et professionels de chaque Sp\u00e9cialiste en vue de leur trouver la meilleure possibilit\u00e9 parmi nos diverses offres d&#8217;emploi. Parall\u00e8lement Bora EGV Recruitment est un partenaire fiable des diff\u00e9rents acteurs du monde de la Sant\u00e9 en France en leur proposant des services de conseil dans le domaine du recrutement m\u00e9dical et des ressources humaines.<\/span><\/p>\n<p class=\"p3\"><span class=\"s1\">Nous prenons au s\u00e9rieux la confidentialit\u00e9 de nos Clients, ainsi que celle de nos Candidats. <\/span><\/p>\n<p class=\"p3\"><span class=\"s1\">La protection des donn\u00e9es personnelles est un \u00e9l\u00e9ment essentiel du d\u00e9veloppement de nos services. Des relations r\u00e9ussies exigent de la confiance mutuelle, ainsi qu&rsquo;une transparence compl\u00e8te, y compris la mani\u00e8re de traiter vos donn\u00e9es personnelles.<\/span><\/p>\n<p class=\"p3\"><span class=\"s1\">Nous g\u00e9rons vos donn\u00e9es selon vos pr\u00e9f\u00e9rences et exigences professionnelles en conformit\u00e9 avec le GDPR (RGPD: R\u00e8glement g\u00e9n\u00e9ral sur la protection des donn\u00e9es) en vigueur depuis le 25 mai 2018. Que vous soyez Client ou Candidat, nous vous garantissons que vous pouvez contr\u00f4ler comment vos donn\u00e9es sont g\u00e9r\u00e9es, trait\u00e9es et stock\u00e9es.<\/span><\/p>\n<p class=\"p3\"><span class=\"s1\"><b>Quelles sont nos sources et comment recueillons-nous les informations? <\/b><\/span><\/p>\n<p class=\"p3\"><span class=\"s1\">Bora EGV Recruitment re\u00e7oit vos donn\u00e9es personnelles quand vous postulez directement \u00e0 une offre d&#8217;emploi publi\u00e9e sur notre site web; quand vous d\u00e9posez directement votre candidature pour qu&rsquo;on vous trouve un emploi; quand vous nous contactez pour des opportunit\u00e9s de travail; quand vous nous rejoignez lors de nos \u00e9v\u00e9nements de recrutement; ou vous \u00eates en interaction avec nous par d&rsquo;autres moyens en tant que Candidat ou Demandeur d&rsquo;Emploi. <\/span><\/p>\n<p class=\"p3\"><span class=\"s1\">Quand vous vous enregistrez chez Bora EGV Recruitment vous donnez votre consentement<span class=\"Apple-converted-space\">\u00a0 <\/span>explicite pour qu&rsquo;on collecte, stocke, utilise vos donn\u00e9es personnelles, y compris toute information sensible que vous choisissez de nous d\u00e9poser\/ transmettre.<span class=\"Apple-converted-space\">\u00a0 <\/span>Il pourra s&rsquo;agir sans que la liste soit exhaustive de votre nom, de vos coordonn\u00e9es, de votre adresse, de votre formation et de votre parcours professionnel. <\/span><\/p>\n<p class=\"p3\"><span class=\"s1\">Pendant l&rsquo;entretien t\u00e9l\u00e9phonique et online et lors des interviews face \u00e0 face nous recueillons des renseignements personnels concernant vos exp\u00e9riences et vos pr\u00e9f\u00e9rences professionnelles, qui pourront ensuite \u00eatre stock\u00e9s dans votre ficher personnel. Toutes ces informations nous permettent de vous soutenir dans votre recherche d&#8217;emploi et de mettre en avant vos points forts. Avec votre consentement explicitement formul\u00e9 lors de votre enregistrement vous nous donnez l&rsquo;autorisation de stocker toutes ces informations.<\/span><\/p>\n<p class=\"p3\"><span class=\"s1\">Bora EGV Recruitment ne partagera jamais de renseignements personnels ou le Curriculum Vitae avec un tiers sans votre accord explicite.<\/span><\/p>\n<p class=\"p3\"><span class=\"s1\">Toutes donn\u00e9es seront utilis\u00e9es seulement \u00e0 des fins de recrutement. <\/span><\/p>\n<p class=\"p3\"><span class=\"s1\">Dans le cas o\u00f9 vous n&rsquo;\u00eates pas d&rsquo;accord que Bora EGV Recruiting stocke vos donn\u00e9es personnelles ou vous enregistre dans notre base, nous vous prions de ne nous transmettre aucun Curriculum Vitae pour aucune possibilit\u00e9 diffus\u00e9e sur notre site internet. Nous pourrons traiter votre candidature seulement avec votre consentement de traiter et de stocker vos donn\u00e9es personnelles.<\/span><\/p>\n<p class=\"p3\"><span class=\"s1\"><b>Cookies<\/b><\/span><\/p>\n<p class=\"p3\"><span class=\"s1\">Conform\u00e9ment au GDPR (RGPD) Bora EGV Recruitment vous informe que sur notre site<span class=\"Apple-converted-space\">\u00a0 <\/span>internet on utilise des cookies pour qu&rsquo;on puisse vous fournir la meilleure exp\u00e9rience utilisateur possible. Les donn\u00e9es des Cookies sont stock\u00e9es dans votre navigateur et remplissent des fonctions telles que votre reconnaissance quand vous retournerez \u00e0 notre site web et aideront notre \u00e9quipe \u00e0 comprendre quelles sections du site web sont les plus int\u00e9ressantes et plus utiles pour vous.<\/span><\/p>\n<p class=\"p3\"><span class=\"s1\">Vous pouvez r\u00e9gler tous vos cookies en navigant \u00e0 travers les onglets \u00e0 votre gauche.<\/span><\/p>\n<p class=\"p3\"><span class=\"s1\">Vous pouvez apprendre plus sur notre politique en mati\u00e8re de Cookies ici:\u00a0<a href=\"https:\/\/www.boraconseil.com\/fr\/politique-de-cookies\/\">Politique de Cookies<\/a>.<\/span><\/p>\n<p class=\"p3\"><span class=\"s1\"><br \/>\nIl arrive que nous contactons des Candidats de notre base de donn\u00e9es qui ne sont pas en recherche active de nouvelles opportunit\u00e9s. Quand vous contactez Bora EGV Recruitment via notre site web on vous demande de cocher une case pour donner votre consentement \u00e0 ce que notre site web stocke et traite vos donn\u00e9es. Avec cela vous nous donnez \u00e9galement votre accord pour qu&rsquo;on vous contacte si plus tard nous serons en mesure de vous offrir une position qui correspond \u00e0 votre projet professionnel.<\/span><\/p>\n<p class=\"p3\"><span class=\"s1\"><b>Contacts avec les Candidats<\/b><\/span><\/p>\n<p class=\"p3\"><span class=\"s1\">Une bonne partie de nos Candidats sont en contact avec nous r\u00e9guli\u00e8rement, m\u00eame quelques ann\u00e9es apr\u00e8s que nous les avons plac\u00e9s. Suite \u00e0 votre consentement vous \u00eates d&rsquo;accord qu&rsquo;on conserve et stocke vos donn\u00e9es personnelles et ceci jusqu&rsquo;au moment o\u00f9 vous souhaitez qu&rsquo;on efface votre enregistrement de notre base de donn\u00e9es.<\/span><\/p>\n<p class=\"p3\"><span class=\"s1\">Si vous contactez directement un(e) de nos consultants en recrutement et vous demandez conseil concernant votre recherche d&#8217;emploi, ou vous d\u00e9posez votre candidature \u00e0 un poste, vous donnez votre accord \u00e0 Bora EGV Recruitment de traiter votre e-mail et vos donn\u00e9es que celui-ci contient \u00e0 des fins de recrutement.<\/span><\/p>\n<p class=\"p3\"><span class=\"s1\">Dans le cas o\u00f9 vous nous avez envoy\u00e9 vos donn\u00e9es et vous n&rsquo;\u00eates plus d&rsquo;accord qu&rsquo;on les stocke et traite, vous pouvez demander l&rsquo;<a href=\"https:\/\/www.boraconseil.com\/fr\/optout\/\">opt-out<\/a> sur notre site web, ou sinon nous vous prions de bien vouloir nous envoyer un e-mail \u00e0 l&rsquo;adresse suivante: <a href=\"mailto:info@boraconseil.com\"><span class=\"s2\">info@boraconseil.com<\/span><\/a>.<\/span><\/p>\n<p class=\"p3\"><span class=\"s1\"><b>Demande de modifier, d&rsquo;enlever ou d&rsquo;effacer vos donn\u00e9es personnelles<\/b><\/span><\/p>\n<p class=\"p3\"><span class=\"s1\">Si vos donn\u00e9es personnelles et\/ou votre parcours professionnel doivent \u00eatre modifi\u00e9s et vous nous envoyez votre CV le plus r\u00e9cent, Bora EGV Recruitment s&rsquo;engage \u00e0 r\u00e9actualiser votre fichier dans les plus brefs d\u00e9lais.<\/span><\/p>\n<p class=\"p3\"><span class=\"s1\">D\u00e8s que nous recevons une demande pour effacer votre enregistrement, Bora EGV Recruitment vous assure que votre fichier sera effac\u00e9 dans un d\u00e9lai de 30 jours. Dans le cas o\u00f9 Bora EGV Recruitment a pr\u00e9c\u00e9demment re\u00e7u l&rsquo;autorisation de votre part pour partager des informations personnelles vous concernant avec un tiers, nous nous chargerons d&rsquo;informer ce Client si une communication a eu lieu les 6 derniers mois. <\/span><\/p>\n<p class=\"p3\"><span class=\"s1\">Si vous souhaitez \u00eatre effac\u00e9 de notre base de donn\u00e9es, vous pouvez simplement demander l&rsquo;<a href=\"https:\/\/www.boraconseil.com\/fr\/optout\/\">opt-out<\/a> sur notre site web, ou sinon nous vous prions de bien vouloir nous envoyer un e-mail \u00e0 l&rsquo;adresse suivante: <a href=\"mailto:info@boraconseil.com\"><span class=\"s2\">info@boraconseil.com<\/span><\/a>.<\/span><\/p>\n<p class=\"p3\"><span class=\"s1\">Dans votre e-mail, nous vous prions de pr\u00e9ciser que vous souhaitez \u00eatre effac\u00e9, plut\u00f4t que de marquer simplement que vous n&rsquo;\u00eates plus en recherche d&#8217;emploi. <\/span><\/p>\n<p class=\"p3\"><span class=\"s1\"><b>Notification des infractions<\/b><\/span><\/p>\n<p class=\"p3\"><span class=\"s1\">Bora EGV Recruitment stocke et traite les renseignements personnels que contient votre Curriculum Vitae. Nous sommes conscients de notre responsabilit\u00e9 pour prot\u00e9ger vos donn\u00e9es personnelles et pour partager les d\u00e9tails avec un tiers uniquement apr\u00e8s votre consentement explicite.<\/span><\/p>\n<p class=\"p3\"><span class=\"s1\">Tous nos syst\u00e8mes sont prot\u00e9g\u00e9s et seuls l&rsquo;\u00e9quipe et les consultants Bora EGV Recruitment ont acc\u00e8s aux renseignements personnels stock\u00e9s dans votre fichier.<\/span><\/p>\n<p class=\"p3\"><span class=\"s1\">Dans le cas improbable o\u00f9 nos syst\u00e8mes informatiques seraient compromis et un risque potentiel de perte de confidentialit\u00e9 pourrait intervenir, nous vous informerons de cette infraction et ferons tout le n\u00e9cessaire pour r\u00e9tablir la s\u00e9curit\u00e9 de vos donn\u00e9es personnelles. <\/span><\/p>\n<p class=\"p3\"><span class=\"s1\"><b>Acc\u00e8s<\/b><\/span><\/p>\n<p class=\"p3\"><span class=\"s1\">Dans le cadre du GDPR (RGPD) vous avez droit de demander l&rsquo;acc\u00e8s \u00e0 vos donn\u00e9es personnelles. D\u00e8s que Bora EGV Recruitment a v\u00e9rifi\u00e9 votre identit\u00e9 nous allons vous fournir les informations demand\u00e9es dans un d\u00e9lai de 30 jours. <\/span><\/p>\n<p class=\"p3\"><span class=\"s1\">Si vous voulez nous demander l&rsquo;acc\u00e8s \u00e0 vos donn\u00e9es personnelles, nous vous prions de bien vouloir nous contacter: <a href=\"mailto:info@boraconseil.com\"><span class=\"s2\">info@boraconseil.com<\/span><\/a>.<\/span><\/p>\n<p class=\"p3\"><span class=\"s1\">Sinon, vous pouvez nous contacter en nous \u00e9crivant \u00e0 l&rsquo;adresse suivante:<br \/>\n<\/span><span class=\"s1\">BORA Conseil S.A.R.L.<br \/>\n<\/span><span class=\"s1\">1065 BUDAPEST<br \/>\n<\/span><span class=\"s1\">Nagymez\u0151 u. 47. 3.em.3.<br \/>\n<\/span><span class=\"s1\">Hongrie<\/span><\/p>\n<p class=\"p3\"><span class=\"s1\">Dans le cas peu probable o\u00f9 vous trouvez que vos donn\u00e9es personnelles sont stock\u00e9es par Bora EGV Recruitment de mani\u00e8re impr\u00e9cise, nous vous prions de bien vouloir nous contacter imm\u00e9diatement. Nous allons modifier votre enregistrement personnel dans un d\u00e9lai de 30 jours.\u00a0<\/span><\/p>\n<p class=\"p3\"><span class=\"s1\"><b>Proc\u00e9dures de plainte<\/b><\/span><\/p>\n<p class=\"p3\"><span class=\"s1\">Pour formuler une plainte ou une r\u00e9clamation concernant la mani\u00e8re dont vos donn\u00e9es sont stock\u00e9es ou trait\u00e9es par Bora EGV<span class=\"Apple-converted-space\">\u00a0 <\/span>Recruitment, nous vous prions de nous contacter: <a href=\"mailto:info@boraconseil.com\"><span class=\"s2\">info@boraconseil.com<\/span><\/a>.<\/span><\/p>\n<p class=\"p3\"><span class=\"s1\">Sinon, vous pouvez \u00e9galement nous contacter en nous \u00e9crivant \u00e0 l&rsquo;adresse suivante:<br \/>\n<\/span><span class=\"s1\">BORA Conseil Sarl<br \/>\n<\/span><span class=\"s1\">1065 BUDAPEST<br \/>\n<\/span><span class=\"s1\">Nagymez\u0151 u. 47. 3.em.3.<br \/>\n<\/span><span class=\"s1\">Hongrie<\/span><\/p>\n<p class=\"p3\"><span class=\"s1\">Si vous restez m\u00e9content du traitement de vos donn\u00e9es, vous pouvez formuler une plainte aupr\u00e8s de l&rsquo;Autorit\u00e9 Nationale de la Protection des Donn\u00e9es et de la Libert\u00e9 d&rsquo;Information:<br \/>\n<\/span><span class=\"s1\">Nemzeti Adatv\u00e9delmi \u00e9s Inform\u00e1ci\u00f3szabads\u00e1g Hat\u00f3s\u00e1g<br \/>\n<\/span><span class=\"s1\">1024 Budapest,<br \/>\n<\/span><span class=\"s1\">Szil\u00e1gyi Erzs\u00e9bet fasor 22\/C.<br \/>\n<\/span><span class=\"s1\">Hongrie<br \/>\n<\/span><span class=\"s1\">www.naih.hu<\/span><\/p>\n<p class=\"p3\"><span class=\"s1\"><b>Modification de notre Politique de Confidentialit\u00e9<\/b><\/span><\/p>\n<p class=\"p3\"><span class=\"s1\">Cette politique de confidentialit\u00e9 peut \u00eatre modifi\u00e9e \u00e0 tout moment par Bora EGV Recruitment.<span class=\"Apple-converted-space\">\u00a0 <\/span>Toute modification apport\u00e9e \u00e0 notre politique de confidentialit\u00e9 sera r\u00e9actualis\u00e9e sur notre site web. Si vous avez des questions ou des probl\u00e8mes, nous vous prions de nous contacter: <a href=\"mailto:info@boraconseil.com\"><span class=\"s2\">info@boraconseil.com<\/span><\/a>.<\/span><\/p>\n<p>[\/et_pb_text][\/et_pb_column][\/et_pb_row][\/et_pb_section]<\/p>\n","protected":false},"excerpt":{"rendered":"<p><div class=\"et_pb_row et_pb_row_0 et_pb_row_empty\">\n\t\t\t\t\n\t\t\t\t\n\t\t\t\t\n\t\t\t\t\n\t\t\t\t\n\t\t\t<\/div> Introduction Bora EGV Recruitment est sp\u00e9cialis\u00e9e dans des services efficaces et personnalis\u00e9s de recrutement du personnel m\u00e9dical. Nous repr\u00e9sentons les m\u00e9decins lors de l&rsquo;identification des opportunit\u00e9s de travail et nous nous effor\u00e7ons de comprendre les objectifs personnels et professionels de chaque Sp\u00e9cialiste en vue de leur trouver la meilleure possibilit\u00e9 parmi nos diverses offres [&hellip;]<\/p>\n","protected":false},"author":1,"featured_media":0,"parent":0,"menu_order":63,"comment_status":"closed","ping_status":"closed","template":"","meta":{"_et_pb_use_builder":"on","_et_pb_old_content":"<p>...<\/p><p><strong>If you have sent us your data and no longer agree to the storage and handling of your data by this website you can\u00a0<a href=\"https:\/\/www.boraconseil.com\/en\/optout\/\">optout here<\/a>.<\/strong><\/p><p>\u00a0<\/p><p>\u00a0<\/p>","_et_gb_content_width":"","_mi_skip_tracking":false},"yoast_head":"<!-- This site is optimized with the Yoast SEO plugin v19.12 - https:\/\/yoast.com\/wordpress\/plugins\/seo\/ -->\n<title>Politique de Confidentialit\u00e9 - BORA EGV Recruitment<\/title>\n<meta name=\"robots\" content=\"index, follow, max-snippet:-1, max-image-preview:large, max-video-preview:-1\" \/>\n<link rel=\"canonical\" href=\"https:\/\/www.boraconseil.com\/fr\/politique-de-confidentialite\/\" \/>\n<meta property=\"og:locale\" content=\"fr_FR\" \/>\n<meta property=\"og:type\" content=\"article\" \/>\n<meta property=\"og:title\" content=\"Politique de Confidentialit\u00e9 - BORA EGV Recruitment\" \/>\n<meta property=\"og:description\" content=\"Introduction Bora EGV Recruitment est sp\u00e9cialis\u00e9e dans des services efficaces et personnalis\u00e9s de recrutement du personnel m\u00e9dical. Nous repr\u00e9sentons les m\u00e9decins lors de l&#039;identification des opportunit\u00e9s de travail et nous nous effor\u00e7ons de comprendre les objectifs personnels et professionels de chaque Sp\u00e9cialiste en vue de leur trouver la meilleure possibilit\u00e9 parmi nos diverses offres [&hellip;]\" \/>\n<meta property=\"og:url\" content=\"https:\/\/www.boraconseil.com\/fr\/politique-de-confidentialite\/\" \/>\n<meta property=\"og:site_name\" content=\"BORA EGV Recruitment\" \/>\n<meta property=\"article:modified_time\" content=\"2018-12-11T13:52:17+00:00\" \/>\n<meta name=\"twitter:card\" content=\"summary_large_image\" \/>\n<meta name=\"twitter:label1\" content=\"Dur\u00e9e de lecture estim\u00e9e\" \/>\n\t<meta name=\"twitter:data1\" content=\"8 minutes\" \/>\n<script type=\"application\/ld+json\" class=\"yoast-schema-graph\">{\"@context\":\"https:\/\/schema.org\",\"@graph\":[{\"@type\":\"WebPage\",\"@id\":\"https:\/\/www.boraconseil.com\/fr\/politique-de-confidentialite\/\",\"url\":\"https:\/\/www.boraconseil.com\/fr\/politique-de-confidentialite\/\",\"name\":\"Politique de Confidentialit\u00e9 - BORA EGV Recruitment\",\"isPartOf\":{\"@id\":\"https:\/\/www.boraconseil.com\/fr\/#website\"},\"datePublished\":\"2018-04-13T12:01:07+00:00\",\"dateModified\":\"2018-12-11T13:52:17+00:00\",\"breadcrumb\":{\"@id\":\"https:\/\/www.boraconseil.com\/fr\/politique-de-confidentialite\/#breadcrumb\"},\"inLanguage\":\"fr-FR\",\"potentialAction\":[{\"@type\":\"ReadAction\",\"target\":[\"https:\/\/www.boraconseil.com\/fr\/politique-de-confidentialite\/\"]}]},{\"@type\":\"BreadcrumbList\",\"@id\":\"https:\/\/www.boraconseil.com\/fr\/politique-de-confidentialite\/#breadcrumb\",\"itemListElement\":[{\"@type\":\"ListItem\",\"position\":1,\"name\":\"Home\",\"item\":\"https:\/\/www.boraconseil.com\/fr\/\"},{\"@type\":\"ListItem\",\"position\":2,\"name\":\"Politique de Confidentialit\u00e9\"}]},{\"@type\":\"WebSite\",\"@id\":\"https:\/\/www.boraconseil.com\/fr\/#website\",\"url\":\"https:\/\/www.boraconseil.com\/fr\/\",\"name\":\"BORA EGV Recruitment\",\"description\":\"\",\"potentialAction\":[{\"@type\":\"SearchAction\",\"target\":{\"@type\":\"EntryPoint\",\"urlTemplate\":\"https:\/\/www.boraconseil.com\/fr\/?s={search_term_string}\"},\"query-input\":\"required name=search_term_string\"}],\"inLanguage\":\"fr-FR\"}]}<\/script>\n<!-- \/ Yoast SEO plugin. -->","yoast_head_json":{"title":"Politique de Confidentialit\u00e9 - BORA EGV Recruitment","robots":{"index":"index","follow":"follow","max-snippet":"max-snippet:-1","max-image-preview":"max-image-preview:large","max-video-preview":"max-video-preview:-1"},"canonical":"https:\/\/www.boraconseil.com\/fr\/politique-de-confidentialite\/","og_locale":"fr_FR","og_type":"article","og_title":"Politique de Confidentialit\u00e9 - BORA EGV Recruitment","og_description":"Introduction Bora EGV Recruitment est sp\u00e9cialis\u00e9e dans des services efficaces et personnalis\u00e9s de recrutement du personnel m\u00e9dical. Nous repr\u00e9sentons les m\u00e9decins lors de l'identification des opportunit\u00e9s de travail et nous nous effor\u00e7ons de comprendre les objectifs personnels et professionels de chaque Sp\u00e9cialiste en vue de leur trouver la meilleure possibilit\u00e9 parmi nos diverses offres [&hellip;]","og_url":"https:\/\/www.boraconseil.com\/fr\/politique-de-confidentialite\/","og_site_name":"BORA EGV Recruitment","article_modified_time":"2018-12-11T13:52:17+00:00","twitter_card":"summary_large_image","twitter_misc":{"Dur\u00e9e de lecture estim\u00e9e":"8 minutes"},"schema":{"@context":"https:\/\/schema.org","@graph":[{"@type":"WebPage","@id":"https:\/\/www.boraconseil.com\/fr\/politique-de-confidentialite\/","url":"https:\/\/www.boraconseil.com\/fr\/politique-de-confidentialite\/","name":"Politique de Confidentialit\u00e9 - BORA EGV Recruitment","isPartOf":{"@id":"https:\/\/www.boraconseil.com\/fr\/#website"},"datePublished":"2018-04-13T12:01:07+00:00","dateModified":"2018-12-11T13:52:17+00:00","breadcrumb":{"@id":"https:\/\/www.boraconseil.com\/fr\/politique-de-confidentialite\/#breadcrumb"},"inLanguage":"fr-FR","potentialAction":[{"@type":"ReadAction","target":["https:\/\/www.boraconseil.com\/fr\/politique-de-confidentialite\/"]}]},{"@type":"BreadcrumbList","@id":"https:\/\/www.boraconseil.com\/fr\/politique-de-confidentialite\/#breadcrumb","itemListElement":[{"@type":"ListItem","position":1,"name":"Home","item":"https:\/\/www.boraconseil.com\/fr\/"},{"@type":"ListItem","position":2,"name":"Politique de Confidentialit\u00e9"}]},{"@type":"WebSite","@id":"https:\/\/www.boraconseil.com\/fr\/#website","url":"https:\/\/www.boraconseil.com\/fr\/","name":"BORA EGV Recruitment","description":"","potentialAction":[{"@type":"SearchAction","target":{"@type":"EntryPoint","urlTemplate":"https:\/\/www.boraconseil.com\/fr\/?s={search_term_string}"},"query-input":"required name=search_term_string"}],"inLanguage":"fr-FR"}]}},"_links":{"self":[{"href":"https:\/\/www.boraconseil.com\/fr\/wp-json\/wp\/v2\/pages\/695"}],"collection":[{"href":"https:\/\/www.boraconseil.com\/fr\/wp-json\/wp\/v2\/pages"}],"about":[{"href":"https:\/\/www.boraconseil.com\/fr\/wp-json\/wp\/v2\/types\/page"}],"author":[{"embeddable":true,"href":"https:\/\/www.boraconseil.com\/fr\/wp-json\/wp\/v2\/users\/1"}],"replies":[{"embeddable":true,"href":"https:\/\/www.boraconseil.com\/fr\/wp-json\/wp\/v2\/comments?post=695"}],"version-history":[{"count":0,"href":"https:\/\/www.boraconseil.com\/fr\/wp-json\/wp\/v2\/pages\/695\/revisions"}],"wp:attachment":[{"href":"https:\/\/www.boraconseil.com\/fr\/wp-json\/wp\/v2\/media?parent=695"}],"curies":[{"name":"wp","href":"https:\/\/api.w.org\/{rel}","templated":true}]}}