{"id":663,"date":"2018-04-11T20:01:42","date_gmt":"2018-04-11T18:01:42","guid":{"rendered":"https:\/\/www.boraconseil.com\/faqs\/"},"modified":"2019-08-09T14:05:43","modified_gmt":"2019-08-09T12:05:43","slug":"questions-frequentes","status":"publish","type":"page","link":"https:\/\/www.boraconseil.com\/fr\/questions-frequentes\/","title":{"rendered":"Questions fr\u00e9quentes"},"content":{"rendered":"<div id=\u201cfb-root\u201d><\/div>\n<script>(function(d, s, id) {\n  var js, fjs = d.getElementsByTagName(s)[0];\n  if (d.getElementById(id)) return;\n  js = d.createElement(s); js.id = id;\n  js.src = 'https:\/\/connect.facebook.net\/fr_FR\/sdk.js#xfbml=1&version=v3.0&appId=667263270282118&autoLogAppEvents=1';\n  fjs.parentNode.insertBefore(js, fjs);\n}(document, 'script', 'facebook-jssdk'));<\/script>\n<p>[et_pb_section fb_built=\u00a0\u00bb1&Prime; _builder_version=\u00a0\u00bb3.22.3&Prime;][et_pb_row _builder_version=\u00a0\u00bb3.22.3&Prime; background_size=\u00a0\u00bbinitial\u00a0\u00bb background_position=\u00a0\u00bbtop_left\u00a0\u00bb background_repeat=\u00a0\u00bbrepeat\u00a0\u00bb][et_pb_column type=\u00a0\u00bb4_4&Prime; _builder_version=\u00a0\u00bb3.0.47&Prime;][et_pb_header title=\u00a0\u00bbQuestions Fr\u00e9quentes\u00a0\u00bb text_orientation=\u00a0\u00bbcenter\u00a0\u00bb scroll_down_icon_size_tablet=\u00a0\u00bb50&Prime; admin_label=\u00a0\u00bbPage Title\u00a0\u00bb _builder_version=\u00a0\u00bb3.0.106&Prime; title_font=\u00a0\u00bb|800|on|on|||||\u00a0\u00bb title_text_align=\u00a0\u00bbcenter\u00a0\u00bb title_text_color=\u00a0\u00bb#00ade3&Prime; title_font_size=\u00a0\u00bb34px\u00a0\u00bb subhead_font=\u00a0\u00bb||on||||||\u00a0\u00bb subhead_font_size=\u00a0\u00bb18&Prime; subhead_font_size_tablet=\u00a0\u00bb51&Prime;][\/et_pb_header][et_pb_text _builder_version=\u00a0\u00bb3.1.1&Prime; background_size=\u00a0\u00bbinitial\u00a0\u00bb background_position=\u00a0\u00bbtop_left\u00a0\u00bb background_repeat=\u00a0\u00bbrepeat\u00a0\u00bb]<\/p>\n<p><span style=\"color: #39b049;\"><strong>1. Quelles sont les conditions d\u2019\u00e9ligibilit\u00e9?<\/strong><\/span><\/p>\n<ul>\n<li>Personne ressortissante de l\u2019Union Europ\u00e9enne <u>ou<\/u> mari\u00e9e avec un(e) citoyen(ne) europ\u00e9en(ne) <u>ou<\/u> disposant d&rsquo;une carte de s\u00e9jour \u00e0 long terme dans un pays de l&rsquo;Union Europ\u00e9enne <u>ou<\/u> ressortissante d\u2019un pays avec lequel la France a pass\u00e9 une convention d\u2019\u00e9change de travailleurs,<\/li>\n<li>Disposant des Dipl\u00f4mes de Docteur en M\u00e9decine et de Sp\u00e9cialiste provenant d&rsquo;un \u00e9tat-membre de l\u2019Union Europ\u00e9enne (Directive 2005\/36\/CE),<\/li>\n<li>Inscrit ou inscriptible \u00e0 l\u2019Ordre des M\u00e9decins Fran\u00e7ais.<\/li>\n<\/ul>\n<p><span style=\"color: #39b049;\"><strong>2. Est-ce que c&rsquo;est obligatoire de parler fran\u00e7ais?<\/strong><\/span><\/p>\n<p>Chaque Candidat(e) qui souhaite travailler en France doit parler fran\u00e7ais \u00e0 un niveau permettant de r\u00e9aliser une interview avec l&rsquo;Employeur et ensuite une communication correcte avec les patients. (Pour l&rsquo;instant ni les Autorit\u00e9s Fran\u00e7aises, ni les H\u00f4pitaux ne demandent pas de certificat d&rsquo;examen de langue.)<\/p>\n<p><span style=\"color: #39b049;\"><strong>3. Combien gagne un(e) M\u00e9decin?<\/strong><\/span><\/p>\n<p>Dans des H\u00f4pitaux Publics pour les Sp\u00e9cialistes la r\u00e9mun\u00e9ration de base s\u2019\u00e9l\u00e8ve dans un premier temps \u00e0 4800 EUR brut\/mois. \u00c0 ce salaire de base s\u2019ajoute la r\u00e9mun\u00e9ration li\u00e9e aux gardes et astreintes r\u00e9alis\u00e9es par le\/la Sp\u00e9cialiste.<\/p>\n<p>Toutefois les Centres Hospitaliers Publics proposent un contrat et une r\u00e9mun\u00e9ration adapt\u00e9s en fonction des comp\u00e9tences et des exp\u00e9riences de chaque Candidat(e).<\/p>\n<p>Les Sp\u00e9cialistes qui travaillent \u00e0 une Clinique et\/ou r\u00e9alisent des consultations priv\u00e9es peuvent s&rsquo;attendre \u00e0 un revenu brut de 8000-9000 EUR par mois et pour les Sp\u00e9cialit\u00e9s tr\u00e8s recherch\u00e9es (Radiologie, Anesth\u00e9sie, Gastroent\u00e9rologie) ce montant peut \u00eatre m\u00eame 12000-13000 EUR par mois ou plus.<\/p>\n<p class=\"p1\"><span class=\"s1\">En France, on d\u00e9duit du salaire brut automatiquement environ 18% (cotisations sociales\/salariales et autres). Depuis le 1er janvier 2019 l\u2019IRPP (\u00ab Imp\u00f4t sur le Revenu des Personnes Physiques \u00bb) est \u00e9galement d\u00e9duit du salaire brut mensuellement, ce qui se figure directement sur la fiche de paie de chacun et ce qui repr\u00e9sente en moyenne et habituellement 10 \u00e0 15% de d\u00e9ductions suppl\u00e9mentaires du salaire brut de base, selon la situation familiale et personnelle de chacun (selon le salaire, l\u2019\u00e9tat civil, le nombre des enfants \u00e0 charge, etc)<\/span><\/p>\n<p><strong style=\"color: #39b049; font-size: 14px;\">4. Qui s&rsquo;occupe de l&rsquo;obtention des documents n\u00e9cessaires pour l&#8217;emploi?<\/strong><\/p>\n<p>Nous vous conseillerons dans toutes vos d\u00e9marches administratives en vue d&rsquo;obtenir les documents demand\u00e9s par l&rsquo;H\u00f4pital et par les Autorit\u00e9s Fran\u00e7aises.<\/p>\n<p>Nous allons g\u00e9rer les formalit\u00e9s li\u00e9es \u00e0 la reconnaissance de vos qualifications professionnelles et \u00e0 votre inscription au Conseil de l&rsquo;Ordre des M\u00e9decins en France.<\/p>\n<p>Nous prendrons rendez-vous pous vous avec un Membre Titulaire du Conseil D\u00e9partemental de l&rsquo;Ordre des M\u00e9decins comp\u00e9tent pour le moment quand vous allez effectuer votre visite au si\u00e8ge de l&rsquo;Employeur.<\/p>\n<p><span style=\"color: #39b049;\"><strong>5. Est-ce que vous organisez des cours de langue?<\/strong><\/span><\/p>\n<p>Non, mais nous pouvons vous guider vers des sp\u00e9cialistes dans le domaine.<\/p>\n<p><span style=\"color: #39b049;\"><strong>6. Quelles sont les \u00e9tapes du processus de s\u00e9lection?<\/strong><\/span><\/p>\n<p>Apr\u00e8s avoir re\u00e7u votre CV, nous allons vous contacter par t\u00e9l\u00e9phone en vue de d\u00e9terminer vos priorit\u00e9s et vos besoins.<\/p>\n<p>Ensuite nous allons pr\u00e9voir une interview avec vous quand nous allons d\u00e9terminer \u2013 entre autres &#8211; si votre niveau de fran\u00e7ais est convenable.<\/p>\n<p>La prochaine \u00e9tape est une interview t\u00e9l\u00e9phonique ou online avec l&rsquo;Employeur en France qui \u2013 dans la majorit\u00e9 des cas \u2013 est repr\u00e9sent\u00e9e par le Directeur, le Directeur des Affaires M\u00e9dicales et\/ou des Ressources Humaines et le Chef de Service comp\u00e9tent.<\/p>\n<p>Dans le cas d&rsquo;une interview fructueuse nous organiserons pour vous une visite au si\u00e8ge de l&rsquo;Employeur.<\/p>\n<p>Parall\u00e8lement, nous g\u00e9rons les formalit\u00e9s li\u00e9es \u00e0 la reconnaissance de vos qualifications professionnelles et \u00e0 votre inscription aupr\u00e8s du Conseil de l&rsquo;Ordre des M\u00e9decins en France.<\/p>\n<p>Dans la mesure o\u00f9 la visite est concluante et vous \u00eates inscrit(e) au Conseil de l&rsquo;Ordre des M\u00e9decins, vous pouvez commencez \u00e0 travailler.<\/p>\n<p><span style=\"color: #39b049;\"><strong>7. Combien de temps dure le processus?<\/strong><\/span><\/p>\n<p>Une personne qui a un bon niveau de fran\u00e7ais et qui dispose de tous les documents exig\u00e9s peut commencer \u00e0 travailler 3 mois apr\u00e8s la premi\u00e8re interview.<\/p>\n<p>Nous vous prions de bien vouloir prendre en consid\u00e9ration que certains aspects administratifs risquent de rendre plus difficile l&rsquo;obtention des documents et rallonger ainsi le processus initial de plus de 3 mois compl\u00e9mentaires.<\/p>\n<p><span style=\"color: #39b049;\"><strong>8. Quels sont les tarifs pratiqu\u00e9s par votre Agence?<\/strong><\/span><\/p>\n<p>Nous ne prenons pas de commission de nos Candidats.<\/p>\n<p><span style=\"color: #39b049;\"><strong>9. Quelles sont vos offres d&#8217;emploi?<\/strong><\/span><\/p>\n<p><strong><a style=\"color: #2ea3f2;\" href=\"https:\/\/www.boraconseil.com\/fr\/offres\/\">Offres.<\/a><\/strong><\/p>\n<p>[\/et_pb_text][\/et_pb_column][\/et_pb_row][et_pb_row _builder_version=\u00a0\u00bb3.22.3&Prime; background_size=\u00a0\u00bbinitial\u00a0\u00bb background_position=\u00a0\u00bbtop_left\u00a0\u00bb background_repeat=\u00a0\u00bbrepeat\u00a0\u00bb][et_pb_column type=\u00a0\u00bb4_4&Prime; _builder_version=\u00a0\u00bb3.0.47&Prime;][et_pb_button button_url=\u00a0\u00bb\/fr\/contact\/\u00a0\u00bb button_text=\u00a0\u00bbENVOYEZ-NOUS VOTRE CV\u00a0\u00bb button_alignment=\u00a0\u00bbcenter\u00a0\u00bb admin_label=\u00a0\u00bbApply Button\u00a0\u00bb _builder_version=\u00a0\u00bb3.16&Prime; custom_button=\u00a0\u00bbon\u00a0\u00bb button_text_size=\u00a0\u00bb22&Prime; button_bg_color=\u00a0\u00bb#24b14a\u00a0\u00bb button_border_color=\u00a0\u00bb#24b14a\u00a0\u00bb background_layout=\u00a0\u00bbdark\u00a0\u00bb animation_style=\u00a0\u00bbbounce\u00a0\u00bb button_text_color_hover=\u00a0\u00bb#24b14a\u00a0\u00bb button_text_size__hover_enabled=\u00a0\u00bboff\u00a0\u00bb button_one_text_size__hover_enabled=\u00a0\u00bboff\u00a0\u00bb button_two_text_size__hover_enabled=\u00a0\u00bboff\u00a0\u00bb button_text_color__hover_enabled=\u00a0\u00bbon\u00a0\u00bb button_text_color__hover=\u00a0\u00bb#24b14a\u00a0\u00bb button_one_text_color__hover_enabled=\u00a0\u00bboff\u00a0\u00bb button_two_text_color__hover_enabled=\u00a0\u00bboff\u00a0\u00bb button_border_width__hover_enabled=\u00a0\u00bboff\u00a0\u00bb button_one_border_width__hover_enabled=\u00a0\u00bboff\u00a0\u00bb button_two_border_width__hover_enabled=\u00a0\u00bboff\u00a0\u00bb button_border_color__hover_enabled=\u00a0\u00bboff\u00a0\u00bb button_one_border_color__hover_enabled=\u00a0\u00bboff\u00a0\u00bb button_two_border_color__hover_enabled=\u00a0\u00bboff\u00a0\u00bb button_border_radius__hover_enabled=\u00a0\u00bboff\u00a0\u00bb button_one_border_radius__hover_enabled=\u00a0\u00bboff\u00a0\u00bb button_two_border_radius__hover_enabled=\u00a0\u00bboff\u00a0\u00bb button_letter_spacing__hover_enabled=\u00a0\u00bboff\u00a0\u00bb button_one_letter_spacing__hover_enabled=\u00a0\u00bboff\u00a0\u00bb button_two_letter_spacing__hover_enabled=\u00a0\u00bboff\u00a0\u00bb button_bg_color__hover_enabled=\u00a0\u00bboff\u00a0\u00bb button_one_bg_color__hover_enabled=\u00a0\u00bboff\u00a0\u00bb button_two_bg_color__hover_enabled=\u00a0\u00bboff\u00a0\u00bb][\/et_pb_button][\/et_pb_column][\/et_pb_row][\/et_pb_section][et_pb_section fb_built=\u00a0\u00bb1&Prime; _builder_version=\u00a0\u00bb3.0.106&Prime; background_color=\u00a0\u00bb#f6f6f6&Prime; global_module=\u00a0\u00bb683&Prime;][et_pb_row _builder_version=\u00a0\u00bb3.22.3&Prime; background_size=\u00a0\u00bbinitial\u00a0\u00bb background_position=\u00a0\u00bbtop_left\u00a0\u00bb background_repeat=\u00a0\u00bbrepeat\u00a0\u00bb][et_pb_column type=\u00a0\u00bb4_4&Prime; _builder_version=\u00a0\u00bb3.0.47&Prime;][et_pb_text _builder_version=\u00a0\u00bb3.1.1&Prime; text_font=\u00a0\u00bb|800|||||||\u00a0\u00bb text_text_color=\u00a0\u00bb#00ade3&Prime; header_2_font=\u00a0\u00bb|800|||||||\u00a0\u00bb header_2_text_align=\u00a0\u00bbcenter\u00a0\u00bb header_2_text_color=\u00a0\u00bb#00ade3&Prime; header_2_font_size=\u00a0\u00bb32px\u00a0\u00bb]<\/p>\n<h2 style=\"text-align: center;\"><em><a href=\"https:\/\/www.boraconseil.com\/fr\/histoires-a-succes\/\">HISTOIRES \u00c0 SUCC\u00c8S<\/a><\/em><\/h2>\n<p>[\/et_pb_text][et_pb_success_story fullwidth=\u00a0\u00bboff\u00a0\u00bb posts_number=\u00a0\u00bb4&Prime; show_title=\u00a0\u00bboff\u00a0\u00bb show_pagination=\u00a0\u00bboff\u00a0\u00bb module_class=\u00a0\u00bbtestimonials3&Prime; _builder_version=\u00a0\u00bb3.8.1&Prime; title_font_size_tablet=\u00a0\u00bb51&Prime; title_line_height_tablet=\u00a0\u00bb2&Prime; caption_font_size_tablet=\u00a0\u00bb51&Prime; caption_line_height_tablet=\u00a0\u00bb2&Prime; pagination_font_size_tablet=\u00a0\u00bb51&Prime; pagination_line_height_tablet=\u00a0\u00bb2&Prime;][\/et_pb_success_story][\/et_pb_column][\/et_pb_row][\/et_pb_section][et_pb_section fb_built=\u00a0\u00bb1&Prime; _builder_version=\u00a0\u00bb3.0.106&Prime; global_module=\u00a0\u00bb682&Prime;][et_pb_row _builder_version=\u00a0\u00bb3.22.3&Prime;][et_pb_column type=\u00a0\u00bb1_3&Prime; _builder_version=\u00a0\u00bb3.0.47&Prime;][et_pb_text _builder_version=\u00a0\u00bb3.1.1&Prime; text_font=\u00a0\u00bb|800|||||||\u00a0\u00bb text_text_color=\u00a0\u00bb#00ade3&Prime; header_2_font=\u00a0\u00bb|800|||||||\u00a0\u00bb header_2_text_color=\u00a0\u00bb#00ade3&Prime; header_2_font_size=\u00a0\u00bb32px\u00a0\u00bb]<\/p>\n<h2 style=\"text-align: left;\"><a href=\"https:\/\/www.boraconseil.com\/fr\/offres\/\"><em>HOT JOBS<\/em><\/a><\/h2>\n<p>[\/et_pb_text][et_pb_job posts_number=\u00a0\u00bb5&Prime; only_hot_jobs=\u00a0\u00bbon\u00a0\u00bb show_title=\u00a0\u00bboff\u00a0\u00bb show_categories=\u00a0\u00bboff\u00a0\u00bb show_pagination=\u00a0\u00bboff\u00a0\u00bb _builder_version=\u00a0\u00bb3.1&Prime; title_font_size_tablet=\u00a0\u00bb51&Prime; title_line_height_tablet=\u00a0\u00bb2&Prime; caption_font_size_tablet=\u00a0\u00bb51&Prime; caption_line_height_tablet=\u00a0\u00bb2&Prime; pagination_font_size_tablet=\u00a0\u00bb51&Prime; pagination_line_height_tablet=\u00a0\u00bb2&Prime;][\/et_pb_job][et_pb_button button_url=\u00a0\u00bb\/fr\/contact\/\u00a0\u00bb button_text=\u00a0\u00bbENVOYEZ-NOUS VOTRE CV\u00a0\u00bb button_alignment=\u00a0\u00bbleft\u00a0\u00bb admin_label=\u00a0\u00bbApply Button\u00a0\u00bb _builder_version=\u00a0\u00bb3.16&Prime; custom_button=\u00a0\u00bbon\u00a0\u00bb button_bg_color=\u00a0\u00bb#24b14a\u00a0\u00bb button_border_color=\u00a0\u00bb#24b14a\u00a0\u00bb background_layout=\u00a0\u00bbdark\u00a0\u00bb animation_style=\u00a0\u00bbbounce\u00a0\u00bb button_text_color_hover=\u00a0\u00bb#24b14a\u00a0\u00bb button_text_size__hover_enabled=\u00a0\u00bboff\u00a0\u00bb button_text_size__hover=\u00a0\u00bbnull\u00a0\u00bb button_one_text_size__hover_enabled=\u00a0\u00bboff\u00a0\u00bb button_one_text_size__hover=\u00a0\u00bbnull\u00a0\u00bb button_two_text_size__hover_enabled=\u00a0\u00bboff\u00a0\u00bb button_two_text_size__hover=\u00a0\u00bbnull\u00a0\u00bb button_text_color__hover_enabled=\u00a0\u00bbon\u00a0\u00bb button_text_color__hover=\u00a0\u00bb#24b14a\u00a0\u00bb button_one_text_color__hover_enabled=\u00a0\u00bboff\u00a0\u00bb button_one_text_color__hover=\u00a0\u00bbnull\u00a0\u00bb button_two_text_color__hover_enabled=\u00a0\u00bboff\u00a0\u00bb button_two_text_color__hover=\u00a0\u00bbnull\u00a0\u00bb button_border_width__hover_enabled=\u00a0\u00bboff\u00a0\u00bb button_border_width__hover=\u00a0\u00bbnull\u00a0\u00bb button_one_border_width__hover_enabled=\u00a0\u00bboff\u00a0\u00bb button_one_border_width__hover=\u00a0\u00bbnull\u00a0\u00bb button_two_border_width__hover_enabled=\u00a0\u00bboff\u00a0\u00bb button_two_border_width__hover=\u00a0\u00bbnull\u00a0\u00bb button_border_color__hover_enabled=\u00a0\u00bboff\u00a0\u00bb button_border_color__hover=\u00a0\u00bbnull\u00a0\u00bb button_one_border_color__hover_enabled=\u00a0\u00bboff\u00a0\u00bb button_one_border_color__hover=\u00a0\u00bbnull\u00a0\u00bb button_two_border_color__hover_enabled=\u00a0\u00bboff\u00a0\u00bb button_two_border_color__hover=\u00a0\u00bbnull\u00a0\u00bb button_border_radius__hover_enabled=\u00a0\u00bboff\u00a0\u00bb button_border_radius__hover=\u00a0\u00bbnull\u00a0\u00bb button_one_border_radius__hover_enabled=\u00a0\u00bboff\u00a0\u00bb button_one_border_radius__hover=\u00a0\u00bbnull\u00a0\u00bb button_two_border_radius__hover_enabled=\u00a0\u00bboff\u00a0\u00bb button_two_border_radius__hover=\u00a0\u00bbnull\u00a0\u00bb button_letter_spacing__hover_enabled=\u00a0\u00bboff\u00a0\u00bb button_letter_spacing__hover=\u00a0\u00bbnull\u00a0\u00bb button_one_letter_spacing__hover_enabled=\u00a0\u00bboff\u00a0\u00bb button_one_letter_spacing__hover=\u00a0\u00bbnull\u00a0\u00bb button_two_letter_spacing__hover_enabled=\u00a0\u00bboff\u00a0\u00bb button_two_letter_spacing__hover=\u00a0\u00bbnull\u00a0\u00bb button_bg_color__hover_enabled=\u00a0\u00bboff\u00a0\u00bb button_bg_color__hover=\u00a0\u00bbnull\u00a0\u00bb button_one_bg_color__hover_enabled=\u00a0\u00bboff\u00a0\u00bb button_one_bg_color__hover=\u00a0\u00bbnull\u00a0\u00bb button_two_bg_color__hover_enabled=\u00a0\u00bboff\u00a0\u00bb button_two_bg_color__hover=\u00a0\u00bbnull\u00a0\u00bb][\/et_pb_button][\/et_pb_column][et_pb_column type=\u00a0\u00bb2_3&Prime; _builder_version=\u00a0\u00bb3.0.47&Prime;][et_pb_text _builder_version=\u00a0\u00bb3.1.1&Prime; text_font=\u00a0\u00bb|800|||||||\u00a0\u00bb text_text_color=\u00a0\u00bb#00ade3&Prime; header_2_font=\u00a0\u00bb|800|||||||\u00a0\u00bb header_2_text_color=\u00a0\u00bb#00ade3&Prime; header_2_font_size=\u00a0\u00bb32px\u00a0\u00bb]<\/p>\n<h2 style=\"text-align: left;\"><em>BLOG<\/em><\/h2>\n<p>[\/et_pb_text][et_pb_blog posts_number=\u00a0\u00bb2&Prime; show_author=\u00a0\u00bboff\u00a0\u00bb show_date=\u00a0\u00bboff\u00a0\u00bb show_categories=\u00a0\u00bboff\u00a0\u00bb _builder_version=\u00a0\u00bb3.0.106&Prime; header_text_color=\u00a0\u00bb#24b14a\u00a0\u00bb pagination_font_size_tablet=\u00a0\u00bb51&Prime; pagination_line_height_tablet=\u00a0\u00bb2&Prime;][\/et_pb_blog][\/et_pb_column][\/et_pb_row][\/et_pb_section]<\/p>\n","protected":false},"excerpt":{"rendered":"<p>1. Quelles sont les conditions d\u2019\u00e9ligibilit\u00e9? Personne ressortissante de l\u2019Union Europ\u00e9enne ou mari\u00e9e avec un(e) citoyen(ne) europ\u00e9en(ne) ou disposant d&rsquo;une carte de s\u00e9jour \u00e0 long terme dans un pays de l&rsquo;Union Europ\u00e9enne ou ressortissante d\u2019un pays avec lequel la France a pass\u00e9 une convention d\u2019\u00e9change de travailleurs, Disposant des Dipl\u00f4mes de Docteur en M\u00e9decine et [&hellip;]<\/p>\n","protected":false},"author":1,"featured_media":0,"parent":0,"menu_order":37,"comment_status":"closed","ping_status":"closed","template":"","meta":{"_et_pb_use_builder":"on","_et_pb_old_content":"","_et_gb_content_width":"","_mi_skip_tracking":false},"yoast_head":"<!-- This site is optimized with the Yoast SEO plugin v19.12 - https:\/\/yoast.com\/wordpress\/plugins\/seo\/ -->\n<title>Questions fr\u00e9quentes - BORA EGV Recruitment<\/title>\n<meta name=\"robots\" content=\"index, follow, max-snippet:-1, max-image-preview:large, max-video-preview:-1\" \/>\n<link rel=\"canonical\" href=\"https:\/\/www.boraconseil.com\/fr\/questions-frequentes\/\" \/>\n<meta property=\"og:locale\" content=\"fr_FR\" \/>\n<meta property=\"og:type\" content=\"article\" \/>\n<meta property=\"og:title\" content=\"Questions fr\u00e9quentes - BORA EGV Recruitment\" \/>\n<meta property=\"og:description\" content=\"1. Quelles sont les conditions d\u2019\u00e9ligibilit\u00e9? Personne ressortissante de l\u2019Union Europ\u00e9enne ou mari\u00e9e avec un(e) citoyen(ne) europ\u00e9en(ne) ou disposant d&#039;une carte de s\u00e9jour \u00e0 long terme dans un pays de l&#039;Union Europ\u00e9enne ou ressortissante d\u2019un pays avec lequel la France a pass\u00e9 une convention d\u2019\u00e9change de travailleurs, Disposant des Dipl\u00f4mes de Docteur en M\u00e9decine et [&hellip;]\" \/>\n<meta property=\"og:url\" content=\"https:\/\/www.boraconseil.com\/fr\/questions-frequentes\/\" \/>\n<meta property=\"og:site_name\" content=\"BORA EGV Recruitment\" \/>\n<meta property=\"article:modified_time\" content=\"2019-08-09T12:05:43+00:00\" \/>\n<meta name=\"twitter:card\" content=\"summary_large_image\" \/>\n<meta name=\"twitter:label1\" content=\"Dur\u00e9e de lecture estim\u00e9e\" \/>\n\t<meta name=\"twitter:data1\" content=\"8 minutes\" \/>\n<script type=\"application\/ld+json\" class=\"yoast-schema-graph\">{\"@context\":\"https:\/\/schema.org\",\"@graph\":[{\"@type\":\"WebPage\",\"@id\":\"https:\/\/www.boraconseil.com\/fr\/questions-frequentes\/\",\"url\":\"https:\/\/www.boraconseil.com\/fr\/questions-frequentes\/\",\"name\":\"Questions fr\u00e9quentes - BORA EGV Recruitment\",\"isPartOf\":{\"@id\":\"https:\/\/www.boraconseil.com\/fr\/#website\"},\"datePublished\":\"2018-04-11T18:01:42+00:00\",\"dateModified\":\"2019-08-09T12:05:43+00:00\",\"breadcrumb\":{\"@id\":\"https:\/\/www.boraconseil.com\/fr\/questions-frequentes\/#breadcrumb\"},\"inLanguage\":\"fr-FR\",\"potentialAction\":[{\"@type\":\"ReadAction\",\"target\":[\"https:\/\/www.boraconseil.com\/fr\/questions-frequentes\/\"]}]},{\"@type\":\"BreadcrumbList\",\"@id\":\"https:\/\/www.boraconseil.com\/fr\/questions-frequentes\/#breadcrumb\",\"itemListElement\":[{\"@type\":\"ListItem\",\"position\":1,\"name\":\"Home\",\"item\":\"https:\/\/www.boraconseil.com\/fr\/\"},{\"@type\":\"ListItem\",\"position\":2,\"name\":\"Questions fr\u00e9quentes\"}]},{\"@type\":\"WebSite\",\"@id\":\"https:\/\/www.boraconseil.com\/fr\/#website\",\"url\":\"https:\/\/www.boraconseil.com\/fr\/\",\"name\":\"BORA EGV Recruitment\",\"description\":\"\",\"potentialAction\":[{\"@type\":\"SearchAction\",\"target\":{\"@type\":\"EntryPoint\",\"urlTemplate\":\"https:\/\/www.boraconseil.com\/fr\/?s={search_term_string}\"},\"query-input\":\"required name=search_term_string\"}],\"inLanguage\":\"fr-FR\"}]}<\/script>\n<!-- \/ Yoast SEO plugin. -->","yoast_head_json":{"title":"Questions fr\u00e9quentes - BORA EGV Recruitment","robots":{"index":"index","follow":"follow","max-snippet":"max-snippet:-1","max-image-preview":"max-image-preview:large","max-video-preview":"max-video-preview:-1"},"canonical":"https:\/\/www.boraconseil.com\/fr\/questions-frequentes\/","og_locale":"fr_FR","og_type":"article","og_title":"Questions fr\u00e9quentes - BORA EGV Recruitment","og_description":"1. Quelles sont les conditions d\u2019\u00e9ligibilit\u00e9? Personne ressortissante de l\u2019Union Europ\u00e9enne ou mari\u00e9e avec un(e) citoyen(ne) europ\u00e9en(ne) ou disposant d'une carte de s\u00e9jour \u00e0 long terme dans un pays de l'Union Europ\u00e9enne ou ressortissante d\u2019un pays avec lequel la France a pass\u00e9 une convention d\u2019\u00e9change de travailleurs, Disposant des Dipl\u00f4mes de Docteur en M\u00e9decine et [&hellip;]","og_url":"https:\/\/www.boraconseil.com\/fr\/questions-frequentes\/","og_site_name":"BORA EGV Recruitment","article_modified_time":"2019-08-09T12:05:43+00:00","twitter_card":"summary_large_image","twitter_misc":{"Dur\u00e9e de lecture estim\u00e9e":"8 minutes"},"schema":{"@context":"https:\/\/schema.org","@graph":[{"@type":"WebPage","@id":"https:\/\/www.boraconseil.com\/fr\/questions-frequentes\/","url":"https:\/\/www.boraconseil.com\/fr\/questions-frequentes\/","name":"Questions fr\u00e9quentes - BORA EGV Recruitment","isPartOf":{"@id":"https:\/\/www.boraconseil.com\/fr\/#website"},"datePublished":"2018-04-11T18:01:42+00:00","dateModified":"2019-08-09T12:05:43+00:00","breadcrumb":{"@id":"https:\/\/www.boraconseil.com\/fr\/questions-frequentes\/#breadcrumb"},"inLanguage":"fr-FR","potentialAction":[{"@type":"ReadAction","target":["https:\/\/www.boraconseil.com\/fr\/questions-frequentes\/"]}]},{"@type":"BreadcrumbList","@id":"https:\/\/www.boraconseil.com\/fr\/questions-frequentes\/#breadcrumb","itemListElement":[{"@type":"ListItem","position":1,"name":"Home","item":"https:\/\/www.boraconseil.com\/fr\/"},{"@type":"ListItem","position":2,"name":"Questions fr\u00e9quentes"}]},{"@type":"WebSite","@id":"https:\/\/www.boraconseil.com\/fr\/#website","url":"https:\/\/www.boraconseil.com\/fr\/","name":"BORA EGV Recruitment","description":"","potentialAction":[{"@type":"SearchAction","target":{"@type":"EntryPoint","urlTemplate":"https:\/\/www.boraconseil.com\/fr\/?s={search_term_string}"},"query-input":"required name=search_term_string"}],"inLanguage":"fr-FR"}]}},"_links":{"self":[{"href":"https:\/\/www.boraconseil.com\/fr\/wp-json\/wp\/v2\/pages\/663"}],"collection":[{"href":"https:\/\/www.boraconseil.com\/fr\/wp-json\/wp\/v2\/pages"}],"about":[{"href":"https:\/\/www.boraconseil.com\/fr\/wp-json\/wp\/v2\/types\/page"}],"author":[{"embeddable":true,"href":"https:\/\/www.boraconseil.com\/fr\/wp-json\/wp\/v2\/users\/1"}],"replies":[{"embeddable":true,"href":"https:\/\/www.boraconseil.com\/fr\/wp-json\/wp\/v2\/comments?post=663"}],"version-history":[{"count":0,"href":"https:\/\/www.boraconseil.com\/fr\/wp-json\/wp\/v2\/pages\/663\/revisions"}],"wp:attachment":[{"href":"https:\/\/www.boraconseil.com\/fr\/wp-json\/wp\/v2\/media?parent=663"}],"curies":[{"name":"wp","href":"https:\/\/api.w.org\/{rel}","templated":true}]}}