{"id":2000,"date":"2018-05-25T16:55:06","date_gmt":"2018-05-25T14:55:06","guid":{"rendered":"https:\/\/www.boraconseil.com\/cookie-policy\/"},"modified":"2018-12-11T14:52:16","modified_gmt":"2018-12-11T13:52:16","slug":"politique-de-cookies","status":"publish","type":"page","link":"https:\/\/www.boraconseil.com\/fr\/politique-de-cookies\/","title":{"rendered":"POLITIQUE EN MATI\u00c8RE DE COOKIE"},"content":{"rendered":"<div id=\u201cfb-root\u201d><\/div>\n<script>(function(d, s, id) {\n  var js, fjs = d.getElementsByTagName(s)[0];\n  if (d.getElementById(id)) return;\n  js = d.createElement(s); js.id = id;\n  js.src = 'https:\/\/connect.facebook.net\/fr_FR\/sdk.js#xfbml=1&version=v3.0&appId=667263270282118&autoLogAppEvents=1';\n  fjs.parentNode.insertBefore(js, fjs);\n}(document, 'script', 'facebook-jssdk'));<\/script>\n<p class=\"p1\"><span class=\"s1\">Ce site web utilise des cookies pour qu&rsquo;on puisse vous fournir la meilleure exp\u00e9rience utilisateur possible. <\/span><\/p>\n<p class=\"p1\"><span class=\"s1\">Les donn\u00e9es des Cookies sont stock\u00e9es dans votre navigateur et remplissent des fonctions telles que votre reconnaissance quand vous retournerez \u00e0 notre site web et aideront notre \u00e9quipe \u00e0 comprendre quelles sections du site web sont les plus int\u00e9ressantes et plus utiles pour vous.<\/span><\/p>\n<p class=\"p1\"><span class=\"s1\">Vous pouvez apprendre plus sur les cookies qu&rsquo;on utilise ou vous pouvez les d\u00e9sactiver dans les <a href=\"\/fr\/politique-de-cookies\/#gdpr_cookie_modal\">r\u00e9glages<\/a> en navigant \u00e0 travers les onglets \u00e0 votre gauche.<\/span><\/p>\n<p class=\"p1\"><span class=\"s1\">Notre site web utilise 2 cat\u00e9gories de cookies qui sont les suivantes:<\/span><\/p>\n<p class=\"p1\"><span class=\"s1\"><b>Les Cookies strictement n\u00e9cessaires:<\/b><\/span><\/p>\n<p class=\"p1\"><span class=\"s1\">Le Cookie strictement n\u00e9cessaire devrait \u00eatre autoris\u00e9 tout le temps pour qu&rsquo;on puisse sauvegarder vos pr\u00e9f\u00e9rences pour les r\u00e9glages des cookies.<\/span><\/p>\n<p class=\"p1\"><span class=\"s1\">Si vous d\u00e9sactivez ce cookie, nous ne serons pas en mesure de sauvegarder vos pr\u00e9f\u00e9rences. Cela veut dire que chaque fois que vous visitez ce site web vous devrez de nouveau activer ou d\u00e9sactiver les cookies. <\/span><\/p>\n<p class=\"p1\"><span class=\"s1\"><b>Cookies tiers:<\/b><\/span><\/p>\n<p class=\"p1\"><span class=\"s1\">Ce site web utilise Google Analytics en vue de collecter des donn\u00e9es anonymes telles que le nombre des visiteurs du site et les pages les plus populaires.<\/span><\/p>\n<p class=\"p1\"><span class=\"s1\">Si vous maintenez activ\u00e9 ce cookie, cela nous aidera \u00e0 am\u00e9liorer notre site web.<\/span><\/p>\n<p class=\"p1\"><span class=\"s1\">Vous pouvez apprendre plus sur les cookies, y compris quels sont les cookies install\u00e9s et comment les g\u00e9rer ou effacer, sur les sites web <a href=\"http:\/\/www.aboutcookies.org\" target=\"_blank\" rel=\"noopener nofollow\">www.aboutcookies.org<\/a> ou <a href=\"http:\/\/www.allaboutcookies.org\" target=\"_blank\" rel=\"noopener nofollow\">www.allaboutcookies.org<\/a>.<\/span><\/p>\n","protected":false},"excerpt":{"rendered":"<p>Ce site web utilise des cookies pour qu&rsquo;on puisse vous fournir la meilleure exp\u00e9rience utilisateur possible. Les donn\u00e9es des Cookies sont stock\u00e9es dans votre navigateur et remplissent des fonctions telles que votre reconnaissance quand vous retournerez \u00e0 notre site web et aideront notre \u00e9quipe \u00e0 comprendre quelles sections du site web sont les plus int\u00e9ressantes [&hellip;]<\/p>\n","protected":false},"author":1,"featured_media":0,"parent":0,"menu_order":58,"comment_status":"closed","ping_status":"closed","template":"","meta":{"_et_pb_use_builder":"","_et_pb_old_content":"","_et_gb_content_width":"","_mi_skip_tracking":false},"yoast_head":"<!-- This site is optimized with the Yoast SEO plugin v19.12 - https:\/\/yoast.com\/wordpress\/plugins\/seo\/ -->\n<title>POLITIQUE EN MATI\u00c8RE DE COOKIE - BORA EGV Recruitment<\/title>\n<meta name=\"robots\" content=\"index, follow, max-snippet:-1, max-image-preview:large, max-video-preview:-1\" \/>\n<link rel=\"canonical\" href=\"https:\/\/www.boraconseil.com\/fr\/politique-de-cookies\/\" \/>\n<meta property=\"og:locale\" content=\"fr_FR\" \/>\n<meta property=\"og:type\" content=\"article\" \/>\n<meta property=\"og:title\" content=\"POLITIQUE EN MATI\u00c8RE DE COOKIE - BORA EGV Recruitment\" \/>\n<meta property=\"og:description\" content=\"Ce site web utilise des cookies pour qu&rsquo;on puisse vous fournir la meilleure exp\u00e9rience utilisateur possible. Les donn\u00e9es des Cookies sont stock\u00e9es dans votre navigateur et remplissent des fonctions telles que votre reconnaissance quand vous retournerez \u00e0 notre site web et aideront notre \u00e9quipe \u00e0 comprendre quelles sections du site web sont les plus int\u00e9ressantes [&hellip;]\" \/>\n<meta property=\"og:url\" content=\"https:\/\/www.boraconseil.com\/fr\/politique-de-cookies\/\" \/>\n<meta property=\"og:site_name\" content=\"BORA EGV Recruitment\" \/>\n<meta property=\"article:modified_time\" content=\"2018-12-11T13:52:16+00:00\" \/>\n<meta name=\"twitter:card\" content=\"summary_large_image\" \/>\n<meta name=\"twitter:label1\" content=\"Dur\u00e9e de lecture estim\u00e9e\" \/>\n\t<meta name=\"twitter:data1\" content=\"1 minute\" \/>\n<script type=\"application\/ld+json\" class=\"yoast-schema-graph\">{\"@context\":\"https:\/\/schema.org\",\"@graph\":[{\"@type\":\"WebPage\",\"@id\":\"https:\/\/www.boraconseil.com\/fr\/politique-de-cookies\/\",\"url\":\"https:\/\/www.boraconseil.com\/fr\/politique-de-cookies\/\",\"name\":\"POLITIQUE EN MATI\u00c8RE DE COOKIE - BORA EGV Recruitment\",\"isPartOf\":{\"@id\":\"https:\/\/www.boraconseil.com\/fr\/#website\"},\"datePublished\":\"2018-05-25T14:55:06+00:00\",\"dateModified\":\"2018-12-11T13:52:16+00:00\",\"breadcrumb\":{\"@id\":\"https:\/\/www.boraconseil.com\/fr\/politique-de-cookies\/#breadcrumb\"},\"inLanguage\":\"fr-FR\",\"potentialAction\":[{\"@type\":\"ReadAction\",\"target\":[\"https:\/\/www.boraconseil.com\/fr\/politique-de-cookies\/\"]}]},{\"@type\":\"BreadcrumbList\",\"@id\":\"https:\/\/www.boraconseil.com\/fr\/politique-de-cookies\/#breadcrumb\",\"itemListElement\":[{\"@type\":\"ListItem\",\"position\":1,\"name\":\"Home\",\"item\":\"https:\/\/www.boraconseil.com\/fr\/\"},{\"@type\":\"ListItem\",\"position\":2,\"name\":\"POLITIQUE EN MATI\u00c8RE DE COOKIE\"}]},{\"@type\":\"WebSite\",\"@id\":\"https:\/\/www.boraconseil.com\/fr\/#website\",\"url\":\"https:\/\/www.boraconseil.com\/fr\/\",\"name\":\"BORA EGV Recruitment\",\"description\":\"\",\"potentialAction\":[{\"@type\":\"SearchAction\",\"target\":{\"@type\":\"EntryPoint\",\"urlTemplate\":\"https:\/\/www.boraconseil.com\/fr\/?s={search_term_string}\"},\"query-input\":\"required name=search_term_string\"}],\"inLanguage\":\"fr-FR\"}]}<\/script>\n<!-- \/ Yoast SEO plugin. -->","yoast_head_json":{"title":"POLITIQUE EN MATI\u00c8RE DE COOKIE - BORA EGV Recruitment","robots":{"index":"index","follow":"follow","max-snippet":"max-snippet:-1","max-image-preview":"max-image-preview:large","max-video-preview":"max-video-preview:-1"},"canonical":"https:\/\/www.boraconseil.com\/fr\/politique-de-cookies\/","og_locale":"fr_FR","og_type":"article","og_title":"POLITIQUE EN MATI\u00c8RE DE COOKIE - BORA EGV Recruitment","og_description":"Ce site web utilise des cookies pour qu&rsquo;on puisse vous fournir la meilleure exp\u00e9rience utilisateur possible. Les donn\u00e9es des Cookies sont stock\u00e9es dans votre navigateur et remplissent des fonctions telles que votre reconnaissance quand vous retournerez \u00e0 notre site web et aideront notre \u00e9quipe \u00e0 comprendre quelles sections du site web sont les plus int\u00e9ressantes [&hellip;]","og_url":"https:\/\/www.boraconseil.com\/fr\/politique-de-cookies\/","og_site_name":"BORA EGV Recruitment","article_modified_time":"2018-12-11T13:52:16+00:00","twitter_card":"summary_large_image","twitter_misc":{"Dur\u00e9e de lecture estim\u00e9e":"1 minute"},"schema":{"@context":"https:\/\/schema.org","@graph":[{"@type":"WebPage","@id":"https:\/\/www.boraconseil.com\/fr\/politique-de-cookies\/","url":"https:\/\/www.boraconseil.com\/fr\/politique-de-cookies\/","name":"POLITIQUE EN MATI\u00c8RE DE COOKIE - BORA EGV Recruitment","isPartOf":{"@id":"https:\/\/www.boraconseil.com\/fr\/#website"},"datePublished":"2018-05-25T14:55:06+00:00","dateModified":"2018-12-11T13:52:16+00:00","breadcrumb":{"@id":"https:\/\/www.boraconseil.com\/fr\/politique-de-cookies\/#breadcrumb"},"inLanguage":"fr-FR","potentialAction":[{"@type":"ReadAction","target":["https:\/\/www.boraconseil.com\/fr\/politique-de-cookies\/"]}]},{"@type":"BreadcrumbList","@id":"https:\/\/www.boraconseil.com\/fr\/politique-de-cookies\/#breadcrumb","itemListElement":[{"@type":"ListItem","position":1,"name":"Home","item":"https:\/\/www.boraconseil.com\/fr\/"},{"@type":"ListItem","position":2,"name":"POLITIQUE EN MATI\u00c8RE DE COOKIE"}]},{"@type":"WebSite","@id":"https:\/\/www.boraconseil.com\/fr\/#website","url":"https:\/\/www.boraconseil.com\/fr\/","name":"BORA EGV Recruitment","description":"","potentialAction":[{"@type":"SearchAction","target":{"@type":"EntryPoint","urlTemplate":"https:\/\/www.boraconseil.com\/fr\/?s={search_term_string}"},"query-input":"required name=search_term_string"}],"inLanguage":"fr-FR"}]}},"_links":{"self":[{"href":"https:\/\/www.boraconseil.com\/fr\/wp-json\/wp\/v2\/pages\/2000"}],"collection":[{"href":"https:\/\/www.boraconseil.com\/fr\/wp-json\/wp\/v2\/pages"}],"about":[{"href":"https:\/\/www.boraconseil.com\/fr\/wp-json\/wp\/v2\/types\/page"}],"author":[{"embeddable":true,"href":"https:\/\/www.boraconseil.com\/fr\/wp-json\/wp\/v2\/users\/1"}],"replies":[{"embeddable":true,"href":"https:\/\/www.boraconseil.com\/fr\/wp-json\/wp\/v2\/comments?post=2000"}],"version-history":[{"count":0,"href":"https:\/\/www.boraconseil.com\/fr\/wp-json\/wp\/v2\/pages\/2000\/revisions"}],"wp:attachment":[{"href":"https:\/\/www.boraconseil.com\/fr\/wp-json\/wp\/v2\/media?parent=2000"}],"curies":[{"name":"wp","href":"https:\/\/api.w.org\/{rel}","templated":true}]}}