{"id":548,"date":"2018-04-12T17:55:44","date_gmt":"2018-04-12T17:55:44","guid":{"rendered":"https:\/\/www.boraconseil.com\/?page_id=548"},"modified":"2018-12-11T14:52:16","modified_gmt":"2018-12-11T13:52:16","slug":"privacy-policy","status":"publish","type":"page","link":"https:\/\/www.boraconseil.com\/en\/privacy-policy\/","title":{"rendered":"Privacy Policy"},"content":{"rendered":"<div id=\u201cfb-root\u201d><\/div>\n<script>(function(d, s, id) {\n  var js, fjs = d.getElementsByTagName(s)[0];\n  if (d.getElementById(id)) return;\n  js = d.createElement(s); js.id = id;\n  js.src = 'https:\/\/connect.facebook.net\/en_US\/sdk.js#xfbml=1&version=v3.0&appId=667263270282118&autoLogAppEvents=1';\n  fjs.parentNode.insertBefore(js, fjs);\n}(document, 'script', 'facebook-jssdk'));<\/script>\n<p>[et_pb_section bb_built=&#8221;1&#8243;][et_pb_row][et_pb_column type=&#8221;4_4&#8243;][et_pb_header _builder_version=&#8221;3.6&#8243; scroll_down_icon_size_tablet=&#8221;50&#8243; subhead_font_size_tablet=&#8221;51&#8243; title=&#8221;Privacy Policy for Bora EGV Recruitment&#8221; \/][et_pb_text _builder_version=&#8221;3.6&#8243;]<\/p>\n<p class=\"p1\"><span class=\"s1\"><b>Introduction<\/b><\/span><\/p>\n<p class=\"p3\"><span class=\"s1\">Bora EGV Recruitment is specialized in efficient and personalized medical staff recruitment services for France. We represent physicians in the course of identifying practice opportunities and we are dedicated to understanding the personal and professional goals of all physicians to find the best job opportunity among our various job offers. Simultaneously Bora EGV Recruitment is a reliable partner for providing consultancy in recruitment and in human resources to different actors in the French Healthcare sector.<\/span><\/p>\n<p class=\"p3\"><span class=\"s1\">We take the privacy of both our Clients and our Candidates seriously.<br \/>\n<\/span>Personal data protection is a crucial element in the development of our services. Successful relationships require mutual trust, as well as complete transparency including the way of dealing with your personal data.<\/p>\n<p class=\"p3\"><span class=\"s1\">We handle your data according to your preferences and business requirements in compliance with the GDPR (data protection law) which took effect on the 25<\/span><span class=\"s2\"><sup>th<\/sup><\/span><span class=\"s1\"> of May 2018. Whether you are a Client or a Candidate, we ensure that you maintain control over how your data is managed, processed, and stored.<\/span><\/p>\n<p class=\"p3\"><span class=\"s1\"><b>What are our sources and how we collect information<\/b><\/span><\/p>\n<p class=\"p3\"><span class=\"s1\">Bora EGV Recruitment receive your personal data when you apply directly for an advertised job opportunity via our website; when you apply directly to be a Candidate for whom we can search for a job; when we contact you for job opportunities; when you join our recruitment events; or You interact with us by other means in your capacity as Candidate or Job Applicant.<\/span><\/p>\n<p class=\"p3\"><span class=\"s1\">When you register with Bora EGV Recruitment you expressly consent to us collecting, storing, using your personal data, including any sensitive information you elect to submit.<br \/>\n<\/span><span class=\"s1\">This may include but is not restricted to your name, contact details, address, education, and employment history.<\/span><\/p>\n<p class=\"p3\"><span class=\"s1\">During our phone and online conversations and face to face interviews we collect personal information concerning work experience and employment preferences, which may be stored in your personal file. All these information may allow us to support your job search and to underline your strength.<span class=\"Apple-converted-space\">\u00a0 <\/span>By explicitly providing consent when you register with you<span class=\"Apple-converted-space\">\u00a0 <\/span>gives us permission for the storage of all this information. <\/span><\/p>\n<p class=\"p3\"><span class=\"s1\">Bora EGV Recruitment will never share personal information or a Curriculum Vitae with a third party without your explicit consent. <\/span><\/p>\n<p class=\"p3\"><span class=\"s1\">Any data requested will be used for recruitment purposes only.<\/span><\/p>\n<p class=\"p3\"><span class=\"s1\">If you do not consent to Bora EGV Recruiting storing your personal data or registering you into our database, please do not submit your Curriculum Vitae for any possibilities advertised on our website. We&#8217;ll be able to process your application only with consent to process and store your personal information.<\/span><\/p>\n<p class=\"p3\"><span class=\"s1\"><b>Cookies<\/b><\/span><\/p>\n<p class=\"p3\"><span class=\"s1\">In compliance with the GDPR Bora EGV Recruitment informs You that on our website we use cookies so that we can provide you with the best user experience possible. Cookie information is stored in your browser and performs functions such as recognizing you when you return to our website and helping our team to understand which sections of the website you find most interesting and useful.<\/span><\/p>\n<p class=\"p3\"><span class=\"s1\">You can adjust all of your cookie settings by navigating the tabs on the left hand side.<\/span><\/p>\n<p class=\"p3\"><span class=\"s1\">You can find out more about our Cookie policy here:\u00a0<\/span><a href=\"\/en\/cookie-policy\/\"><span class=\"s1\">Cookie policy<\/span><\/a>.<\/p>\n<p class=\"p3\"><span class=\"s1\"><b>Contacts with Candidates<\/b><\/span><\/p>\n<p class=\"p3\"><span class=\"s1\">We may contact Candidates stored in our database who are not actively looking for a new opportunity. When you contact Bora EGV Recruitment via our website you may be asked to tick a box indicating that you agree with the storage and handling of your data by our website. With this you are also providing consent to us contacting you if we can offer you later a position which matches your career plans.<\/span><\/p>\n<p class=\"p3\"><span class=\"s1\">Part of our Candidates reconnect with us regularly, even years after we have successfully placed them to a position. Your consent means that you agree to retain and store your personal details until the moment as you wish us to delete your registration from our database.<\/span><\/p>\n<p class=\"p3\"><span class=\"s1\">If you contact one of our recruitment consultants directly and you request consulting regarding your job search, or you apply to a position, you are giving your consent to Bora EGV Recruitment processing your email and the data contained within your email for recruitment purposes.<\/span><\/p>\n<p class=\"p3\"><span class=\"s1\">If you already sent us your data and no longer agree to the storage and handling of your data, you can <a href=\"\/en\/optout\/\">opt-out<\/a> on our website or please, send us an e-mail to the following address: <a href=\"mailto:info@boraconseil.com\"><span class=\"s3\">info@boraconseil.com<\/span><\/a>.<\/span><\/p>\n<p class=\"p3\"><span class=\"s1\"><b>Request to amend, to remove or delete Your personal data<\/b><\/span><\/p>\n<p class=\"p3\"><span class=\"s1\">If your personal data and\/or your employment history are to be amended and you send us your updated CV, Bora EGV Recruitment undertakes to update your file in a short time.<\/span><\/p>\n<p class=\"p3\"><span class=\"s1\">Upon receipt of a request to delete your registration, Bora EGV Recruitment will ensure that your file is deleted within 30 days. In the case, when Bora EGV Recruitment previously received permission to share personal information with a third party, we undertake to inform that Client if communication has been in the last 6 months.<\/span><\/p>\n<p class=\"p3\"><span class=\"s1\">In order to be erased from our database, You can simply <a href=\"\/en\/optout\/\">opt-out<\/a> on our website, or please, be so kind to send an e-mail to <a href=\"mailto:info@boraconseil.com\">info@boraconseil.com<\/a>. <\/span><\/p>\n<p class=\"p3\"><span class=\"s1\">In your e-mail, please, make it clear that you wish to be erased, rather than simply marked as no longer job seeking.<\/span><\/p>\n<p class=\"p3\"><span class=\"s1\"><b>Notification to breaches<\/b><\/span><\/p>\n<p class=\"p3\"><span class=\"s1\">Bora EGV Recruitment stores and handles personal information contained within your Curriculum Vitae. We are aware of our responsibility to protect your personal data and to only share details with third parties upon receipt of your explicit consent. <\/span><\/p>\n<p class=\"p3\"><span class=\"s1\">All of our systems are protected and only Bora EGV Recruitment staff and consultants working for Bora EGV Recruitment have access to the personal information stored in your file.<\/span><\/p>\n<p class=\"p3\"><span class=\"s1\">In the unlikely event that our computer systems are compromised and there is a potential loss of confidentiality we will report this breach to you and take any action necessary to restore security of your personal data.<\/span><\/p>\n<p class=\"p3\"><span class=\"s1\"><b>Access<\/b><\/span><\/p>\n<p class=\"p3\"><span class=\"s1\">Under the GDPR you have the right to ask for access to your personal information. Once Bora EGV Recruitment verified your identity we will provide the information you requested within 30 days.<\/span><\/p>\n<p class=\"p3\"><span class=\"s1\">If you would like to make a request for access to your personal data, please be so kind to contact us at: <a href=\"mailto:info@boraconseil.com\"><span class=\"s3\">info@boraconseil.com<\/span><\/a>.<\/span><\/p>\n<p class=\"p3\"><span class=\"s1\">Alternatively you can contact us by writing to us at:<br \/>\n<\/span><span class=\"s1\">BORA Conseil Ltd<br \/>\n<\/span><span class=\"s1\">1065 BUDAPEST<br \/>\n<\/span><span class=\"s1\">Nagymez\u0151 u. 47. 3.em.3.<br \/>\n<\/span><span class=\"s1\">Hungary<\/span><\/p>\n<p class=\"p3\"><span class=\"s1\">In the unlikely event you find personal data stored about you by Bora EGV Recruitment is inaccurate, please, contact us immediately. We will amend your personal registration within 30 days.<\/span><\/p>\n<p class=\"p3\"><span class=\"s1\"><b>Complaints procedure<\/b> <\/span><\/p>\n<p class=\"p3\"><span class=\"s1\">If you have a complaint about the way your data is stored or handled by Bora EGV<span class=\"Apple-converted-space\">\u00a0 <\/span>Recruitment, please contact us at: <a href=\"mailto:info@boraconseil.com\"><span class=\"s3\">info@boraconseil.com<\/span><\/a>.<\/span><\/p>\n<p class=\"p3\"><span class=\"s1\">Alternatively you can contact us by writing to us at:<br \/>\n<\/span><span class=\"s1\">BORA Conseil Ltd<br \/>\n<\/span><span class=\"s1\">1065 BUDAPEST<br \/>\n<\/span><span class=\"s1\">Nagymez\u0151 u. 47. 3.em.3.<br \/>\n<\/span><span class=\"s1\">Hungary<\/span><\/p>\n<p class=\"p3\"><span class=\"s1\">If you remain unhappy with the handling of your data you can complain to the Hungarian National Authority for Data Protection and Freedom of Information:<br \/>\n<\/span><span class=\"s1\">Nemzeti Adatv\u00e9delmi \u00e9s Inform\u00e1ci\u00f3szabads\u00e1g Hat\u00f3s\u00e1g<br \/>\n<\/span><span class=\"s1\">1024 Budapest,<br \/>\n<\/span><span class=\"s1\">Szil\u00e1gyi Erzs\u00e9bet fasor 22\/C.<br \/>\n<\/span><span class=\"s1\">www.naih.hu<\/span><\/p>\n<p class=\"p3\"><span class=\"s1\"><b>Amendment of our Privacy Policy<\/b><\/span><\/p>\n<p class=\"p3\"><span class=\"s1\">This privacy policy may be changed by Bora EGV Recruitment at any time. Any changes to our Privacy Policy will be updated on our website. If you have any questions or concerns, please contact us at: <a href=\"mailto:info@boraconseil.com\"><span class=\"s3\">info@boraconseil.com<\/span><\/a>.<\/span><\/p>\n<p>[\/et_pb_text][\/et_pb_column][\/et_pb_row][\/et_pb_section]<\/p>\n","protected":false},"excerpt":{"rendered":"<p><div class=\"et_pb_row et_pb_row_0 et_pb_row_empty\">\n\t\t\t\t\n\t\t\t\t\n\t\t\t\t\n\t\t\t\t\n\t\t\t\t\n\t\t\t<\/div> Introduction Bora EGV Recruitment is specialized in efficient and personalized medical staff recruitment services for France. We represent physicians in the course of identifying practice opportunities and we are dedicated to understanding the personal and professional goals of all physicians to find the best job opportunity among our various job offers. Simultaneously Bora EGV [&hellip;]<\/p>\n","protected":false},"author":1,"featured_media":0,"parent":0,"menu_order":63,"comment_status":"closed","ping_status":"closed","template":"","meta":{"_et_pb_use_builder":"on","_et_pb_old_content":"<p>...<\/p><p><strong>If you have sent us your data and no longer agree to the storage and handling of your data by this website you can\u00a0<a href=\"https:\/\/www.boraconseil.com\/en\/optout\/\">optout here<\/a>.<\/strong><\/p><p>\u00a0<\/p><p>\u00a0<\/p>","_et_gb_content_width":"","_mi_skip_tracking":false},"yoast_head":"<!-- This site is optimized with the Yoast SEO plugin v19.12 - https:\/\/yoast.com\/wordpress\/plugins\/seo\/ -->\n<title>Privacy Policy - BORA EGV Recruitment<\/title>\n<meta name=\"robots\" content=\"index, follow, max-snippet:-1, max-image-preview:large, max-video-preview:-1\" \/>\n<link rel=\"canonical\" href=\"https:\/\/www.boraconseil.com\/en\/privacy-policy\/\" \/>\n<meta property=\"og:locale\" content=\"en_US\" \/>\n<meta property=\"og:type\" content=\"article\" \/>\n<meta property=\"og:title\" content=\"Privacy Policy - BORA EGV Recruitment\" \/>\n<meta property=\"og:description\" content=\"Introduction Bora EGV Recruitment is specialized in efficient and personalized medical staff recruitment services for France. We represent physicians in the course of identifying practice opportunities and we are dedicated to understanding the personal and professional goals of all physicians to find the best job opportunity among our various job offers. Simultaneously Bora EGV [&hellip;]\" \/>\n<meta property=\"og:url\" content=\"https:\/\/www.boraconseil.com\/en\/privacy-policy\/\" \/>\n<meta property=\"og:site_name\" content=\"BORA EGV Recruitment\" \/>\n<meta property=\"article:modified_time\" content=\"2018-12-11T13:52:16+00:00\" \/>\n<meta name=\"twitter:card\" content=\"summary_large_image\" \/>\n<meta name=\"twitter:label1\" content=\"Est. reading time\" \/>\n\t<meta name=\"twitter:data1\" content=\"6 minutes\" \/>\n<script type=\"application\/ld+json\" class=\"yoast-schema-graph\">{\"@context\":\"https:\/\/schema.org\",\"@graph\":[{\"@type\":\"WebPage\",\"@id\":\"https:\/\/www.boraconseil.com\/en\/privacy-policy\/\",\"url\":\"https:\/\/www.boraconseil.com\/en\/privacy-policy\/\",\"name\":\"Privacy Policy - BORA EGV Recruitment\",\"isPartOf\":{\"@id\":\"https:\/\/www.boraconseil.com\/fr\/#website\"},\"datePublished\":\"2018-04-12T17:55:44+00:00\",\"dateModified\":\"2018-12-11T13:52:16+00:00\",\"breadcrumb\":{\"@id\":\"https:\/\/www.boraconseil.com\/en\/privacy-policy\/#breadcrumb\"},\"inLanguage\":\"en-US\",\"potentialAction\":[{\"@type\":\"ReadAction\",\"target\":[\"https:\/\/www.boraconseil.com\/en\/privacy-policy\/\"]}]},{\"@type\":\"BreadcrumbList\",\"@id\":\"https:\/\/www.boraconseil.com\/en\/privacy-policy\/#breadcrumb\",\"itemListElement\":[{\"@type\":\"ListItem\",\"position\":1,\"name\":\"Home\",\"item\":\"https:\/\/www.boraconseil.com\/en\/\"},{\"@type\":\"ListItem\",\"position\":2,\"name\":\"Privacy Policy\"}]},{\"@type\":\"WebSite\",\"@id\":\"https:\/\/www.boraconseil.com\/fr\/#website\",\"url\":\"https:\/\/www.boraconseil.com\/fr\/\",\"name\":\"BORA EGV Recruitment\",\"description\":\"\",\"potentialAction\":[{\"@type\":\"SearchAction\",\"target\":{\"@type\":\"EntryPoint\",\"urlTemplate\":\"https:\/\/www.boraconseil.com\/fr\/?s={search_term_string}\"},\"query-input\":\"required name=search_term_string\"}],\"inLanguage\":\"en-US\"}]}<\/script>\n<!-- \/ Yoast SEO plugin. -->","yoast_head_json":{"title":"Privacy Policy - BORA EGV Recruitment","robots":{"index":"index","follow":"follow","max-snippet":"max-snippet:-1","max-image-preview":"max-image-preview:large","max-video-preview":"max-video-preview:-1"},"canonical":"https:\/\/www.boraconseil.com\/en\/privacy-policy\/","og_locale":"en_US","og_type":"article","og_title":"Privacy Policy - BORA EGV Recruitment","og_description":"Introduction Bora EGV Recruitment is specialized in efficient and personalized medical staff recruitment services for France. We represent physicians in the course of identifying practice opportunities and we are dedicated to understanding the personal and professional goals of all physicians to find the best job opportunity among our various job offers. Simultaneously Bora EGV [&hellip;]","og_url":"https:\/\/www.boraconseil.com\/en\/privacy-policy\/","og_site_name":"BORA EGV Recruitment","article_modified_time":"2018-12-11T13:52:16+00:00","twitter_card":"summary_large_image","twitter_misc":{"Est. reading time":"6 minutes"},"schema":{"@context":"https:\/\/schema.org","@graph":[{"@type":"WebPage","@id":"https:\/\/www.boraconseil.com\/en\/privacy-policy\/","url":"https:\/\/www.boraconseil.com\/en\/privacy-policy\/","name":"Privacy Policy - BORA EGV Recruitment","isPartOf":{"@id":"https:\/\/www.boraconseil.com\/fr\/#website"},"datePublished":"2018-04-12T17:55:44+00:00","dateModified":"2018-12-11T13:52:16+00:00","breadcrumb":{"@id":"https:\/\/www.boraconseil.com\/en\/privacy-policy\/#breadcrumb"},"inLanguage":"en-US","potentialAction":[{"@type":"ReadAction","target":["https:\/\/www.boraconseil.com\/en\/privacy-policy\/"]}]},{"@type":"BreadcrumbList","@id":"https:\/\/www.boraconseil.com\/en\/privacy-policy\/#breadcrumb","itemListElement":[{"@type":"ListItem","position":1,"name":"Home","item":"https:\/\/www.boraconseil.com\/en\/"},{"@type":"ListItem","position":2,"name":"Privacy Policy"}]},{"@type":"WebSite","@id":"https:\/\/www.boraconseil.com\/fr\/#website","url":"https:\/\/www.boraconseil.com\/fr\/","name":"BORA EGV Recruitment","description":"","potentialAction":[{"@type":"SearchAction","target":{"@type":"EntryPoint","urlTemplate":"https:\/\/www.boraconseil.com\/fr\/?s={search_term_string}"},"query-input":"required name=search_term_string"}],"inLanguage":"en-US"}]}},"_links":{"self":[{"href":"https:\/\/www.boraconseil.com\/en\/wp-json\/wp\/v2\/pages\/548"}],"collection":[{"href":"https:\/\/www.boraconseil.com\/en\/wp-json\/wp\/v2\/pages"}],"about":[{"href":"https:\/\/www.boraconseil.com\/en\/wp-json\/wp\/v2\/types\/page"}],"author":[{"embeddable":true,"href":"https:\/\/www.boraconseil.com\/en\/wp-json\/wp\/v2\/users\/1"}],"replies":[{"embeddable":true,"href":"https:\/\/www.boraconseil.com\/en\/wp-json\/wp\/v2\/comments?post=548"}],"version-history":[{"count":0,"href":"https:\/\/www.boraconseil.com\/en\/wp-json\/wp\/v2\/pages\/548\/revisions"}],"wp:attachment":[{"href":"https:\/\/www.boraconseil.com\/en\/wp-json\/wp\/v2\/media?parent=548"}],"curies":[{"name":"wp","href":"https:\/\/api.w.org\/{rel}","templated":true}]}}